{"id":13295,"date":"2025-11-25T15:07:57","date_gmt":"2025-11-25T15:07:57","guid":{"rendered":"https:\/\/innovity.org\/?post_type=product&#038;p=13295"},"modified":"2026-01-20T19:30:12","modified_gmt":"2026-01-20T19:30:12","slug":"professional-certification-in-injury-prevention-in-football","status":"publish","type":"product","link":"https:\/\/innovity.org\/en\/product\/professional-certification-in-injury-prevention-in-football\/","title":{"rendered":"Professional Certification in Injury Prevention in Football"},"content":{"rendered":"","protected":false},"excerpt":{"rendered":"","protected":false},"author":12,"featured_media":0,"comment_status":"closed","ping_status":"closed","template":"","meta":{"footnotes":""},"categories":[76],"class_list":["post-13295","product","type-product","status-publish","hentry","category-professional-certificate"],"acf":{"hubspot_product_id":"","id_magento":"","external_id":"","our_courses_title":"","our_courses_texto":"","imagen_destacada":false,"header_image":"https:\/\/innovity.org\/wp-content\/uploads\/2025\/11\/nuevaimagen5.png","precio":"720","precio_en_cuotas":"60 per month - 12 months","precio_de_lista":"","promocion_vigente":"","duracion_del_curso":"12 month","fecha_de_inicio":"10\/12\/2025","tipo_de_programa":"Professional Certification (executive education)","nivel_del_curso":"Intermedio","modalidad":"Online, asynchronous","impartido_en":"Spanish\/English","dedicacion":"6\u20138 hours per week","titulo":"Professional Certification in Injury Prevention in Football","contenido":"<p>This Professional Certification is designed to strengthen professional profiles specifically focused on preventing injuries within a sports organization\u2014or minimizing their impact\u2014such as physiotherapists, rehabilitation specialists, and strength and conditioning coaches.<\/p>\n<p>The program begins by addressing the core knowledge areas that form the foundation of any injury prevention plan tailored to the demands of a specific sporting environment. This includes content modules on injury incidence and management, neuromuscular risk factors, and injury biomechanics.<\/p>\n<p>The second module focuses on the implementation of injury prevention measures, covering post-exercise recovery strategies, an understanding of emotional and socio-affective factors that influence player health, and the application of osteopathy not only as a treatment tool but also as a preventive intervention.<\/p>\n<p>The program then advances to training on innovation and technology in recovery and training, emphasizing their direct application to prevention. This includes the use of technologies for injury treatment, strength training as a key preventive quality, and immersive reality tools for performance assessment and monitoring.<\/p>\n<p>The Certification concludes with a focus on developing athletes, addressing training and intervention strategies related to the prevention of muscular, tendinous, and joint injuries, ensuring professionals are fully equipped to protect and enhance player health throughout all stages of development.<\/p>\n<p>This Professional Certification consists of 12 one-month courses, grouped into 4 three-month blocks. It grants\u2014 to those who meet the defined requirements\u2014 its corresponding online diploma, as well as the diplomas for the four \u201cExpert Programs\u201d that form part of it. The Professional Certification may be completed continuously or by blocks, according to the participant\u2019s preference, with up to 24 consecutive months available to complete it from the time of enrollment.<\/p>\n","galeria_producto":false,"cursos_que_lo_componen":[{"nombre_del_curso":"1. Injury Incidence and Injury Management in Football","descripcion_del_curso":""},{"nombre_del_curso":"2. Injury Risk Factors in Prevention and Rehabilitation","descripcion_del_curso":""},{"nombre_del_curso":"3. Injury Biomechanics in Football","descripcion_del_curso":""},{"nombre_del_curso":"4. Post-Competition Recovery Measures","descripcion_del_curso":""},{"nombre_del_curso":"5. Psychosocial Performance and Sport","descripcion_del_curso":""},{"nombre_del_curso":"6. Osteopathy and Manual Medicine in Football","descripcion_del_curso":""},{"nombre_del_curso":"7. Fundamentals and Technology of Player Assessment","descripcion_del_curso":""},{"nombre_del_curso":"8. Methodology and Technology of Strength Training in Football ","descripcion_del_curso":""},{"nombre_del_curso":"9. Sports Training and Immersive Reality","descripcion_del_curso":""},{"nombre_del_curso":"10. Development of Youth Football: From Potential to Sporting Excellence","descripcion_del_curso":""},{"nombre_del_curso":"11. Neuromuscular Control for Injury Prevention and Sports Performance","descripcion_del_curso":""},{"nombre_del_curso":"12. Complex Speed Training","descripcion_del_curso":""}],"preguntas_frecuentes":false,"docentes_expertos":[{"foto":"https:\/\/innovity.org\/wp-content\/uploads\/2025\/10\/Foto-Jaume-Munill.png","nombre_del_docente":"Jaume Munill Ar\u00f3ztegui","descripcion_del_docente":"Diploma in Physiotherapy (Gimbernat University School, Autonomous University of Barcelona, 1988\u201392), Osteopath C.O. (School of Osteopathy of Barcelona, Pompeu Fabra University, 2006\u201310), and Psychoneuroimmunologist (EFHRE International University, Regenera 2021). Postgraduate Degree in Sports Physiotherapy (Gimbernat University School, Autonomous University of Barcelona, 1994\u201395).  Linked to sport across various disciplines, including futsal and field hockey, he has developed most of his professional career in football. He began with the first team of Terrassa FC (1996\u20132000), the Catalan Football Federation national teams (2000\u201307), and the first team of Real Club Deportivo Espanyol (2004\u201308). He has been a physiotherapist and osteopath at FC Barcelona since 2008.","enlace":""},{"foto":"https:\/\/innovity.org\/wp-content\/uploads\/2025\/10\/Foto-Edu-Garci\u0301a-1.jpeg","nombre_del_docente":"Eduardo Garc\u00eda Prat","descripcion_del_docente":"Graduate in Physical Activity and Sport Sciences (INEFC, Lleida) and holder of a Master\u2019s in High Performance Sport (INEFC, Barcelona) and a Master\u2019s in Sports Rehabilitation (EUSES, Girona). He has developed a career of more than fifteen years linked to high performance, with a particular focus on professional football. He works as a technical consultant, designing performance optimization, injury prevention, and rehabilitation programs for elite footballers in European leagues, including Dani Olmo, Thiago Alc\u00e2ntara, Eric Garc\u00eda, and \u00c1lex Baena, among others. He has supported internationally renowned players, as well as athletes from other elite contexts, including WTA tennis players such as Paula Badosa and Carla Su\u00e1rez, and MotoGP riders such as Remy Gardner.","enlace":""},{"foto":"https:\/\/innovity.org\/wp-content\/uploads\/2025\/10\/Foto-Edu-Alentorn.png","nombre_del_docente":"Eduard Alentorn Geli","descripcion_del_docente":"PhD awarded by the Department of Medicine of the Faculty of Medicine at the University of Barcelona. Master\u2019s Degree in High-Performance Team Sports Training (INEFC, University of Barcelona, 2008) and Master\u2019s Degree in Clinical Biomechanics of the Musculoskeletal System (Rovira i Virgili University, Reus, Spain).  He has received numerous awards and recognitions and has a scientific output of more than 150 articles published in prestigious scientific journals. He completed two postgraduate fellowships at Duke University and the Mayo Clinic.","enlace":""},{"foto":"https:\/\/innovity.org\/wp-content\/uploads\/2025\/10\/Foto-Albert-Altarriba-1.png","nombre_del_docente":"Albert Altarriba-Bart\u00e9s.","descripcion_del_docente":"PhD in Physiotherapy from the Universitat de Vic\u2013Universitat Central de Catalunya (UVic-UCC) and PhD in Physical Activity and Sport Sciences from the University of Barcelona. He also holds Bachelor\u2019s degrees in Physical Activity and Sport Sciences and in Physiotherapy from UVic-UCC. He is the author of several scientific articles focused on high-performance sport, post-exercise recovery, epidemiology, and injury prevention.","enlace":""},{"foto":"https:\/\/innovity.org\/wp-content\/uploads\/2025\/10\/Foto-1-Alex-Latinjak-1.jpeg","nombre_del_docente":"Alex Latinjak","descripcion_del_docente":"PhD in Psychology from the Autonomous University of Barcelona (2010). Master\u2019s Degree in Research from the Autonomous University of Barcelona (2007) and Bachelor\u2019s Degree in Psychology from the University of Barcelona (2006). He completed a postdoctoral stay at the University of Thessaly (2011).  He has worked as a sport psychologist at the Bruguera Tennis Academy (2002\u20132009); has held program management and professional practice roles in clubs in Girona; has served as head of the psychology project for the youth academy and as sport psychologist for the first team at Club B\u00e0squet Girona in the ACB (2022\u20132025); performance psychology consultant at the Ipswich Town FC Academy (2019\u20132020); and consultant with KTM Red Bull MotoGP (2023).","enlace":""},{"foto":"https:\/\/innovity.org\/wp-content\/uploads\/2025\/10\/Foto-Gerard-Alavarez-1.jpg","nombre_del_docente":"Gerard Alvarez","descripcion_del_docente":"PhD in Biomedical Research Methodology and Public Health from the Autonomous University of Barcelona. Bachelor in Physiotherapy from Universitat Ramon Llull and in Osteopathy from the Escola d\u2019Osteopatia de Barcelona \u2013 European School of Osteopathy. He is a postdoctoral researcher at the Iberoamerican Cochrane Center (CCib), integrated within the Department of Clinical Epidemiology and Public Health at Sant Pau Hospital in Barcelona and at the Sant Pau Research Institute.","enlace":""},{"foto":"https:\/\/innovity.org\/wp-content\/uploads\/2025\/10\/Foto-Marc-Madruga-1.jpeg","nombre_del_docente":"Marc Madruga Parera","descripcion_del_docente":"PhD in Sport Sciences from the Faculty of Medicine at the University of Girona. Official Master\u2019s Degree in Integrative Physiology (University of Barcelona). In the academic field, he has worked at various universities.  As a researcher, his work focuses on the study of injury risk factors in athletes and on improving sports performance. He has coached athletes for more than 30 years, particularly football players, and served as strength and conditioning coach for the second football team of FC Barcelona.","enlace":""},{"foto":false,"nombre_del_docente":"Andr\u00e9s Darbyshire","descripcion_del_docente":"","enlace":""},{"foto":"https:\/\/innovity.org\/wp-content\/uploads\/2025\/10\/Adam_Kiefer_Headshot_smallFile72020-1.png","nombre_del_docente":"Adam Kiefer","descripcion_del_docente":"Dr. Adam Kiefer is an Associate Professor in the Department of Exercise and Sport Science at the University of North Carolina at Chapel Hill (UNC), where he is also a core member of the Matthew Gfeller Center for NeuroHealth and an affiliate of the Sports Medicine Institute.  Dr. Kiefer is Co-Director of the STAR Heel Performance Laboratory (Simulation, Training, Analytics & Rehabilitation), a translational research group focused on leveraging immersive technologies, artificial intelligence, and behavioral science to address critical challenges in the prevention and rehabilitation of sports injuries.","enlace":""},{"foto":"https:\/\/innovity.org\/wp-content\/uploads\/2025\/10\/Fotos-NL-1.jpg","nombre_del_docente":"Nuno Leite","descripcion_del_docente":"PhD in Sports Sciences from the University of Tr\u00e1s-os-Montes and Alto Douro (Portugal). Bachelor in Physical Education and Sport from the same university, and Master in Sports Sciences from the Faculty of Sport of the University of Porto. He previously served as Director of the Master\u2019s Program in Sports Performance Analysis, developed in consortium with Otto von Guericke University (Magdeburg, Germany) and the Lithuanian Sports University (Kaunas, Lithuania).","enlace":""},{"foto":"https:\/\/innovity.org\/wp-content\/uploads\/2025\/10\/Foto-Javi-Jorge-1.jpeg","nombre_del_docente":"Javier Jorge Vizuete","descripcion_del_docente":"PhD in Sports Performance from the University of Barcelona. Bachelor in Sport Sciences from the National Institute of Physical Education of Catalonia (INEFC, University of Barcelona).  He has worked as a strength and conditioning coach for high-level basketball clubs and players, including FC Barcelona, as well as for the field hockey team of the Real Club de Polo.  In recent years, he has focused particularly on the training and development of young athletes, specifically on the understanding and development of complex speed in team sports.","enlace":""},{"foto":"https:\/\/innovity.org\/wp-content\/uploads\/2025\/10\/Foto-Azahara-Fort.png","nombre_del_docente":"Azahara Fort Vanmeerhaeghe","descripcion_del_docente":"PhD in Physical Activity and Sport Sciences from Universitat Ramon Llull (URL). Bachelor in Physical Activity and Sport Sciences from INEFC (University of Barcelona), Diploma in Physiotherapy from URL, and Master in High Performance Sport from the International Olympic Committee (IOC).  She has worked for more than 25 years as a physiotherapist and strength and conditioning coach with elite athletes. Since 2008, she has been a strength and conditioning coach and coordinator of the health and performance area of the elite basketball program SIGLO XXI (Spanish and Catalan Basketball Federations).","enlace":""}],"card_descubre":false,"imagen_card_descubre":false,"texto_card_descubre":"","link_btn_card_descubre":"","video_producto":"","que_incluye_este_programa":[{"contenido":"Access to the Innovity\u00ae Method: Science, Methodology, and Application"},{"contenido":"Expert Mentorship: testimonials, best practices, and insights from experts\u2014directly from the field"},{"contenido":"Access to materials anytime, anywhere, and from any device"},{"contenido":"24\/7 Support, synchronous or asynchronous, according to your preference, provided by the Innovity professional team"},{"contenido":"Case Method: effective use of learned tools and concepts"},{"contenido":"Self-Assessments to measure learning progress"},{"contenido":"Comprehensive final exam"},{"contenido":"Certificate of completion or attendance, as applicable"}],"programas_relacionados":"","pdf_brochure":false,"avalado_por":false,"activar_fechas_automaticas":false,"fecha_de_inicio_automatica":"","segunda_fecha_de_inicio_automatica":"","zona_horaria":"Europe\/Madrid","mostrar_banner_1":false,"crear_banner_1":{"utilizar_imagen_unica_para_banner":false,"asignar_imagen_unica_para_banner":false,"mostrar_titulo_banner":false,"titulo_para_banner":"","mostrar_subtitulo_banner":false,"subtitulo_del_banner":"","mostrar_cta_banner":false,"texto_cta_banner":"","url_cta_banner":"","fondo_de_color_banner":"","fondo_de_imagen_banner":false,"mostrar_imagen_izquierda_banner":false,"asignar_imagen_izquierda_banner":false},"mostrar_banner_2":false,"crear_banner_2":{"utilizar_imagen_unica_para_banner":false,"asignar_imagen_unica_para_banner":false,"mostrar_titulo_banner":false,"titulo_para_banner":"","mostrar_subtitulo_banner":false,"subtitulo_del_banner":"","mostrar_cta_banner":false,"texto_cta_banner":"","url_cta_banner":"","fondo_de_color_banner":"","fondo_de_imagen_banner":false,"mostrar_imagen_izquierda_banner":false,"asignar_imagen_izquierda_banner":false},"mostrar_banner_3":false,"crear_banner_3":{"utilizar_imagen_unica_para_banner":false,"asignar_imagen_unica_para_banner":false,"mostrar_titulo_banner":false,"titulo_para_banner":"","mostrar_subtitulo_banner":false,"subtitulo_del_banner":"","mostrar_cta_banner":false,"texto_cta_banner":"","url_cta_banner":"","fondo_de_color_banner":"","fondo_de_imagen_banner":false,"mostrar_imagen_izquierda_banner":false,"asignar_imagen_izquierda_banner":false},"texto_hero":"Planificaci\u00f3n, Metodolog\u00eda y Aplicaci\u00f3n de planes de prevenci\u00f3n de lesiones","url_btn_compra":"https:\/\/buy.stripe.com\/7sYfZi2kY1hT2dYdS10kE2m"},"yoast_head":"<!-- This site is optimized with the Yoast SEO plugin v18.2 - https:\/\/yoast.com\/wordpress\/plugins\/seo\/ -->\n<meta name=\"description\" content=\"Created by global leaders and experts. 12-month duration. 100% online. Build for professionals. Backed by science. Powered by innovation.\" \/>\n<meta name=\"robots\" content=\"index, follow, max-snippet:-1, max-image-preview:large, max-video-preview:-1\" \/>\n<link rel=\"canonical\" href=\"https:\/\/innovity.org\/en\/product\/professional-certification-in-injury-prevention-in-football\/\" \/>\n<meta property=\"og:locale\" content=\"en_US\" \/>\n<meta property=\"og:type\" content=\"article\" \/>\n<meta property=\"og:title\" content=\"Professional Certification in Injury Prevention in Football - Innovity\" \/>\n<meta property=\"og:description\" content=\"Created by global leaders and experts. 12-month duration. 100% online. Build for professionals. Backed by science. Powered by innovation.\" \/>\n<meta property=\"og:url\" content=\"https:\/\/innovity.org\/en\/product\/professional-certification-in-injury-prevention-in-football\/\" \/>\n<meta property=\"og:site_name\" content=\"Innovity\" \/>\n<meta property=\"article:modified_time\" content=\"2026-01-20T19:30:12+00:00\" \/>\n<meta name=\"twitter:card\" content=\"summary_large_image\" \/>\n<script type=\"application\/ld+json\" class=\"yoast-schema-graph\">{\"@context\":\"https:\/\/schema.org\",\"@graph\":[{\"@type\":\"WebSite\",\"@id\":\"https:\/\/innovity.org\/#website\",\"url\":\"https:\/\/innovity.org\/\",\"name\":\"Open Campus\",\"description\":\"\",\"potentialAction\":[{\"@type\":\"SearchAction\",\"target\":{\"@type\":\"EntryPoint\",\"urlTemplate\":\"https:\/\/innovity.org\/?s={search_term_string}\"},\"query-input\":\"required name=search_term_string\"}],\"inLanguage\":\"en-US\"},{\"@type\":\"WebPage\",\"@id\":\"https:\/\/innovity.org\/en\/product\/professional-certification-in-injury-prevention-in-football\/#webpage\",\"url\":\"https:\/\/innovity.org\/en\/product\/professional-certification-in-injury-prevention-in-football\/\",\"name\":\"Professional Certification in Injury Prevention in Football - Innovity\",\"isPartOf\":{\"@id\":\"https:\/\/innovity.org\/#website\"},\"datePublished\":\"2025-11-25T15:07:57+00:00\",\"dateModified\":\"2026-01-20T19:30:12+00:00\",\"description\":\"Created by global leaders and experts. 12-month duration. 100% online. Build for professionals. Backed by science. Powered by innovation.\",\"breadcrumb\":{\"@id\":\"https:\/\/innovity.org\/en\/product\/professional-certification-in-injury-prevention-in-football\/#breadcrumb\"},\"inLanguage\":\"en-US\",\"potentialAction\":[{\"@type\":\"ReadAction\",\"target\":[\"https:\/\/innovity.org\/en\/product\/professional-certification-in-injury-prevention-in-football\/\"]}]},{\"@type\":\"BreadcrumbList\",\"@id\":\"https:\/\/innovity.org\/en\/product\/professional-certification-in-injury-prevention-in-football\/#breadcrumb\",\"itemListElement\":[{\"@type\":\"ListItem\",\"position\":1,\"name\":\"Productos\",\"item\":\"https:\/\/innovity.org\/en\/product\/\"},{\"@type\":\"ListItem\",\"position\":2,\"name\":\"Professional Certification in Injury Prevention in Football\"}]}]}<\/script>\n<!-- \/ Yoast SEO plugin. -->","yoast_head_json":{"description":"Created by global leaders and experts. 12-month duration. 100% online. Build for professionals. Backed by science. Powered by innovation.","robots":{"index":"index","follow":"follow","max-snippet":"max-snippet:-1","max-image-preview":"max-image-preview:large","max-video-preview":"max-video-preview:-1"},"canonical":"https:\/\/innovity.org\/en\/product\/professional-certification-in-injury-prevention-in-football\/","og_locale":"en_US","og_type":"article","og_title":"Professional Certification in Injury Prevention in Football - Innovity","og_description":"Created by global leaders and experts. 12-month duration. 100% online. Build for professionals. Backed by science. Powered by innovation.","og_url":"https:\/\/innovity.org\/en\/product\/professional-certification-in-injury-prevention-in-football\/","og_site_name":"Innovity","article_modified_time":"2026-01-20T19:30:12+00:00","twitter_card":"summary_large_image","schema":{"@context":"https:\/\/schema.org","@graph":[{"@type":"WebSite","@id":"https:\/\/innovity.org\/#website","url":"https:\/\/innovity.org\/","name":"Open Campus","description":"","potentialAction":[{"@type":"SearchAction","target":{"@type":"EntryPoint","urlTemplate":"https:\/\/innovity.org\/?s={search_term_string}"},"query-input":"required name=search_term_string"}],"inLanguage":"en-US"},{"@type":"WebPage","@id":"https:\/\/innovity.org\/en\/product\/professional-certification-in-injury-prevention-in-football\/#webpage","url":"https:\/\/innovity.org\/en\/product\/professional-certification-in-injury-prevention-in-football\/","name":"Professional Certification in Injury Prevention in Football - Innovity","isPartOf":{"@id":"https:\/\/innovity.org\/#website"},"datePublished":"2025-11-25T15:07:57+00:00","dateModified":"2026-01-20T19:30:12+00:00","description":"Created by global leaders and experts. 12-month duration. 100% online. Build for professionals. Backed by science. Powered by innovation.","breadcrumb":{"@id":"https:\/\/innovity.org\/en\/product\/professional-certification-in-injury-prevention-in-football\/#breadcrumb"},"inLanguage":"en-US","potentialAction":[{"@type":"ReadAction","target":["https:\/\/innovity.org\/en\/product\/professional-certification-in-injury-prevention-in-football\/"]}]},{"@type":"BreadcrumbList","@id":"https:\/\/innovity.org\/en\/product\/professional-certification-in-injury-prevention-in-football\/#breadcrumb","itemListElement":[{"@type":"ListItem","position":1,"name":"Productos","item":"https:\/\/innovity.org\/en\/product\/"},{"@type":"ListItem","position":2,"name":"Professional Certification in Injury Prevention in Football"}]}]}},"idiomas":{"en":13295,"es":13221,"ca":13295},"_links":{"self":[{"href":"https:\/\/innovity.org\/en\/wp-json\/wp\/v2\/products\/13295","targetHints":{"allow":["GET"]}}],"collection":[{"href":"https:\/\/innovity.org\/en\/wp-json\/wp\/v2\/products"}],"about":[{"href":"https:\/\/innovity.org\/en\/wp-json\/wp\/v2\/types\/product"}],"author":[{"embeddable":true,"href":"https:\/\/innovity.org\/en\/wp-json\/wp\/v2\/users\/12"}],"replies":[{"embeddable":true,"href":"https:\/\/innovity.org\/en\/wp-json\/wp\/v2\/comments?post=13295"}],"version-history":[{"count":3,"href":"https:\/\/innovity.org\/en\/wp-json\/wp\/v2\/products\/13295\/revisions"}],"predecessor-version":[{"id":13973,"href":"https:\/\/innovity.org\/en\/wp-json\/wp\/v2\/products\/13295\/revisions\/13973"}],"wp:attachment":[{"href":"https:\/\/innovity.org\/en\/wp-json\/wp\/v2\/media?parent=13295"}],"wp:term":[{"taxonomy":"category","embeddable":true,"href":"https:\/\/innovity.org\/en\/wp-json\/wp\/v2\/categories?post=13295"}],"curies":[{"name":"wp","href":"https:\/\/api.w.org\/{rel}","templated":true}]}}