{"id":13283,"date":"2025-11-25T13:08:12","date_gmt":"2025-11-25T13:08:12","guid":{"rendered":"https:\/\/innovity.org\/?post_type=product&#038;p=13283"},"modified":"2025-12-29T19:11:08","modified_gmt":"2025-12-29T19:11:08","slug":"professional-certification-in-applied-football-sciences-and-sports-management","status":"publish","type":"product","link":"https:\/\/innovity.org\/en\/product\/professional-certification-in-applied-football-sciences-and-sports-management\/","title":{"rendered":"Professional Certification in Applied Football Sciences and Sports Management"},"content":{"rendered":"","protected":false},"excerpt":{"rendered":"","protected":false},"author":12,"featured_media":0,"comment_status":"open","ping_status":"closed","template":"","meta":{"footnotes":""},"categories":[76],"class_list":["post-13283","product","type-product","status-publish","hentry","category-professional-certificate"],"acf":{"hubspot_product_id":"","id_magento":"","external_id":"","our_courses_title":"","our_courses_texto":"","imagen_destacada":false,"header_image":"https:\/\/innovity.org\/wp-content\/uploads\/2025\/11\/86.png","precio":"720","precio_en_cuotas":"60 per month - 12 months","precio_de_lista":"","promocion_vigente":"","duracion_del_curso":"12 months","fecha_de_inicio":"10\/12\/2025","tipo_de_programa":"Professional Certification (executive education)","nivel_del_curso":"Intermedio","modalidad":"Online, asynchronous","impartido_en":"Spanish\/English","dedicacion":"6\u20138 hours per week","titulo":"Professional Certification in Applied Football Sciences and Sports Management","contenido":"<p>The goal of this Professional Certification is to provide technical directors, coordinators, and other managerial figures within football institutions with a solid and comprehensive understanding of the key areas that determine player performance, injury prevention, and treatment. The program seeks to develop \u201chybrid competencies\u201d in sports executives, enabling them to understand the specific needs of their environment and make knowledge-based, informed decisions.<\/p>\n<p>The certification begins with an exclusive focus on tactical and conditional performance\u2014aspects highly specific to football training\u2014while incorporating player performance assessment to help coaches and directors determine whether their team or individual players are operating within expected performance parameters.<\/p>\n<p>Next, the program explores youth training, providing essential knowledge about the developmental stages of soccer players and offering tools to understand and support their progression. This section concludes with content focused on training strategies to enhance player performance.<\/p>\n<p>Following that, the certification delves into key areas for designing and implementing injury prevention plans, addressing injury incidence within specific sports environments, associated risk factors, and injury biomechanics. This structure is fundamental, as injury occurrence currently has a major impact on both the health and financial stability of clubs, as well as their overall performance outcomes.<\/p>\n<p>Finally, the program examines the technological resources available for improving training, performance assessment, and injury treatment, equipping professionals with a modern, evidence-based approach to football management and decision-making.<\/p>\n<p>This Professional Certification consists of 12 one-month courses, grouped into 4 three-month blocks. It grants\u2014 to those who meet the defined requirements\u2014 its corresponding online diploma, as well as the diplomas for the four \u201cExpert Programs\u201d that form part of it. The Professional Certification may be completed continuously or by blocks, according to the participant\u2019s preference, with up to 24 consecutive months available to complete it from the time of enrollment.<\/p>\n","galeria_producto":false,"cursos_que_lo_componen":[{"nombre_del_curso":"1. Fundamentals and Technology of Player Assessment ","descripcion_del_curso":""},{"nombre_del_curso":"2.Methodology and Technology of Strength Training in Football","descripcion_del_curso":""},{"nombre_del_curso":"3. Sports Training and Immersive Reality","descripcion_del_curso":""},{"nombre_del_curso":"4. Development of Youth Football: From Potential to Sporting Excellence","descripcion_del_curso":""},{"nombre_del_curso":"5. Neuromuscular Control for Injury Prevention and Sports Performance","descripcion_del_curso":""},{"nombre_del_curso":"6. Complex Speed Training","descripcion_del_curso":""},{"nombre_del_curso":"7. Injury Incidence and Injury Management in Football","descripcion_del_curso":""},{"nombre_del_curso":"8. Injury Risk Factors in Prevention and Rehabilitation","descripcion_del_curso":""},{"nombre_del_curso":"9. Injury Biomechanics in Football","descripcion_del_curso":""},{"nombre_del_curso":"10. Technical and Tactical Fundamentals of Football        ","descripcion_del_curso":""},{"nombre_del_curso":"11. Small-Sided Games: Integrating Tactical and Physical Training","descripcion_del_curso":""},{"nombre_del_curso":"12. Methodology of Performance Assessment and Injury Risk Factors","descripcion_del_curso":""}],"preguntas_frecuentes":false,"docentes_expertos":[{"foto":"https:\/\/innovity.org\/wp-content\/uploads\/2025\/10\/Foto-Marc-Madruga-1.jpeg","nombre_del_docente":"Marc Madruga Parera","descripcion_del_docente":"PhD in Sport Sciences from the Faculty of Medicine at the University of Girona. Official Master\u2019s Degree in Integrative Physiology (University of Barcelona). In the academic field, he has worked at various universities.  As a researcher, his work focuses on the study of injury risk factors in athletes and on improving sports performance. He has coached athletes for more than 30 years, particularly football players, and served as strength and conditioning coach for the second football team of FC Barcelona.","enlace":""},{"foto":false,"nombre_del_docente":"Andr\u00e9s Darbyshire","descripcion_del_docente":"","enlace":""},{"foto":"https:\/\/innovity.org\/wp-content\/uploads\/2025\/10\/Adam_Kiefer_Headshot_smallFile72020-1.png","nombre_del_docente":"Adam Kiefer","descripcion_del_docente":"Dr. Adam Kiefer is an Associate Professor in the Department of Exercise and Sport Science at the University of North Carolina at Chapel Hill (UNC), where he is also a core member of the Matthew Gfeller Center for NeuroHealth and an affiliate of the Sports Medicine Institute.  Dr. Kiefer is Co-Director of the STAR Heel Performance Laboratory (Simulation, Training, Analytics & Rehabilitation), a translational research group focused on leveraging immersive technologies, artificial intelligence, and behavioral science to address critical challenges in the prevention and rehabilitation of sports injuries.","enlace":""},{"foto":"https:\/\/innovity.org\/wp-content\/uploads\/2025\/10\/Fotos-NL-1.jpg","nombre_del_docente":"Nuno Leite","descripcion_del_docente":"PhD in Sports Sciences from the University of Tr\u00e1s-os-Montes and Alto Douro (Portugal). Bachelor in Physical Education and Sport from the same university, and Master in Sports Sciences from the Faculty of Sport of the University of Porto. He previously served as Director of the Master\u2019s Program in Sports Performance Analysis, developed in consortium with Otto von Guericke University (Magdeburg, Germany) and the Lithuanian Sports University (Kaunas, Lithuania).","enlace":""},{"foto":"https:\/\/innovity.org\/wp-content\/uploads\/2025\/10\/Foto-Azahara-Fort.png","nombre_del_docente":"Azahara Fort Vanmeerhaeghe","descripcion_del_docente":"PhD in Physical Activity and Sport Sciences from Universitat Ramon Llull (URL). Bachelor in Physical Activity and Sport Sciences from INEFC (University of Barcelona), Diploma in Physiotherapy from URL, and Master in High Performance Sport from the International Olympic Committee (IOC).  She has worked for more than 25 years as a physiotherapist and strength and conditioning coach with elite athletes. Since 2008, she has been a strength and conditioning coach and coordinator of the health and performance area of the elite basketball program SIGLO XXI (Spanish and Catalan Basketball Federations).","enlace":""},{"foto":"https:\/\/innovity.org\/wp-content\/uploads\/2025\/10\/Foto-Javi-Jorge-1.jpeg","nombre_del_docente":"Javier Jorge Vizuete","descripcion_del_docente":"PhD in Sports Performance from the University of Barcelona. Bachelor in Sport Sciences from the National Institute of Physical Education of Catalonia (INEFC, University of Barcelona).  He has worked as a strength and conditioning coach for high-level basketball clubs and players, including FC Barcelona, as well as for the field hockey team of the Real Club de Polo.  In recent years, he has focused particularly on the training and development of young athletes, specifically on the understanding and development of complex speed in team sports.","enlace":""},{"foto":"https:\/\/innovity.org\/wp-content\/uploads\/2025\/10\/Foto-Edu-Garci\u0301a-1.jpeg","nombre_del_docente":"Eduardo Garc\u00eda Prat","descripcion_del_docente":"Graduate in Physical Activity and Sport Sciences (INEFC, Lleida) and holder of a Master\u2019s in High Performance Sport (INEFC, Barcelona) and a Master\u2019s in Sports Rehabilitation (EUSES, Girona). He has developed a career of more than fifteen years linked to high performance, with a particular focus on professional football. He works as a technical consultant, designing performance optimization, injury prevention, and rehabilitation programs for elite footballers in European leagues, including Dani Olmo, Thiago Alc\u00e2ntara, Eric Garc\u00eda, and \u00c1lex Baena, among others. He has supported internationally renowned players, as well as athletes from other elite contexts, including WTA tennis players such as Paula Badosa and Carla Su\u00e1rez, and MotoGP riders such as Remy Gardner.","enlace":""},{"foto":"https:\/\/innovity.org\/wp-content\/uploads\/2025\/10\/Foto-Edu-Alentorn.png","nombre_del_docente":"Eduard Alentorn Geli","descripcion_del_docente":"PhD awarded by the Department of Medicine of the Faculty of Medicine at the University of Barcelona. Master\u2019s Degree in High-Performance Team Sports Training (INEFC, University of Barcelona, 2008) and Master\u2019s Degree in Clinical Biomechanics of the Musculoskeletal System (Rovira i Virgili University, Reus, Spain).  He has received numerous awards and recognitions and has a scientific output of more than 150 articles published in prestigious scientific journals. He completed two postgraduate fellowships at Duke University and the Mayo Clinic.","enlace":""},{"foto":"https:\/\/innovity.org\/wp-content\/uploads\/2025\/10\/Foto-Adria\u0300-Milla\u0301n-1.jpeg","nombre_del_docente":"Adri\u00e0 Mill\u00e1n Monterroso","descripcion_del_docente":"Bachelor in Journalism from the Universitat de Vic \u2013 Universitat Central de Catalunya, and graduate of the \u201cSpecialist in Scouting and Analysis\u201d and \u201cSpecialist in Individual Fundamentals by Position\u201d programs at MBP School. He currently serves as the head of analysis for Girona B.","enlace":""},{"foto":"https:\/\/innovity.org\/wp-content\/uploads\/2025\/10\/Foto-Alireza-Rabbani.jpeg","nombre_del_docente":"Alireza Rabbani ","descripcion_del_docente":"PhD in Exercise Physiology from the University of Isfahan (Iran) and Bachelor\u2019s degree in Physical Activity and Sport Sciences from Najafabad University, with a Master\u2019s in Exercise Physiology. He has served as a performance director, sports scientist, and strength and conditioning coach in elite football clubs in Iran, Portugal, Greece, Qatar, and the United Arab Emirates.","enlace":""},{"foto":"https:\/\/innovity.org\/wp-content\/uploads\/2025\/10\/Foto-Diogo-Coutinho.jpeg","nombre_del_docente":"Diogo Coutinho ","descripcion_del_docente":"PhD in Sports Sciences from the University of Tr\u00e1s-os-Montes and Alto Douro (Portugal), and Bachelor\u2019s and Master\u2019s degrees in Physical Education from the same institution. He has fifteen years of coaching experience, having worked as an assistant coach in the Portuguese Primeira Liga and Segunda Liga, and as head coach in the Campeonato de Portugal (Vila Real).","enlace":""},{"foto":"https:\/\/innovity.org\/wp-content\/uploads\/2025\/10\/Foto-Filipe-curso-Acond-fi\u0301sico-ta\u0301ctico.jpeg","nombre_del_docente":"Felipe Manuel Clemente","descripcion_del_docente":"PhD in Sports Sciences with a specialization in Sports Training from the Faculty of Sport Sciences and Physical Education at the University of Coimbra (2015, Portugal). His scientific output includes more than 300 articles published in journals indexed in the Journal Citation Reports (JCR) of Web of Science (Clarivate).","enlace":""},{"foto":"https:\/\/innovity.org\/wp-content\/uploads\/2025\/10\/Foto-Gibson-Prac\u0327a.jpeg","nombre_del_docente":"Gibson Moreira Pra\u00e7a","descripcion_del_docente":"PhD in Sports Sciences and Bachelor in Physical Education, both from the Federal University of Minas Gerais (UFMG), Brazil. He is the author of more than 150 peer-reviewed scientific articles, two books, and 20 book chapters.","enlace":""}],"card_descubre":false,"imagen_card_descubre":false,"texto_card_descubre":"","link_btn_card_descubre":"","video_producto":"","que_incluye_este_programa":[{"contenido":"Access to the Innovity\u00ae Method: Science, Methodology, and Application"},{"contenido":"Expert Mentorship: testimonials, best practices, and insights from experts\u2014directly from the field"},{"contenido":"Access to materials anytime, anywhere, and from any device"},{"contenido":"24\/7 Support, synchronous or asynchronous, according to your preference, provided by the Innovity professional team"},{"contenido":"Case Method: effective use of learned tools and concepts"},{"contenido":"Self-Assessments to measure learning progress"},{"contenido":"Comprehensive final exam"},{"contenido":"Certificate of completion or attendance, as applicable"}],"programas_relacionados":"","pdf_brochure":false,"avalado_por":false,"activar_fechas_automaticas":false,"fecha_de_inicio_automatica":"","segunda_fecha_de_inicio_automatica":"","zona_horaria":"Europe\/Madrid","mostrar_banner_1":false,"crear_banner_1":{"utilizar_imagen_unica_para_banner":false,"asignar_imagen_unica_para_banner":false,"mostrar_titulo_banner":false,"titulo_para_banner":"","mostrar_subtitulo_banner":false,"subtitulo_del_banner":"","mostrar_cta_banner":false,"texto_cta_banner":"","url_cta_banner":"","fondo_de_color_banner":"","fondo_de_imagen_banner":false,"mostrar_imagen_izquierda_banner":false,"asignar_imagen_izquierda_banner":false},"mostrar_banner_2":false,"crear_banner_2":{"utilizar_imagen_unica_para_banner":false,"asignar_imagen_unica_para_banner":false,"mostrar_titulo_banner":false,"titulo_para_banner":"","mostrar_subtitulo_banner":false,"subtitulo_del_banner":"","mostrar_cta_banner":false,"texto_cta_banner":"","url_cta_banner":"","fondo_de_color_banner":"","fondo_de_imagen_banner":false,"mostrar_imagen_izquierda_banner":false,"asignar_imagen_izquierda_banner":false},"mostrar_banner_3":false,"crear_banner_3":{"utilizar_imagen_unica_para_banner":false,"asignar_imagen_unica_para_banner":false,"mostrar_titulo_banner":false,"titulo_para_banner":"","mostrar_subtitulo_banner":false,"subtitulo_del_banner":"","mostrar_cta_banner":false,"texto_cta_banner":"","url_cta_banner":"","fondo_de_color_banner":"","fondo_de_imagen_banner":false,"mostrar_imagen_izquierda_banner":false,"asignar_imagen_izquierda_banner":false},"texto_hero":"La ciencia en f\u00fatbol al servicio del Director Deportivo para la construcci\u00f3n de una estructura profesional de club","url_btn_compra":"https:\/\/buy.stripe.com\/dRmaEYe3Ge4FdWG29j0kE2i"},"yoast_head":"<!-- This site is optimized with the Yoast SEO plugin v18.2 - https:\/\/yoast.com\/wordpress\/plugins\/seo\/ -->\n<meta name=\"description\" content=\"Created by global leaders and experts. 12-month duration. 100% online. Build for professionals. Backed by science. Powered by innovation.\" \/>\n<meta name=\"robots\" content=\"index, follow, max-snippet:-1, max-image-preview:large, max-video-preview:-1\" \/>\n<link rel=\"canonical\" href=\"https:\/\/innovity.org\/en\/product\/professional-certification-in-applied-football-sciences-and-sports-management\/\" \/>\n<meta property=\"og:locale\" content=\"en_US\" \/>\n<meta property=\"og:type\" content=\"article\" \/>\n<meta property=\"og:title\" content=\"Professional Certification in Applied Football Sciences and Sports Management - Innovity\" \/>\n<meta property=\"og:description\" content=\"Created by global leaders and experts. 12-month duration. 100% online. Build for professionals. Backed by science. Powered by innovation.\" \/>\n<meta property=\"og:url\" content=\"https:\/\/innovity.org\/en\/product\/professional-certification-in-applied-football-sciences-and-sports-management\/\" \/>\n<meta property=\"og:site_name\" content=\"Innovity\" \/>\n<meta property=\"article:modified_time\" content=\"2025-12-29T19:11:08+00:00\" \/>\n<meta name=\"twitter:card\" content=\"summary_large_image\" \/>\n<script type=\"application\/ld+json\" class=\"yoast-schema-graph\">{\"@context\":\"https:\/\/schema.org\",\"@graph\":[{\"@type\":\"WebSite\",\"@id\":\"https:\/\/innovity.org\/#website\",\"url\":\"https:\/\/innovity.org\/\",\"name\":\"Open Campus\",\"description\":\"\",\"potentialAction\":[{\"@type\":\"SearchAction\",\"target\":{\"@type\":\"EntryPoint\",\"urlTemplate\":\"https:\/\/innovity.org\/?s={search_term_string}\"},\"query-input\":\"required name=search_term_string\"}],\"inLanguage\":\"en-US\"},{\"@type\":\"WebPage\",\"@id\":\"https:\/\/innovity.org\/en\/product\/professional-certification-in-applied-football-sciences-and-sports-management\/#webpage\",\"url\":\"https:\/\/innovity.org\/en\/product\/professional-certification-in-applied-football-sciences-and-sports-management\/\",\"name\":\"Professional Certification in Applied Football Sciences and Sports Management - Innovity\",\"isPartOf\":{\"@id\":\"https:\/\/innovity.org\/#website\"},\"datePublished\":\"2025-11-25T13:08:12+00:00\",\"dateModified\":\"2025-12-29T19:11:08+00:00\",\"description\":\"Created by global leaders and experts. 12-month duration. 100% online. Build for professionals. Backed by science. Powered by innovation.\",\"breadcrumb\":{\"@id\":\"https:\/\/innovity.org\/en\/product\/professional-certification-in-applied-football-sciences-and-sports-management\/#breadcrumb\"},\"inLanguage\":\"en-US\",\"potentialAction\":[{\"@type\":\"ReadAction\",\"target\":[\"https:\/\/innovity.org\/en\/product\/professional-certification-in-applied-football-sciences-and-sports-management\/\"]}]},{\"@type\":\"BreadcrumbList\",\"@id\":\"https:\/\/innovity.org\/en\/product\/professional-certification-in-applied-football-sciences-and-sports-management\/#breadcrumb\",\"itemListElement\":[{\"@type\":\"ListItem\",\"position\":1,\"name\":\"Productos\",\"item\":\"https:\/\/innovity.org\/en\/product\/\"},{\"@type\":\"ListItem\",\"position\":2,\"name\":\"Professional Certification in Applied Football Sciences and Sports Management\"}]}]}<\/script>\n<!-- \/ Yoast SEO plugin. -->","yoast_head_json":{"description":"Created by global leaders and experts. 12-month duration. 100% online. Build for professionals. Backed by science. Powered by innovation.","robots":{"index":"index","follow":"follow","max-snippet":"max-snippet:-1","max-image-preview":"max-image-preview:large","max-video-preview":"max-video-preview:-1"},"canonical":"https:\/\/innovity.org\/en\/product\/professional-certification-in-applied-football-sciences-and-sports-management\/","og_locale":"en_US","og_type":"article","og_title":"Professional Certification in Applied Football Sciences and Sports Management - Innovity","og_description":"Created by global leaders and experts. 12-month duration. 100% online. Build for professionals. Backed by science. Powered by innovation.","og_url":"https:\/\/innovity.org\/en\/product\/professional-certification-in-applied-football-sciences-and-sports-management\/","og_site_name":"Innovity","article_modified_time":"2025-12-29T19:11:08+00:00","twitter_card":"summary_large_image","schema":{"@context":"https:\/\/schema.org","@graph":[{"@type":"WebSite","@id":"https:\/\/innovity.org\/#website","url":"https:\/\/innovity.org\/","name":"Open Campus","description":"","potentialAction":[{"@type":"SearchAction","target":{"@type":"EntryPoint","urlTemplate":"https:\/\/innovity.org\/?s={search_term_string}"},"query-input":"required name=search_term_string"}],"inLanguage":"en-US"},{"@type":"WebPage","@id":"https:\/\/innovity.org\/en\/product\/professional-certification-in-applied-football-sciences-and-sports-management\/#webpage","url":"https:\/\/innovity.org\/en\/product\/professional-certification-in-applied-football-sciences-and-sports-management\/","name":"Professional Certification in Applied Football Sciences and Sports Management - Innovity","isPartOf":{"@id":"https:\/\/innovity.org\/#website"},"datePublished":"2025-11-25T13:08:12+00:00","dateModified":"2025-12-29T19:11:08+00:00","description":"Created by global leaders and experts. 12-month duration. 100% online. Build for professionals. Backed by science. Powered by innovation.","breadcrumb":{"@id":"https:\/\/innovity.org\/en\/product\/professional-certification-in-applied-football-sciences-and-sports-management\/#breadcrumb"},"inLanguage":"en-US","potentialAction":[{"@type":"ReadAction","target":["https:\/\/innovity.org\/en\/product\/professional-certification-in-applied-football-sciences-and-sports-management\/"]}]},{"@type":"BreadcrumbList","@id":"https:\/\/innovity.org\/en\/product\/professional-certification-in-applied-football-sciences-and-sports-management\/#breadcrumb","itemListElement":[{"@type":"ListItem","position":1,"name":"Productos","item":"https:\/\/innovity.org\/en\/product\/"},{"@type":"ListItem","position":2,"name":"Professional Certification in Applied Football Sciences and Sports Management"}]}]}},"idiomas":{"en":13283,"es":13208,"ca":13283},"_links":{"self":[{"href":"https:\/\/innovity.org\/en\/wp-json\/wp\/v2\/products\/13283","targetHints":{"allow":["GET"]}}],"collection":[{"href":"https:\/\/innovity.org\/en\/wp-json\/wp\/v2\/products"}],"about":[{"href":"https:\/\/innovity.org\/en\/wp-json\/wp\/v2\/types\/product"}],"author":[{"embeddable":true,"href":"https:\/\/innovity.org\/en\/wp-json\/wp\/v2\/users\/12"}],"replies":[{"embeddable":true,"href":"https:\/\/innovity.org\/en\/wp-json\/wp\/v2\/comments?post=13283"}],"version-history":[{"count":3,"href":"https:\/\/innovity.org\/en\/wp-json\/wp\/v2\/products\/13283\/revisions"}],"predecessor-version":[{"id":13716,"href":"https:\/\/innovity.org\/en\/wp-json\/wp\/v2\/products\/13283\/revisions\/13716"}],"wp:attachment":[{"href":"https:\/\/innovity.org\/en\/wp-json\/wp\/v2\/media?parent=13283"}],"wp:term":[{"taxonomy":"category","embeddable":true,"href":"https:\/\/innovity.org\/en\/wp-json\/wp\/v2\/categories?post=13283"}],"curies":[{"name":"wp","href":"https:\/\/api.w.org\/{rel}","templated":true}]}}