{"id":13263,"date":"2025-11-25T00:21:52","date_gmt":"2025-11-25T00:21:52","guid":{"rendered":"https:\/\/innovity.org\/?post_type=product&#038;p=13263"},"modified":"2025-12-29T19:19:21","modified_gmt":"2025-12-29T19:19:21","slug":"professional-certification-in-soccer-rehabilitation-physiotherapy","status":"publish","type":"product","link":"https:\/\/innovity.org\/en\/product\/professional-certification-in-soccer-rehabilitation-physiotherapy\/","title":{"rendered":"Professional Certification in Soccer Rehabilitation Physiotherapy"},"content":{"rendered":"","protected":false},"excerpt":{"rendered":"","protected":false},"author":12,"featured_media":0,"comment_status":"open","ping_status":"closed","template":"","meta":{"footnotes":""},"categories":[76],"class_list":["post-13263","product","type-product","status-publish","hentry","category-professional-certificate"],"acf":{"hubspot_product_id":"","id_magento":"","external_id":"","our_courses_title":"","our_courses_texto":"","imagen_destacada":false,"header_image":"https:\/\/innovity.org\/wp-content\/uploads\/2025\/11\/17.png","texto_hero":"From the therapeutic process to the complete reconditioning of the player.","precio":"720","precio_en_cuotas":"60 per month - 12 months","precio_de_lista":"","url_btn_compra":"https:\/\/buy.stripe.com\/5kQ3cw0cQ9Op05Q15f0kE2d","promocion_vigente":"","duracion_del_curso":"12 months","fecha_de_inicio":"10\/12\/2025","tipo_de_programa":"Professional Certification (executive education)","nivel_del_curso":"Intermedio","modalidad":"Online, asynchronous","impartido_en":"Spanish\/English","dedicacion":"6\u20138 hours per week","titulo":"Professional Certification in Soccer Rehabilitation Physiotherapy","contenido":"<p>This role is commonly found in semi-professional and amateur sports, where its importance has steadily increased in recent years. This Professional Certification is designed to provide professionals with a broad and detailed understanding of the key problem areas involved in managing an injured soccer player.<\/p>\n<p>The first module covers content related to injury prevention, including knowledge of neuromuscular risk factors, injury biomechanics, and the use of osteopathy as a discipline that contributes to injury prevention\u2014requiring prior understanding of these factors to properly contextualize its application.<\/p>\n<p>Next, the program immerses professionals in the foundations\u2014thoroughly and with focused depth\u2014of therapeutic and rehabilitation processes, enabling them to understand the entire continuum that a soccer player undergoes following an injury.<\/p>\n<p>The following section addresses player assessment, ranging from basic analytical evaluations to more complex assessments involving sport-specific skills. This knowledge is complemented by an update on the use of virtual reality in sports, exploring its potential as a tool for player evaluation.<\/p>\n<p>The academic pathway concludes with a specialized module focused on the young player, aimed at understanding the fundamentals of youth training and learning how to adapt them to the post-injury rehabilitation process.<\/p>\n<p>This Professional Certification consists of 12 one-month courses, grouped into 4 three-month blocks. It grants\u2014 to those who meet the defined requirements\u2014 its corresponding online diploma, as well as the diplomas for the four \u201cExpert Programs\u201d that form part of it. The Professional Certification may be completed continuously or by blocks, according to the participant\u2019s preference, with up to 24 consecutive months available to complete it from the time of enrollment.<\/p>\n","galeria_producto":false,"cursos_que_lo_componen":[{"nombre_del_curso":"1. Injury Risk Factors in Prevention and Rehabilitation","descripcion_del_curso":""},{"nombre_del_curso":"2. Injury Biomechanics in Football","descripcion_del_curso":""},{"nombre_del_curso":"3. Osteopathy and Manual Medicine in Football","descripcion_del_curso":""},{"nombre_del_curso":"4. Injury Incidence and Injury Management in Football","descripcion_del_curso":""},{"nombre_del_curso":"5. Fundamentals of the Return-to-Competition Process","descripcion_del_curso":""},{"nombre_del_curso":"6. Ecological Construct and Football","descripcion_del_curso":""},{"nombre_del_curso":"7. Fundamentals and Technology of Player Assessment ","descripcion_del_curso":""},{"nombre_del_curso":"8. Methodology of Performance Assessment and Injury Risk Factors","descripcion_del_curso":""},{"nombre_del_curso":"9. Sports Training and Immersive Reality","descripcion_del_curso":""},{"nombre_del_curso":"10. Development of Youth Football: From Potential to Sporting Excellence","descripcion_del_curso":""},{"nombre_del_curso":"11. Post-Competition Recovery Measures","descripcion_del_curso":""},{"nombre_del_curso":"12. Psychosocial Performance and Sport","descripcion_del_curso":""}],"preguntas_frecuentes":false,"docentes_expertos":[{"foto":"https:\/\/innovity.org\/wp-content\/uploads\/2025\/10\/Foto-Edu-Garci\u0301a-1.jpeg","nombre_del_docente":"Eduardo Garc\u00eda Prat","descripcion_del_docente":"Graduate in Physical Activity and Sport Sciences (INEFC, Lleida) and holder of a Master\u2019s in High Performance Sport (INEFC, Barcelona) and a Master\u2019s in Sports Rehabilitation (EUSES, Girona). He has developed a career of more than fifteen years linked to high performance, with a particular focus on professional football. He works as a technical consultant, designing performance optimization, injury prevention, and rehabilitation programs for elite footballers in European leagues, including Dani Olmo, Thiago Alc\u00e2ntara, Eric Garc\u00eda, and \u00c1lex Baena, among others. He has supported internationally renowned players, as well as athletes from other elite contexts, including WTA tennis players such as Paula Badosa and Carla Su\u00e1rez, and MotoGP riders such as Remy Gardner.","enlace":""},{"foto":"https:\/\/innovity.org\/wp-content\/uploads\/2025\/10\/Foto-Edu-Alentorn.png","nombre_del_docente":"Eduard Alentorn Geli","descripcion_del_docente":"PhD awarded by the Department of Medicine of the Faculty of Medicine at the University of Barcelona. Master\u2019s Degree in High-Performance Team Sports Training (INEFC, University of Barcelona, 2008) and Master\u2019s Degree in Clinical Biomechanics of the Musculoskeletal System (Rovira i Virgili University, Reus, Spain).  He has received numerous awards and recognitions and has a scientific output of more than 150 articles published in prestigious scientific journals. He completed two postgraduate fellowships at Duke University and the Mayo Clinic.","enlace":""},{"foto":"https:\/\/innovity.org\/wp-content\/uploads\/2025\/10\/Foto-Gerard-Alavarez-1.jpg","nombre_del_docente":"Gerard Alvarez","descripcion_del_docente":"PhD in Biomedical Research Methodology and Public Health from the Autonomous University of Barcelona. Bachelor in Physiotherapy from Universitat Ramon Llull and in Osteopathy from the Escola d\u2019Osteopatia de Barcelona \u2013 European School of Osteopathy. He is a postdoctoral researcher at the Iberoamerican Cochrane Center (CCib), integrated within the Department of Clinical Epidemiology and Public Health at Sant Pau Hospital in Barcelona and at the Sant Pau Research Institute.","enlace":""},{"foto":"https:\/\/innovity.org\/wp-content\/uploads\/2025\/10\/Foto-Jaume-Munill.png","nombre_del_docente":"Jaume Munill Ar\u00f3ztegui","descripcion_del_docente":"Diploma in Physiotherapy (Gimbernat University School, Autonomous University of Barcelona, 1988\u201392), Osteopath C.O. (School of Osteopathy of Barcelona, Pompeu Fabra University, 2006\u201310), and Psychoneuroimmunologist (EFHRE International University, Regenera 2021). Postgraduate Degree in Sports Physiotherapy (Gimbernat University School, Autonomous University of Barcelona, 1994\u201395).  Linked to sport across various disciplines, including futsal and field hockey, he has developed most of his professional career in football. He began with the first team of Terrassa FC (1996\u20132000), the Catalan Football Federation national teams (2000\u201307), and the first team of Real Club Deportivo Espanyol (2004\u201308). He has been a physiotherapist and osteopath at FC Barcelona since 2008.","enlace":""},{"foto":"https:\/\/innovity.org\/wp-content\/uploads\/2025\/10\/Foto-DaniRomero.png","nombre_del_docente":"Dani Romero","descripcion_del_docente":"PhD in Sports Sciences from the University of Zaragoza (Spain). Bachelor in Sport Sciences from the University of Barcelona and in Physiotherapy from the Autonomous University of Barcelona. He is the author of numerous scientific articles, with research lines focused on the effects of inertial resistance training systems, both in their application for performance enhancement and injury prevention.","enlace":""},{"foto":"https:\/\/innovity.org\/wp-content\/uploads\/2025\/10\/Foto-JDixon-1.png","nombre_del_docente":"James Dixon","descripcion_del_docente":"PhD in Developmental Psychology from the University of Wisconsin\u2013Madison and Bachelor\u2019s Degree in Psychology from the State University of New York at Albany. Since 1999, he has held academic positions at Trinity University, the College of William & Mary, and the University of Connecticut, where he has served as Associate Professor (2005\u20132014), Full Professor (since 2014), and has taken on leadership roles as head of the Development and the Perception\u2013Action\u2013Cognition areas within the Department of Psychological Sciences. He has directed the Center for the Ecological Study of Perception and Action since 2014.","enlace":""},{"foto":"https:\/\/innovity.org\/wp-content\/uploads\/2025\/10\/Foto-Maurici-Lo\u0301pez-1.png","nombre_del_docente":"Maurici Abraham L\u00f3pez-Felip","descripcion_del_docente":"PhD in Ecological Psychology from the University of Connecticut (2019), Master of Science in Exercise Science from Southern Illinois University (2014), and Bachelor\u2019s Degree in Physical Activity and Sport Sciences from the University of Barcelona (2009). He is currently the CEO and Co-Founder of Kognia Sports Intelligence (since 2019), a Barcelona-based company pioneering tactical analysis in football through artificial intelligence. He served as Head of Research for the Team Sports Department at FC Barcelona (2016\u20132019).","enlace":""},{"foto":"https:\/\/innovity.org\/wp-content\/uploads\/2025\/10\/Foto-Marc-Madruga-1.jpeg","nombre_del_docente":"Marc Madruga Parera","descripcion_del_docente":"PhD in Sport Sciences from the Faculty of Medicine at the University of Girona. Official Master\u2019s Degree in Integrative Physiology (University of Barcelona). In the academic field, he has worked at various universities.  As a researcher, his work focuses on the study of injury risk factors in athletes and on improving sports performance. He has coached athletes for more than 30 years, particularly football players, and served as strength and conditioning coach for the second football team of FC Barcelona.","enlace":""},{"foto":"https:\/\/innovity.org\/wp-content\/uploads\/2025\/10\/Adam_Kiefer_Headshot_smallFile72020-1.png","nombre_del_docente":"Adam Kiefer","descripcion_del_docente":"Dr. Adam Kiefer is an Associate Professor in the Department of Exercise and Sport Science at the University of North Carolina at Chapel Hill (UNC), where he is also a core member of the Matthew Gfeller Center for NeuroHealth and an affiliate of the Sports Medicine Institute.  Dr. Kiefer is Co-Director of the STAR Heel Performance Laboratory (Simulation, Training, Analytics & Rehabilitation), a translational research group focused on leveraging immersive technologies, artificial intelligence, and behavioral science to address critical challenges in the prevention and rehabilitation of sports injuries.","enlace":""},{"foto":"https:\/\/innovity.org\/wp-content\/uploads\/2025\/10\/Fotos-NL-1.jpg","nombre_del_docente":"Nuno Leite","descripcion_del_docente":"PhD in Sports Sciences from the University of Tr\u00e1s-os-Montes and Alto Douro (Portugal). Bachelor in Physical Education and Sport from the same university, and Master in Sports Sciences from the Faculty of Sport of the University of Porto. He previously served as Director of the Master\u2019s Program in Sports Performance Analysis, developed in consortium with Otto von Guericke University (Magdeburg, Germany) and the Lithuanian Sports University (Kaunas, Lithuania).","enlace":""},{"foto":"https:\/\/innovity.org\/wp-content\/uploads\/2025\/10\/Foto-Albert-Altarriba-1.png","nombre_del_docente":"Albert Altarriba-Bart\u00e9s.","descripcion_del_docente":"PhD in Physiotherapy from the Universitat de Vic\u2013Universitat Central de Catalunya (UVic-UCC) and PhD in Physical Activity and Sport Sciences from the University of Barcelona. He also holds Bachelor\u2019s degrees in Physical Activity and Sport Sciences and in Physiotherapy from UVic-UCC. He is the author of several scientific articles focused on high-performance sport, post-exercise recovery, epidemiology, and injury prevention.","enlace":""},{"foto":"https:\/\/innovity.org\/wp-content\/uploads\/2025\/10\/Foto-1-Alex-Latinjak-1.jpeg","nombre_del_docente":"Alex Latinjak","descripcion_del_docente":"PhD in Psychology from the Autonomous University of Barcelona (2010). Master\u2019s Degree in Research from the Autonomous University of Barcelona (2007) and Bachelor\u2019s Degree in Psychology from the University of Barcelona (2006). He completed a postdoctoral stay at the University of Thessaly (2011).  He has worked as a sport psychologist at the Bruguera Tennis Academy (2002\u20132009); has held program management and professional practice roles in clubs in Girona; has served as head of the psychology project for the youth academy and as sport psychologist for the first team at Club B\u00e0squet Girona in the ACB (2022\u20132025); performance psychology consultant at the Ipswich Town FC Academy (2019\u20132020); and consultant with KTM Red Bull MotoGP (2023).","enlace":""}],"card_descubre":false,"imagen_card_descubre":false,"texto_card_descubre":"","link_btn_card_descubre":"","video_producto":"","que_incluye_este_programa":[{"contenido":"Access to the Innovity\u00ae Method: Science, Methodology, and Application"},{"contenido":"Expert Mentorship: testimonials, best practices, and insights from experts\u2014directly from the field"},{"contenido":"Access to materials anytime, anywhere, and from any device"},{"contenido":"24\/7 Support, synchronous or asynchronous, according to your preference, provided by the Innovity professional team"},{"contenido":"Case Method: effective use of learned tools and concepts"},{"contenido":"Self-Assessments to measure learning progress"},{"contenido":"Comprehensive final exam"},{"contenido":"Certificate of completion or attendance, as applicable"}],"programas_relacionados":"","pdf_brochure":false,"avalado_por":false,"activar_fechas_automaticas":false,"fecha_de_inicio_automatica":"","segunda_fecha_de_inicio_automatica":"","zona_horaria":"Europe\/Madrid","mostrar_banner_1":false,"crear_banner_1":{"utilizar_imagen_unica_para_banner":false,"asignar_imagen_unica_para_banner":false,"mostrar_titulo_banner":false,"titulo_para_banner":"","mostrar_subtitulo_banner":false,"subtitulo_del_banner":"","mostrar_cta_banner":false,"texto_cta_banner":"","url_cta_banner":"","fondo_de_color_banner":"","fondo_de_imagen_banner":false,"mostrar_imagen_izquierda_banner":false,"asignar_imagen_izquierda_banner":false},"mostrar_banner_2":false,"crear_banner_2":{"utilizar_imagen_unica_para_banner":false,"asignar_imagen_unica_para_banner":false,"mostrar_titulo_banner":false,"titulo_para_banner":"","mostrar_subtitulo_banner":false,"subtitulo_del_banner":"","mostrar_cta_banner":false,"texto_cta_banner":"","url_cta_banner":"","fondo_de_color_banner":"","fondo_de_imagen_banner":false,"mostrar_imagen_izquierda_banner":false,"asignar_imagen_izquierda_banner":false},"mostrar_banner_3":false,"crear_banner_3":{"utilizar_imagen_unica_para_banner":false,"asignar_imagen_unica_para_banner":false,"mostrar_titulo_banner":false,"titulo_para_banner":"","mostrar_subtitulo_banner":false,"subtitulo_del_banner":"","mostrar_cta_banner":false,"texto_cta_banner":"","url_cta_banner":"","fondo_de_color_banner":"","fondo_de_imagen_banner":false,"mostrar_imagen_izquierda_banner":false,"asignar_imagen_izquierda_banner":false},"te_recordamos":""},"yoast_head":"<!-- This site is optimized with the Yoast SEO plugin v18.2 - https:\/\/yoast.com\/wordpress\/plugins\/seo\/ -->\n<meta name=\"description\" content=\"Created by global leaders and experts. 12-month duration. 100% online. Build for professionals. Backed by science. Powered by innovation.\" \/>\n<meta name=\"robots\" content=\"index, follow, max-snippet:-1, max-image-preview:large, max-video-preview:-1\" \/>\n<link rel=\"canonical\" href=\"https:\/\/innovity.org\/en\/product\/professional-certification-in-soccer-rehabilitation-physiotherapy\/\" \/>\n<meta property=\"og:locale\" content=\"en_US\" \/>\n<meta property=\"og:type\" content=\"article\" \/>\n<meta property=\"og:title\" content=\"Professional Certification in Soccer Rehabilitation Physiotherapy - Innovity\" \/>\n<meta property=\"og:description\" content=\"Created by global leaders and experts. 12-month duration. 100% online. Build for professionals. Backed by science. Powered by innovation.\" \/>\n<meta property=\"og:url\" content=\"https:\/\/innovity.org\/en\/product\/professional-certification-in-soccer-rehabilitation-physiotherapy\/\" \/>\n<meta property=\"og:site_name\" content=\"Innovity\" \/>\n<meta property=\"article:modified_time\" content=\"2025-12-29T19:19:21+00:00\" \/>\n<meta name=\"twitter:card\" content=\"summary_large_image\" \/>\n<script type=\"application\/ld+json\" class=\"yoast-schema-graph\">{\"@context\":\"https:\/\/schema.org\",\"@graph\":[{\"@type\":\"WebSite\",\"@id\":\"https:\/\/innovity.org\/#website\",\"url\":\"https:\/\/innovity.org\/\",\"name\":\"Open Campus\",\"description\":\"\",\"potentialAction\":[{\"@type\":\"SearchAction\",\"target\":{\"@type\":\"EntryPoint\",\"urlTemplate\":\"https:\/\/innovity.org\/?s={search_term_string}\"},\"query-input\":\"required name=search_term_string\"}],\"inLanguage\":\"en-US\"},{\"@type\":\"WebPage\",\"@id\":\"https:\/\/innovity.org\/en\/product\/professional-certification-in-soccer-rehabilitation-physiotherapy\/#webpage\",\"url\":\"https:\/\/innovity.org\/en\/product\/professional-certification-in-soccer-rehabilitation-physiotherapy\/\",\"name\":\"Professional Certification in Soccer Rehabilitation Physiotherapy - Innovity\",\"isPartOf\":{\"@id\":\"https:\/\/innovity.org\/#website\"},\"datePublished\":\"2025-11-25T00:21:52+00:00\",\"dateModified\":\"2025-12-29T19:19:21+00:00\",\"description\":\"Created by global leaders and experts. 12-month duration. 100% online. Build for professionals. Backed by science. Powered by innovation.\",\"breadcrumb\":{\"@id\":\"https:\/\/innovity.org\/en\/product\/professional-certification-in-soccer-rehabilitation-physiotherapy\/#breadcrumb\"},\"inLanguage\":\"en-US\",\"potentialAction\":[{\"@type\":\"ReadAction\",\"target\":[\"https:\/\/innovity.org\/en\/product\/professional-certification-in-soccer-rehabilitation-physiotherapy\/\"]}]},{\"@type\":\"BreadcrumbList\",\"@id\":\"https:\/\/innovity.org\/en\/product\/professional-certification-in-soccer-rehabilitation-physiotherapy\/#breadcrumb\",\"itemListElement\":[{\"@type\":\"ListItem\",\"position\":1,\"name\":\"Productos\",\"item\":\"https:\/\/innovity.org\/en\/product\/\"},{\"@type\":\"ListItem\",\"position\":2,\"name\":\"Professional Certification in Soccer Rehabilitation Physiotherapy\"}]}]}<\/script>\n<!-- \/ Yoast SEO plugin. -->","yoast_head_json":{"description":"Created by global leaders and experts. 12-month duration. 100% online. Build for professionals. Backed by science. Powered by innovation.","robots":{"index":"index","follow":"follow","max-snippet":"max-snippet:-1","max-image-preview":"max-image-preview:large","max-video-preview":"max-video-preview:-1"},"canonical":"https:\/\/innovity.org\/en\/product\/professional-certification-in-soccer-rehabilitation-physiotherapy\/","og_locale":"en_US","og_type":"article","og_title":"Professional Certification in Soccer Rehabilitation Physiotherapy - Innovity","og_description":"Created by global leaders and experts. 12-month duration. 100% online. Build for professionals. Backed by science. Powered by innovation.","og_url":"https:\/\/innovity.org\/en\/product\/professional-certification-in-soccer-rehabilitation-physiotherapy\/","og_site_name":"Innovity","article_modified_time":"2025-12-29T19:19:21+00:00","twitter_card":"summary_large_image","schema":{"@context":"https:\/\/schema.org","@graph":[{"@type":"WebSite","@id":"https:\/\/innovity.org\/#website","url":"https:\/\/innovity.org\/","name":"Open Campus","description":"","potentialAction":[{"@type":"SearchAction","target":{"@type":"EntryPoint","urlTemplate":"https:\/\/innovity.org\/?s={search_term_string}"},"query-input":"required name=search_term_string"}],"inLanguage":"en-US"},{"@type":"WebPage","@id":"https:\/\/innovity.org\/en\/product\/professional-certification-in-soccer-rehabilitation-physiotherapy\/#webpage","url":"https:\/\/innovity.org\/en\/product\/professional-certification-in-soccer-rehabilitation-physiotherapy\/","name":"Professional Certification in Soccer Rehabilitation Physiotherapy - Innovity","isPartOf":{"@id":"https:\/\/innovity.org\/#website"},"datePublished":"2025-11-25T00:21:52+00:00","dateModified":"2025-12-29T19:19:21+00:00","description":"Created by global leaders and experts. 12-month duration. 100% online. Build for professionals. Backed by science. Powered by innovation.","breadcrumb":{"@id":"https:\/\/innovity.org\/en\/product\/professional-certification-in-soccer-rehabilitation-physiotherapy\/#breadcrumb"},"inLanguage":"en-US","potentialAction":[{"@type":"ReadAction","target":["https:\/\/innovity.org\/en\/product\/professional-certification-in-soccer-rehabilitation-physiotherapy\/"]}]},{"@type":"BreadcrumbList","@id":"https:\/\/innovity.org\/en\/product\/professional-certification-in-soccer-rehabilitation-physiotherapy\/#breadcrumb","itemListElement":[{"@type":"ListItem","position":1,"name":"Productos","item":"https:\/\/innovity.org\/en\/product\/"},{"@type":"ListItem","position":2,"name":"Professional Certification in Soccer Rehabilitation Physiotherapy"}]}]}},"_links":{"self":[{"href":"https:\/\/innovity.org\/en\/wp-json\/wp\/v2\/products\/13263","targetHints":{"allow":["GET"]}}],"collection":[{"href":"https:\/\/innovity.org\/en\/wp-json\/wp\/v2\/products"}],"about":[{"href":"https:\/\/innovity.org\/en\/wp-json\/wp\/v2\/types\/product"}],"author":[{"embeddable":true,"href":"https:\/\/innovity.org\/en\/wp-json\/wp\/v2\/users\/12"}],"replies":[{"embeddable":true,"href":"https:\/\/innovity.org\/en\/wp-json\/wp\/v2\/comments?post=13263"}],"version-history":[{"count":5,"href":"https:\/\/innovity.org\/en\/wp-json\/wp\/v2\/products\/13263\/revisions"}],"predecessor-version":[{"id":13719,"href":"https:\/\/innovity.org\/en\/wp-json\/wp\/v2\/products\/13263\/revisions\/13719"}],"wp:attachment":[{"href":"https:\/\/innovity.org\/en\/wp-json\/wp\/v2\/media?parent=13263"}],"wp:term":[{"taxonomy":"category","embeddable":true,"href":"https:\/\/innovity.org\/en\/wp-json\/wp\/v2\/categories?post=13263"}],"curies":[{"name":"wp","href":"https:\/\/api.w.org\/{rel}","templated":true}]}}