{"id":12926,"date":"2025-11-17T18:20:50","date_gmt":"2025-11-17T18:20:50","guid":{"rendered":"https:\/\/innovity.org\/?post_type=product&#038;p=12926"},"modified":"2025-12-29T19:20:26","modified_gmt":"2025-12-29T19:20:26","slug":"expert-program-in-treatment-of-tendon-injuries-in-football-players","status":"publish","type":"product","link":"https:\/\/innovity.org\/en\/product\/expert-program-in-treatment-of-tendon-injuries-in-football-players\/","title":{"rendered":"Expert Program in Treatment of Tendon Injuries in Football Players"},"content":{"rendered":"","protected":false},"excerpt":{"rendered":"","protected":false},"author":12,"featured_media":0,"comment_status":"open","ping_status":"closed","template":"","meta":{"footnotes":""},"categories":[75],"class_list":["post-12926","product","type-product","status-publish","hentry","category-expert-program"],"acf":{"hubspot_product_id":"","id_magento":"","external_id":"","our_courses_title":"","our_courses_texto":"","imagen_destacada":false,"precio":"360","precio_en_cuotas":"","precio_de_lista":"","promocion_vigente":"","duracion_del_curso":"3 months","fecha_de_inicio":"10\/12\/2025","tipo_de_programa":"Expert program (executive education)","nivel_del_curso":"Intermedio","modalidad":"Online, asynchronous","impartido_en":"Spanish\/English","dedicacion":"6\u20138 hours per week","titulo":"Expert Program in Treatment of Tendon Injuries in Football Players","contenido":"<p>The purpose of this program is to train professionals in the therapeutic approach to the most frequent tendinous injuries in football. It specifically addresses patellar and Achilles tendinopathies, as well as injuries affecting the adductor musculature and the pubic region. Although it does not cover all possible tendinous pathologies, the program focuses on those with the greatest epidemiological relevance in this sport, while providing knowledge that can be extrapolated to the treatment of other tendon-related injuries.<\/p>\n<p>Tendinopathy in football players typically develops progressively, often becoming a chronic condition. For this reason, professionals involved in injury prevention and treatment frequently encounter clinical scenarios involving tendons. This certification provides the conceptual and practical foundations necessary for effective intervention in such cases, thereby enhancing practitioners\u2019 ability to address one of the most recurrent issues in the football environment.<\/p>\n","galeria_producto":false,"cursos_que_lo_componen":[{"nombre_del_curso":"1. Patellar Tendinopathy: Approach to Tendon Degeneration","descripcion_del_curso":""},{"nombre_del_curso":"2. Management of Achilles Tendinopathy in Football","descripcion_del_curso":""},{"nombre_del_curso":"3. Management of Pubic and Adductor Muscle Injuries in Football Players","descripcion_del_curso":""}],"preguntas_frecuentes":false,"docentes_expertos":[{"foto":"https:\/\/innovity.org\/wp-content\/uploads\/2025\/10\/Foto-J-Uceda.png","nombre_del_docente":"Julio Uceda Rodr\u00edguez.","descripcion_del_docente":"Master\u2019s Degree in Nutrition and Health from the International University of Valencia (VIU), Diploma in Physiotherapy from the University of Seville, and Osteopath D.O. from the Escuela del Concepto Osteop\u00e1tico de Barcelona.  He served as Director of the Physiotherapy Department at FC Basel and as an external consultant for three seasons for Chicago Fire (MLS) and FC Lugano (Swiss League). He has worked with professional tennis players such as Carla Su\u00e1rez and Garbi\u00f1e Muguruza, as well as with Olympic swimmers including Kiko Herv\u00e1s.","enlace":""},{"foto":"https:\/\/innovity.org\/wp-content\/uploads\/2025\/10\/Foto-Adria\u0301n-Escriche.jpg","nombre_del_docente":"Adri\u00e1n Escriche Escuder","descripcion_del_docente":"PhD in Health Sciences from the University of M\u00e1laga and Bachelor in Physiotherapy from the University of Valencia. He is the author of more than 35 scientific articles, with research lines focused on the effects of exercise in different clinical populations.  Professionally, as a physiotherapist, he has worked with various athletes and clubs, particularly in football and padel, with notable experience in the youth academy of Valencia C.F.","enlace":""},{"foto":"https:\/\/innovity.org\/wp-content\/uploads\/2025\/10\/Foto-Aitor-Rui\u0301z-de-lara.jpeg","nombre_del_docente":"Aitor Ru\u00edz de Lara Os\u00e1car","descripcion_del_docente":"Master\u2019s Degree in Structural Osteopathy (School of Osteopathy of Madrid), Master\u2019s Degree in Nutrition and Health (International University of Valencia), and Master\u2019s Degree in Sports Physiotherapy and Rehabilitation (Camilo Jos\u00e9 Cela University). Bachelor\u2019s Degree in Physiotherapy from the European University of Madrid (Award for Best Academic Record). He is an expert in musculoskeletal ultrasound and ultrasound-guided invasive physiotherapy.  He served as Head of the Physiotherapy Department at Udinese Calcio (Serie A, Italy) and Watford FC (Premier League), physiotherapist for Tianjin Quanjian (CSL & AFC Champions League, 2017\u20132018), and external consultant for AC Fiorentina and Chicago Fire. He currently works as a collaborator with FC Lugano.","enlace":""}],"card_descubre":false,"imagen_card_descubre":false,"texto_card_descubre":"","link_btn_card_descubre":"","video_producto":"","que_incluye_este_programa":[{"contenido":"Access to the Innovity\u00ae Method: Science, Methodology, and Application"},{"contenido":"Expert Mentorship: testimonials, best practices, and insights from experts\u2014directly from the field"},{"contenido":"Access to materials anytime, anywhere, and from any device"},{"contenido":"24\/7 Support, synchronous or asynchronous, according to your preference, provided by the Innovity professional team"},{"contenido":"Case Method: effective use of learned tools and concepts"},{"contenido":"Self-Assessments to measure learning progress"},{"contenido":"Comprehensive final exam"},{"contenido":"Certificate of completion or attendance, as applicable"}],"programas_relacionados":"","pdf_brochure":false,"avalado_por":false,"mostrar_banner_1":false,"crear_banner_1":{"utilizar_imagen_unica_para_banner":false,"asignar_imagen_unica_para_banner":false,"mostrar_titulo_banner":false,"titulo_para_banner":"","mostrar_subtitulo_banner":false,"subtitulo_del_banner":"","mostrar_cta_banner":false,"texto_cta_banner":"","url_cta_banner":"","fondo_de_color_banner":"","fondo_de_imagen_banner":false,"mostrar_imagen_izquierda_banner":false,"asignar_imagen_izquierda_banner":false},"mostrar_banner_2":false,"crear_banner_2":{"utilizar_imagen_unica_para_banner":false,"asignar_imagen_unica_para_banner":false,"mostrar_titulo_banner":false,"titulo_para_banner":"","mostrar_subtitulo_banner":false,"subtitulo_del_banner":"","mostrar_cta_banner":false,"texto_cta_banner":"","url_cta_banner":"","fondo_de_color_banner":"","fondo_de_imagen_banner":false,"mostrar_imagen_izquierda_banner":false,"asignar_imagen_izquierda_banner":false},"mostrar_banner_3":false,"crear_banner_3":{"utilizar_imagen_unica_para_banner":false,"asignar_imagen_unica_para_banner":false,"mostrar_titulo_banner":false,"titulo_para_banner":"","mostrar_subtitulo_banner":false,"subtitulo_del_banner":"","mostrar_cta_banner":false,"texto_cta_banner":"","url_cta_banner":"","fondo_de_color_banner":"","fondo_de_imagen_banner":false,"mostrar_imagen_izquierda_banner":false,"asignar_imagen_izquierda_banner":false},"activar_fechas_automaticas":false,"fecha_de_inicio_automatica":"","segunda_fecha_de_inicio_automatica":"","zona_horaria":"Europe\/Madrid","header_image":"https:\/\/innovity.org\/wp-content\/uploads\/2025\/10\/66.png","texto_hero":"Abordaje terap\u00e9utico de las lesiones tendinosas m\u00e1s frecuentes en el f\u00fatbol.","url_btn_compra":"https:\/\/buy.stripe.com\/4gM4gA0cQaStcSC4hr0kE22"},"yoast_head":"<!-- This site is optimized with the Yoast SEO plugin v18.2 - https:\/\/yoast.com\/wordpress\/plugins\/seo\/ -->\n<meta name=\"description\" content=\"Created by global leaders and experts. 3-month duration. 100% online. Build for professionals. Backed by science. Powered by innovation.\" \/>\n<meta name=\"robots\" content=\"index, follow, max-snippet:-1, max-image-preview:large, max-video-preview:-1\" \/>\n<link rel=\"canonical\" href=\"https:\/\/innovity.org\/en\/product\/expert-program-in-treatment-of-tendon-injuries-in-football-players\/\" \/>\n<meta property=\"og:locale\" content=\"en_US\" \/>\n<meta property=\"og:type\" content=\"article\" \/>\n<meta property=\"og:title\" content=\"Expert Program in Treatment of Tendon Injuries in Football Players - Innovity\" \/>\n<meta property=\"og:description\" content=\"Created by global leaders and experts. 3-month duration. 100% online. Build for professionals. Backed by science. Powered by innovation.\" \/>\n<meta property=\"og:url\" content=\"https:\/\/innovity.org\/en\/product\/expert-program-in-treatment-of-tendon-injuries-in-football-players\/\" \/>\n<meta property=\"og:site_name\" content=\"Innovity\" \/>\n<meta property=\"article:modified_time\" content=\"2025-12-29T19:20:26+00:00\" \/>\n<meta name=\"twitter:card\" content=\"summary_large_image\" \/>\n<script type=\"application\/ld+json\" class=\"yoast-schema-graph\">{\"@context\":\"https:\/\/schema.org\",\"@graph\":[{\"@type\":\"WebSite\",\"@id\":\"https:\/\/innovity.org\/#website\",\"url\":\"https:\/\/innovity.org\/\",\"name\":\"Open Campus\",\"description\":\"\",\"potentialAction\":[{\"@type\":\"SearchAction\",\"target\":{\"@type\":\"EntryPoint\",\"urlTemplate\":\"https:\/\/innovity.org\/?s={search_term_string}\"},\"query-input\":\"required name=search_term_string\"}],\"inLanguage\":\"en-US\"},{\"@type\":\"WebPage\",\"@id\":\"https:\/\/innovity.org\/en\/product\/expert-program-in-treatment-of-tendon-injuries-in-football-players\/#webpage\",\"url\":\"https:\/\/innovity.org\/en\/product\/expert-program-in-treatment-of-tendon-injuries-in-football-players\/\",\"name\":\"Expert Program in Treatment of Tendon Injuries in Football Players - Innovity\",\"isPartOf\":{\"@id\":\"https:\/\/innovity.org\/#website\"},\"datePublished\":\"2025-11-17T18:20:50+00:00\",\"dateModified\":\"2025-12-29T19:20:26+00:00\",\"description\":\"Created by global leaders and experts. 3-month duration. 100% online. Build for professionals. Backed by science. Powered by innovation.\",\"breadcrumb\":{\"@id\":\"https:\/\/innovity.org\/en\/product\/expert-program-in-treatment-of-tendon-injuries-in-football-players\/#breadcrumb\"},\"inLanguage\":\"en-US\",\"potentialAction\":[{\"@type\":\"ReadAction\",\"target\":[\"https:\/\/innovity.org\/en\/product\/expert-program-in-treatment-of-tendon-injuries-in-football-players\/\"]}]},{\"@type\":\"BreadcrumbList\",\"@id\":\"https:\/\/innovity.org\/en\/product\/expert-program-in-treatment-of-tendon-injuries-in-football-players\/#breadcrumb\",\"itemListElement\":[{\"@type\":\"ListItem\",\"position\":1,\"name\":\"Productos\",\"item\":\"https:\/\/innovity.org\/en\/product\/\"},{\"@type\":\"ListItem\",\"position\":2,\"name\":\"Expert Program in Treatment of Tendon Injuries in Football Players\"}]}]}<\/script>\n<!-- \/ Yoast SEO plugin. -->","yoast_head_json":{"description":"Created by global leaders and experts. 3-month duration. 100% online. Build for professionals. Backed by science. Powered by innovation.","robots":{"index":"index","follow":"follow","max-snippet":"max-snippet:-1","max-image-preview":"max-image-preview:large","max-video-preview":"max-video-preview:-1"},"canonical":"https:\/\/innovity.org\/en\/product\/expert-program-in-treatment-of-tendon-injuries-in-football-players\/","og_locale":"en_US","og_type":"article","og_title":"Expert Program in Treatment of Tendon Injuries in Football Players - Innovity","og_description":"Created by global leaders and experts. 3-month duration. 100% online. Build for professionals. Backed by science. Powered by innovation.","og_url":"https:\/\/innovity.org\/en\/product\/expert-program-in-treatment-of-tendon-injuries-in-football-players\/","og_site_name":"Innovity","article_modified_time":"2025-12-29T19:20:26+00:00","twitter_card":"summary_large_image","schema":{"@context":"https:\/\/schema.org","@graph":[{"@type":"WebSite","@id":"https:\/\/innovity.org\/#website","url":"https:\/\/innovity.org\/","name":"Open Campus","description":"","potentialAction":[{"@type":"SearchAction","target":{"@type":"EntryPoint","urlTemplate":"https:\/\/innovity.org\/?s={search_term_string}"},"query-input":"required name=search_term_string"}],"inLanguage":"en-US"},{"@type":"WebPage","@id":"https:\/\/innovity.org\/en\/product\/expert-program-in-treatment-of-tendon-injuries-in-football-players\/#webpage","url":"https:\/\/innovity.org\/en\/product\/expert-program-in-treatment-of-tendon-injuries-in-football-players\/","name":"Expert Program in Treatment of Tendon Injuries in Football Players - Innovity","isPartOf":{"@id":"https:\/\/innovity.org\/#website"},"datePublished":"2025-11-17T18:20:50+00:00","dateModified":"2025-12-29T19:20:26+00:00","description":"Created by global leaders and experts. 3-month duration. 100% online. Build for professionals. Backed by science. Powered by innovation.","breadcrumb":{"@id":"https:\/\/innovity.org\/en\/product\/expert-program-in-treatment-of-tendon-injuries-in-football-players\/#breadcrumb"},"inLanguage":"en-US","potentialAction":[{"@type":"ReadAction","target":["https:\/\/innovity.org\/en\/product\/expert-program-in-treatment-of-tendon-injuries-in-football-players\/"]}]},{"@type":"BreadcrumbList","@id":"https:\/\/innovity.org\/en\/product\/expert-program-in-treatment-of-tendon-injuries-in-football-players\/#breadcrumb","itemListElement":[{"@type":"ListItem","position":1,"name":"Productos","item":"https:\/\/innovity.org\/en\/product\/"},{"@type":"ListItem","position":2,"name":"Expert Program in Treatment of Tendon Injuries in Football Players"}]}]}},"idiomas":{"en":12926,"es":12327,"ca":12926},"_links":{"self":[{"href":"https:\/\/innovity.org\/en\/wp-json\/wp\/v2\/products\/12926","targetHints":{"allow":["GET"]}}],"collection":[{"href":"https:\/\/innovity.org\/en\/wp-json\/wp\/v2\/products"}],"about":[{"href":"https:\/\/innovity.org\/en\/wp-json\/wp\/v2\/types\/product"}],"author":[{"embeddable":true,"href":"https:\/\/innovity.org\/en\/wp-json\/wp\/v2\/users\/12"}],"replies":[{"embeddable":true,"href":"https:\/\/innovity.org\/en\/wp-json\/wp\/v2\/comments?post=12926"}],"version-history":[{"count":5,"href":"https:\/\/innovity.org\/en\/wp-json\/wp\/v2\/products\/12926\/revisions"}],"predecessor-version":[{"id":13720,"href":"https:\/\/innovity.org\/en\/wp-json\/wp\/v2\/products\/12926\/revisions\/13720"}],"wp:attachment":[{"href":"https:\/\/innovity.org\/en\/wp-json\/wp\/v2\/media?parent=12926"}],"wp:term":[{"taxonomy":"category","embeddable":true,"href":"https:\/\/innovity.org\/en\/wp-json\/wp\/v2\/categories?post=12926"}],"curies":[{"name":"wp","href":"https:\/\/api.w.org\/{rel}","templated":true}]}}