{"id":12919,"date":"2025-11-17T18:04:08","date_gmt":"2025-11-17T18:04:08","guid":{"rendered":"https:\/\/innovity.org\/?post_type=product&#038;p=12919"},"modified":"2025-12-29T19:21:21","modified_gmt":"2025-12-29T19:21:21","slug":"expert-program-in-post-surgery-rehabilitation-of-the-anterior-cruciate-ligament","status":"publish","type":"product","link":"https:\/\/innovity.org\/en\/product\/expert-program-in-post-surgery-rehabilitation-of-the-anterior-cruciate-ligament\/","title":{"rendered":"Expert Program in Post-Surgery Rehabilitation of the Anterior Cruciate Ligament"},"content":{"rendered":"","protected":false},"excerpt":{"rendered":"","protected":false},"author":12,"featured_media":0,"comment_status":"open","ping_status":"closed","template":"","meta":{"footnotes":""},"categories":[75],"class_list":["post-12919","product","type-product","status-publish","hentry","category-expert-program"],"acf":{"hubspot_product_id":"","id_magento":"","external_id":"","our_courses_title":"","our_courses_texto":"","imagen_destacada":false,"precio":"360","precio_en_cuotas":"","precio_de_lista":"","promocion_vigente":"","duracion_del_curso":"3 months","fecha_de_inicio":"10\/12\/2025","tipo_de_programa":"Expert program (executive education)","nivel_del_curso":"Intermedio","modalidad":"Online, asynchronous","impartido_en":"Spanish\/English","dedicacion":"6\u20138 hours per week","titulo":"Expert Program in Post-Surgery Rehabilitation of the Anterior Cruciate Ligament","contenido":"<p>The objective of this program is to train professionals in the fundamentals of post-injury rehabilitation and their specific application to anterior cruciate ligament (ACL) injuries, one of the conditions with the highest combination of incidence and severity in football.<\/p>\n<p>The first module provides a general overview of rehabilitation principles applied to the football context, offering the necessary conceptual and methodological foundations. The second module focuses on joint injuries, with special emphasis on ACL ruptures, addressing their specific characteristics and demands. Finally, the program culminates with a module dedicated to the practical application of rehabilitation for this type of injury, progressively integrating the knowledge acquired to enable precise and effective intervention.<\/p>\n","galeria_producto":false,"cursos_que_lo_componen":[{"nombre_del_curso":"1. Fundamentals of the Return-to-Competition Process","descripcion_del_curso":""},{"nombre_del_curso":"2. Neuromuscular Control in Injury Prevention and Sports Performance","descripcion_del_curso":""},{"nombre_del_curso":"3. Post-Surgery Rehabilitation Training of the Anterior Cruciate Ligament","descripcion_del_curso":""}],"preguntas_frecuentes":false,"docentes_expertos":[{"foto":"https:\/\/innovity.org\/wp-content\/uploads\/2025\/10\/Foto-DaniRomero.png","nombre_del_docente":"Dani Romero","descripcion_del_docente":"PhD in Sports Sciences from the University of Zaragoza (Spain). Bachelor in Sport Sciences from the University of Barcelona and in Physiotherapy from the Autonomous University of Barcelona. He is the author of numerous scientific articles, with research lines focused on the effects of inertial resistance training systems, both in their application for performance enhancement and injury prevention.","enlace":""},{"foto":"https:\/\/innovity.org\/wp-content\/uploads\/2025\/10\/Foto-Azahara-Fort.png","nombre_del_docente":"Azahara Fort Vanmeerhaeghe","descripcion_del_docente":"PhD in Physical Activity and Sport Sciences from Universitat Ramon Llull (URL). Bachelor in Physical Activity and Sport Sciences from INEFC (University of Barcelona), Diploma in Physiotherapy from URL, and Master in High Performance Sport from the International Olympic Committee (IOC).  She has worked for more than 25 years as a physiotherapist and strength and conditioning coach with elite athletes. Since 2008, she has been a strength and conditioning coach and coordinator of the health and performance area of the elite basketball program SIGLO XXI (Spanish and Catalan Basketball Federations).","enlace":""}],"card_descubre":false,"imagen_card_descubre":false,"texto_card_descubre":"","link_btn_card_descubre":"","video_producto":"","que_incluye_este_programa":[{"contenido":"Access to the Innovity\u00ae Method: Science, Methodology, and Application"},{"contenido":"Expert Mentorship: testimonials, best practices, and insights from experts\u2014directly from the field"},{"contenido":"Access to materials anytime, anywhere, and from any device"},{"contenido":"24\/7 Support, synchronous or asynchronous, according to your preference, provided by the Innovity professional team"},{"contenido":"Case Method: effective use of learned tools and concepts"},{"contenido":"Self-Assessments to measure learning progress"},{"contenido":"Comprehensive final exam"},{"contenido":"Certificate of completion or attendance, as applicable"}],"programas_relacionados":"","pdf_brochure":false,"avalado_por":false,"mostrar_banner_1":false,"crear_banner_1":{"utilizar_imagen_unica_para_banner":false,"asignar_imagen_unica_para_banner":false,"mostrar_titulo_banner":false,"titulo_para_banner":"","mostrar_subtitulo_banner":false,"subtitulo_del_banner":"","mostrar_cta_banner":false,"texto_cta_banner":"","url_cta_banner":"","fondo_de_color_banner":"","fondo_de_imagen_banner":false,"mostrar_imagen_izquierda_banner":false,"asignar_imagen_izquierda_banner":false},"mostrar_banner_2":false,"crear_banner_2":{"utilizar_imagen_unica_para_banner":false,"asignar_imagen_unica_para_banner":false,"mostrar_titulo_banner":false,"titulo_para_banner":"","mostrar_subtitulo_banner":false,"subtitulo_del_banner":"","mostrar_cta_banner":false,"texto_cta_banner":"","url_cta_banner":"","fondo_de_color_banner":"","fondo_de_imagen_banner":false,"mostrar_imagen_izquierda_banner":false,"asignar_imagen_izquierda_banner":false},"mostrar_banner_3":false,"crear_banner_3":{"utilizar_imagen_unica_para_banner":false,"asignar_imagen_unica_para_banner":false,"mostrar_titulo_banner":false,"titulo_para_banner":"","mostrar_subtitulo_banner":false,"subtitulo_del_banner":"","mostrar_cta_banner":false,"texto_cta_banner":"","url_cta_banner":"","fondo_de_color_banner":"","fondo_de_imagen_banner":false,"mostrar_imagen_izquierda_banner":false,"asignar_imagen_izquierda_banner":false},"activar_fechas_automaticas":false,"fecha_de_inicio_automatica":"","segunda_fecha_de_inicio_automatica":"","zona_horaria":"Europe\/Madrid","texto_hero":"Readaptaci\u00f3n post lesi\u00f3n y aplicaci\u00f3n espec\u00edfica a la lesi\u00f3n del ligamento cruzado anterior (LCA)","header_image":"https:\/\/innovity.org\/wp-content\/uploads\/2025\/10\/54.png","url_btn_compra":"https:\/\/buy.stripe.com\/fZu5kEbVy0dPg4O4hr0kE20"},"yoast_head":"<!-- This site is optimized with the Yoast SEO plugin v18.2 - https:\/\/yoast.com\/wordpress\/plugins\/seo\/ -->\n<meta name=\"description\" content=\"Created by global leaders and experts. 3-month duration. 100% online. Build for professionals. Backed by science. Powered by innovation.\" \/>\n<meta name=\"robots\" content=\"index, follow, max-snippet:-1, max-image-preview:large, max-video-preview:-1\" \/>\n<link rel=\"canonical\" href=\"https:\/\/innovity.org\/en\/product\/expert-program-in-post-surgery-rehabilitation-of-the-anterior-cruciate-ligament\/\" \/>\n<meta property=\"og:locale\" content=\"en_US\" \/>\n<meta property=\"og:type\" content=\"article\" \/>\n<meta property=\"og:title\" content=\"Expert Program in Post-Surgery Rehabilitation of the Anterior Cruciate Ligament - Innovity\" \/>\n<meta property=\"og:description\" content=\"Created by global leaders and experts. 3-month duration. 100% online. Build for professionals. Backed by science. Powered by innovation.\" \/>\n<meta property=\"og:url\" content=\"https:\/\/innovity.org\/en\/product\/expert-program-in-post-surgery-rehabilitation-of-the-anterior-cruciate-ligament\/\" \/>\n<meta property=\"og:site_name\" content=\"Innovity\" \/>\n<meta property=\"article:modified_time\" content=\"2025-12-29T19:21:21+00:00\" \/>\n<meta name=\"twitter:card\" content=\"summary_large_image\" \/>\n<script type=\"application\/ld+json\" class=\"yoast-schema-graph\">{\"@context\":\"https:\/\/schema.org\",\"@graph\":[{\"@type\":\"WebSite\",\"@id\":\"https:\/\/innovity.org\/#website\",\"url\":\"https:\/\/innovity.org\/\",\"name\":\"Open Campus\",\"description\":\"\",\"potentialAction\":[{\"@type\":\"SearchAction\",\"target\":{\"@type\":\"EntryPoint\",\"urlTemplate\":\"https:\/\/innovity.org\/?s={search_term_string}\"},\"query-input\":\"required name=search_term_string\"}],\"inLanguage\":\"en-US\"},{\"@type\":\"WebPage\",\"@id\":\"https:\/\/innovity.org\/en\/product\/expert-program-in-post-surgery-rehabilitation-of-the-anterior-cruciate-ligament\/#webpage\",\"url\":\"https:\/\/innovity.org\/en\/product\/expert-program-in-post-surgery-rehabilitation-of-the-anterior-cruciate-ligament\/\",\"name\":\"Expert Program in Post-Surgery Rehabilitation of the Anterior Cruciate Ligament - Innovity\",\"isPartOf\":{\"@id\":\"https:\/\/innovity.org\/#website\"},\"datePublished\":\"2025-11-17T18:04:08+00:00\",\"dateModified\":\"2025-12-29T19:21:21+00:00\",\"description\":\"Created by global leaders and experts. 3-month duration. 100% online. Build for professionals. Backed by science. Powered by innovation.\",\"breadcrumb\":{\"@id\":\"https:\/\/innovity.org\/en\/product\/expert-program-in-post-surgery-rehabilitation-of-the-anterior-cruciate-ligament\/#breadcrumb\"},\"inLanguage\":\"en-US\",\"potentialAction\":[{\"@type\":\"ReadAction\",\"target\":[\"https:\/\/innovity.org\/en\/product\/expert-program-in-post-surgery-rehabilitation-of-the-anterior-cruciate-ligament\/\"]}]},{\"@type\":\"BreadcrumbList\",\"@id\":\"https:\/\/innovity.org\/en\/product\/expert-program-in-post-surgery-rehabilitation-of-the-anterior-cruciate-ligament\/#breadcrumb\",\"itemListElement\":[{\"@type\":\"ListItem\",\"position\":1,\"name\":\"Productos\",\"item\":\"https:\/\/innovity.org\/en\/product\/\"},{\"@type\":\"ListItem\",\"position\":2,\"name\":\"Expert Program in Post-Surgery Rehabilitation of the Anterior Cruciate Ligament\"}]}]}<\/script>\n<!-- \/ Yoast SEO plugin. -->","yoast_head_json":{"description":"Created by global leaders and experts. 3-month duration. 100% online. Build for professionals. Backed by science. Powered by innovation.","robots":{"index":"index","follow":"follow","max-snippet":"max-snippet:-1","max-image-preview":"max-image-preview:large","max-video-preview":"max-video-preview:-1"},"canonical":"https:\/\/innovity.org\/en\/product\/expert-program-in-post-surgery-rehabilitation-of-the-anterior-cruciate-ligament\/","og_locale":"en_US","og_type":"article","og_title":"Expert Program in Post-Surgery Rehabilitation of the Anterior Cruciate Ligament - Innovity","og_description":"Created by global leaders and experts. 3-month duration. 100% online. Build for professionals. Backed by science. Powered by innovation.","og_url":"https:\/\/innovity.org\/en\/product\/expert-program-in-post-surgery-rehabilitation-of-the-anterior-cruciate-ligament\/","og_site_name":"Innovity","article_modified_time":"2025-12-29T19:21:21+00:00","twitter_card":"summary_large_image","schema":{"@context":"https:\/\/schema.org","@graph":[{"@type":"WebSite","@id":"https:\/\/innovity.org\/#website","url":"https:\/\/innovity.org\/","name":"Open Campus","description":"","potentialAction":[{"@type":"SearchAction","target":{"@type":"EntryPoint","urlTemplate":"https:\/\/innovity.org\/?s={search_term_string}"},"query-input":"required name=search_term_string"}],"inLanguage":"en-US"},{"@type":"WebPage","@id":"https:\/\/innovity.org\/en\/product\/expert-program-in-post-surgery-rehabilitation-of-the-anterior-cruciate-ligament\/#webpage","url":"https:\/\/innovity.org\/en\/product\/expert-program-in-post-surgery-rehabilitation-of-the-anterior-cruciate-ligament\/","name":"Expert Program in Post-Surgery Rehabilitation of the Anterior Cruciate Ligament - Innovity","isPartOf":{"@id":"https:\/\/innovity.org\/#website"},"datePublished":"2025-11-17T18:04:08+00:00","dateModified":"2025-12-29T19:21:21+00:00","description":"Created by global leaders and experts. 3-month duration. 100% online. Build for professionals. Backed by science. Powered by innovation.","breadcrumb":{"@id":"https:\/\/innovity.org\/en\/product\/expert-program-in-post-surgery-rehabilitation-of-the-anterior-cruciate-ligament\/#breadcrumb"},"inLanguage":"en-US","potentialAction":[{"@type":"ReadAction","target":["https:\/\/innovity.org\/en\/product\/expert-program-in-post-surgery-rehabilitation-of-the-anterior-cruciate-ligament\/"]}]},{"@type":"BreadcrumbList","@id":"https:\/\/innovity.org\/en\/product\/expert-program-in-post-surgery-rehabilitation-of-the-anterior-cruciate-ligament\/#breadcrumb","itemListElement":[{"@type":"ListItem","position":1,"name":"Productos","item":"https:\/\/innovity.org\/en\/product\/"},{"@type":"ListItem","position":2,"name":"Expert Program in Post-Surgery Rehabilitation of the Anterior Cruciate Ligament"}]}]}},"idiomas":{"en":12919,"es":12320,"ca":12919},"_links":{"self":[{"href":"https:\/\/innovity.org\/en\/wp-json\/wp\/v2\/products\/12919","targetHints":{"allow":["GET"]}}],"collection":[{"href":"https:\/\/innovity.org\/en\/wp-json\/wp\/v2\/products"}],"about":[{"href":"https:\/\/innovity.org\/en\/wp-json\/wp\/v2\/types\/product"}],"author":[{"embeddable":true,"href":"https:\/\/innovity.org\/en\/wp-json\/wp\/v2\/users\/12"}],"replies":[{"embeddable":true,"href":"https:\/\/innovity.org\/en\/wp-json\/wp\/v2\/comments?post=12919"}],"version-history":[{"count":5,"href":"https:\/\/innovity.org\/en\/wp-json\/wp\/v2\/products\/12919\/revisions"}],"predecessor-version":[{"id":13721,"href":"https:\/\/innovity.org\/en\/wp-json\/wp\/v2\/products\/12919\/revisions\/13721"}],"wp:attachment":[{"href":"https:\/\/innovity.org\/en\/wp-json\/wp\/v2\/media?parent=12919"}],"wp:term":[{"taxonomy":"category","embeddable":true,"href":"https:\/\/innovity.org\/en\/wp-json\/wp\/v2\/categories?post=12919"}],"curies":[{"name":"wp","href":"https:\/\/api.w.org\/{rel}","templated":true}]}}