{"id":12865,"date":"2025-11-17T11:44:06","date_gmt":"2025-11-17T11:44:06","guid":{"rendered":"https:\/\/innovity.org\/?post_type=product&#038;p=12865"},"modified":"2026-01-20T18:53:42","modified_gmt":"2026-01-20T18:53:42","slug":"expert-program-in-treatment-of-triceps-surae-injuries-and-tendinopathies-in-football-players","status":"publish","type":"product","link":"https:\/\/innovity.org\/en\/product\/expert-program-in-treatment-of-triceps-surae-injuries-and-tendinopathies-in-football-players\/","title":{"rendered":"Expert Program in Treatment of Triceps Surae Injuries and Tendinopathies in Football Players"},"content":{"rendered":"","protected":false},"excerpt":{"rendered":"","protected":false},"author":12,"featured_media":0,"comment_status":"open","ping_status":"closed","template":"","meta":{"footnotes":""},"categories":[75],"class_list":["post-12865","product","type-product","status-publish","hentry","category-expert-program"],"acf":{"hubspot_product_id":"","id_magento":"","external_id":"","our_courses_title":"","our_courses_texto":"","imagen_destacada":false,"precio":"","precio_en_cuotas":"","precio_de_lista":"","promocion_vigente":"","duracion_del_curso":"3 months","fecha_de_inicio":"10\/12\/2025","tipo_de_programa":"Expert program (executive education)","nivel_del_curso":"B\u00e1sico","modalidad":"Online, asynchronous","impartido_en":"Spanish\/English","dedicacion":"6\u20138 hours per week","titulo":"Expert Program in Treatment of Triceps Surae Injuries and Tendinopathies in Football Players","contenido":"<p>The objective of this program is to train professionals in the therapeutic management of triceps surae injuries, as well as tendinous disorders affecting the Achilles tendon and the patellar tendon. The grouping of these three injury types responds to a strategic structure within the training platform, aimed at providing a broad and coherent perspective on the treatment of frequent musculotendinous pathologies in football.<\/p>\n<p>The integrated study of these injuries enables professionals to develop a comprehensive and applied understanding, covering a significant spectrum of conditions commonly encountered in sports practice. This approach lays the foundation for solid therapeutic interventions, adapted to the specific characteristics of the player and the demands of the football environment.<\/p>\n","galeria_producto":false,"cursos_que_lo_componen":[{"nombre_del_curso":"1. Management of Triceps Surae Injuries in Football Players","descripcion_del_curso":""},{"nombre_del_curso":"2. Management of Achilles Tendinopathy in Football","descripcion_del_curso":""},{"nombre_del_curso":"3. Patellar Tendinopathy: Approach to Tendon Degeneration","descripcion_del_curso":""}],"preguntas_frecuentes":false,"docentes_expertos":[{"foto":"https:\/\/innovity.org\/wp-content\/uploads\/2025\/10\/Foto-Josep-Caballero.jpeg","nombre_del_docente":"Josep Caballero","descripcion_del_docente":"Bachelor\u2019s Degree in Physiotherapy from Miguel Hern\u00e1ndez University (Elche, Alicante). He has taught at various universities and completed numerous professional courses in advanced techniques for the treatment of musculoskeletal sports injuries.  He has spent several years working as a physiotherapist and sports rehabilitation specialist with different football teams in the English Premier League and the Italian Serie A, as well as with Olympic federations and UCI teams. He is a member of the medical staff of Ilia Topuria, UFC Featherweight World Champion, and Coordinator of the Physiotherapy Area for this first-team football group. He has also served as a strength and conditioning coach at FC Barcelona, first with Bar\u00e7a Athletic and later with the professional first team.","enlace":""},{"foto":"https:\/\/innovity.org\/wp-content\/uploads\/2025\/10\/Foto-J-Uceda.png","nombre_del_docente":"Julio Uceda Rodr\u00edguez","descripcion_del_docente":"Master\u2019s Degree in Nutrition and Health from the International University of Valencia (VIU), Diploma in Physiotherapy from the University of Seville, and Osteopath D.O. from the Escuela del Concepto Osteop\u00e1tico de Barcelona.  He served as Director of the Physiotherapy Department at FC Basel and as an external consultant for three seasons for Chicago Fire (MLS) and FC Lugano (Swiss League). He has worked with professional tennis players such as Carla Su\u00e1rez and Garbi\u00f1e Muguruza, as well as with Olympic swimmers including Kiko Herv\u00e1s.","enlace":""},{"foto":"https:\/\/innovity.org\/wp-content\/uploads\/2025\/10\/Foto-Adria\u0301n-Escriche.jpg","nombre_del_docente":"Adri\u00e1n Escriche Escuder","descripcion_del_docente":"PhD in Health Sciences from the University of M\u00e1laga and Bachelor in Physiotherapy from the University of Valencia. He is the author of more than 35 scientific articles, with research lines focused on the effects of exercise in different clinical populations.  Professionally, as a physiotherapist, he has worked with various athletes and clubs, particularly in football and padel, with notable experience in the youth academy of Valencia C.F.","enlace":""}],"card_descubre":false,"imagen_card_descubre":false,"texto_card_descubre":"","link_btn_card_descubre":"","video_producto":"","que_incluye_este_programa":[{"contenido":"Access to the Innovity\u00ae Method: Science, Methodology, and Application"},{"contenido":"Expert Mentorship: testimonials, best practices, and insights from experts\u2014directly from the field"},{"contenido":"Access to materials anytime, anywhere, and from any device"},{"contenido":"24\/7 Support, synchronous or asynchronous, according to your preference, provided by the Innovity professional team"},{"contenido":"Case Method: effective use of learned tools and concepts"},{"contenido":"Self-Assessments to measure learning progress"},{"contenido":"Comprehensive final exam"},{"contenido":"Certificate of completion or attendance, as applicable"}],"programas_relacionados":"","pdf_brochure":false,"avalado_por":false,"mostrar_banner_1":false,"crear_banner_1":{"utilizar_imagen_unica_para_banner":false,"asignar_imagen_unica_para_banner":false,"mostrar_titulo_banner":false,"titulo_para_banner":"","mostrar_subtitulo_banner":false,"subtitulo_del_banner":"","mostrar_cta_banner":false,"texto_cta_banner":"","url_cta_banner":"","fondo_de_color_banner":"","fondo_de_imagen_banner":false,"mostrar_imagen_izquierda_banner":false,"asignar_imagen_izquierda_banner":false},"mostrar_banner_2":false,"crear_banner_2":{"utilizar_imagen_unica_para_banner":false,"asignar_imagen_unica_para_banner":false,"mostrar_titulo_banner":false,"titulo_para_banner":"","mostrar_subtitulo_banner":false,"subtitulo_del_banner":"","mostrar_cta_banner":false,"texto_cta_banner":"","url_cta_banner":"","fondo_de_color_banner":"","fondo_de_imagen_banner":false,"mostrar_imagen_izquierda_banner":false,"asignar_imagen_izquierda_banner":false},"mostrar_banner_3":false,"crear_banner_3":{"utilizar_imagen_unica_para_banner":false,"asignar_imagen_unica_para_banner":false,"mostrar_titulo_banner":false,"titulo_para_banner":"","mostrar_subtitulo_banner":false,"subtitulo_del_banner":"","mostrar_cta_banner":false,"texto_cta_banner":"","url_cta_banner":"","fondo_de_color_banner":"","fondo_de_imagen_banner":false,"mostrar_imagen_izquierda_banner":false,"asignar_imagen_izquierda_banner":false},"activar_fechas_automaticas":false,"fecha_de_inicio_automatica":"","segunda_fecha_de_inicio_automatica":"","zona_horaria":"Europe\/Madrid","header_image":"https:\/\/innovity.org\/wp-content\/uploads\/2025\/10\/nuevaimagen2_en.png","texto_hero":"Foco en el abordaje terap\u00e9utico de las lesiones","url_btn_compra":"https:\/\/buy.stripe.com\/7sY5kEbVy4u55qa29j0kE1K"},"yoast_head":"<!-- This site is optimized with the Yoast SEO plugin v18.2 - https:\/\/yoast.com\/wordpress\/plugins\/seo\/ -->\n<meta name=\"description\" content=\"Created by global leaders and experts. 3-month duration. 100% online. Build for professionals. Backed by science. Powered by innovation.\" \/>\n<meta name=\"robots\" content=\"index, follow, max-snippet:-1, max-image-preview:large, max-video-preview:-1\" \/>\n<link rel=\"canonical\" href=\"https:\/\/innovity.org\/en\/product\/expert-program-in-treatment-of-triceps-surae-injuries-and-tendinopathies-in-football-players\/\" \/>\n<meta property=\"og:locale\" content=\"en_US\" \/>\n<meta property=\"og:type\" content=\"article\" \/>\n<meta property=\"og:title\" content=\"Expert Program in Treatment of Triceps Surae Injuries and Tendinopathies in Football Players - Innovity\" \/>\n<meta property=\"og:description\" content=\"Created by global leaders and experts. 3-month duration. 100% online. Build for professionals. Backed by science. Powered by innovation.\" \/>\n<meta property=\"og:url\" content=\"https:\/\/innovity.org\/en\/product\/expert-program-in-treatment-of-triceps-surae-injuries-and-tendinopathies-in-football-players\/\" \/>\n<meta property=\"og:site_name\" content=\"Innovity\" \/>\n<meta property=\"article:modified_time\" content=\"2026-01-20T18:53:42+00:00\" \/>\n<meta name=\"twitter:card\" content=\"summary_large_image\" \/>\n<script type=\"application\/ld+json\" class=\"yoast-schema-graph\">{\"@context\":\"https:\/\/schema.org\",\"@graph\":[{\"@type\":\"WebSite\",\"@id\":\"https:\/\/innovity.org\/#website\",\"url\":\"https:\/\/innovity.org\/\",\"name\":\"Open Campus\",\"description\":\"\",\"potentialAction\":[{\"@type\":\"SearchAction\",\"target\":{\"@type\":\"EntryPoint\",\"urlTemplate\":\"https:\/\/innovity.org\/?s={search_term_string}\"},\"query-input\":\"required name=search_term_string\"}],\"inLanguage\":\"en-US\"},{\"@type\":\"WebPage\",\"@id\":\"https:\/\/innovity.org\/en\/product\/expert-program-in-treatment-of-triceps-surae-injuries-and-tendinopathies-in-football-players\/#webpage\",\"url\":\"https:\/\/innovity.org\/en\/product\/expert-program-in-treatment-of-triceps-surae-injuries-and-tendinopathies-in-football-players\/\",\"name\":\"Expert Program in Treatment of Triceps Surae Injuries and Tendinopathies in Football Players - Innovity\",\"isPartOf\":{\"@id\":\"https:\/\/innovity.org\/#website\"},\"datePublished\":\"2025-11-17T11:44:06+00:00\",\"dateModified\":\"2026-01-20T18:53:42+00:00\",\"description\":\"Created by global leaders and experts. 3-month duration. 100% online. Build for professionals. Backed by science. Powered by innovation.\",\"breadcrumb\":{\"@id\":\"https:\/\/innovity.org\/en\/product\/expert-program-in-treatment-of-triceps-surae-injuries-and-tendinopathies-in-football-players\/#breadcrumb\"},\"inLanguage\":\"en-US\",\"potentialAction\":[{\"@type\":\"ReadAction\",\"target\":[\"https:\/\/innovity.org\/en\/product\/expert-program-in-treatment-of-triceps-surae-injuries-and-tendinopathies-in-football-players\/\"]}]},{\"@type\":\"BreadcrumbList\",\"@id\":\"https:\/\/innovity.org\/en\/product\/expert-program-in-treatment-of-triceps-surae-injuries-and-tendinopathies-in-football-players\/#breadcrumb\",\"itemListElement\":[{\"@type\":\"ListItem\",\"position\":1,\"name\":\"Productos\",\"item\":\"https:\/\/innovity.org\/en\/product\/\"},{\"@type\":\"ListItem\",\"position\":2,\"name\":\"Expert Program in Treatment of Triceps Surae Injuries and Tendinopathies in Football Players\"}]}]}<\/script>\n<!-- \/ Yoast SEO plugin. -->","yoast_head_json":{"description":"Created by global leaders and experts. 3-month duration. 100% online. Build for professionals. Backed by science. Powered by innovation.","robots":{"index":"index","follow":"follow","max-snippet":"max-snippet:-1","max-image-preview":"max-image-preview:large","max-video-preview":"max-video-preview:-1"},"canonical":"https:\/\/innovity.org\/en\/product\/expert-program-in-treatment-of-triceps-surae-injuries-and-tendinopathies-in-football-players\/","og_locale":"en_US","og_type":"article","og_title":"Expert Program in Treatment of Triceps Surae Injuries and Tendinopathies in Football Players - Innovity","og_description":"Created by global leaders and experts. 3-month duration. 100% online. Build for professionals. Backed by science. Powered by innovation.","og_url":"https:\/\/innovity.org\/en\/product\/expert-program-in-treatment-of-triceps-surae-injuries-and-tendinopathies-in-football-players\/","og_site_name":"Innovity","article_modified_time":"2026-01-20T18:53:42+00:00","twitter_card":"summary_large_image","schema":{"@context":"https:\/\/schema.org","@graph":[{"@type":"WebSite","@id":"https:\/\/innovity.org\/#website","url":"https:\/\/innovity.org\/","name":"Open Campus","description":"","potentialAction":[{"@type":"SearchAction","target":{"@type":"EntryPoint","urlTemplate":"https:\/\/innovity.org\/?s={search_term_string}"},"query-input":"required name=search_term_string"}],"inLanguage":"en-US"},{"@type":"WebPage","@id":"https:\/\/innovity.org\/en\/product\/expert-program-in-treatment-of-triceps-surae-injuries-and-tendinopathies-in-football-players\/#webpage","url":"https:\/\/innovity.org\/en\/product\/expert-program-in-treatment-of-triceps-surae-injuries-and-tendinopathies-in-football-players\/","name":"Expert Program in Treatment of Triceps Surae Injuries and Tendinopathies in Football Players - Innovity","isPartOf":{"@id":"https:\/\/innovity.org\/#website"},"datePublished":"2025-11-17T11:44:06+00:00","dateModified":"2026-01-20T18:53:42+00:00","description":"Created by global leaders and experts. 3-month duration. 100% online. Build for professionals. Backed by science. Powered by innovation.","breadcrumb":{"@id":"https:\/\/innovity.org\/en\/product\/expert-program-in-treatment-of-triceps-surae-injuries-and-tendinopathies-in-football-players\/#breadcrumb"},"inLanguage":"en-US","potentialAction":[{"@type":"ReadAction","target":["https:\/\/innovity.org\/en\/product\/expert-program-in-treatment-of-triceps-surae-injuries-and-tendinopathies-in-football-players\/"]}]},{"@type":"BreadcrumbList","@id":"https:\/\/innovity.org\/en\/product\/expert-program-in-treatment-of-triceps-surae-injuries-and-tendinopathies-in-football-players\/#breadcrumb","itemListElement":[{"@type":"ListItem","position":1,"name":"Productos","item":"https:\/\/innovity.org\/en\/product\/"},{"@type":"ListItem","position":2,"name":"Expert Program in Treatment of Triceps Surae Injuries and Tendinopathies in Football Players"}]}]}},"idiomas":{"en":12865,"es":12245,"ca":12865},"_links":{"self":[{"href":"https:\/\/innovity.org\/en\/wp-json\/wp\/v2\/products\/12865","targetHints":{"allow":["GET"]}}],"collection":[{"href":"https:\/\/innovity.org\/en\/wp-json\/wp\/v2\/products"}],"about":[{"href":"https:\/\/innovity.org\/en\/wp-json\/wp\/v2\/types\/product"}],"author":[{"embeddable":true,"href":"https:\/\/innovity.org\/en\/wp-json\/wp\/v2\/users\/12"}],"replies":[{"embeddable":true,"href":"https:\/\/innovity.org\/en\/wp-json\/wp\/v2\/comments?post=12865"}],"version-history":[{"count":5,"href":"https:\/\/innovity.org\/en\/wp-json\/wp\/v2\/products\/12865\/revisions"}],"predecessor-version":[{"id":13955,"href":"https:\/\/innovity.org\/en\/wp-json\/wp\/v2\/products\/12865\/revisions\/13955"}],"wp:attachment":[{"href":"https:\/\/innovity.org\/en\/wp-json\/wp\/v2\/media?parent=12865"}],"wp:term":[{"taxonomy":"category","embeddable":true,"href":"https:\/\/innovity.org\/en\/wp-json\/wp\/v2\/categories?post=12865"}],"curies":[{"name":"wp","href":"https:\/\/api.w.org\/{rel}","templated":true}]}}