{"id":12854,"date":"2025-11-17T11:09:43","date_gmt":"2025-11-17T11:09:43","guid":{"rendered":"https:\/\/innovity.org\/?post_type=product&#038;p=12854"},"modified":"2026-02-17T00:03:33","modified_gmt":"2026-02-17T00:03:33","slug":"expert-program-in-injury-incidence-and-player-assessment","status":"publish","type":"product","link":"https:\/\/innovity.org\/en\/product\/expert-program-in-injury-incidence-and-player-assessment\/","title":{"rendered":"Expert Program in Injury Incidence and Player Assessment"},"content":{"rendered":"","protected":false},"excerpt":{"rendered":"","protected":false},"author":12,"featured_media":0,"comment_status":"open","ping_status":"closed","template":"","meta":{"footnotes":""},"categories":[75],"class_list":["post-12854","product","type-product","status-publish","hentry","category-expert-program"],"acf":{"hubspot_product_id":"","id_magento":"","external_id":"","our_courses_title":"","our_courses_texto":"","imagen_destacada":false,"precio":"360","precio_en_cuotas":"","precio_de_lista":"","promocion_vigente":"","duracion_del_curso":"3 months","fecha_de_inicio":"","tipo_de_programa":"Expert program (executive education)","nivel_del_curso":"Intermedio","modalidad":"Online, asynchronous","impartido_en":"Spanish\/English","dedicacion":"6\u20138 hours per week","titulo":"Expert Program in Injury Incidence and Player Assessment","contenido":"<p>The program focuses on a detailed study of injuries within the football context, addressing both injury incidence and the specific characteristics of different injury types. Building on this conceptual framework, the training emphasizes player assessment, beginning with a broad foundation of general evaluation principles and progressively moving toward methodological aspects and specific applications.<\/p>\n<p>The program delves into the use of assessment tools related to performance, therapeutic processes, and rehabilitation stages, integrating specificity criteria that align evaluations with the skills and demands unique to football. In this way, it offers a comprehensive educational pathway that combines scientific knowledge, practical application, and a contextualized approach within the player\u2019s real environment.<\/p>\n","galeria_producto":false,"cursos_que_lo_componen":[{"nombre_del_curso":"1. Injury Incidence and Injury Management in Football","descripcion_del_curso":""},{"nombre_del_curso":"2. Fundamentals and Technology of Player Assessment","descripcion_del_curso":""},{"nombre_del_curso":"3. Methodology of Performance Assessment and Injury Risk Factors","descripcion_del_curso":""}],"preguntas_frecuentes":false,"docentes_expertos":[{"foto":"https:\/\/innovity.org\/wp-content\/uploads\/2025\/10\/Foto-Jaume-Munill.png","nombre_del_docente":"Jaume Munill Ar\u00f3ztegui","descripcion_del_docente":"Graduate Diploma in Physiotherapy (Gimbernat University School, Autonomous University of Barcelona, 1988\u20131992), Osteopath C.O. (Barcelona School of Osteopathy, Pompeu Fabra University, 2006\u20132010), and Psychoneuroimmunologist (EFHRE International University, Regenera, 2021). Postgraduate Diploma in Sports Physiotherapy (Gimbernat University School, Autonomous University of Barcelona, 1994\u20131995).In the academic field, he has taught theoretical and practical courses in manual therapy, massage therapy, and functional taping at the Gimbernat University Schools (UAB) and the Bages University Foundation (FUB). He is also a collaborating lecturer in the Master\u2019s in Sports Rehabilitation at the University of Girona (UdG).Professionally, he has always been closely linked to sport across different disciplines, including futsal, field hockey, and, for most of his career, football. His professional trajectory in football began with the first team of Terrassa FC (1996\u20132000), followed by the Catalan Football Federation\u2019s representative team (2000\u20132007), and the first team of RCD Espanyol (2004\u20132008). Since 2008, he has worked as a physiotherapist and osteopath at FC Barcelona. He spent 14 seasons with the men\u2019s first football team, serving as Coordinator of the Physiotherapy and Rehabilitation Department, and is currently in his fourth season (over two different periods) with the men\u2019s futsal first team.","enlace":""},{"foto":"https:\/\/innovity.org\/wp-content\/uploads\/2025\/10\/Foto-Marc-Madruga-1.jpeg","nombre_del_docente":"Marc Madruga Parera","descripcion_del_docente":"PhD in Sport Sciences from the Faculty of Medicine, University of Girona. Official Master\u2019s Degree in Integrative Physiology (University of Barcelona). In the academic field, he has held teaching and coordination roles at various universities. He previously taught at the University of Girona, where he also served as Coordinator of the Master\u2019s in Reconditioning to Physical Activity and Sports Competition (EUSES, University of Girona). He is currently an Adjunct Professor at the International University of Catalonia, teaching in both the Master\u2019s in Rehabilitation and Reconditioning and the Master\u2019s in Business Intelligence at Pompeu Fabra University. He is also a current collaborator with the University of Granada.As a researcher, his work focuses on identifying risk factors for sports injuries and improving athletic performance. Within this line of research, he specializes in neuromuscular control and coordination in athletes.In the professional field, he is the Founder and CEO of reQ High Performance, a sports performance, rehabilitation, traumatology, and physiotherapy center based in Girona and Sant Cugat del Vall\u00e8s (Catalonia), where both professional footballers and academy players train. He has more than 30 years of experience training athletes\u2014primarily football players\u2014and has served as Strength and Conditioning Coach for FC Barcelona\u2019s second football team, working under Xavier Garc\u00eda Pimienta (2020\u20132021), Sergi Barjuan (2021\u20132022), and Rafa M\u00e1rquez (2022\u20132023).","enlace":""}],"card_descubre":false,"imagen_card_descubre":false,"texto_card_descubre":"","link_btn_card_descubre":"","video_producto":"","que_incluye_este_programa":[{"contenido":"Access to the Innovity\u00ae Method: Science, Methodology, and Application"},{"contenido":"Expert Mentorship: testimonials, best practices, and insights from experts\u2014directly from the field"},{"contenido":"Access to materials anytime, anywhere, and from any device"},{"contenido":"24\/7 Support, synchronous or asynchronous, according to your preference, provided by the Innovity professional team"},{"contenido":"Case Method: effective use of learned tools and concepts"},{"contenido":"Self-Assessments to measure learning progress"},{"contenido":"Comprehensive final exam"},{"contenido":"Certificate of completion or attendance, as applicable"}],"programas_relacionados":"","pdf_brochure":false,"avalado_por":false,"mostrar_banner_1":false,"crear_banner_1":{"utilizar_imagen_unica_para_banner":false,"asignar_imagen_unica_para_banner":false,"mostrar_titulo_banner":false,"titulo_para_banner":"","mostrar_subtitulo_banner":false,"subtitulo_del_banner":"","mostrar_cta_banner":false,"texto_cta_banner":"","url_cta_banner":"","fondo_de_color_banner":"","fondo_de_imagen_banner":false,"mostrar_imagen_izquierda_banner":false,"asignar_imagen_izquierda_banner":false},"mostrar_banner_2":false,"crear_banner_2":{"utilizar_imagen_unica_para_banner":false,"asignar_imagen_unica_para_banner":false,"mostrar_titulo_banner":false,"titulo_para_banner":"","mostrar_subtitulo_banner":false,"subtitulo_del_banner":"","mostrar_cta_banner":false,"texto_cta_banner":"","url_cta_banner":"","fondo_de_color_banner":"","fondo_de_imagen_banner":false,"mostrar_imagen_izquierda_banner":false,"asignar_imagen_izquierda_banner":false},"mostrar_banner_3":false,"crear_banner_3":{"utilizar_imagen_unica_para_banner":false,"asignar_imagen_unica_para_banner":false,"mostrar_titulo_banner":false,"titulo_para_banner":"","mostrar_subtitulo_banner":false,"subtitulo_del_banner":"","mostrar_cta_banner":false,"texto_cta_banner":"","url_cta_banner":"","fondo_de_color_banner":"","fondo_de_imagen_banner":false,"mostrar_imagen_izquierda_banner":false,"asignar_imagen_izquierda_banner":false},"activar_fechas_automaticas":false,"fecha_de_inicio_automatica":"","segunda_fecha_de_inicio_automatica":"","zona_horaria":"Europe\/Madrid","header_image":"https:\/\/innovity.org\/wp-content\/uploads\/2025\/10\/94-1.png","texto_hero":"La lesi\u00f3n en el contexto futbol\u00edstico. Evaluaci\u00f3n, metodolog\u00eda y aplicaciones","url_btn_compra":"https:\/\/buy.stripe.com\/14A6oI4t6aSt2dY3dn0kE1G"},"yoast_head":"<!-- This site is optimized with the Yoast SEO plugin v18.2 - https:\/\/yoast.com\/wordpress\/plugins\/seo\/ -->\n<meta name=\"description\" content=\"Created by global leaders and experts. 3-month duration. 100% online. Build for professionals. Backed by science. Powered by innovation.\" \/>\n<meta name=\"robots\" content=\"index, follow, max-snippet:-1, max-image-preview:large, max-video-preview:-1\" \/>\n<link rel=\"canonical\" href=\"https:\/\/innovity.org\/en\/product\/expert-program-in-injury-incidence-and-player-assessment\/\" \/>\n<meta property=\"og:locale\" content=\"en_US\" \/>\n<meta property=\"og:type\" content=\"article\" \/>\n<meta property=\"og:title\" content=\"Expert Program in Injury Incidence and Player Assessment - Innovity\" \/>\n<meta property=\"og:description\" content=\"Created by global leaders and experts. 3-month duration. 100% online. Build for professionals. Backed by science. Powered by innovation.\" \/>\n<meta property=\"og:url\" content=\"https:\/\/innovity.org\/en\/product\/expert-program-in-injury-incidence-and-player-assessment\/\" \/>\n<meta property=\"og:site_name\" content=\"Innovity\" \/>\n<meta property=\"article:modified_time\" content=\"2026-02-17T00:03:33+00:00\" \/>\n<meta name=\"twitter:card\" content=\"summary_large_image\" \/>\n<script type=\"application\/ld+json\" class=\"yoast-schema-graph\">{\"@context\":\"https:\/\/schema.org\",\"@graph\":[{\"@type\":\"WebSite\",\"@id\":\"https:\/\/innovity.org\/#website\",\"url\":\"https:\/\/innovity.org\/\",\"name\":\"Open Campus\",\"description\":\"\",\"potentialAction\":[{\"@type\":\"SearchAction\",\"target\":{\"@type\":\"EntryPoint\",\"urlTemplate\":\"https:\/\/innovity.org\/?s={search_term_string}\"},\"query-input\":\"required name=search_term_string\"}],\"inLanguage\":\"en-US\"},{\"@type\":\"WebPage\",\"@id\":\"https:\/\/innovity.org\/en\/product\/expert-program-in-injury-incidence-and-player-assessment\/#webpage\",\"url\":\"https:\/\/innovity.org\/en\/product\/expert-program-in-injury-incidence-and-player-assessment\/\",\"name\":\"Expert Program in Injury Incidence and Player Assessment - Innovity\",\"isPartOf\":{\"@id\":\"https:\/\/innovity.org\/#website\"},\"datePublished\":\"2025-11-17T11:09:43+00:00\",\"dateModified\":\"2026-02-17T00:03:33+00:00\",\"description\":\"Created by global leaders and experts. 3-month duration. 100% online. Build for professionals. Backed by science. Powered by innovation.\",\"breadcrumb\":{\"@id\":\"https:\/\/innovity.org\/en\/product\/expert-program-in-injury-incidence-and-player-assessment\/#breadcrumb\"},\"inLanguage\":\"en-US\",\"potentialAction\":[{\"@type\":\"ReadAction\",\"target\":[\"https:\/\/innovity.org\/en\/product\/expert-program-in-injury-incidence-and-player-assessment\/\"]}]},{\"@type\":\"BreadcrumbList\",\"@id\":\"https:\/\/innovity.org\/en\/product\/expert-program-in-injury-incidence-and-player-assessment\/#breadcrumb\",\"itemListElement\":[{\"@type\":\"ListItem\",\"position\":1,\"name\":\"Productos\",\"item\":\"https:\/\/innovity.org\/en\/product\/\"},{\"@type\":\"ListItem\",\"position\":2,\"name\":\"Expert Program in Injury Incidence and Player Assessment\"}]}]}<\/script>\n<!-- \/ Yoast SEO plugin. -->","yoast_head_json":{"description":"Created by global leaders and experts. 3-month duration. 100% online. Build for professionals. Backed by science. Powered by innovation.","robots":{"index":"index","follow":"follow","max-snippet":"max-snippet:-1","max-image-preview":"max-image-preview:large","max-video-preview":"max-video-preview:-1"},"canonical":"https:\/\/innovity.org\/en\/product\/expert-program-in-injury-incidence-and-player-assessment\/","og_locale":"en_US","og_type":"article","og_title":"Expert Program in Injury Incidence and Player Assessment - Innovity","og_description":"Created by global leaders and experts. 3-month duration. 100% online. Build for professionals. Backed by science. Powered by innovation.","og_url":"https:\/\/innovity.org\/en\/product\/expert-program-in-injury-incidence-and-player-assessment\/","og_site_name":"Innovity","article_modified_time":"2026-02-17T00:03:33+00:00","twitter_card":"summary_large_image","schema":{"@context":"https:\/\/schema.org","@graph":[{"@type":"WebSite","@id":"https:\/\/innovity.org\/#website","url":"https:\/\/innovity.org\/","name":"Open Campus","description":"","potentialAction":[{"@type":"SearchAction","target":{"@type":"EntryPoint","urlTemplate":"https:\/\/innovity.org\/?s={search_term_string}"},"query-input":"required name=search_term_string"}],"inLanguage":"en-US"},{"@type":"WebPage","@id":"https:\/\/innovity.org\/en\/product\/expert-program-in-injury-incidence-and-player-assessment\/#webpage","url":"https:\/\/innovity.org\/en\/product\/expert-program-in-injury-incidence-and-player-assessment\/","name":"Expert Program in Injury Incidence and Player Assessment - Innovity","isPartOf":{"@id":"https:\/\/innovity.org\/#website"},"datePublished":"2025-11-17T11:09:43+00:00","dateModified":"2026-02-17T00:03:33+00:00","description":"Created by global leaders and experts. 3-month duration. 100% online. Build for professionals. Backed by science. Powered by innovation.","breadcrumb":{"@id":"https:\/\/innovity.org\/en\/product\/expert-program-in-injury-incidence-and-player-assessment\/#breadcrumb"},"inLanguage":"en-US","potentialAction":[{"@type":"ReadAction","target":["https:\/\/innovity.org\/en\/product\/expert-program-in-injury-incidence-and-player-assessment\/"]}]},{"@type":"BreadcrumbList","@id":"https:\/\/innovity.org\/en\/product\/expert-program-in-injury-incidence-and-player-assessment\/#breadcrumb","itemListElement":[{"@type":"ListItem","position":1,"name":"Productos","item":"https:\/\/innovity.org\/en\/product\/"},{"@type":"ListItem","position":2,"name":"Expert Program in Injury Incidence and Player Assessment"}]}]}},"idiomas":{"en":12854,"es":12230,"ca":12854},"_links":{"self":[{"href":"https:\/\/innovity.org\/en\/wp-json\/wp\/v2\/products\/12854","targetHints":{"allow":["GET"]}}],"collection":[{"href":"https:\/\/innovity.org\/en\/wp-json\/wp\/v2\/products"}],"about":[{"href":"https:\/\/innovity.org\/en\/wp-json\/wp\/v2\/types\/product"}],"author":[{"embeddable":true,"href":"https:\/\/innovity.org\/en\/wp-json\/wp\/v2\/users\/12"}],"replies":[{"embeddable":true,"href":"https:\/\/innovity.org\/en\/wp-json\/wp\/v2\/comments?post=12854"}],"version-history":[{"count":5,"href":"https:\/\/innovity.org\/en\/wp-json\/wp\/v2\/products\/12854\/revisions"}],"predecessor-version":[{"id":14108,"href":"https:\/\/innovity.org\/en\/wp-json\/wp\/v2\/products\/12854\/revisions\/14108"}],"wp:attachment":[{"href":"https:\/\/innovity.org\/en\/wp-json\/wp\/v2\/media?parent=12854"}],"wp:term":[{"taxonomy":"category","embeddable":true,"href":"https:\/\/innovity.org\/en\/wp-json\/wp\/v2\/categories?post=12854"}],"curies":[{"name":"wp","href":"https:\/\/api.w.org\/{rel}","templated":true}]}}