{"id":12836,"date":"2025-11-15T14:29:58","date_gmt":"2025-11-15T14:29:58","guid":{"rendered":"https:\/\/innovity.org\/?post_type=product&#038;p=12836"},"modified":"2025-12-29T20:40:38","modified_gmt":"2025-12-29T20:40:38","slug":"expert-program-in-development-areas-for-injury-prevention-2","status":"publish","type":"product","link":"https:\/\/innovity.org\/en\/product\/expert-program-in-development-areas-for-injury-prevention-2\/","title":{"rendered":"Expert Program in Development Areas for Injury Prevention (2)"},"content":{"rendered":"","protected":false},"excerpt":{"rendered":"","protected":false},"author":12,"featured_media":0,"comment_status":"open","ping_status":"closed","template":"","meta":{"footnotes":""},"categories":[75],"class_list":["post-12836","product","type-product","status-publish","hentry","category-expert-program"],"acf":{"hubspot_product_id":"","id_magento":"","external_id":"","our_courses_title":"","our_courses_texto":"","imagen_destacada":false,"precio":"360","precio_en_cuotas":"","precio_de_lista":"","promocion_vigente":"","duracion_del_curso":"3 months","fecha_de_inicio":"10\/12\/2025","tipo_de_programa":"Expert program (executive education)","nivel_del_curso":"Intermedio","modalidad":"Online, asynchronous","impartido_en":"Spanish\/English","dedicacion":"6\u20138 hours per week","titulo":"Expert Program in Development Areas for Injury Prevention (2)","contenido":"<p>This Expert Program is designed to develop specialized competencies in the analysis of sports injuries and the identification of key parameters that support precise and context-specific preventive planning. It provides an in-depth examination of the neuromuscular factors associated with injury risk and offers a detailed description of injury biomechanics in relation to specific game actions.<\/p>\n<p>The integration of this knowledge establishes a solid framework for understanding injury incidence both within institutional settings and at the individual level, thereby facilitating evidence-based decision-making. This analytical approach is complemented by the incorporation of osteopathy as a foundational tool for preventive intervention. Through its holistic perspective, osteopathy contributes to optimizing the structural organization of the musculoskeletal system and the nervous system, fostering a stable and resilient functional environment capable of meeting the demands of football.<\/p>\n","galeria_producto":false,"cursos_que_lo_componen":[{"nombre_del_curso":"1. Injury Risk Factors in Prevention and Rehabilitation","descripcion_del_curso":""},{"nombre_del_curso":"2. Injury Biomechanics in Football","descripcion_del_curso":""},{"nombre_del_curso":"3. Osteopathy and Manual Medicine in Football","descripcion_del_curso":""}],"preguntas_frecuentes":false,"docentes_expertos":[{"foto":"https:\/\/innovity.org\/wp-content\/uploads\/2025\/10\/Foto-Gerard-Alavarez-1.jpg","nombre_del_docente":"Gerard Alvarez","descripcion_del_docente":"PhD awarded by the Department of Medicine of the Faculty of Medicine at the University of Barcelona. Master\u2019s Degree in High-Performance Team Sports Training (INEFC, University of Barcelona, 2008) and Master\u2019s Degree in Clinical Biomechanics of the Musculoskeletal System (Rovira i Virgili University, Reus, Spain).  He has received numerous awards and recognitions and has a scientific output of more than 150 articles published in prestigious scientific journals. He completed two postgraduate fellowships at Duke University and the Mayo Clinic","enlace":""},{"foto":"https:\/\/innovity.org\/wp-content\/uploads\/2025\/10\/Foto-Edu-Garci\u0301a-1.jpeg","nombre_del_docente":"Eduardo Garc\u00eda Prat","descripcion_del_docente":"Graduate in Physical Activity and Sport Sciences (INEFC, Lleida) and holder of a Master\u2019s in High Performance Sport (INEFC, Barcelona) and a Master\u2019s in Sports Rehabilitation (EUSES, Girona). He has developed a career of more than fifteen years linked to high performance, with a particular focus on professional football. He works as a technical consultant, designing performance optimization, injury prevention, and rehabilitation programs for elite footballers in European leagues, including Dani Olmo, Thiago Alc\u00e2ntara, Eric Garc\u00eda, and \u00c1lex Baena, among others. He has supported internationally renowned players, as well as athletes from other elite contexts, including WTA tennis players such as Paula Badosa and Carla Su\u00e1rez, and MotoGP riders such as Remy Gardner","enlace":""},{"foto":"https:\/\/innovity.org\/wp-content\/uploads\/2025\/10\/Foto-Edu-Alentorn.png","nombre_del_docente":"Eduard Alentorn Geli","descripcion_del_docente":"","enlace":""}],"card_descubre":false,"imagen_card_descubre":false,"texto_card_descubre":"","link_btn_card_descubre":"","video_producto":"","que_incluye_este_programa":[{"contenido":"Access to the Innovity\u00ae Method: Science, Methodology, and Application"},{"contenido":"Expert Mentorship: testimonials, best practices, and insights from experts\u2014directly from the field"},{"contenido":"Access to materials anytime, anywhere, and from any device"},{"contenido":"24\/7 Support, synchronous or asynchronous, according to your preference, provided by the Innovity professional team"},{"contenido":"Case Method: effective use of learned tools and concepts"},{"contenido":"Self-Assessments to measure learning progress"},{"contenido":"Comprehensive final exam"},{"contenido":"Certificate of completion or attendance, as applicable"}],"programas_relacionados":"","pdf_brochure":false,"avalado_por":false,"mostrar_banner_1":false,"crear_banner_1":{"utilizar_imagen_unica_para_banner":false,"asignar_imagen_unica_para_banner":false,"mostrar_titulo_banner":false,"titulo_para_banner":"","mostrar_subtitulo_banner":false,"subtitulo_del_banner":"","mostrar_cta_banner":false,"texto_cta_banner":"","url_cta_banner":"","fondo_de_color_banner":"","fondo_de_imagen_banner":false,"mostrar_imagen_izquierda_banner":false,"asignar_imagen_izquierda_banner":false},"mostrar_banner_2":false,"crear_banner_2":{"utilizar_imagen_unica_para_banner":false,"asignar_imagen_unica_para_banner":false,"mostrar_titulo_banner":false,"titulo_para_banner":"","mostrar_subtitulo_banner":false,"subtitulo_del_banner":"","mostrar_cta_banner":false,"texto_cta_banner":"","url_cta_banner":"","fondo_de_color_banner":"","fondo_de_imagen_banner":false,"mostrar_imagen_izquierda_banner":false,"asignar_imagen_izquierda_banner":false},"mostrar_banner_3":false,"crear_banner_3":{"utilizar_imagen_unica_para_banner":false,"asignar_imagen_unica_para_banner":false,"mostrar_titulo_banner":false,"titulo_para_banner":"","mostrar_subtitulo_banner":false,"subtitulo_del_banner":"","mostrar_cta_banner":false,"texto_cta_banner":"","url_cta_banner":"","fondo_de_color_banner":"","fondo_de_imagen_banner":false,"mostrar_imagen_izquierda_banner":false,"asignar_imagen_izquierda_banner":false},"activar_fechas_automaticas":false,"fecha_de_inicio_automatica":"","segunda_fecha_de_inicio_automatica":"","zona_horaria":"Europe\/Madrid","header_image":"https:\/\/innovity.org\/wp-content\/uploads\/2025\/10\/40.png","texto_hero":"Competencias especializadas en el an\u00e1lisis de la lesi\u00f3n deportiva","url_btn_compra":"https:\/\/buy.stripe.com\/4gM00k3p2e4F8CmcNX0kE1A"},"yoast_head":"<!-- This site is optimized with the Yoast SEO plugin v18.2 - https:\/\/yoast.com\/wordpress\/plugins\/seo\/ -->\n<meta name=\"description\" content=\"Created by global leaders and experts. 3-month duration. 100% online. Build for professionals. Backed by science. Powered by innovation.\" \/>\n<meta name=\"robots\" content=\"index, follow, max-snippet:-1, max-image-preview:large, max-video-preview:-1\" \/>\n<link rel=\"canonical\" href=\"https:\/\/innovity.org\/en\/product\/expert-program-in-development-areas-for-injury-prevention-2\/\" \/>\n<meta property=\"og:locale\" content=\"en_US\" \/>\n<meta property=\"og:type\" content=\"article\" \/>\n<meta property=\"og:title\" content=\"Expert Program in Development Areas for Injury Prevention (2) - Innovity\" \/>\n<meta property=\"og:description\" content=\"Created by global leaders and experts. 3-month duration. 100% online. Build for professionals. Backed by science. Powered by innovation.\" \/>\n<meta property=\"og:url\" content=\"https:\/\/innovity.org\/en\/product\/expert-program-in-development-areas-for-injury-prevention-2\/\" \/>\n<meta property=\"og:site_name\" content=\"Innovity\" \/>\n<meta property=\"article:modified_time\" content=\"2025-12-29T20:40:38+00:00\" \/>\n<meta name=\"twitter:card\" content=\"summary_large_image\" \/>\n<script type=\"application\/ld+json\" class=\"yoast-schema-graph\">{\"@context\":\"https:\/\/schema.org\",\"@graph\":[{\"@type\":\"WebSite\",\"@id\":\"https:\/\/innovity.org\/#website\",\"url\":\"https:\/\/innovity.org\/\",\"name\":\"Open Campus\",\"description\":\"\",\"potentialAction\":[{\"@type\":\"SearchAction\",\"target\":{\"@type\":\"EntryPoint\",\"urlTemplate\":\"https:\/\/innovity.org\/?s={search_term_string}\"},\"query-input\":\"required name=search_term_string\"}],\"inLanguage\":\"en-US\"},{\"@type\":\"WebPage\",\"@id\":\"https:\/\/innovity.org\/en\/product\/expert-program-in-development-areas-for-injury-prevention-2\/#webpage\",\"url\":\"https:\/\/innovity.org\/en\/product\/expert-program-in-development-areas-for-injury-prevention-2\/\",\"name\":\"Expert Program in Development Areas for Injury Prevention (2) - Innovity\",\"isPartOf\":{\"@id\":\"https:\/\/innovity.org\/#website\"},\"datePublished\":\"2025-11-15T14:29:58+00:00\",\"dateModified\":\"2025-12-29T20:40:38+00:00\",\"description\":\"Created by global leaders and experts. 3-month duration. 100% online. Build for professionals. Backed by science. Powered by innovation.\",\"breadcrumb\":{\"@id\":\"https:\/\/innovity.org\/en\/product\/expert-program-in-development-areas-for-injury-prevention-2\/#breadcrumb\"},\"inLanguage\":\"en-US\",\"potentialAction\":[{\"@type\":\"ReadAction\",\"target\":[\"https:\/\/innovity.org\/en\/product\/expert-program-in-development-areas-for-injury-prevention-2\/\"]}]},{\"@type\":\"BreadcrumbList\",\"@id\":\"https:\/\/innovity.org\/en\/product\/expert-program-in-development-areas-for-injury-prevention-2\/#breadcrumb\",\"itemListElement\":[{\"@type\":\"ListItem\",\"position\":1,\"name\":\"Productos\",\"item\":\"https:\/\/innovity.org\/en\/product\/\"},{\"@type\":\"ListItem\",\"position\":2,\"name\":\"Expert Program in Development Areas for Injury Prevention (2)\"}]}]}<\/script>\n<!-- \/ Yoast SEO plugin. -->","yoast_head_json":{"description":"Created by global leaders and experts. 3-month duration. 100% online. Build for professionals. Backed by science. Powered by innovation.","robots":{"index":"index","follow":"follow","max-snippet":"max-snippet:-1","max-image-preview":"max-image-preview:large","max-video-preview":"max-video-preview:-1"},"canonical":"https:\/\/innovity.org\/en\/product\/expert-program-in-development-areas-for-injury-prevention-2\/","og_locale":"en_US","og_type":"article","og_title":"Expert Program in Development Areas for Injury Prevention (2) - Innovity","og_description":"Created by global leaders and experts. 3-month duration. 100% online. Build for professionals. Backed by science. Powered by innovation.","og_url":"https:\/\/innovity.org\/en\/product\/expert-program-in-development-areas-for-injury-prevention-2\/","og_site_name":"Innovity","article_modified_time":"2025-12-29T20:40:38+00:00","twitter_card":"summary_large_image","schema":{"@context":"https:\/\/schema.org","@graph":[{"@type":"WebSite","@id":"https:\/\/innovity.org\/#website","url":"https:\/\/innovity.org\/","name":"Open Campus","description":"","potentialAction":[{"@type":"SearchAction","target":{"@type":"EntryPoint","urlTemplate":"https:\/\/innovity.org\/?s={search_term_string}"},"query-input":"required name=search_term_string"}],"inLanguage":"en-US"},{"@type":"WebPage","@id":"https:\/\/innovity.org\/en\/product\/expert-program-in-development-areas-for-injury-prevention-2\/#webpage","url":"https:\/\/innovity.org\/en\/product\/expert-program-in-development-areas-for-injury-prevention-2\/","name":"Expert Program in Development Areas for Injury Prevention (2) - Innovity","isPartOf":{"@id":"https:\/\/innovity.org\/#website"},"datePublished":"2025-11-15T14:29:58+00:00","dateModified":"2025-12-29T20:40:38+00:00","description":"Created by global leaders and experts. 3-month duration. 100% online. Build for professionals. Backed by science. Powered by innovation.","breadcrumb":{"@id":"https:\/\/innovity.org\/en\/product\/expert-program-in-development-areas-for-injury-prevention-2\/#breadcrumb"},"inLanguage":"en-US","potentialAction":[{"@type":"ReadAction","target":["https:\/\/innovity.org\/en\/product\/expert-program-in-development-areas-for-injury-prevention-2\/"]}]},{"@type":"BreadcrumbList","@id":"https:\/\/innovity.org\/en\/product\/expert-program-in-development-areas-for-injury-prevention-2\/#breadcrumb","itemListElement":[{"@type":"ListItem","position":1,"name":"Productos","item":"https:\/\/innovity.org\/en\/product\/"},{"@type":"ListItem","position":2,"name":"Expert Program in Development Areas for Injury Prevention (2)"}]}]}},"idiomas":{"en":12836,"es":12832,"ca":12836},"_links":{"self":[{"href":"https:\/\/innovity.org\/en\/wp-json\/wp\/v2\/products\/12836","targetHints":{"allow":["GET"]}}],"collection":[{"href":"https:\/\/innovity.org\/en\/wp-json\/wp\/v2\/products"}],"about":[{"href":"https:\/\/innovity.org\/en\/wp-json\/wp\/v2\/types\/product"}],"author":[{"embeddable":true,"href":"https:\/\/innovity.org\/en\/wp-json\/wp\/v2\/users\/12"}],"replies":[{"embeddable":true,"href":"https:\/\/innovity.org\/en\/wp-json\/wp\/v2\/comments?post=12836"}],"version-history":[{"count":5,"href":"https:\/\/innovity.org\/en\/wp-json\/wp\/v2\/products\/12836\/revisions"}],"predecessor-version":[{"id":13748,"href":"https:\/\/innovity.org\/en\/wp-json\/wp\/v2\/products\/12836\/revisions\/13748"}],"wp:attachment":[{"href":"https:\/\/innovity.org\/en\/wp-json\/wp\/v2\/media?parent=12836"}],"wp:term":[{"taxonomy":"category","embeddable":true,"href":"https:\/\/innovity.org\/en\/wp-json\/wp\/v2\/categories?post=12836"}],"curies":[{"name":"wp","href":"https:\/\/api.w.org\/{rel}","templated":true}]}}