{"id":12816,"date":"2025-11-14T18:30:22","date_gmt":"2025-11-14T18:30:22","guid":{"rendered":"https:\/\/innovity.org\/?post_type=product&#038;p=12816"},"modified":"2026-01-20T19:01:33","modified_gmt":"2026-01-20T19:01:33","slug":"expert-program-in-performance-and-load-recovery-in-developing-football-players","status":"publish","type":"product","link":"https:\/\/innovity.org\/en\/product\/expert-program-in-performance-and-load-recovery-in-developing-football-players\/","title":{"rendered":"Expert Program in Performance and Load Recovery in Developing Football Players"},"content":{"rendered":"","protected":false},"excerpt":{"rendered":"","protected":false},"author":12,"featured_media":0,"comment_status":"open","ping_status":"closed","template":"","meta":{"footnotes":""},"categories":[75],"class_list":["post-12816","product","type-product","status-publish","hentry","category-expert-program"],"acf":{"hubspot_product_id":"","id_magento":"","external_id":"","our_courses_title":"","our_courses_texto":"","imagen_destacada":false,"precio":"360","precio_en_cuotas":"","precio_de_lista":"","promocion_vigente":"","duracion_del_curso":"3 months","fecha_de_inicio":"10\/12\/2025","tipo_de_programa":"Expert program (executive education)","nivel_del_curso":"Intermedio","modalidad":"Online, asynchronous","impartido_en":"Spanish\/English","dedicacion":"6\u20138 hours per week","titulo":"Expert Program in Performance and Load Recovery in Developing Football Players","contenido":"<p>This training proposal is oriented toward the strategic management of potentially injurious loads in footballers during developmental stages. The central focus lies in the analysis of accumulated competitive load, identified as one of the most significant sources of overload and fatigue in young players. Based on this foundation, the program explores recovery methods aimed at reducing the physical and physiological impact associated with these demands.<\/p>\n<p>The program also addresses training planning according to each athlete\u2019s stage of development, with the dual objective of optimizing performance and protecting their health, integrating preventive actions and post-injury recovery protocols when necessary.<\/p>\n<p>Finally, the program includes specific training on emotional and socio-affective aspects, understood as key components for delivering a comprehensive intervention throughout the player development process.<\/p>\n","galeria_producto":false,"cursos_que_lo_componen":[{"nombre_del_curso":"1. Development of Youth Football: From Potential to Sporting Excellence","descripcion_del_curso":""},{"nombre_del_curso":"2. Post-Competition Recovery Measures","descripcion_del_curso":""},{"nombre_del_curso":"3. Psychosocial Performance and Sport","descripcion_del_curso":""}],"preguntas_frecuentes":false,"docentes_expertos":[{"foto":"https:\/\/innovity.org\/wp-content\/uploads\/2025\/10\/Fotos-NL-1.jpg","nombre_del_docente":"Nuno Leite","descripcion_del_docente":"PhD in Sports Sciences from the University of Tr\u00e1s-os-Montes and Alto Douro (Portugal). Bachelor in Physical Education and Sport from the same university, and Master in Sports Sciences from the Faculty of Sport of the University of Porto. He previously served as Director of the Master\u2019s Program in Sports Performance Analysis, developed in consortium with Otto von Guericke University (Magdeburg, Germany) and the Lithuanian Sports University (Kaunas, Lithuania)","enlace":""},{"foto":"https:\/\/innovity.org\/wp-content\/uploads\/2025\/10\/Foto-Edu-Garci\u0301a-1.jpeg","nombre_del_docente":"Eduardo Garc\u00eda Prat","descripcion_del_docente":"Graduate in Physical Activity and Sport Sciences (INEFC, Lleida) and holder of a Master\u2019s in High Performance Sport (INEFC, Barcelona) and a Master\u2019s in Sports Rehabilitation (EUSES, Girona). He has developed a career of more than fifteen years linked to high performance, with a particular focus on professional football. He works as a technical consultant, designing performance optimization, injury prevention, and rehabilitation programs for elite footballers in European leagues, including Dani Olmo, Thiago Alc\u00e2ntara, Eric Garc\u00eda, and \u00c1lex Baena, among others. He has supported internationally renowned players, as well as athletes from other elite contexts, including WTA tennis players such as Paula Badosa and Carla Su\u00e1rez, and MotoGP riders such as Remy Gardner","enlace":""},{"foto":"https:\/\/innovity.org\/wp-content\/uploads\/2025\/10\/Foto-1-Alex-Latinjak-1.jpeg","nombre_del_docente":"\u00c1lex Latinjak","descripcion_del_docente":"PhD in Psychology from the Autonomous University of Barcelona (2010). Master\u2019s Degree in Research from the Autonomous University of Barcelona (2007) and Bachelor\u2019s Degree in Psychology from the University of Barcelona (2006). He completed a postdoctoral stay at the University of Thessaly (2011).  He has worked as a sport psychologist at the Bruguera Tennis Academy (2002\u20132009); has held program management and professional practice roles in clubs in Girona; has served as head of the psychology project for the youth academy and as sport psychologist for the first team at Club B\u00e0squet Girona in the ACB (2022\u20132025); performance psychology consultant at the Ipswich Town FC Academy (2019\u20132020); and consultant with KTM Red Bull MotoGP (2023)","enlace":""}],"card_descubre":false,"imagen_card_descubre":false,"texto_card_descubre":"","link_btn_card_descubre":"","video_producto":"","que_incluye_este_programa":[{"contenido":"Access to the Innovity\u00ae Method: Science, Methodology, and Application"},{"contenido":"Expert Mentorship: testimonials, best practices, and insights from experts\u2014directly from the field"},{"contenido":"Access to materials anytime, anywhere, and from any device"},{"contenido":"24\/7 Support, synchronous or asynchronous, according to your preference, provided by the Innovity professional team"},{"contenido":"Case Method: effective use of learned tools and concepts"},{"contenido":"Self-Assessments to measure learning progress"},{"contenido":"Comprehensive final exam"},{"contenido":"Certificate of completion or attendance, as applicable"}],"programas_relacionados":"","pdf_brochure":false,"avalado_por":false,"mostrar_banner_1":false,"crear_banner_1":{"utilizar_imagen_unica_para_banner":false,"asignar_imagen_unica_para_banner":false,"mostrar_titulo_banner":false,"titulo_para_banner":"","mostrar_subtitulo_banner":false,"subtitulo_del_banner":"","mostrar_cta_banner":false,"texto_cta_banner":"","url_cta_banner":"","fondo_de_color_banner":"","fondo_de_imagen_banner":false,"mostrar_imagen_izquierda_banner":false,"asignar_imagen_izquierda_banner":false},"mostrar_banner_2":false,"crear_banner_2":{"utilizar_imagen_unica_para_banner":false,"asignar_imagen_unica_para_banner":false,"mostrar_titulo_banner":false,"titulo_para_banner":"","mostrar_subtitulo_banner":false,"subtitulo_del_banner":"","mostrar_cta_banner":false,"texto_cta_banner":"","url_cta_banner":"","fondo_de_color_banner":"","fondo_de_imagen_banner":false,"mostrar_imagen_izquierda_banner":false,"asignar_imagen_izquierda_banner":false},"mostrar_banner_3":false,"crear_banner_3":{"utilizar_imagen_unica_para_banner":false,"asignar_imagen_unica_para_banner":false,"mostrar_titulo_banner":false,"titulo_para_banner":"","mostrar_subtitulo_banner":false,"subtitulo_del_banner":"","mostrar_cta_banner":false,"texto_cta_banner":"","url_cta_banner":"","fondo_de_color_banner":"","fondo_de_imagen_banner":false,"mostrar_imagen_izquierda_banner":false,"asignar_imagen_izquierda_banner":false},"activar_fechas_automaticas":false,"fecha_de_inicio_automatica":"","segunda_fecha_de_inicio_automatica":"","zona_horaria":"Europe\/Madrid","header_image":"https:\/\/innovity.org\/wp-content\/uploads\/2025\/10\/nuevaimagen.png","texto_hero":"Gesti\u00f3n estrat\u00e9gica de cargas con potencial lesivo en futbolistas en etapas de desarrollo","url_btn_compra":"https:\/\/buy.stripe.com\/5kQcN60cQe4FaKu01b0kE1u"},"yoast_head":"<!-- This site is optimized with the Yoast SEO plugin v18.2 - https:\/\/yoast.com\/wordpress\/plugins\/seo\/ -->\n<meta name=\"description\" content=\"Created by global leaders and experts. 3-month duration. 100% online. Build for professionals. Backed by science. Powered by innovation.\" \/>\n<meta name=\"robots\" content=\"index, follow, max-snippet:-1, max-image-preview:large, max-video-preview:-1\" \/>\n<link rel=\"canonical\" href=\"https:\/\/innovity.org\/en\/product\/expert-program-in-performance-and-load-recovery-in-developing-football-players\/\" \/>\n<meta property=\"og:locale\" content=\"en_US\" \/>\n<meta property=\"og:type\" content=\"article\" \/>\n<meta property=\"og:title\" content=\"Expert Program in Performance and Load Recovery in Developing Football Players - Innovity\" \/>\n<meta property=\"og:description\" content=\"Created by global leaders and experts. 3-month duration. 100% online. Build for professionals. Backed by science. Powered by innovation.\" \/>\n<meta property=\"og:url\" content=\"https:\/\/innovity.org\/en\/product\/expert-program-in-performance-and-load-recovery-in-developing-football-players\/\" \/>\n<meta property=\"og:site_name\" content=\"Innovity\" \/>\n<meta property=\"article:modified_time\" content=\"2026-01-20T19:01:33+00:00\" \/>\n<meta name=\"twitter:card\" content=\"summary_large_image\" \/>\n<script type=\"application\/ld+json\" class=\"yoast-schema-graph\">{\"@context\":\"https:\/\/schema.org\",\"@graph\":[{\"@type\":\"WebSite\",\"@id\":\"https:\/\/innovity.org\/#website\",\"url\":\"https:\/\/innovity.org\/\",\"name\":\"Open Campus\",\"description\":\"\",\"potentialAction\":[{\"@type\":\"SearchAction\",\"target\":{\"@type\":\"EntryPoint\",\"urlTemplate\":\"https:\/\/innovity.org\/?s={search_term_string}\"},\"query-input\":\"required name=search_term_string\"}],\"inLanguage\":\"en-US\"},{\"@type\":\"WebPage\",\"@id\":\"https:\/\/innovity.org\/en\/product\/expert-program-in-performance-and-load-recovery-in-developing-football-players\/#webpage\",\"url\":\"https:\/\/innovity.org\/en\/product\/expert-program-in-performance-and-load-recovery-in-developing-football-players\/\",\"name\":\"Expert Program in Performance and Load Recovery in Developing Football Players - Innovity\",\"isPartOf\":{\"@id\":\"https:\/\/innovity.org\/#website\"},\"datePublished\":\"2025-11-14T18:30:22+00:00\",\"dateModified\":\"2026-01-20T19:01:33+00:00\",\"description\":\"Created by global leaders and experts. 3-month duration. 100% online. Build for professionals. Backed by science. Powered by innovation.\",\"breadcrumb\":{\"@id\":\"https:\/\/innovity.org\/en\/product\/expert-program-in-performance-and-load-recovery-in-developing-football-players\/#breadcrumb\"},\"inLanguage\":\"en-US\",\"potentialAction\":[{\"@type\":\"ReadAction\",\"target\":[\"https:\/\/innovity.org\/en\/product\/expert-program-in-performance-and-load-recovery-in-developing-football-players\/\"]}]},{\"@type\":\"BreadcrumbList\",\"@id\":\"https:\/\/innovity.org\/en\/product\/expert-program-in-performance-and-load-recovery-in-developing-football-players\/#breadcrumb\",\"itemListElement\":[{\"@type\":\"ListItem\",\"position\":1,\"name\":\"Productos\",\"item\":\"https:\/\/innovity.org\/en\/product\/\"},{\"@type\":\"ListItem\",\"position\":2,\"name\":\"Expert Program in Performance and Load Recovery in Developing Football Players\"}]}]}<\/script>\n<!-- \/ Yoast SEO plugin. -->","yoast_head_json":{"description":"Created by global leaders and experts. 3-month duration. 100% online. Build for professionals. Backed by science. Powered by innovation.","robots":{"index":"index","follow":"follow","max-snippet":"max-snippet:-1","max-image-preview":"max-image-preview:large","max-video-preview":"max-video-preview:-1"},"canonical":"https:\/\/innovity.org\/en\/product\/expert-program-in-performance-and-load-recovery-in-developing-football-players\/","og_locale":"en_US","og_type":"article","og_title":"Expert Program in Performance and Load Recovery in Developing Football Players - Innovity","og_description":"Created by global leaders and experts. 3-month duration. 100% online. Build for professionals. Backed by science. Powered by innovation.","og_url":"https:\/\/innovity.org\/en\/product\/expert-program-in-performance-and-load-recovery-in-developing-football-players\/","og_site_name":"Innovity","article_modified_time":"2026-01-20T19:01:33+00:00","twitter_card":"summary_large_image","schema":{"@context":"https:\/\/schema.org","@graph":[{"@type":"WebSite","@id":"https:\/\/innovity.org\/#website","url":"https:\/\/innovity.org\/","name":"Open Campus","description":"","potentialAction":[{"@type":"SearchAction","target":{"@type":"EntryPoint","urlTemplate":"https:\/\/innovity.org\/?s={search_term_string}"},"query-input":"required name=search_term_string"}],"inLanguage":"en-US"},{"@type":"WebPage","@id":"https:\/\/innovity.org\/en\/product\/expert-program-in-performance-and-load-recovery-in-developing-football-players\/#webpage","url":"https:\/\/innovity.org\/en\/product\/expert-program-in-performance-and-load-recovery-in-developing-football-players\/","name":"Expert Program in Performance and Load Recovery in Developing Football Players - Innovity","isPartOf":{"@id":"https:\/\/innovity.org\/#website"},"datePublished":"2025-11-14T18:30:22+00:00","dateModified":"2026-01-20T19:01:33+00:00","description":"Created by global leaders and experts. 3-month duration. 100% online. Build for professionals. Backed by science. Powered by innovation.","breadcrumb":{"@id":"https:\/\/innovity.org\/en\/product\/expert-program-in-performance-and-load-recovery-in-developing-football-players\/#breadcrumb"},"inLanguage":"en-US","potentialAction":[{"@type":"ReadAction","target":["https:\/\/innovity.org\/en\/product\/expert-program-in-performance-and-load-recovery-in-developing-football-players\/"]}]},{"@type":"BreadcrumbList","@id":"https:\/\/innovity.org\/en\/product\/expert-program-in-performance-and-load-recovery-in-developing-football-players\/#breadcrumb","itemListElement":[{"@type":"ListItem","position":1,"name":"Productos","item":"https:\/\/innovity.org\/en\/product\/"},{"@type":"ListItem","position":2,"name":"Expert Program in Performance and Load Recovery in Developing Football Players"}]}]}},"idiomas":{"en":12816,"es":12129,"ca":12816},"_links":{"self":[{"href":"https:\/\/innovity.org\/en\/wp-json\/wp\/v2\/products\/12816","targetHints":{"allow":["GET"]}}],"collection":[{"href":"https:\/\/innovity.org\/en\/wp-json\/wp\/v2\/products"}],"about":[{"href":"https:\/\/innovity.org\/en\/wp-json\/wp\/v2\/types\/product"}],"author":[{"embeddable":true,"href":"https:\/\/innovity.org\/en\/wp-json\/wp\/v2\/users\/12"}],"replies":[{"embeddable":true,"href":"https:\/\/innovity.org\/en\/wp-json\/wp\/v2\/comments?post=12816"}],"version-history":[{"count":5,"href":"https:\/\/innovity.org\/en\/wp-json\/wp\/v2\/products\/12816\/revisions"}],"predecessor-version":[{"id":13956,"href":"https:\/\/innovity.org\/en\/wp-json\/wp\/v2\/products\/12816\/revisions\/13956"}],"wp:attachment":[{"href":"https:\/\/innovity.org\/en\/wp-json\/wp\/v2\/media?parent=12816"}],"wp:term":[{"taxonomy":"category","embeddable":true,"href":"https:\/\/innovity.org\/en\/wp-json\/wp\/v2\/categories?post=12816"}],"curies":[{"name":"wp","href":"https:\/\/api.w.org\/{rel}","templated":true}]}}