{"id":12808,"date":"2025-11-14T16:49:28","date_gmt":"2025-11-14T16:49:28","guid":{"rendered":"https:\/\/innovity.org\/?post_type=product&#038;p=12808"},"modified":"2026-02-16T23:57:28","modified_gmt":"2026-02-16T23:57:28","slug":"expert-program-in-risk-factors-and-injury-prevention-measures","status":"publish","type":"product","link":"https:\/\/innovity.org\/en\/product\/expert-program-in-risk-factors-and-injury-prevention-measures\/","title":{"rendered":"Expert Program in Risk Factors and Injury Prevention Measures"},"content":{"rendered":"","protected":false},"excerpt":{"rendered":"","protected":false},"author":12,"featured_media":0,"comment_status":"open","ping_status":"closed","template":"","meta":{"footnotes":""},"categories":[75],"class_list":["post-12808","product","type-product","status-publish","hentry","category-expert-program"],"acf":{"hubspot_product_id":"","id_magento":"","external_id":"","our_courses_title":"","our_courses_texto":"","imagen_destacada":false,"precio":"360","precio_en_cuotas":"","precio_de_lista":"","promocion_vigente":"","duracion_del_curso":"3 months","fecha_de_inicio":"","tipo_de_programa":"Expert program (executive education)","nivel_del_curso":"B\u00e1sico","modalidad":"Online, asynchronous","impartido_en":"Spanish\/English","dedicacion":"6\u20138 hours per week","titulo":"Expert Program in Risk Factors and Injury Prevention Measures","contenido":"<p>This program integrates a series of modules designed to provide comprehensive and rigorous training in injury prevention in football. Its approach combines the study of injury risk factors with the development of competencies aimed at managing training and competition loads, while also incorporating the specific contributions of osteopathy and manual therapy from a preventive rather than exclusively therapeutic perspective.<\/p>\n<p>These areas of knowledge are complemented by active recovery strategies, enhancing their effectiveness and contributing to a greater preventive impact on injury incidence. In particular, osteopathy\u2014with its holistic approach to the body\u2014offers the possibility of optimizing recovery processes and anticipating potential dysfunctions through a global observation of the athlete.<\/p>\n<p>For this reason, it is essential to acquire an integrated understanding of the possibilities that osteopathy and manual therapy provide within an interdisciplinary team of professionals dedicated to improving performance and preventing injuries. This holistic perspective fosters more effective and coordinated interventions, aligned with the current demands of high-performance sport.<\/p>\n","galeria_producto":false,"cursos_que_lo_componen":[{"nombre_del_curso":"1. Injury Risk Factors in Prevention and Rehabilitation","descripcion_del_curso":""},{"nombre_del_curso":"2. Post-Competition Recovery Measures","descripcion_del_curso":""},{"nombre_del_curso":"3. Osteopathy and Manual Medicine in Football","descripcion_del_curso":""}],"preguntas_frecuentes":false,"docentes_expertos":[{"foto":"https:\/\/innovity.org\/wp-content\/uploads\/2025\/10\/Foto-Edu-Garci\u0301a-1.jpeg","nombre_del_docente":"Eduardo Garc\u00eda Prat","descripcion_del_docente":"Graduate in Physical Activity and Sport Sciences (INEFC, Lleida) and holder of a Master\u2019s in High Performance Sport (INEFC, Barcelona) and a Master\u2019s in Sports Rehabilitation (EUSES, Girona). He has developed a career of more than fifteen years linked to high performance, with a particular focus on professional football. He works as a technical consultant, designing performance optimization, injury prevention, and rehabilitation programs for elite footballers in European leagues, including Dani Olmo, Thiago Alc\u00e2ntara, Eric Garc\u00eda, and \u00c1lex Baena, among others. He has supported internationally renowned players, as well as athletes from other elite contexts, including WTA tennis players such as Paula Badosa and Carla Su\u00e1rez, and MotoGP riders such as Remy Gardner.","enlace":""},{"foto":"https:\/\/innovity.org\/wp-content\/uploads\/2025\/10\/Foto-Albert-Altarriba-1.png","nombre_del_docente":"Albert Altarriba-Bart\u00e9s.","descripcion_del_docente":"PhD in Physiotherapy from the Universitat de Vic\u2013Universitat Central de Catalunya (UVic-UCC) and PhD in Physical Activity and Sport Sciences from the University of Barcelona. He also holds Bachelor\u2019s degrees in Physical Activity and Sport Sciences and in Physiotherapy from UVic-UCC. He is the author of several scientific articles focused on high-performance sport, post-exercise recovery, epidemiology, and injury prevention.","enlace":""},{"foto":"https:\/\/innovity.org\/wp-content\/uploads\/2025\/10\/Foto-Gerard-Alavarez-1.jpg","nombre_del_docente":"Gerard Alvarez","descripcion_del_docente":"PhD in Biomedical Research Methodology and Public Health from the Autonomous University of Barcelona. Bachelor in Physiotherapy from Universitat Ramon Llull and in Osteopathy from the Escola d\u2019Osteopatia de Barcelona \u2013 European School of Osteopathy. He is a postdoctoral researcher at the Iberoamerican Cochrane Center (CCib), integrated within the Department of Clinical Epidemiology and Public Health at Sant Pau Hospital in Barcelona and at the Sant Pau Research Institute.","enlace":""}],"card_descubre":false,"imagen_card_descubre":false,"texto_card_descubre":"","link_btn_card_descubre":"","video_producto":"","que_incluye_este_programa":[{"contenido":"Access to the Innovity\u00ae Method: Science, Methodology, and Application"},{"contenido":"Expert Mentorship: testimonials, best practices, and insights from experts\u2014directly from the field"},{"contenido":"Access to materials anytime, anywhere, and from any device"},{"contenido":"24\/7 Support, synchronous or asynchronous, according to your preference, provided by the Innovity professional team"},{"contenido":"Case Method: effective use of learned tools and concepts"},{"contenido":"Self-Assessments to measure learning progress"},{"contenido":"Comprehensive final exam"},{"contenido":"Certificate of completion or attendance, as applicable"}],"programas_relacionados":"","pdf_brochure":false,"avalado_por":false,"mostrar_banner_1":false,"crear_banner_1":{"utilizar_imagen_unica_para_banner":false,"asignar_imagen_unica_para_banner":false,"mostrar_titulo_banner":false,"titulo_para_banner":"","mostrar_subtitulo_banner":false,"subtitulo_del_banner":"","mostrar_cta_banner":false,"texto_cta_banner":"","url_cta_banner":"","fondo_de_color_banner":"","fondo_de_imagen_banner":false,"mostrar_imagen_izquierda_banner":false,"asignar_imagen_izquierda_banner":false},"mostrar_banner_2":false,"crear_banner_2":{"utilizar_imagen_unica_para_banner":false,"asignar_imagen_unica_para_banner":false,"mostrar_titulo_banner":false,"titulo_para_banner":"","mostrar_subtitulo_banner":false,"subtitulo_del_banner":"","mostrar_cta_banner":false,"texto_cta_banner":"","url_cta_banner":"","fondo_de_color_banner":"","fondo_de_imagen_banner":false,"mostrar_imagen_izquierda_banner":false,"asignar_imagen_izquierda_banner":false},"mostrar_banner_3":false,"crear_banner_3":{"utilizar_imagen_unica_para_banner":false,"asignar_imagen_unica_para_banner":false,"mostrar_titulo_banner":false,"titulo_para_banner":"","mostrar_subtitulo_banner":false,"subtitulo_del_banner":"","mostrar_cta_banner":false,"texto_cta_banner":"","url_cta_banner":"","fondo_de_color_banner":"","fondo_de_imagen_banner":false,"mostrar_imagen_izquierda_banner":false,"asignar_imagen_izquierda_banner":false},"activar_fechas_automaticas":false,"fecha_de_inicio_automatica":"","segunda_fecha_de_inicio_automatica":"","zona_horaria":"Europe\/Madrid","header_image":"https:\/\/innovity.org\/wp-content\/uploads\/2025\/10\/7-1.png","texto_hero":"Factores de riesgo lesivo, cargas de entrenamiento y competici\u00f3n desde una perspectiva preventiva","url_btn_compra":"https:\/\/buy.stripe.com\/28E5kE3p2aSt6ueaFP0kE1s"},"yoast_head":"<!-- This site is optimized with the Yoast SEO plugin v18.2 - https:\/\/yoast.com\/wordpress\/plugins\/seo\/ -->\n<meta name=\"description\" content=\"Created by global leaders and experts. 3-month duration. 100% online. Build for professionals. Backed by science. Powered by innovation.\" \/>\n<meta name=\"robots\" content=\"index, follow, max-snippet:-1, max-image-preview:large, max-video-preview:-1\" \/>\n<link rel=\"canonical\" href=\"https:\/\/innovity.org\/en\/product\/expert-program-in-risk-factors-and-injury-prevention-measures\/\" \/>\n<meta property=\"og:locale\" content=\"en_US\" \/>\n<meta property=\"og:type\" content=\"article\" \/>\n<meta property=\"og:title\" content=\"Expert Program in Risk Factors and Injury Prevention Measures - Innovity\" \/>\n<meta property=\"og:description\" content=\"Created by global leaders and experts. 3-month duration. 100% online. Build for professionals. Backed by science. Powered by innovation.\" \/>\n<meta property=\"og:url\" content=\"https:\/\/innovity.org\/en\/product\/expert-program-in-risk-factors-and-injury-prevention-measures\/\" \/>\n<meta property=\"og:site_name\" content=\"Innovity\" \/>\n<meta property=\"article:modified_time\" content=\"2026-02-16T23:57:28+00:00\" \/>\n<meta name=\"twitter:card\" content=\"summary_large_image\" \/>\n<script type=\"application\/ld+json\" class=\"yoast-schema-graph\">{\"@context\":\"https:\/\/schema.org\",\"@graph\":[{\"@type\":\"WebSite\",\"@id\":\"https:\/\/innovity.org\/#website\",\"url\":\"https:\/\/innovity.org\/\",\"name\":\"Open Campus\",\"description\":\"\",\"potentialAction\":[{\"@type\":\"SearchAction\",\"target\":{\"@type\":\"EntryPoint\",\"urlTemplate\":\"https:\/\/innovity.org\/?s={search_term_string}\"},\"query-input\":\"required name=search_term_string\"}],\"inLanguage\":\"en-US\"},{\"@type\":\"WebPage\",\"@id\":\"https:\/\/innovity.org\/en\/product\/expert-program-in-risk-factors-and-injury-prevention-measures\/#webpage\",\"url\":\"https:\/\/innovity.org\/en\/product\/expert-program-in-risk-factors-and-injury-prevention-measures\/\",\"name\":\"Expert Program in Risk Factors and Injury Prevention Measures - Innovity\",\"isPartOf\":{\"@id\":\"https:\/\/innovity.org\/#website\"},\"datePublished\":\"2025-11-14T16:49:28+00:00\",\"dateModified\":\"2026-02-16T23:57:28+00:00\",\"description\":\"Created by global leaders and experts. 3-month duration. 100% online. Build for professionals. Backed by science. Powered by innovation.\",\"breadcrumb\":{\"@id\":\"https:\/\/innovity.org\/en\/product\/expert-program-in-risk-factors-and-injury-prevention-measures\/#breadcrumb\"},\"inLanguage\":\"en-US\",\"potentialAction\":[{\"@type\":\"ReadAction\",\"target\":[\"https:\/\/innovity.org\/en\/product\/expert-program-in-risk-factors-and-injury-prevention-measures\/\"]}]},{\"@type\":\"BreadcrumbList\",\"@id\":\"https:\/\/innovity.org\/en\/product\/expert-program-in-risk-factors-and-injury-prevention-measures\/#breadcrumb\",\"itemListElement\":[{\"@type\":\"ListItem\",\"position\":1,\"name\":\"Productos\",\"item\":\"https:\/\/innovity.org\/en\/product\/\"},{\"@type\":\"ListItem\",\"position\":2,\"name\":\"Expert Program in Risk Factors and Injury Prevention Measures\"}]}]}<\/script>\n<!-- \/ Yoast SEO plugin. -->","yoast_head_json":{"description":"Created by global leaders and experts. 3-month duration. 100% online. Build for professionals. Backed by science. Powered by innovation.","robots":{"index":"index","follow":"follow","max-snippet":"max-snippet:-1","max-image-preview":"max-image-preview:large","max-video-preview":"max-video-preview:-1"},"canonical":"https:\/\/innovity.org\/en\/product\/expert-program-in-risk-factors-and-injury-prevention-measures\/","og_locale":"en_US","og_type":"article","og_title":"Expert Program in Risk Factors and Injury Prevention Measures - Innovity","og_description":"Created by global leaders and experts. 3-month duration. 100% online. Build for professionals. Backed by science. Powered by innovation.","og_url":"https:\/\/innovity.org\/en\/product\/expert-program-in-risk-factors-and-injury-prevention-measures\/","og_site_name":"Innovity","article_modified_time":"2026-02-16T23:57:28+00:00","twitter_card":"summary_large_image","schema":{"@context":"https:\/\/schema.org","@graph":[{"@type":"WebSite","@id":"https:\/\/innovity.org\/#website","url":"https:\/\/innovity.org\/","name":"Open Campus","description":"","potentialAction":[{"@type":"SearchAction","target":{"@type":"EntryPoint","urlTemplate":"https:\/\/innovity.org\/?s={search_term_string}"},"query-input":"required name=search_term_string"}],"inLanguage":"en-US"},{"@type":"WebPage","@id":"https:\/\/innovity.org\/en\/product\/expert-program-in-risk-factors-and-injury-prevention-measures\/#webpage","url":"https:\/\/innovity.org\/en\/product\/expert-program-in-risk-factors-and-injury-prevention-measures\/","name":"Expert Program in Risk Factors and Injury Prevention Measures - Innovity","isPartOf":{"@id":"https:\/\/innovity.org\/#website"},"datePublished":"2025-11-14T16:49:28+00:00","dateModified":"2026-02-16T23:57:28+00:00","description":"Created by global leaders and experts. 3-month duration. 100% online. Build for professionals. Backed by science. Powered by innovation.","breadcrumb":{"@id":"https:\/\/innovity.org\/en\/product\/expert-program-in-risk-factors-and-injury-prevention-measures\/#breadcrumb"},"inLanguage":"en-US","potentialAction":[{"@type":"ReadAction","target":["https:\/\/innovity.org\/en\/product\/expert-program-in-risk-factors-and-injury-prevention-measures\/"]}]},{"@type":"BreadcrumbList","@id":"https:\/\/innovity.org\/en\/product\/expert-program-in-risk-factors-and-injury-prevention-measures\/#breadcrumb","itemListElement":[{"@type":"ListItem","position":1,"name":"Productos","item":"https:\/\/innovity.org\/en\/product\/"},{"@type":"ListItem","position":2,"name":"Expert Program in Risk Factors and Injury Prevention Measures"}]}]}},"idiomas":{"en":12808,"es":12801,"ca":12808},"_links":{"self":[{"href":"https:\/\/innovity.org\/en\/wp-json\/wp\/v2\/products\/12808","targetHints":{"allow":["GET"]}}],"collection":[{"href":"https:\/\/innovity.org\/en\/wp-json\/wp\/v2\/products"}],"about":[{"href":"https:\/\/innovity.org\/en\/wp-json\/wp\/v2\/types\/product"}],"author":[{"embeddable":true,"href":"https:\/\/innovity.org\/en\/wp-json\/wp\/v2\/users\/12"}],"replies":[{"embeddable":true,"href":"https:\/\/innovity.org\/en\/wp-json\/wp\/v2\/comments?post=12808"}],"version-history":[{"count":5,"href":"https:\/\/innovity.org\/en\/wp-json\/wp\/v2\/products\/12808\/revisions"}],"predecessor-version":[{"id":14101,"href":"https:\/\/innovity.org\/en\/wp-json\/wp\/v2\/products\/12808\/revisions\/14101"}],"wp:attachment":[{"href":"https:\/\/innovity.org\/en\/wp-json\/wp\/v2\/media?parent=12808"}],"wp:term":[{"taxonomy":"category","embeddable":true,"href":"https:\/\/innovity.org\/en\/wp-json\/wp\/v2\/categories?post=12808"}],"curies":[{"name":"wp","href":"https:\/\/api.w.org\/{rel}","templated":true}]}}