{"id":12777,"date":"2025-11-14T15:17:59","date_gmt":"2025-11-14T15:17:59","guid":{"rendered":"https:\/\/innovity.org\/?post_type=product&#038;p=12777"},"modified":"2026-02-16T23:51:40","modified_gmt":"2026-02-16T23:51:40","slug":"expert-program-in-player-performance-and-evaluation","status":"publish","type":"product","link":"https:\/\/innovity.org\/en\/product\/expert-program-in-player-performance-and-evaluation\/","title":{"rendered":"Expert Program in Player Performance and Evaluation"},"content":{"rendered":"","protected":false},"excerpt":{"rendered":"","protected":false},"author":12,"featured_media":0,"comment_status":"open","ping_status":"closed","template":"","meta":{"footnotes":""},"categories":[75],"class_list":["post-12777","product","type-product","status-publish","hentry","category-expert-program"],"acf":{"hubspot_product_id":"","id_magento":"","external_id":"","our_courses_title":"","our_courses_texto":"","imagen_destacada":false,"precio":"360","precio_en_cuotas":"","precio_de_lista":"","promocion_vigente":"","duracion_del_curso":"3 months","fecha_de_inicio":"10\/12\/2025","tipo_de_programa":"Expert program (executive education)","nivel_del_curso":"Intermedio","modalidad":"Online, asynchronous","impartido_en":"Spanish\/English","dedicacion":"6\u20138 hours per week","titulo":"Expert Program in Player Performance and Evaluation","contenido":"<p>This Expert Program provides professionals with a deep understanding and robust ability to design and implement conditional training processes integrated with technical\u2013tactical work. To achieve this, the program adopts a comprehensive approach to small-sided games (SSGs) as a methodological tool aimed at simultaneously optimizing cardiorespiratory fitness, technical\u2013tactical skills, and tactical awareness in football players.<\/p>\n<p>SSGs create a highly specific practice environment in which players can develop their physical, technical, and tactical capacities simultaneously, accurately replicating the real demands of the game. Furthermore, the program is designed to ensure that the knowledge acquired regarding this methodology can be applied to the design of highly specific assessments, tailored to the individual needs of each player. Such assessments become a strategic tool both for performance optimization and for use during post-injury rehabilitation, ensuring precise and contextually relevant monitoring throughout the process.<\/p>\n","galeria_producto":false,"cursos_que_lo_componen":[{"nombre_del_curso":"1. Technical and Tactical Fundamentals of Football","descripcion_del_curso":""},{"nombre_del_curso":"2. Small-Sided Games: Integrating Tactical and Physical Training","descripcion_del_curso":""},{"nombre_del_curso":"3. Methodology of Performance Assessment and Injury Risk Factors","descripcion_del_curso":""}],"preguntas_frecuentes":false,"docentes_expertos":[{"foto":"https:\/\/innovity.org\/wp-content\/uploads\/2025\/10\/Foto-Adria\u0300-Milla\u0301n-1.jpeg","nombre_del_docente":"Adri\u00e0 Mill\u00e1n Monterroso","descripcion_del_docente":"Bachelor in Journalism from the Universitat de Vic \u2013 Universitat Central de Catalunya, and graduate of the \u201cSpecialist in Scouting and Analysis\u201d and \u201cSpecialist in Individual Fundamentals by Position\u201d programs at MBP School. He currently serves as the head of analysis for Girona B","enlace":""},{"foto":"https:\/\/innovity.org\/wp-content\/uploads\/2025\/10\/Foto-Diogo-Coutinho.jpeg","nombre_del_docente":"Diogo Coutinho","descripcion_del_docente":"PhD in Sports Sciences from the University of Tr\u00e1s-os-Montes and Alto Douro (Portugal), and Bachelor\u2019s and Master\u2019s degrees in Physical Education from the same institution. He has fifteen years of coaching experience, having worked as an assistant coach in the Portuguese Primeira Liga and Segunda Liga, and as head coach in the Campeonato de Portugal (Vila Real)","enlace":""},{"foto":"https:\/\/innovity.org\/wp-content\/uploads\/2025\/10\/Foto-Alireza-Rabbani.jpeg","nombre_del_docente":"Alireza Rabbani","descripcion_del_docente":"PhD in Exercise Physiology from the University of Isfahan (Iran) and Bachelor\u2019s degree in Physical Activity and Sport Sciences from Najafabad University, with a Master\u2019s in Exercise Physiology. He has served as a performance director, sports scientist, and strength and conditioning coach in elite football clubs in Iran, Portugal, Greece, Qatar, and the United Arab Emirates","enlace":""},{"foto":"https:\/\/innovity.org\/wp-content\/uploads\/2025\/10\/Foto-Filipe-curso-Acond-fi\u0301sico-ta\u0301ctico.jpeg","nombre_del_docente":"Felipe Manuel Clemente","descripcion_del_docente":"PhD in Sports Sciences with a specialization in Sports Training from the Faculty of Sport Sciences and Physical Education at the University of Coimbra (2015, Portugal). His scientific output includes more than 300 articles published in journals indexed in the Journal Citation Reports (JCR) of Web of Science (Clarivate)","enlace":""},{"foto":"https:\/\/innovity.org\/wp-content\/uploads\/2025\/10\/Foto-Gibson-Prac\u0327a.jpeg","nombre_del_docente":"Gibson Moreira Pra\u00e7a","descripcion_del_docente":"PhD in Sports Sciences and Bachelor in Physical Education, both from the Federal University of Minas Gerais (UFMG), Brazil. He is the author of more than 150 peer-reviewed scientific articles, two books, and 20 book chapters","enlace":""}],"card_descubre":false,"imagen_card_descubre":false,"texto_card_descubre":"","link_btn_card_descubre":"","video_producto":"","que_incluye_este_programa":[{"contenido":"Access to the Innovity\u00ae Method: Science, Methodology, and Application"},{"contenido":"Expert Mentorship: testimonials, best practices, and insights from experts\u2014directly from the field"},{"contenido":"Access to materials anytime, anywhere, and from any device"},{"contenido":"24\/7 Support, synchronous or asynchronous, according to your preference, provided by the Innovity professional team"},{"contenido":"Case Method: effective use of learned tools and concepts"},{"contenido":"Self-Assessments to measure learning progress"},{"contenido":"Comprehensive final exam"},{"contenido":"Certificate of completion or attendance, as applicable"}],"programas_relacionados":"","pdf_brochure":false,"avalado_por":false,"mostrar_banner_1":false,"crear_banner_1":{"utilizar_imagen_unica_para_banner":false,"asignar_imagen_unica_para_banner":false,"mostrar_titulo_banner":false,"titulo_para_banner":"","mostrar_subtitulo_banner":false,"subtitulo_del_banner":"","mostrar_cta_banner":false,"texto_cta_banner":"","url_cta_banner":"","fondo_de_color_banner":"","fondo_de_imagen_banner":false,"mostrar_imagen_izquierda_banner":false,"asignar_imagen_izquierda_banner":false},"mostrar_banner_2":false,"crear_banner_2":{"utilizar_imagen_unica_para_banner":false,"asignar_imagen_unica_para_banner":false,"mostrar_titulo_banner":false,"titulo_para_banner":"","mostrar_subtitulo_banner":false,"subtitulo_del_banner":"","mostrar_cta_banner":false,"texto_cta_banner":"","url_cta_banner":"","fondo_de_color_banner":"","fondo_de_imagen_banner":false,"mostrar_imagen_izquierda_banner":false,"asignar_imagen_izquierda_banner":false},"mostrar_banner_3":false,"crear_banner_3":{"utilizar_imagen_unica_para_banner":false,"asignar_imagen_unica_para_banner":false,"mostrar_titulo_banner":false,"titulo_para_banner":"","mostrar_subtitulo_banner":false,"subtitulo_del_banner":"","mostrar_cta_banner":false,"texto_cta_banner":"","url_cta_banner":"","fondo_de_color_banner":"","fondo_de_imagen_banner":false,"mostrar_imagen_izquierda_banner":false,"asignar_imagen_izquierda_banner":false},"activar_fechas_automaticas":false,"fecha_de_inicio_automatica":"","segunda_fecha_de_inicio_automatica":"","zona_horaria":"Europe\/Madrid","header_image":"https:\/\/innovity.org\/wp-content\/uploads\/2025\/10\/84-1.png","texto_hero":"Comprensi\u00f3n y capacidad para dise\u00f1ar y aplicar procesos de entrenamiento condicional integrados al entrenamiento t\u00e9cnico\u2013t\u00e1ctico","url_btn_compra":"https:\/\/buy.stripe.com\/9B6fZicZCf8J3i27tD0kE1m"},"yoast_head":"<!-- This site is optimized with the Yoast SEO plugin v18.2 - https:\/\/yoast.com\/wordpress\/plugins\/seo\/ -->\n<meta name=\"description\" content=\"Created by global leaders and experts. 3-month duration. 100% online. Build for professionals. Backed by science. Powered by innovation.\" \/>\n<meta name=\"robots\" content=\"index, follow, max-snippet:-1, max-image-preview:large, max-video-preview:-1\" \/>\n<link rel=\"canonical\" href=\"https:\/\/innovity.org\/en\/product\/expert-program-in-player-performance-and-evaluation\/\" \/>\n<meta property=\"og:locale\" content=\"en_US\" \/>\n<meta property=\"og:type\" content=\"article\" \/>\n<meta property=\"og:title\" content=\"Expert Program in Player Performance and Evaluation - Innovity\" \/>\n<meta property=\"og:description\" content=\"Created by global leaders and experts. 3-month duration. 100% online. Build for professionals. Backed by science. Powered by innovation.\" \/>\n<meta property=\"og:url\" content=\"https:\/\/innovity.org\/en\/product\/expert-program-in-player-performance-and-evaluation\/\" \/>\n<meta property=\"og:site_name\" content=\"Innovity\" \/>\n<meta property=\"article:modified_time\" content=\"2026-02-16T23:51:40+00:00\" \/>\n<meta name=\"twitter:card\" content=\"summary_large_image\" \/>\n<script type=\"application\/ld+json\" class=\"yoast-schema-graph\">{\"@context\":\"https:\/\/schema.org\",\"@graph\":[{\"@type\":\"WebSite\",\"@id\":\"https:\/\/innovity.org\/#website\",\"url\":\"https:\/\/innovity.org\/\",\"name\":\"Open Campus\",\"description\":\"\",\"potentialAction\":[{\"@type\":\"SearchAction\",\"target\":{\"@type\":\"EntryPoint\",\"urlTemplate\":\"https:\/\/innovity.org\/?s={search_term_string}\"},\"query-input\":\"required name=search_term_string\"}],\"inLanguage\":\"en-US\"},{\"@type\":\"WebPage\",\"@id\":\"https:\/\/innovity.org\/en\/product\/expert-program-in-player-performance-and-evaluation\/#webpage\",\"url\":\"https:\/\/innovity.org\/en\/product\/expert-program-in-player-performance-and-evaluation\/\",\"name\":\"Expert Program in Player Performance and Evaluation - Innovity\",\"isPartOf\":{\"@id\":\"https:\/\/innovity.org\/#website\"},\"datePublished\":\"2025-11-14T15:17:59+00:00\",\"dateModified\":\"2026-02-16T23:51:40+00:00\",\"description\":\"Created by global leaders and experts. 3-month duration. 100% online. Build for professionals. Backed by science. Powered by innovation.\",\"breadcrumb\":{\"@id\":\"https:\/\/innovity.org\/en\/product\/expert-program-in-player-performance-and-evaluation\/#breadcrumb\"},\"inLanguage\":\"en-US\",\"potentialAction\":[{\"@type\":\"ReadAction\",\"target\":[\"https:\/\/innovity.org\/en\/product\/expert-program-in-player-performance-and-evaluation\/\"]}]},{\"@type\":\"BreadcrumbList\",\"@id\":\"https:\/\/innovity.org\/en\/product\/expert-program-in-player-performance-and-evaluation\/#breadcrumb\",\"itemListElement\":[{\"@type\":\"ListItem\",\"position\":1,\"name\":\"Productos\",\"item\":\"https:\/\/innovity.org\/en\/product\/\"},{\"@type\":\"ListItem\",\"position\":2,\"name\":\"Expert Program in Player Performance and Evaluation\"}]}]}<\/script>\n<!-- \/ Yoast SEO plugin. -->","yoast_head_json":{"description":"Created by global leaders and experts. 3-month duration. 100% online. Build for professionals. Backed by science. Powered by innovation.","robots":{"index":"index","follow":"follow","max-snippet":"max-snippet:-1","max-image-preview":"max-image-preview:large","max-video-preview":"max-video-preview:-1"},"canonical":"https:\/\/innovity.org\/en\/product\/expert-program-in-player-performance-and-evaluation\/","og_locale":"en_US","og_type":"article","og_title":"Expert Program in Player Performance and Evaluation - Innovity","og_description":"Created by global leaders and experts. 3-month duration. 100% online. Build for professionals. Backed by science. Powered by innovation.","og_url":"https:\/\/innovity.org\/en\/product\/expert-program-in-player-performance-and-evaluation\/","og_site_name":"Innovity","article_modified_time":"2026-02-16T23:51:40+00:00","twitter_card":"summary_large_image","schema":{"@context":"https:\/\/schema.org","@graph":[{"@type":"WebSite","@id":"https:\/\/innovity.org\/#website","url":"https:\/\/innovity.org\/","name":"Open Campus","description":"","potentialAction":[{"@type":"SearchAction","target":{"@type":"EntryPoint","urlTemplate":"https:\/\/innovity.org\/?s={search_term_string}"},"query-input":"required name=search_term_string"}],"inLanguage":"en-US"},{"@type":"WebPage","@id":"https:\/\/innovity.org\/en\/product\/expert-program-in-player-performance-and-evaluation\/#webpage","url":"https:\/\/innovity.org\/en\/product\/expert-program-in-player-performance-and-evaluation\/","name":"Expert Program in Player Performance and Evaluation - Innovity","isPartOf":{"@id":"https:\/\/innovity.org\/#website"},"datePublished":"2025-11-14T15:17:59+00:00","dateModified":"2026-02-16T23:51:40+00:00","description":"Created by global leaders and experts. 3-month duration. 100% online. Build for professionals. Backed by science. Powered by innovation.","breadcrumb":{"@id":"https:\/\/innovity.org\/en\/product\/expert-program-in-player-performance-and-evaluation\/#breadcrumb"},"inLanguage":"en-US","potentialAction":[{"@type":"ReadAction","target":["https:\/\/innovity.org\/en\/product\/expert-program-in-player-performance-and-evaluation\/"]}]},{"@type":"BreadcrumbList","@id":"https:\/\/innovity.org\/en\/product\/expert-program-in-player-performance-and-evaluation\/#breadcrumb","itemListElement":[{"@type":"ListItem","position":1,"name":"Productos","item":"https:\/\/innovity.org\/en\/product\/"},{"@type":"ListItem","position":2,"name":"Expert Program in Player Performance and Evaluation"}]}]}},"idiomas":{"en":12777,"es":12107,"ca":12777},"_links":{"self":[{"href":"https:\/\/innovity.org\/en\/wp-json\/wp\/v2\/products\/12777","targetHints":{"allow":["GET"]}}],"collection":[{"href":"https:\/\/innovity.org\/en\/wp-json\/wp\/v2\/products"}],"about":[{"href":"https:\/\/innovity.org\/en\/wp-json\/wp\/v2\/types\/product"}],"author":[{"embeddable":true,"href":"https:\/\/innovity.org\/en\/wp-json\/wp\/v2\/users\/12"}],"replies":[{"embeddable":true,"href":"https:\/\/innovity.org\/en\/wp-json\/wp\/v2\/comments?post=12777"}],"version-history":[{"count":5,"href":"https:\/\/innovity.org\/en\/wp-json\/wp\/v2\/products\/12777\/revisions"}],"predecessor-version":[{"id":14098,"href":"https:\/\/innovity.org\/en\/wp-json\/wp\/v2\/products\/12777\/revisions\/14098"}],"wp:attachment":[{"href":"https:\/\/innovity.org\/en\/wp-json\/wp\/v2\/media?parent=12777"}],"wp:term":[{"taxonomy":"category","embeddable":true,"href":"https:\/\/innovity.org\/en\/wp-json\/wp\/v2\/categories?post=12777"}],"curies":[{"name":"wp","href":"https:\/\/api.w.org\/{rel}","templated":true}]}}