{"id":12771,"date":"2025-11-14T14:58:32","date_gmt":"2025-11-14T14:58:32","guid":{"rendered":"https:\/\/innovity.org\/?post_type=product&#038;p=12771"},"modified":"2025-12-29T20:49:47","modified_gmt":"2025-12-29T20:49:47","slug":"expert-program-in-technology-and-innovation-in-player-assessment-and-training","status":"publish","type":"product","link":"https:\/\/innovity.org\/en\/product\/expert-program-in-technology-and-innovation-in-player-assessment-and-training\/","title":{"rendered":"Expert Program in Technology and Innovation in Player Assessment and Training"},"content":{"rendered":"","protected":false},"excerpt":{"rendered":"","protected":false},"author":12,"featured_media":0,"comment_status":"open","ping_status":"closed","template":"","meta":{"footnotes":""},"categories":[75],"class_list":["post-12771","product","type-product","status-publish","hentry","category-expert-program"],"acf":{"hubspot_product_id":"","id_magento":"","external_id":"","our_courses_title":"","our_courses_texto":"","imagen_destacada":false,"precio":"360","precio_en_cuotas":"","precio_de_lista":"","promocion_vigente":"","duracion_del_curso":"3 months","fecha_de_inicio":"10\/12\/2025","tipo_de_programa":"Expert program (executive education)","nivel_del_curso":"Intermedio","modalidad":"Online, asynchronous","impartido_en":"Spanish\/English","dedicacion":"6\u20138 hours per week","titulo":"Expert Program in Technology and Innovation in Player Assessment and Training","contenido":"<p>&#8220;Technological development has historically been closely linked to sport and currently represents a fundamental pillar for optimizing training and evaluation processes. This program focuses on exploring the potential of technologies applied to player assessment, strength training, and the integration of immersive tools within practice environments.<\/p>\n<p>The primary objective of this program is to equip sports professionals with the knowledge required to effectively apply these technologies in training processes, as well as in treatment and post-injury rehabilitation when appropriate. Furthermore, the program aims to establish a solid foundation for the ongoing exploration, understanding, and critical application of emerging technological innovations in football, thereby enhancing their impact on athletic performance development.&#8221;<\/p>\n","galeria_producto":false,"cursos_que_lo_componen":[{"nombre_del_curso":"1. Fundamentals and Technology of Player Assessment","descripcion_del_curso":""},{"nombre_del_curso":"2. Methodology and Technology of Strength Training in Football","descripcion_del_curso":""},{"nombre_del_curso":"3. Sports Training and Immersive Reality","descripcion_del_curso":""}],"preguntas_frecuentes":false,"docentes_expertos":[{"foto":"https:\/\/innovity.org\/wp-content\/uploads\/2025\/10\/Adam_Kiefer_Headshot_smallFile72020-1.png","nombre_del_docente":"Adam Kiefer","descripcion_del_docente":"Dr. Adam Kiefer is an Associate Professor in the Department of Exercise and Sport Science at the University of North Carolina at Chapel Hill (UNC), where he is also a core member of the Matthew Gfeller Center for NeuroHealth and an affiliate of the Sports Medicine Institute.  Dr. Kiefer is Co-Director of the STAR Heel Performance Laboratory (Simulation, Training, Analytics & Rehabilitation), a translational research group focused on leveraging immersive technologies, artificial intelligence, and behavioral science to address critical challenges in the prevention and rehabilitation of sports injuries.","enlace":""},{"foto":"https:\/\/innovity.org\/wp-content\/uploads\/2025\/10\/Foto-Marc-Madruga-1.jpeg","nombre_del_docente":"Marc Madruga Parera","descripcion_del_docente":"PhD in Sport Sciences from the Faculty of Medicine at the University of Girona. Official Master\u2019s Degree in Integrative Physiology (University of Barcelona). In the academic field, he has worked at various universities.  As a researcher, his work focuses on the study of injury risk factors in athletes and on improving sports performance. He has coached athletes for more than 30 years, particularly football players, and served as strength and conditioning coach for the second football team of FC Barcelona.","enlace":""},{"foto":false,"nombre_del_docente":"Andr\u00e9s Darbyshire","descripcion_del_docente":"","enlace":""}],"card_descubre":false,"imagen_card_descubre":false,"texto_card_descubre":"","link_btn_card_descubre":"","video_producto":"","que_incluye_este_programa":[{"contenido":"Access to the Innovity\u00ae Method: Science, Methodology, and Application"},{"contenido":"Expert Mentorship: testimonials, best practices, and insights from experts\u2014directly from the field"},{"contenido":"Access to materials anytime, anywhere, and from any device"},{"contenido":"24\/7 Support, synchronous or asynchronous, according to your preference, provided by the Innovity professional team"},{"contenido":"Case Method: effective use of learned tools and concepts"},{"contenido":"Self-Assessments to measure learning progress"},{"contenido":"Comprehensive final exam"},{"contenido":"Certificate of completion or attendance, as applicable"}],"programas_relacionados":"","pdf_brochure":false,"avalado_por":false,"mostrar_banner_1":false,"crear_banner_1":{"utilizar_imagen_unica_para_banner":false,"asignar_imagen_unica_para_banner":false,"mostrar_titulo_banner":false,"titulo_para_banner":"","mostrar_subtitulo_banner":false,"subtitulo_del_banner":"","mostrar_cta_banner":false,"texto_cta_banner":"","url_cta_banner":"","fondo_de_color_banner":"","fondo_de_imagen_banner":false,"mostrar_imagen_izquierda_banner":false,"asignar_imagen_izquierda_banner":false},"mostrar_banner_2":false,"crear_banner_2":{"utilizar_imagen_unica_para_banner":false,"asignar_imagen_unica_para_banner":false,"mostrar_titulo_banner":false,"titulo_para_banner":"","mostrar_subtitulo_banner":false,"subtitulo_del_banner":"","mostrar_cta_banner":false,"texto_cta_banner":"","url_cta_banner":"","fondo_de_color_banner":"","fondo_de_imagen_banner":false,"mostrar_imagen_izquierda_banner":false,"asignar_imagen_izquierda_banner":false},"mostrar_banner_3":false,"crear_banner_3":{"utilizar_imagen_unica_para_banner":false,"asignar_imagen_unica_para_banner":false,"mostrar_titulo_banner":false,"titulo_para_banner":"","mostrar_subtitulo_banner":false,"subtitulo_del_banner":"","mostrar_cta_banner":false,"texto_cta_banner":"","url_cta_banner":"","fondo_de_color_banner":"","fondo_de_imagen_banner":false,"mostrar_imagen_izquierda_banner":false,"asignar_imagen_izquierda_banner":false},"activar_fechas_automaticas":false,"fecha_de_inicio_automatica":"","segunda_fecha_de_inicio_automatica":"","zona_horaria":"Europe\/Madrid","header_image":"https:\/\/innovity.org\/wp-content\/uploads\/2025\/10\/79-1.png","texto_hero":"Tecnolog\u00edas aplicadas a la valoraci\u00f3n del jugador, al entrenamiento de la fuerza y a la integraci\u00f3n de herramientas inmersivas en los contextos de pr\u00e1ctica","url_btn_compra":"https:\/\/buy.stripe.com\/9B6fZi9NqgcNaKuaFP0kE1k"},"yoast_head":"<!-- This site is optimized with the Yoast SEO plugin v18.2 - https:\/\/yoast.com\/wordpress\/plugins\/seo\/ -->\n<meta name=\"description\" content=\"Created by global leaders and experts. 3-month duration. 100% online. Build for professionals. Backed by science. Powered by innovation.\" \/>\n<meta name=\"robots\" content=\"index, follow, max-snippet:-1, max-image-preview:large, max-video-preview:-1\" \/>\n<link rel=\"canonical\" href=\"https:\/\/innovity.org\/en\/product\/expert-program-in-technology-and-innovation-in-player-assessment-and-training\/\" \/>\n<meta property=\"og:locale\" content=\"en_US\" \/>\n<meta property=\"og:type\" content=\"article\" \/>\n<meta property=\"og:title\" content=\"Expert Program in Technology and Innovation in Player Assessment and Training - Innovity\" \/>\n<meta property=\"og:description\" content=\"Created by global leaders and experts. 3-month duration. 100% online. Build for professionals. Backed by science. Powered by innovation.\" \/>\n<meta property=\"og:url\" content=\"https:\/\/innovity.org\/en\/product\/expert-program-in-technology-and-innovation-in-player-assessment-and-training\/\" \/>\n<meta property=\"og:site_name\" content=\"Innovity\" \/>\n<meta property=\"article:modified_time\" content=\"2025-12-29T20:49:47+00:00\" \/>\n<meta name=\"twitter:card\" content=\"summary_large_image\" \/>\n<script type=\"application\/ld+json\" class=\"yoast-schema-graph\">{\"@context\":\"https:\/\/schema.org\",\"@graph\":[{\"@type\":\"WebSite\",\"@id\":\"https:\/\/innovity.org\/#website\",\"url\":\"https:\/\/innovity.org\/\",\"name\":\"Open Campus\",\"description\":\"\",\"potentialAction\":[{\"@type\":\"SearchAction\",\"target\":{\"@type\":\"EntryPoint\",\"urlTemplate\":\"https:\/\/innovity.org\/?s={search_term_string}\"},\"query-input\":\"required name=search_term_string\"}],\"inLanguage\":\"en-US\"},{\"@type\":\"WebPage\",\"@id\":\"https:\/\/innovity.org\/en\/product\/expert-program-in-technology-and-innovation-in-player-assessment-and-training\/#webpage\",\"url\":\"https:\/\/innovity.org\/en\/product\/expert-program-in-technology-and-innovation-in-player-assessment-and-training\/\",\"name\":\"Expert Program in Technology and Innovation in Player Assessment and Training - Innovity\",\"isPartOf\":{\"@id\":\"https:\/\/innovity.org\/#website\"},\"datePublished\":\"2025-11-14T14:58:32+00:00\",\"dateModified\":\"2025-12-29T20:49:47+00:00\",\"description\":\"Created by global leaders and experts. 3-month duration. 100% online. Build for professionals. Backed by science. Powered by innovation.\",\"breadcrumb\":{\"@id\":\"https:\/\/innovity.org\/en\/product\/expert-program-in-technology-and-innovation-in-player-assessment-and-training\/#breadcrumb\"},\"inLanguage\":\"en-US\",\"potentialAction\":[{\"@type\":\"ReadAction\",\"target\":[\"https:\/\/innovity.org\/en\/product\/expert-program-in-technology-and-innovation-in-player-assessment-and-training\/\"]}]},{\"@type\":\"BreadcrumbList\",\"@id\":\"https:\/\/innovity.org\/en\/product\/expert-program-in-technology-and-innovation-in-player-assessment-and-training\/#breadcrumb\",\"itemListElement\":[{\"@type\":\"ListItem\",\"position\":1,\"name\":\"Productos\",\"item\":\"https:\/\/innovity.org\/en\/product\/\"},{\"@type\":\"ListItem\",\"position\":2,\"name\":\"Expert Program in Technology and Innovation in Player Assessment and Training\"}]}]}<\/script>\n<!-- \/ Yoast SEO plugin. -->","yoast_head_json":{"description":"Created by global leaders and experts. 3-month duration. 100% online. Build for professionals. Backed by science. Powered by innovation.","robots":{"index":"index","follow":"follow","max-snippet":"max-snippet:-1","max-image-preview":"max-image-preview:large","max-video-preview":"max-video-preview:-1"},"canonical":"https:\/\/innovity.org\/en\/product\/expert-program-in-technology-and-innovation-in-player-assessment-and-training\/","og_locale":"en_US","og_type":"article","og_title":"Expert Program in Technology and Innovation in Player Assessment and Training - Innovity","og_description":"Created by global leaders and experts. 3-month duration. 100% online. Build for professionals. Backed by science. Powered by innovation.","og_url":"https:\/\/innovity.org\/en\/product\/expert-program-in-technology-and-innovation-in-player-assessment-and-training\/","og_site_name":"Innovity","article_modified_time":"2025-12-29T20:49:47+00:00","twitter_card":"summary_large_image","schema":{"@context":"https:\/\/schema.org","@graph":[{"@type":"WebSite","@id":"https:\/\/innovity.org\/#website","url":"https:\/\/innovity.org\/","name":"Open Campus","description":"","potentialAction":[{"@type":"SearchAction","target":{"@type":"EntryPoint","urlTemplate":"https:\/\/innovity.org\/?s={search_term_string}"},"query-input":"required name=search_term_string"}],"inLanguage":"en-US"},{"@type":"WebPage","@id":"https:\/\/innovity.org\/en\/product\/expert-program-in-technology-and-innovation-in-player-assessment-and-training\/#webpage","url":"https:\/\/innovity.org\/en\/product\/expert-program-in-technology-and-innovation-in-player-assessment-and-training\/","name":"Expert Program in Technology and Innovation in Player Assessment and Training - Innovity","isPartOf":{"@id":"https:\/\/innovity.org\/#website"},"datePublished":"2025-11-14T14:58:32+00:00","dateModified":"2025-12-29T20:49:47+00:00","description":"Created by global leaders and experts. 3-month duration. 100% online. Build for professionals. Backed by science. Powered by innovation.","breadcrumb":{"@id":"https:\/\/innovity.org\/en\/product\/expert-program-in-technology-and-innovation-in-player-assessment-and-training\/#breadcrumb"},"inLanguage":"en-US","potentialAction":[{"@type":"ReadAction","target":["https:\/\/innovity.org\/en\/product\/expert-program-in-technology-and-innovation-in-player-assessment-and-training\/"]}]},{"@type":"BreadcrumbList","@id":"https:\/\/innovity.org\/en\/product\/expert-program-in-technology-and-innovation-in-player-assessment-and-training\/#breadcrumb","itemListElement":[{"@type":"ListItem","position":1,"name":"Productos","item":"https:\/\/innovity.org\/en\/product\/"},{"@type":"ListItem","position":2,"name":"Expert Program in Technology and Innovation in Player Assessment and Training"}]}]}},"idiomas":{"en":12771,"es":12103,"ca":12771},"_links":{"self":[{"href":"https:\/\/innovity.org\/en\/wp-json\/wp\/v2\/products\/12771","targetHints":{"allow":["GET"]}}],"collection":[{"href":"https:\/\/innovity.org\/en\/wp-json\/wp\/v2\/products"}],"about":[{"href":"https:\/\/innovity.org\/en\/wp-json\/wp\/v2\/types\/product"}],"author":[{"embeddable":true,"href":"https:\/\/innovity.org\/en\/wp-json\/wp\/v2\/users\/12"}],"replies":[{"embeddable":true,"href":"https:\/\/innovity.org\/en\/wp-json\/wp\/v2\/comments?post=12771"}],"version-history":[{"count":4,"href":"https:\/\/innovity.org\/en\/wp-json\/wp\/v2\/products\/12771\/revisions"}],"predecessor-version":[{"id":13755,"href":"https:\/\/innovity.org\/en\/wp-json\/wp\/v2\/products\/12771\/revisions\/13755"}],"wp:attachment":[{"href":"https:\/\/innovity.org\/en\/wp-json\/wp\/v2\/media?parent=12771"}],"wp:term":[{"taxonomy":"category","embeddable":true,"href":"https:\/\/innovity.org\/en\/wp-json\/wp\/v2\/categories?post=12771"}],"curies":[{"name":"wp","href":"https:\/\/api.w.org\/{rel}","templated":true}]}}