{"id":12723,"date":"2025-11-12T14:23:14","date_gmt":"2025-11-12T14:23:14","guid":{"rendered":"https:\/\/innovity.org\/?post_type=product&#038;p=12723"},"modified":"2025-12-29T01:41:53","modified_gmt":"2025-12-29T01:41:53","slug":"specialized-course-in-post-surgery-rehabilitation-training-of-the-anterior-cruciate-ligament","status":"publish","type":"product","link":"https:\/\/innovity.org\/en\/product\/specialized-course-in-post-surgery-rehabilitation-training-of-the-anterior-cruciate-ligament\/","title":{"rendered":"Specialized Course in Post-Surgery Rehabilitation Training of the Anterior Cruciate Ligament"},"content":{"rendered":"","protected":false},"excerpt":{"rendered":"","protected":false},"author":12,"featured_media":0,"comment_status":"open","ping_status":"closed","template":"","meta":{"footnotes":""},"categories":[74,1],"class_list":["post-12723","product","type-product","status-publish","hentry","category-specialized-course","category-uncategorized"],"acf":{"hubspot_product_id":"","id_magento":"","external_id":"","our_courses_title":"","our_courses_texto":"","imagen_destacada":false,"header_image":"https:\/\/innovity.org\/wp-content\/uploads\/2025\/10\/92.png","precio":"220","precio_en_cuotas":"","precio_de_lista":"","promocion_vigente":"","duracion_del_curso":"1 month","fecha_de_inicio":"10\/12\/2025","tipo_de_programa":"Specialized course (executive education)","nivel_del_curso":"Intermediate","modalidad":"Online, asynchronous","impartido_en":"Spanish\/English","dedicacion":"6\u20138 hours per week","titulo":"Specialized Course in Post-Surgery Rehabilitation Training of the Anterior Cruciate Ligament","contenido":"<p>The central aim of this program is to establish the foundational principles for the rehabilitation of anterior cruciate ligament (ACL) injuries, one of the most challenging and impactful injuries in football, due to the combination of high severity and high incidence. With few exceptions, ACL reconstruction typically results in the player being unable to compete for approximately one year. Beyond the health, performance, and economic implications\u2014particularly in professional football\u2014two additional factors must be considered. The high recurrence rate following return to play.<\/p>\n<p>The decrease in player performance after returning to competition, which can persist for months or even years. These aspects are synthesized and addressed in the first conceptual axis, which highlights the most relevant factors to guide the planning of rehabilitation tasks for footballers with ACL injuries.<\/p>\n<p>The three subsequent conceptual axes focus on the practical application of rehabilitation strategies, presenting exercise proposals grouped by objectives, and analyzing each from a kinematic and electromyographic perspective.  The second conceptual axis focuses on balance as a physical quality, along with fundamental movements, such as front and lateral lunges. These are considered \u201cfundamental\u201d because they provide the basis for developing more sport-specific skills in later stages. The third axis addresses the transition from fundamental movements to initial functional skills. This includes introducing squat work and exploring variations of these foundational exercises, as well as incorporating different types of jumping actions. The fourth conceptual axis focuses on fundamental sport-specific skills, representing the first phase of football-specific movement training. It describes and exemplifies braking and acceleration actions, primarily in the sagittal plane, and then progresses toward more complex actions in the transverse plane, particularly changes of direction and rotational movements performed in a horizontal direction.<\/p>\n","galeria_producto":false,"cursos_que_lo_componen":[{"nombre_del_curso":"1. Understanding ACL Injury in Football Players to Improve Rehabilitation","descripcion_del_curso":""},{"nombre_del_curso":"2. Training Balance and Basic Functional Actions","descripcion_del_curso":""},{"nombre_del_curso":"3. From Fundamental Movements to Initial Functional Skills","descripcion_del_curso":""},{"nombre_del_curso":"4. Training Fundamental Sports Skills: Toward Action Specificity","descripcion_del_curso":""}],"preguntas_frecuentes":false,"docentes_expertos":[{"foto":"https:\/\/innovity.org\/wp-content\/uploads\/2025\/10\/Foto-Lui\u0301s-Llurda-scaled.jpeg","nombre_del_docente":"Luis Llurda","descripcion_del_docente":"PhD in Health Sciences from the International University of Catalonia and Master\u2019s Degree in Clinical Research from the same institution. Graduate in Physiotherapy from the University of Lleida. Dr. Llurda-Almuzara has collaborated with several universities, contributing to both Physiotherapy and Basic Sciences departments.\r\n\r\nHe is currently the Dean of the Faculty of Health Sciences at the University of Vitoria-Gasteiz (EUNEIZ), a position he has held since the 2023\u20132024 academic year. Prior to this role, he served as Director of the Bachelor\u2019s Degree in Physiotherapy at EUNEIZ (2022\u20132024) and as Teaching and Research Staff at the International University of Catalonia (2018\u20132022).\r\n\r\nHe holds a recognized Research Six-Year Term (Sexenio) and the Accredited Doctor status granted by ANECA (the Spanish National Agency for Quality Assessment and Accreditation). He has led several competitive research projects as Principal Investigator and serves as a reviewer for national and international research project calls.\r\n\r\nDr. Llurda-Almuzara has taught in degree programs in Physiotherapy, Medicine, Sport and Exercise Science, Biomedicine, and Podiatry. He has delivered lectures on knee joint pathology at international conferences such as FTP24 (Barcelona) and the Active Coping with Chronicity Congress (Gran Canaria).\r\n\r\nHe is also a member of the Spanish Research Network on Social Return on Investment in Sport, funded by the Spanish National Sports Council (CSD).","enlace":""}],"card_descubre":false,"imagen_card_descubre":false,"texto_card_descubre":"","link_btn_card_descubre":"","video_producto":"","que_incluye_este_programa":[{"contenido":"Access to the Innovity\u00ae Method: Science, Methodology, and Application"},{"contenido":"Expert Mentorship: testimonials, best practices, and insights from experts\u2014directly from the field"},{"contenido":"Access to materials anytime, anywhere, and from any device"},{"contenido":"24\/7 Support, synchronous or asynchronous, according to your preference, provided by the Innovity professional team"},{"contenido":"Case Method: effective use of learned tools and concepts"},{"contenido":"Self-Assessments to measure learning progress"},{"contenido":"Comprehensive final exam"},{"contenido":"Certificate of completion or attendance, as applicable"}],"programas_relacionados":"","pdf_brochure":false,"avalado_por":false,"mostrar_banner_1":false,"crear_banner_1":{"utilizar_imagen_unica_para_banner":false,"asignar_imagen_unica_para_banner":false,"mostrar_titulo_banner":false,"titulo_para_banner":"","mostrar_subtitulo_banner":false,"subtitulo_del_banner":"","mostrar_cta_banner":false,"texto_cta_banner":"","url_cta_banner":"","fondo_de_color_banner":"","fondo_de_imagen_banner":false,"mostrar_imagen_izquierda_banner":false,"asignar_imagen_izquierda_banner":false},"mostrar_banner_2":false,"crear_banner_2":{"utilizar_imagen_unica_para_banner":false,"asignar_imagen_unica_para_banner":false,"mostrar_titulo_banner":false,"titulo_para_banner":"","mostrar_subtitulo_banner":false,"subtitulo_del_banner":"","mostrar_cta_banner":false,"texto_cta_banner":"","url_cta_banner":"","fondo_de_color_banner":"","fondo_de_imagen_banner":false,"mostrar_imagen_izquierda_banner":false,"asignar_imagen_izquierda_banner":false},"mostrar_banner_3":false,"crear_banner_3":{"utilizar_imagen_unica_para_banner":false,"asignar_imagen_unica_para_banner":false,"mostrar_titulo_banner":false,"titulo_para_banner":"","mostrar_subtitulo_banner":false,"subtitulo_del_banner":"","mostrar_cta_banner":false,"texto_cta_banner":"","url_cta_banner":"","fondo_de_color_banner":"","fondo_de_imagen_banner":false,"mostrar_imagen_izquierda_banner":false,"asignar_imagen_izquierda_banner":false},"activar_fechas_automaticas":false,"fecha_de_inicio_automatica":"","segunda_fecha_de_inicio_automatica":"","zona_horaria":"Europe\/Madrid","texto_hero":"Readaptaci\u00f3n base post cirug\u00eda de la lesi\u00f3n del LCA en el futbolista","url_btn_compra":"https:\/\/buy.stripe.com\/5kQfZi9Nq6Cd5qa15f0kE0C"},"yoast_head":"<!-- This site is optimized with the Yoast SEO plugin v18.2 - https:\/\/yoast.com\/wordpress\/plugins\/seo\/ -->\n<meta name=\"description\" content=\"Created by global leaders and experts. 1-month duration. 100% online. Build for professionals. Backed by science. Powered by innovation.\" \/>\n<meta name=\"robots\" content=\"index, follow, max-snippet:-1, max-image-preview:large, max-video-preview:-1\" \/>\n<link rel=\"canonical\" href=\"https:\/\/innovity.org\/en\/product\/specialized-course-in-post-surgery-rehabilitation-training-of-the-anterior-cruciate-ligament\/\" \/>\n<meta property=\"og:locale\" content=\"en_US\" \/>\n<meta property=\"og:type\" content=\"article\" \/>\n<meta property=\"og:title\" content=\"Specialized Course in Post-Surgery Rehabilitation Training of the Anterior Cruciate Ligament - Innovity\" \/>\n<meta property=\"og:description\" content=\"Created by global leaders and experts. 1-month duration. 100% online. Build for professionals. Backed by science. Powered by innovation.\" \/>\n<meta property=\"og:url\" content=\"https:\/\/innovity.org\/en\/product\/specialized-course-in-post-surgery-rehabilitation-training-of-the-anterior-cruciate-ligament\/\" \/>\n<meta property=\"og:site_name\" content=\"Innovity\" \/>\n<meta property=\"article:modified_time\" content=\"2025-12-29T01:41:53+00:00\" \/>\n<meta name=\"twitter:card\" content=\"summary_large_image\" \/>\n<script type=\"application\/ld+json\" class=\"yoast-schema-graph\">{\"@context\":\"https:\/\/schema.org\",\"@graph\":[{\"@type\":\"WebSite\",\"@id\":\"https:\/\/innovity.org\/#website\",\"url\":\"https:\/\/innovity.org\/\",\"name\":\"Open Campus\",\"description\":\"\",\"potentialAction\":[{\"@type\":\"SearchAction\",\"target\":{\"@type\":\"EntryPoint\",\"urlTemplate\":\"https:\/\/innovity.org\/?s={search_term_string}\"},\"query-input\":\"required name=search_term_string\"}],\"inLanguage\":\"en-US\"},{\"@type\":\"WebPage\",\"@id\":\"https:\/\/innovity.org\/en\/product\/specialized-course-in-post-surgery-rehabilitation-training-of-the-anterior-cruciate-ligament\/#webpage\",\"url\":\"https:\/\/innovity.org\/en\/product\/specialized-course-in-post-surgery-rehabilitation-training-of-the-anterior-cruciate-ligament\/\",\"name\":\"Specialized Course in Post-Surgery Rehabilitation Training of the Anterior Cruciate Ligament - Innovity\",\"isPartOf\":{\"@id\":\"https:\/\/innovity.org\/#website\"},\"datePublished\":\"2025-11-12T14:23:14+00:00\",\"dateModified\":\"2025-12-29T01:41:53+00:00\",\"description\":\"Created by global leaders and experts. 1-month duration. 100% online. Build for professionals. Backed by science. Powered by innovation.\",\"breadcrumb\":{\"@id\":\"https:\/\/innovity.org\/en\/product\/specialized-course-in-post-surgery-rehabilitation-training-of-the-anterior-cruciate-ligament\/#breadcrumb\"},\"inLanguage\":\"en-US\",\"potentialAction\":[{\"@type\":\"ReadAction\",\"target\":[\"https:\/\/innovity.org\/en\/product\/specialized-course-in-post-surgery-rehabilitation-training-of-the-anterior-cruciate-ligament\/\"]}]},{\"@type\":\"BreadcrumbList\",\"@id\":\"https:\/\/innovity.org\/en\/product\/specialized-course-in-post-surgery-rehabilitation-training-of-the-anterior-cruciate-ligament\/#breadcrumb\",\"itemListElement\":[{\"@type\":\"ListItem\",\"position\":1,\"name\":\"Productos\",\"item\":\"https:\/\/innovity.org\/en\/product\/\"},{\"@type\":\"ListItem\",\"position\":2,\"name\":\"Specialized Course in Post-Surgery Rehabilitation Training of the Anterior Cruciate Ligament\"}]}]}<\/script>\n<!-- \/ Yoast SEO plugin. -->","yoast_head_json":{"description":"Created by global leaders and experts. 1-month duration. 100% online. Build for professionals. Backed by science. Powered by innovation.","robots":{"index":"index","follow":"follow","max-snippet":"max-snippet:-1","max-image-preview":"max-image-preview:large","max-video-preview":"max-video-preview:-1"},"canonical":"https:\/\/innovity.org\/en\/product\/specialized-course-in-post-surgery-rehabilitation-training-of-the-anterior-cruciate-ligament\/","og_locale":"en_US","og_type":"article","og_title":"Specialized Course in Post-Surgery Rehabilitation Training of the Anterior Cruciate Ligament - Innovity","og_description":"Created by global leaders and experts. 1-month duration. 100% online. Build for professionals. Backed by science. Powered by innovation.","og_url":"https:\/\/innovity.org\/en\/product\/specialized-course-in-post-surgery-rehabilitation-training-of-the-anterior-cruciate-ligament\/","og_site_name":"Innovity","article_modified_time":"2025-12-29T01:41:53+00:00","twitter_card":"summary_large_image","schema":{"@context":"https:\/\/schema.org","@graph":[{"@type":"WebSite","@id":"https:\/\/innovity.org\/#website","url":"https:\/\/innovity.org\/","name":"Open Campus","description":"","potentialAction":[{"@type":"SearchAction","target":{"@type":"EntryPoint","urlTemplate":"https:\/\/innovity.org\/?s={search_term_string}"},"query-input":"required name=search_term_string"}],"inLanguage":"en-US"},{"@type":"WebPage","@id":"https:\/\/innovity.org\/en\/product\/specialized-course-in-post-surgery-rehabilitation-training-of-the-anterior-cruciate-ligament\/#webpage","url":"https:\/\/innovity.org\/en\/product\/specialized-course-in-post-surgery-rehabilitation-training-of-the-anterior-cruciate-ligament\/","name":"Specialized Course in Post-Surgery Rehabilitation Training of the Anterior Cruciate Ligament - Innovity","isPartOf":{"@id":"https:\/\/innovity.org\/#website"},"datePublished":"2025-11-12T14:23:14+00:00","dateModified":"2025-12-29T01:41:53+00:00","description":"Created by global leaders and experts. 1-month duration. 100% online. Build for professionals. Backed by science. Powered by innovation.","breadcrumb":{"@id":"https:\/\/innovity.org\/en\/product\/specialized-course-in-post-surgery-rehabilitation-training-of-the-anterior-cruciate-ligament\/#breadcrumb"},"inLanguage":"en-US","potentialAction":[{"@type":"ReadAction","target":["https:\/\/innovity.org\/en\/product\/specialized-course-in-post-surgery-rehabilitation-training-of-the-anterior-cruciate-ligament\/"]}]},{"@type":"BreadcrumbList","@id":"https:\/\/innovity.org\/en\/product\/specialized-course-in-post-surgery-rehabilitation-training-of-the-anterior-cruciate-ligament\/#breadcrumb","itemListElement":[{"@type":"ListItem","position":1,"name":"Productos","item":"https:\/\/innovity.org\/en\/product\/"},{"@type":"ListItem","position":2,"name":"Specialized Course in Post-Surgery Rehabilitation Training of the Anterior Cruciate Ligament"}]}]}},"idiomas":{"en":12723,"es":12056,"ca":12723},"_links":{"self":[{"href":"https:\/\/innovity.org\/en\/wp-json\/wp\/v2\/products\/12723","targetHints":{"allow":["GET"]}}],"collection":[{"href":"https:\/\/innovity.org\/en\/wp-json\/wp\/v2\/products"}],"about":[{"href":"https:\/\/innovity.org\/en\/wp-json\/wp\/v2\/types\/product"}],"author":[{"embeddable":true,"href":"https:\/\/innovity.org\/en\/wp-json\/wp\/v2\/users\/12"}],"replies":[{"embeddable":true,"href":"https:\/\/innovity.org\/en\/wp-json\/wp\/v2\/comments?post=12723"}],"version-history":[{"count":2,"href":"https:\/\/innovity.org\/en\/wp-json\/wp\/v2\/products\/12723\/revisions"}],"predecessor-version":[{"id":12725,"href":"https:\/\/innovity.org\/en\/wp-json\/wp\/v2\/products\/12723\/revisions\/12725"}],"wp:attachment":[{"href":"https:\/\/innovity.org\/en\/wp-json\/wp\/v2\/media?parent=12723"}],"wp:term":[{"taxonomy":"category","embeddable":true,"href":"https:\/\/innovity.org\/en\/wp-json\/wp\/v2\/categories?post=12723"}],"curies":[{"name":"wp","href":"https:\/\/api.w.org\/{rel}","templated":true}]}}