{"id":12694,"date":"2025-11-12T12:10:36","date_gmt":"2025-11-12T12:10:36","guid":{"rendered":"https:\/\/innovity.org\/?post_type=product&#038;p=12694"},"modified":"2025-12-29T01:42:31","modified_gmt":"2025-12-29T01:42:31","slug":"specialized-course-in-management-of-pubic-and-adductor-muscle-injuries-in-football-players","status":"publish","type":"product","link":"https:\/\/innovity.org\/en\/product\/specialized-course-in-management-of-pubic-and-adductor-muscle-injuries-in-football-players\/","title":{"rendered":"Specialized Course in Management of Pubic and Adductor Muscle Injuries in Football Players"},"content":{"rendered":"","protected":false},"excerpt":{"rendered":"","protected":false},"author":12,"featured_media":0,"comment_status":"open","ping_status":"closed","template":"","meta":{"footnotes":""},"categories":[74],"class_list":["post-12694","product","type-product","status-publish","hentry","category-specialized-course"],"acf":{"hubspot_product_id":"","id_magento":"","external_id":"","our_courses_title":"","our_courses_texto":"","imagen_destacada":false,"precio":"220","precio_en_cuotas":"","precio_de_lista":"","promocion_vigente":"","duracion_del_curso":"1 month","fecha_de_inicio":"10\/12\/2025","tipo_de_programa":"Specialized course (executive education)","nivel_del_curso":"Intermediate","modalidad":"Online, asynchronous","impartido_en":"Spanish\/English","dedicacion":"6\u20138 hours per week","titulo":"Specialized Course in Management of Pubic and Adductor Muscle Injuries in Football Players","contenido":"<p>The main focus of this program is to establish a structured and reflective sequence of exercises designed to induce the necessary adaptations during the rehabilitation process following injuries to the hip adductor muscles and\/or the pubic region. Injuries in this area require special attention due to their close anatomical relationship with the pelvic girdle and trunk. This anatomical complexity stems from the anterior region\u2019s role as the junction between the lower limbs and the trunk.<\/p>\n<p>In most cases, the lower limbs function explosively (e.g., during jumping and sprinting actions) or stabilizingly (e.g., in duels or contact situations). In both contexts, the trunk must accompany and regulate the tension generated by the limbs, while the adductor muscles and pubic structures act as a critical link between these two regions, being subjected to significant tensile, torsional, and shear forces, particularly during high-intensity actions.<\/p>\n<p>The course methodology involves the analysis of a selection of exercises organized in a functionally progressive sequence, with increasing tissue demands. Each task is examined in terms of its specific characteristics, kinematic and electromyographic analysis, and criteria for progression.<\/p>\n","galeria_producto":false,"cursos_que_lo_componen":[{"nombre_del_curso":"1. Injuries of the Adductor Muscles and Pubic Area","descripcion_del_curso":""},{"nombre_del_curso":"2. Open Kinetic Chain in Analytical Actions: The Traction Mechanism","descripcion_del_curso":""},{"nombre_del_curso":"3. Progression Toward Closed Kinetic Chain Actions","descripcion_del_curso":""},{"nombre_del_curso":"4. Progression Toward Sports-Specific Skills","descripcion_del_curso":""}],"preguntas_frecuentes":false,"docentes_expertos":[{"foto":"https:\/\/innovity.org\/wp-content\/uploads\/2025\/10\/Foto-DaniRomero.png","nombre_del_docente":"Dani Romero","descripcion_del_docente":"PhD in Sports Sciences from the University of Zaragoza (Spain). He holds a Bachelor\u2019s degree in Sport Sciences from the University of Barcelona and a Bachelor\u2019s degree in Physiotherapy from the Autonomous University of Barcelona. In the academic field, he has collaborated with several universities in departments of Physiotherapy and Sport Sciences. He is currently Director of the Department of Physiotherapy at the International University of Catalonia (since the 2020\u20132021 academic year). Previously, he served as Director of the Master\u2019s program in Readaptation to Physical Activity and Sport at the University of Girona (2011\u20132021). He is the author of numerous scientific articles, with research particularly focused on the effects of inertial training systems for strength development, both in performance enhancement and injury prevention.","enlace":""}],"card_descubre":false,"imagen_card_descubre":false,"texto_card_descubre":"","link_btn_card_descubre":"","video_producto":"","que_incluye_este_programa":[{"contenido":"Access to the Innovity\u00ae Method: Science, Methodology, and Application"},{"contenido":"Expert Mentorship: testimonials, best practices, and insights from experts\u2014directly from the field"},{"contenido":"Access to materials anytime, anywhere, and from any device"},{"contenido":"24\/7 Support, synchronous or asynchronous, according to your preference, provided by the Innovity professional team"},{"contenido":"Case Method: effective use of learned tools and concepts"},{"contenido":"Self-Assessments to measure learning progress"},{"contenido":"Comprehensive final exam"},{"contenido":"Certificate of completion or attendance, as applicable"}],"programas_relacionados":"","pdf_brochure":false,"avalado_por":false,"mostrar_banner_1":false,"crear_banner_1":{"utilizar_imagen_unica_para_banner":false,"asignar_imagen_unica_para_banner":false,"mostrar_titulo_banner":false,"titulo_para_banner":"","mostrar_subtitulo_banner":false,"subtitulo_del_banner":"","mostrar_cta_banner":false,"texto_cta_banner":"","url_cta_banner":"","fondo_de_color_banner":"","fondo_de_imagen_banner":false,"mostrar_imagen_izquierda_banner":false,"asignar_imagen_izquierda_banner":false},"mostrar_banner_2":false,"crear_banner_2":{"utilizar_imagen_unica_para_banner":false,"asignar_imagen_unica_para_banner":false,"mostrar_titulo_banner":false,"titulo_para_banner":"","mostrar_subtitulo_banner":false,"subtitulo_del_banner":"","mostrar_cta_banner":false,"texto_cta_banner":"","url_cta_banner":"","fondo_de_color_banner":"","fondo_de_imagen_banner":false,"mostrar_imagen_izquierda_banner":false,"asignar_imagen_izquierda_banner":false},"mostrar_banner_3":false,"crear_banner_3":{"utilizar_imagen_unica_para_banner":false,"asignar_imagen_unica_para_banner":false,"mostrar_titulo_banner":false,"titulo_para_banner":"","mostrar_subtitulo_banner":false,"subtitulo_del_banner":"","mostrar_cta_banner":false,"texto_cta_banner":"","url_cta_banner":"","fondo_de_color_banner":"","fondo_de_imagen_banner":false,"mostrar_imagen_izquierda_banner":false,"asignar_imagen_izquierda_banner":false},"activar_fechas_automaticas":false,"fecha_de_inicio_automatica":"","segunda_fecha_de_inicio_automatica":"","zona_horaria":"Europe\/Madrid","header_image":"https:\/\/innovity.org\/wp-content\/uploads\/2025\/10\/106.png","texto_hero":"Identificaci\u00f3n y abordaje de adaptaciones necesarias para el proceso de readaptaci\u00f3n en un \u00e1rea anat\u00f3mica compleja","url_btn_compra":"https:\/\/buy.stripe.com\/eVq8wQf7K7Gh6ueeW50kE0z"},"yoast_head":"<!-- This site is optimized with the Yoast SEO plugin v18.2 - https:\/\/yoast.com\/wordpress\/plugins\/seo\/ -->\n<meta name=\"description\" content=\"Created by global leaders and experts. 1-month duration. 100% online. Build for professionals. Backed by science. Powered by innovation.\" \/>\n<meta name=\"robots\" content=\"index, follow, max-snippet:-1, max-image-preview:large, max-video-preview:-1\" \/>\n<link rel=\"canonical\" href=\"https:\/\/innovity.org\/en\/product\/specialized-course-in-management-of-pubic-and-adductor-muscle-injuries-in-football-players\/\" \/>\n<meta property=\"og:locale\" content=\"en_US\" \/>\n<meta property=\"og:type\" content=\"article\" \/>\n<meta property=\"og:title\" content=\"Specialized Course in Management of Pubic and Adductor Muscle Injuries in Football Players - Innovity\" \/>\n<meta property=\"og:description\" content=\"Created by global leaders and experts. 1-month duration. 100% online. Build for professionals. Backed by science. Powered by innovation.\" \/>\n<meta property=\"og:url\" content=\"https:\/\/innovity.org\/en\/product\/specialized-course-in-management-of-pubic-and-adductor-muscle-injuries-in-football-players\/\" \/>\n<meta property=\"og:site_name\" content=\"Innovity\" \/>\n<meta property=\"article:modified_time\" content=\"2025-12-29T01:42:31+00:00\" \/>\n<meta name=\"twitter:card\" content=\"summary_large_image\" \/>\n<script type=\"application\/ld+json\" class=\"yoast-schema-graph\">{\"@context\":\"https:\/\/schema.org\",\"@graph\":[{\"@type\":\"WebSite\",\"@id\":\"https:\/\/innovity.org\/#website\",\"url\":\"https:\/\/innovity.org\/\",\"name\":\"Open Campus\",\"description\":\"\",\"potentialAction\":[{\"@type\":\"SearchAction\",\"target\":{\"@type\":\"EntryPoint\",\"urlTemplate\":\"https:\/\/innovity.org\/?s={search_term_string}\"},\"query-input\":\"required name=search_term_string\"}],\"inLanguage\":\"en-US\"},{\"@type\":\"WebPage\",\"@id\":\"https:\/\/innovity.org\/en\/product\/specialized-course-in-management-of-pubic-and-adductor-muscle-injuries-in-football-players\/#webpage\",\"url\":\"https:\/\/innovity.org\/en\/product\/specialized-course-in-management-of-pubic-and-adductor-muscle-injuries-in-football-players\/\",\"name\":\"Specialized Course in Management of Pubic and Adductor Muscle Injuries in Football Players - Innovity\",\"isPartOf\":{\"@id\":\"https:\/\/innovity.org\/#website\"},\"datePublished\":\"2025-11-12T12:10:36+00:00\",\"dateModified\":\"2025-12-29T01:42:31+00:00\",\"description\":\"Created by global leaders and experts. 1-month duration. 100% online. Build for professionals. Backed by science. Powered by innovation.\",\"breadcrumb\":{\"@id\":\"https:\/\/innovity.org\/en\/product\/specialized-course-in-management-of-pubic-and-adductor-muscle-injuries-in-football-players\/#breadcrumb\"},\"inLanguage\":\"en-US\",\"potentialAction\":[{\"@type\":\"ReadAction\",\"target\":[\"https:\/\/innovity.org\/en\/product\/specialized-course-in-management-of-pubic-and-adductor-muscle-injuries-in-football-players\/\"]}]},{\"@type\":\"BreadcrumbList\",\"@id\":\"https:\/\/innovity.org\/en\/product\/specialized-course-in-management-of-pubic-and-adductor-muscle-injuries-in-football-players\/#breadcrumb\",\"itemListElement\":[{\"@type\":\"ListItem\",\"position\":1,\"name\":\"Productos\",\"item\":\"https:\/\/innovity.org\/en\/product\/\"},{\"@type\":\"ListItem\",\"position\":2,\"name\":\"Specialized Course in Management of Pubic and Adductor Muscle Injuries in Football Players\"}]}]}<\/script>\n<!-- \/ Yoast SEO plugin. -->","yoast_head_json":{"description":"Created by global leaders and experts. 1-month duration. 100% online. Build for professionals. Backed by science. Powered by innovation.","robots":{"index":"index","follow":"follow","max-snippet":"max-snippet:-1","max-image-preview":"max-image-preview:large","max-video-preview":"max-video-preview:-1"},"canonical":"https:\/\/innovity.org\/en\/product\/specialized-course-in-management-of-pubic-and-adductor-muscle-injuries-in-football-players\/","og_locale":"en_US","og_type":"article","og_title":"Specialized Course in Management of Pubic and Adductor Muscle Injuries in Football Players - Innovity","og_description":"Created by global leaders and experts. 1-month duration. 100% online. Build for professionals. Backed by science. Powered by innovation.","og_url":"https:\/\/innovity.org\/en\/product\/specialized-course-in-management-of-pubic-and-adductor-muscle-injuries-in-football-players\/","og_site_name":"Innovity","article_modified_time":"2025-12-29T01:42:31+00:00","twitter_card":"summary_large_image","schema":{"@context":"https:\/\/schema.org","@graph":[{"@type":"WebSite","@id":"https:\/\/innovity.org\/#website","url":"https:\/\/innovity.org\/","name":"Open Campus","description":"","potentialAction":[{"@type":"SearchAction","target":{"@type":"EntryPoint","urlTemplate":"https:\/\/innovity.org\/?s={search_term_string}"},"query-input":"required name=search_term_string"}],"inLanguage":"en-US"},{"@type":"WebPage","@id":"https:\/\/innovity.org\/en\/product\/specialized-course-in-management-of-pubic-and-adductor-muscle-injuries-in-football-players\/#webpage","url":"https:\/\/innovity.org\/en\/product\/specialized-course-in-management-of-pubic-and-adductor-muscle-injuries-in-football-players\/","name":"Specialized Course in Management of Pubic and Adductor Muscle Injuries in Football Players - Innovity","isPartOf":{"@id":"https:\/\/innovity.org\/#website"},"datePublished":"2025-11-12T12:10:36+00:00","dateModified":"2025-12-29T01:42:31+00:00","description":"Created by global leaders and experts. 1-month duration. 100% online. Build for professionals. Backed by science. Powered by innovation.","breadcrumb":{"@id":"https:\/\/innovity.org\/en\/product\/specialized-course-in-management-of-pubic-and-adductor-muscle-injuries-in-football-players\/#breadcrumb"},"inLanguage":"en-US","potentialAction":[{"@type":"ReadAction","target":["https:\/\/innovity.org\/en\/product\/specialized-course-in-management-of-pubic-and-adductor-muscle-injuries-in-football-players\/"]}]},{"@type":"BreadcrumbList","@id":"https:\/\/innovity.org\/en\/product\/specialized-course-in-management-of-pubic-and-adductor-muscle-injuries-in-football-players\/#breadcrumb","itemListElement":[{"@type":"ListItem","position":1,"name":"Productos","item":"https:\/\/innovity.org\/en\/product\/"},{"@type":"ListItem","position":2,"name":"Specialized Course in Management of Pubic and Adductor Muscle Injuries in Football Players"}]}]}},"_links":{"self":[{"href":"https:\/\/innovity.org\/en\/wp-json\/wp\/v2\/products\/12694","targetHints":{"allow":["GET"]}}],"collection":[{"href":"https:\/\/innovity.org\/en\/wp-json\/wp\/v2\/products"}],"about":[{"href":"https:\/\/innovity.org\/en\/wp-json\/wp\/v2\/types\/product"}],"author":[{"embeddable":true,"href":"https:\/\/innovity.org\/en\/wp-json\/wp\/v2\/users\/12"}],"replies":[{"embeddable":true,"href":"https:\/\/innovity.org\/en\/wp-json\/wp\/v2\/comments?post=12694"}],"version-history":[{"count":4,"href":"https:\/\/innovity.org\/en\/wp-json\/wp\/v2\/products\/12694\/revisions"}],"predecessor-version":[{"id":13086,"href":"https:\/\/innovity.org\/en\/wp-json\/wp\/v2\/products\/12694\/revisions\/13086"}],"wp:attachment":[{"href":"https:\/\/innovity.org\/en\/wp-json\/wp\/v2\/media?parent=12694"}],"wp:term":[{"taxonomy":"category","embeddable":true,"href":"https:\/\/innovity.org\/en\/wp-json\/wp\/v2\/categories?post=12694"}],"curies":[{"name":"wp","href":"https:\/\/api.w.org\/{rel}","templated":true}]}}