{"id":12673,"date":"2025-11-12T11:24:58","date_gmt":"2025-11-12T11:24:58","guid":{"rendered":"https:\/\/innovity.org\/?post_type=product&#038;p=12673"},"modified":"2026-02-10T01:30:04","modified_gmt":"2026-02-10T01:30:04","slug":"specialized-course-in-fundamentals-and-technology-of-player-assessment","status":"publish","type":"product","link":"https:\/\/innovity.org\/en\/product\/specialized-course-in-fundamentals-and-technology-of-player-assessment\/","title":{"rendered":"Specialized Course in Fundamentals and Technology of Player Assessment"},"content":{"rendered":"","protected":false},"excerpt":{"rendered":"","protected":false},"author":12,"featured_media":0,"comment_status":"open","ping_status":"closed","template":"","meta":{"footnotes":""},"categories":[74,1],"class_list":["post-12673","product","type-product","status-publish","hentry","category-specialized-course","category-uncategorized"],"acf":{"hubspot_product_id":"","id_magento":"","external_id":"","our_courses_title":"","our_courses_texto":"","imagen_destacada":false,"precio":"220","precio_en_cuotas":"","precio_de_lista":"","promocion_vigente":"","duracion_del_curso":"1 month","fecha_de_inicio":"10\/12\/2025","tipo_de_programa":"Specialized course (executive education)","nivel_del_curso":"Intermedio","modalidad":"Online, asynchronous","impartido_en":"Spanish\/English","dedicacion":"6\u20138 hours per week","titulo":"Specialized Course in Fundamentals and Technology of Player Assessment","contenido":"<p>This training program focuses on providing professionals with the knowledge required to select the most appropriate assessment strategies for athletes within specific contexts. It also plays a key role in designing comprehensive screening batteries, applicable both to performance analysis and to the monitoring and control of injury risk factors identified in different situations.<\/p>\n<p>The course content is organized into four conceptual axes:<\/p>\n<p>The first conceptual axis introduces the importance of conducting assessments with a clear and specific objective, emphasizing data-driven decision-making and the relevance of assessments across various professional settings.<\/p>\n<p>The second axis examines the concepts of internal and external load, focusing on the implementation of tools to quantify training and rehabilitation loads.<\/p>\n<p>After completing these first two axes, attention shifts to analyzing the metrics derived from various assessment tools, as well as exploring the development of customized tools for specific contexts.<\/p>\n<p>The fourth conceptual axis addresses, from a methodological perspective, how to analyze athletic performance and injury risk factors. Like the third axis, it adopts a theoretical\u2013practical approach, focusing on different assessment methods and tools to evaluate athletic performance based on physical qualities and sport-specific skills, as well as to identify individual injury risk profiles.<\/p>\n","galeria_producto":false,"cursos_que_lo_componen":[{"nombre_del_curso":"1. Contextualization of Player Assessment","descripcion_del_curso":""},{"nombre_del_curso":"2. How to Establish Internal and External Load","descripcion_del_curso":""},{"nombre_del_curso":"3. Parameters to Analyze According to Needs and Sporting Context","descripcion_del_curso":""},{"nombre_del_curso":"4. Performance and Injury Risk Factor Analysis","descripcion_del_curso":""}],"preguntas_frecuentes":false,"docentes_expertos":[{"foto":"https:\/\/innovity.org\/wp-content\/uploads\/2025\/10\/Foto-Marc-Madruga-1.jpeg","nombre_del_docente":"Marc Madruga Parera","descripcion_del_docente":"PhD in Sport Sciences from the Faculty of Medicine, University of Girona. Official Master\u2019s Degree in Integrative Physiology (University of Barcelona). In the academic field, he has held teaching and coordination roles at various universities. He previously taught at the University of Girona, where he also served as Coordinator of the Master\u2019s in Reconditioning to Physical Activity and Sports Competition (EUSES, University of Girona). He is currently an Adjunct Professor at the International University of Catalonia, teaching in both the Master\u2019s in Rehabilitation and Reconditioning and the Master\u2019s in Business Intelligence at Pompeu Fabra University. He is also a current collaborator with the University of Granada.As a researcher, his work focuses on identifying risk factors for sports injuries and improving athletic performance. Within this line of research, he specializes in neuromuscular control and coordination in athletes.In the professional field, he is the Founder and CEO of reQ High Performance, a sports performance, rehabilitation, traumatology, and physiotherapy center based in Girona and Sant Cugat del Vall\u00e8s (Catalonia), where both professional footballers and academy players train. He has more than 30 years of experience training athletes\u2014primarily football players\u2014and has served as Strength and Conditioning Coach for FC Barcelona\u2019s second football team, working under Xavier Garc\u00eda Pimienta (2020\u20132021), Sergi Barjuan (2021\u20132022), and Rafa M\u00e1rquez (2022\u20132023).","enlace":""}],"card_descubre":false,"imagen_card_descubre":false,"texto_card_descubre":"","link_btn_card_descubre":"","video_producto":"","que_incluye_este_programa":[{"contenido":"Access to the Innovity\u00ae Method: Science, Methodology, and Application"},{"contenido":"Expert Mentorship: testimonials, best practices, and insights from experts\u2014directly from the field"},{"contenido":"Access to materials anytime, anywhere, and from any device"},{"contenido":"24\/7 Support, synchronous or asynchronous, according to your preference, provided by the Innovity professional team"},{"contenido":"Case Method: effective use of learned tools and concepts"},{"contenido":"Self-Assessments to measure learning progress"},{"contenido":"Comprehensive final exam"},{"contenido":"Certificate of completion or attendance, as applicable"}],"programas_relacionados":"","pdf_brochure":false,"avalado_por":false,"mostrar_banner_1":false,"crear_banner_1":{"utilizar_imagen_unica_para_banner":false,"asignar_imagen_unica_para_banner":false,"mostrar_titulo_banner":false,"titulo_para_banner":"","mostrar_subtitulo_banner":false,"subtitulo_del_banner":"","mostrar_cta_banner":false,"texto_cta_banner":"","url_cta_banner":"","fondo_de_color_banner":"","fondo_de_imagen_banner":false,"mostrar_imagen_izquierda_banner":false,"asignar_imagen_izquierda_banner":false},"mostrar_banner_2":false,"crear_banner_2":{"utilizar_imagen_unica_para_banner":false,"asignar_imagen_unica_para_banner":false,"mostrar_titulo_banner":false,"titulo_para_banner":"","mostrar_subtitulo_banner":false,"subtitulo_del_banner":"","mostrar_cta_banner":false,"texto_cta_banner":"","url_cta_banner":"","fondo_de_color_banner":"","fondo_de_imagen_banner":false,"mostrar_imagen_izquierda_banner":false,"asignar_imagen_izquierda_banner":false},"mostrar_banner_3":false,"crear_banner_3":{"utilizar_imagen_unica_para_banner":false,"asignar_imagen_unica_para_banner":false,"mostrar_titulo_banner":false,"titulo_para_banner":"","mostrar_subtitulo_banner":false,"subtitulo_del_banner":"","mostrar_cta_banner":false,"texto_cta_banner":"","url_cta_banner":"","fondo_de_color_banner":"","fondo_de_imagen_banner":false,"mostrar_imagen_izquierda_banner":false,"asignar_imagen_izquierda_banner":false},"activar_fechas_automaticas":true,"fecha_de_inicio_automatica":"10022026","segunda_fecha_de_inicio_automatica":"","zona_horaria":"Europe\/Madrid","header_image":"https:\/\/innovity.org\/wp-content\/uploads\/2025\/10\/76-1.png","texto_hero":"Conocimiento detallado y espec\u00edfico sobre la valoraci\u00f3n del jugador y su v\u00ednculo con el rendimiento deportivo y la biomec\u00e1nica lesiva","url_btn_compra":"https:\/\/buy.stripe.com\/6oU6oI0cQ1hTg4O15f0kE0w"},"yoast_head":"<!-- This site is optimized with the Yoast SEO plugin v18.2 - https:\/\/yoast.com\/wordpress\/plugins\/seo\/ -->\n<meta name=\"description\" content=\"Created by global leaders and experts. 1-month duration. 100% online. Build for professionals. Backed by science. Powered by innovation.\" \/>\n<meta name=\"robots\" content=\"index, follow, max-snippet:-1, max-image-preview:large, max-video-preview:-1\" \/>\n<link rel=\"canonical\" href=\"https:\/\/innovity.org\/en\/product\/specialized-course-in-fundamentals-and-technology-of-player-assessment\/\" \/>\n<meta property=\"og:locale\" content=\"en_US\" \/>\n<meta property=\"og:type\" content=\"article\" \/>\n<meta property=\"og:title\" content=\"Specialized Course in Fundamentals and Technology of Player Assessment - Innovity\" \/>\n<meta property=\"og:description\" content=\"Created by global leaders and experts. 1-month duration. 100% online. Build for professionals. Backed by science. Powered by innovation.\" \/>\n<meta property=\"og:url\" content=\"https:\/\/innovity.org\/en\/product\/specialized-course-in-fundamentals-and-technology-of-player-assessment\/\" \/>\n<meta property=\"og:site_name\" content=\"Innovity\" \/>\n<meta property=\"article:modified_time\" content=\"2026-02-10T01:30:04+00:00\" \/>\n<meta name=\"twitter:card\" content=\"summary_large_image\" \/>\n<script type=\"application\/ld+json\" class=\"yoast-schema-graph\">{\"@context\":\"https:\/\/schema.org\",\"@graph\":[{\"@type\":\"WebSite\",\"@id\":\"https:\/\/innovity.org\/#website\",\"url\":\"https:\/\/innovity.org\/\",\"name\":\"Open Campus\",\"description\":\"\",\"potentialAction\":[{\"@type\":\"SearchAction\",\"target\":{\"@type\":\"EntryPoint\",\"urlTemplate\":\"https:\/\/innovity.org\/?s={search_term_string}\"},\"query-input\":\"required name=search_term_string\"}],\"inLanguage\":\"en-US\"},{\"@type\":\"WebPage\",\"@id\":\"https:\/\/innovity.org\/en\/product\/specialized-course-in-fundamentals-and-technology-of-player-assessment\/#webpage\",\"url\":\"https:\/\/innovity.org\/en\/product\/specialized-course-in-fundamentals-and-technology-of-player-assessment\/\",\"name\":\"Specialized Course in Fundamentals and Technology of Player Assessment - Innovity\",\"isPartOf\":{\"@id\":\"https:\/\/innovity.org\/#website\"},\"datePublished\":\"2025-11-12T11:24:58+00:00\",\"dateModified\":\"2026-02-10T01:30:04+00:00\",\"description\":\"Created by global leaders and experts. 1-month duration. 100% online. Build for professionals. Backed by science. Powered by innovation.\",\"breadcrumb\":{\"@id\":\"https:\/\/innovity.org\/en\/product\/specialized-course-in-fundamentals-and-technology-of-player-assessment\/#breadcrumb\"},\"inLanguage\":\"en-US\",\"potentialAction\":[{\"@type\":\"ReadAction\",\"target\":[\"https:\/\/innovity.org\/en\/product\/specialized-course-in-fundamentals-and-technology-of-player-assessment\/\"]}]},{\"@type\":\"BreadcrumbList\",\"@id\":\"https:\/\/innovity.org\/en\/product\/specialized-course-in-fundamentals-and-technology-of-player-assessment\/#breadcrumb\",\"itemListElement\":[{\"@type\":\"ListItem\",\"position\":1,\"name\":\"Productos\",\"item\":\"https:\/\/innovity.org\/en\/product\/\"},{\"@type\":\"ListItem\",\"position\":2,\"name\":\"Specialized Course in Fundamentals and Technology of Player Assessment\"}]}]}<\/script>\n<!-- \/ Yoast SEO plugin. -->","yoast_head_json":{"description":"Created by global leaders and experts. 1-month duration. 100% online. Build for professionals. Backed by science. Powered by innovation.","robots":{"index":"index","follow":"follow","max-snippet":"max-snippet:-1","max-image-preview":"max-image-preview:large","max-video-preview":"max-video-preview:-1"},"canonical":"https:\/\/innovity.org\/en\/product\/specialized-course-in-fundamentals-and-technology-of-player-assessment\/","og_locale":"en_US","og_type":"article","og_title":"Specialized Course in Fundamentals and Technology of Player Assessment - Innovity","og_description":"Created by global leaders and experts. 1-month duration. 100% online. Build for professionals. Backed by science. Powered by innovation.","og_url":"https:\/\/innovity.org\/en\/product\/specialized-course-in-fundamentals-and-technology-of-player-assessment\/","og_site_name":"Innovity","article_modified_time":"2026-02-10T01:30:04+00:00","twitter_card":"summary_large_image","schema":{"@context":"https:\/\/schema.org","@graph":[{"@type":"WebSite","@id":"https:\/\/innovity.org\/#website","url":"https:\/\/innovity.org\/","name":"Open Campus","description":"","potentialAction":[{"@type":"SearchAction","target":{"@type":"EntryPoint","urlTemplate":"https:\/\/innovity.org\/?s={search_term_string}"},"query-input":"required name=search_term_string"}],"inLanguage":"en-US"},{"@type":"WebPage","@id":"https:\/\/innovity.org\/en\/product\/specialized-course-in-fundamentals-and-technology-of-player-assessment\/#webpage","url":"https:\/\/innovity.org\/en\/product\/specialized-course-in-fundamentals-and-technology-of-player-assessment\/","name":"Specialized Course in Fundamentals and Technology of Player Assessment - Innovity","isPartOf":{"@id":"https:\/\/innovity.org\/#website"},"datePublished":"2025-11-12T11:24:58+00:00","dateModified":"2026-02-10T01:30:04+00:00","description":"Created by global leaders and experts. 1-month duration. 100% online. Build for professionals. Backed by science. Powered by innovation.","breadcrumb":{"@id":"https:\/\/innovity.org\/en\/product\/specialized-course-in-fundamentals-and-technology-of-player-assessment\/#breadcrumb"},"inLanguage":"en-US","potentialAction":[{"@type":"ReadAction","target":["https:\/\/innovity.org\/en\/product\/specialized-course-in-fundamentals-and-technology-of-player-assessment\/"]}]},{"@type":"BreadcrumbList","@id":"https:\/\/innovity.org\/en\/product\/specialized-course-in-fundamentals-and-technology-of-player-assessment\/#breadcrumb","itemListElement":[{"@type":"ListItem","position":1,"name":"Productos","item":"https:\/\/innovity.org\/en\/product\/"},{"@type":"ListItem","position":2,"name":"Specialized Course in Fundamentals and Technology of Player Assessment"}]}]}},"idiomas":{"en":12673,"es":11987,"ca":12673},"_links":{"self":[{"href":"https:\/\/innovity.org\/en\/wp-json\/wp\/v2\/products\/12673","targetHints":{"allow":["GET"]}}],"collection":[{"href":"https:\/\/innovity.org\/en\/wp-json\/wp\/v2\/products"}],"about":[{"href":"https:\/\/innovity.org\/en\/wp-json\/wp\/v2\/types\/product"}],"author":[{"embeddable":true,"href":"https:\/\/innovity.org\/en\/wp-json\/wp\/v2\/users\/12"}],"replies":[{"embeddable":true,"href":"https:\/\/innovity.org\/en\/wp-json\/wp\/v2\/comments?post=12673"}],"version-history":[{"count":5,"href":"https:\/\/innovity.org\/en\/wp-json\/wp\/v2\/products\/12673\/revisions"}],"predecessor-version":[{"id":14007,"href":"https:\/\/innovity.org\/en\/wp-json\/wp\/v2\/products\/12673\/revisions\/14007"}],"wp:attachment":[{"href":"https:\/\/innovity.org\/en\/wp-json\/wp\/v2\/media?parent=12673"}],"wp:term":[{"taxonomy":"category","embeddable":true,"href":"https:\/\/innovity.org\/en\/wp-json\/wp\/v2\/categories?post=12673"}],"curies":[{"name":"wp","href":"https:\/\/api.w.org\/{rel}","templated":true}]}}