{"id":12667,"date":"2025-11-12T10:49:31","date_gmt":"2025-11-12T10:49:31","guid":{"rendered":"https:\/\/innovity.org\/?post_type=product&#038;p=12667"},"modified":"2025-12-29T01:45:05","modified_gmt":"2025-12-29T01:45:05","slug":"specialized-course-in-rehabilitation-training-for-shoulder-girdle-injuries","status":"publish","type":"product","link":"https:\/\/innovity.org\/en\/product\/specialized-course-in-rehabilitation-training-for-shoulder-girdle-injuries\/","title":{"rendered":"Specialized Course in Rehabilitation Training for Shoulder Girdle Injuries"},"content":{"rendered":"","protected":false},"excerpt":{"rendered":"","protected":false},"author":12,"featured_media":0,"comment_status":"open","ping_status":"closed","template":"","meta":{"footnotes":""},"categories":[74,1],"class_list":["post-12667","product","type-product","status-publish","hentry","category-specialized-course","category-uncategorized"],"acf":{"hubspot_product_id":"","id_magento":"","external_id":"","our_courses_title":"","our_courses_texto":"","imagen_destacada":false,"precio":"220","precio_en_cuotas":"","precio_de_lista":"","promocion_vigente":"","duracion_del_curso":"1 month","fecha_de_inicio":"10\/12\/2025","tipo_de_programa":"Specialized course (executive education)","nivel_del_curso":"Intermediate","modalidad":"Online, asynchronous","impartido_en":"Spanish\/English","dedicacion":"6\u20138 hours per week","titulo":"Specialized Course in Rehabilitation Training for Shoulder Girdle Injuries","contenido":"<p>This training program is designed to provide professionals with advanced practical knowledge of key tasks involved in the post-injury rehabilitation of the shoulder girdle. Within this context, the shoulder girdle includes the sternocostoclavicular, scapulothoracic, acromioclavicular, and glenohumeral joints, as well as all related soft tissues.<\/p>\n<p>Although shoulder girdle injuries are less common in football compared to lower-limb injuries, this course focuses on foundational exercises, particularly for the stabilization of the glenohumeral and scapulothoracic joints and the recovery and maintenance of adequate subacromial space. This set of exercises aims to achieve key rehabilitation goals common to various injuries in this anatomical region and is especially useful for goalkeepers. Unlike other rehabilitation courses on the platform, this program does not progress toward sport-specific skill development, as the intention is to keep the content relevant to all playing positions, acknowledging that outfield players can also sustain these injuries.<\/p>\n<p>The first conceptual axis introduces the range of shoulder girdle injuries, discussing incidence, injury biomechanics, and providing a clinical overview of the most common pathologies, along with a synthesis of current rehabilitation approaches.<\/p>\n<p>The second, third, and fourth conceptual axes focus on key exercises for recovery:<\/p>\n<p>The second axis presents strategies to restore and maintain a healthy subacromial space, a critical factor given the high number of injuries caused by or associated with reduced subacromial space.<\/p>\n<p>The third axis addresses stabilization of the entire shoulder girdle complex, with particular emphasis on the glenohumeral and scapulothoracic joints.<\/p>\n<p>The fourth axis proposes a progression of stabilization exercises, maintaining a general orientation without advancing into specific skill development.<\/p>\n","galeria_producto":false,"cursos_que_lo_componen":[{"nombre_del_curso":"1. Characteristics of Shoulder Girdle Injuries in Football","descripcion_del_curso":""},{"nombre_del_curso":"2. Improvement of the Subacromial Space","descripcion_del_curso":""},{"nombre_del_curso":"3. Stabilization of the Thoracic\u2013Scapular\u2013Humeral Complex","descripcion_del_curso":""},{"nombre_del_curso":"4. Progression Toward Variations in Stabilization Work","descripcion_del_curso":""}],"preguntas_frecuentes":false,"docentes_expertos":[{"foto":"https:\/\/innovity.org\/wp-content\/uploads\/2025\/10\/Foto-DaniRomero.png","nombre_del_docente":"Dani Romero","descripcion_del_docente":"PhD in Sports Sciences from the University of Zaragoza (Spain). He holds a Bachelor\u2019s degree in Sport Sciences from the University of Barcelona and a Bachelor\u2019s degree in Physiotherapy from the Autonomous University of Barcelona. In the academic field, he has collaborated with several universities in departments of Physiotherapy and Sport Sciences. He is currently Director of the Department of Physiotherapy at the International University of Catalonia (since the 2020\u20132021 academic year). Previously, he served as Director of the Master\u2019s program in Readaptation to Physical Activity and Sport at the University of Girona (2011\u20132021). He is the author of numerous scientific articles, with research particularly focused on the effects of inertial training systems for strength development, both in performance enhancement and injury prevention.","enlace":""}],"card_descubre":false,"imagen_card_descubre":false,"texto_card_descubre":"","link_btn_card_descubre":"","video_producto":"","que_incluye_este_programa":[{"contenido":"Access to the Innovity\u00ae Method: Science, Methodology, and Application"},{"contenido":"Expert Mentorship: testimonials, best practices, and insights from experts\u2014directly from the field"},{"contenido":"Access to materials anytime, anywhere, and from any device"},{"contenido":"24\/7 Support, synchronous or asynchronous, according to your preference, provided by the Innovity professional team"},{"contenido":"Case Method: effective use of learned tools and concepts"},{"contenido":"Self-Assessments to measure learning progress"},{"contenido":"Comprehensive final exam"},{"contenido":"Certificate of completion or attendance, as applicable"}],"programas_relacionados":"","pdf_brochure":false,"avalado_por":false,"mostrar_banner_1":false,"crear_banner_1":{"utilizar_imagen_unica_para_banner":false,"asignar_imagen_unica_para_banner":false,"mostrar_titulo_banner":false,"titulo_para_banner":"","mostrar_subtitulo_banner":false,"subtitulo_del_banner":"","mostrar_cta_banner":false,"texto_cta_banner":"","url_cta_banner":"","fondo_de_color_banner":"","fondo_de_imagen_banner":false,"mostrar_imagen_izquierda_banner":false,"asignar_imagen_izquierda_banner":false},"mostrar_banner_2":false,"crear_banner_2":{"utilizar_imagen_unica_para_banner":false,"asignar_imagen_unica_para_banner":false,"mostrar_titulo_banner":false,"titulo_para_banner":"","mostrar_subtitulo_banner":false,"subtitulo_del_banner":"","mostrar_cta_banner":false,"texto_cta_banner":"","url_cta_banner":"","fondo_de_color_banner":"","fondo_de_imagen_banner":false,"mostrar_imagen_izquierda_banner":false,"asignar_imagen_izquierda_banner":false},"mostrar_banner_3":false,"crear_banner_3":{"utilizar_imagen_unica_para_banner":false,"asignar_imagen_unica_para_banner":false,"mostrar_titulo_banner":false,"titulo_para_banner":"","mostrar_subtitulo_banner":false,"subtitulo_del_banner":"","mostrar_cta_banner":false,"texto_cta_banner":"","url_cta_banner":"","fondo_de_color_banner":"","fondo_de_imagen_banner":false,"mostrar_imagen_izquierda_banner":false,"asignar_imagen_izquierda_banner":false},"activar_fechas_automaticas":false,"fecha_de_inicio_automatica":"","segunda_fecha_de_inicio_automatica":"","zona_horaria":"Europe\/Madrid","header_image":"https:\/\/innovity.org\/wp-content\/uploads\/2025\/10\/12.png","texto_hero":"Conocimiento pr\u00e1ctico de avanzada sobre la readaptaci\u00f3n post lesi\u00f3n de la cintura escapular (incluyendo uni\u00f3n esternocostoclavicular, esc\u00e1pulo-tor\u00e1cica, la acromioclavicular y la articulaci\u00f3n glenohumeral)","url_btn_compra":"https:\/\/buy.stripe.com\/6oU8wQ8Jmf8J6ueg090kE0v"},"yoast_head":"<!-- This site is optimized with the Yoast SEO plugin v18.2 - https:\/\/yoast.com\/wordpress\/plugins\/seo\/ -->\n<meta name=\"description\" content=\"Created by global leaders and experts. 1-month duration. 100% online. Build for professionals. Backed by science. Powered by innovation.\" \/>\n<meta name=\"robots\" content=\"index, follow, max-snippet:-1, max-image-preview:large, max-video-preview:-1\" \/>\n<link rel=\"canonical\" href=\"https:\/\/innovity.org\/en\/product\/specialized-course-in-rehabilitation-training-for-shoulder-girdle-injuries\/\" \/>\n<meta property=\"og:locale\" content=\"en_US\" \/>\n<meta property=\"og:type\" content=\"article\" \/>\n<meta property=\"og:title\" content=\"Specialized Course in Rehabilitation Training for Shoulder Girdle Injuries - Innovity\" \/>\n<meta property=\"og:description\" content=\"Created by global leaders and experts. 1-month duration. 100% online. Build for professionals. Backed by science. Powered by innovation.\" \/>\n<meta property=\"og:url\" content=\"https:\/\/innovity.org\/en\/product\/specialized-course-in-rehabilitation-training-for-shoulder-girdle-injuries\/\" \/>\n<meta property=\"og:site_name\" content=\"Innovity\" \/>\n<meta property=\"article:modified_time\" content=\"2025-12-29T01:45:05+00:00\" \/>\n<meta name=\"twitter:card\" content=\"summary_large_image\" \/>\n<script type=\"application\/ld+json\" class=\"yoast-schema-graph\">{\"@context\":\"https:\/\/schema.org\",\"@graph\":[{\"@type\":\"WebSite\",\"@id\":\"https:\/\/innovity.org\/#website\",\"url\":\"https:\/\/innovity.org\/\",\"name\":\"Open Campus\",\"description\":\"\",\"potentialAction\":[{\"@type\":\"SearchAction\",\"target\":{\"@type\":\"EntryPoint\",\"urlTemplate\":\"https:\/\/innovity.org\/?s={search_term_string}\"},\"query-input\":\"required name=search_term_string\"}],\"inLanguage\":\"en-US\"},{\"@type\":\"WebPage\",\"@id\":\"https:\/\/innovity.org\/en\/product\/specialized-course-in-rehabilitation-training-for-shoulder-girdle-injuries\/#webpage\",\"url\":\"https:\/\/innovity.org\/en\/product\/specialized-course-in-rehabilitation-training-for-shoulder-girdle-injuries\/\",\"name\":\"Specialized Course in Rehabilitation Training for Shoulder Girdle Injuries - Innovity\",\"isPartOf\":{\"@id\":\"https:\/\/innovity.org\/#website\"},\"datePublished\":\"2025-11-12T10:49:31+00:00\",\"dateModified\":\"2025-12-29T01:45:05+00:00\",\"description\":\"Created by global leaders and experts. 1-month duration. 100% online. Build for professionals. Backed by science. Powered by innovation.\",\"breadcrumb\":{\"@id\":\"https:\/\/innovity.org\/en\/product\/specialized-course-in-rehabilitation-training-for-shoulder-girdle-injuries\/#breadcrumb\"},\"inLanguage\":\"en-US\",\"potentialAction\":[{\"@type\":\"ReadAction\",\"target\":[\"https:\/\/innovity.org\/en\/product\/specialized-course-in-rehabilitation-training-for-shoulder-girdle-injuries\/\"]}]},{\"@type\":\"BreadcrumbList\",\"@id\":\"https:\/\/innovity.org\/en\/product\/specialized-course-in-rehabilitation-training-for-shoulder-girdle-injuries\/#breadcrumb\",\"itemListElement\":[{\"@type\":\"ListItem\",\"position\":1,\"name\":\"Productos\",\"item\":\"https:\/\/innovity.org\/en\/product\/\"},{\"@type\":\"ListItem\",\"position\":2,\"name\":\"Specialized Course in Rehabilitation Training for Shoulder Girdle Injuries\"}]}]}<\/script>\n<!-- \/ Yoast SEO plugin. -->","yoast_head_json":{"description":"Created by global leaders and experts. 1-month duration. 100% online. Build for professionals. Backed by science. Powered by innovation.","robots":{"index":"index","follow":"follow","max-snippet":"max-snippet:-1","max-image-preview":"max-image-preview:large","max-video-preview":"max-video-preview:-1"},"canonical":"https:\/\/innovity.org\/en\/product\/specialized-course-in-rehabilitation-training-for-shoulder-girdle-injuries\/","og_locale":"en_US","og_type":"article","og_title":"Specialized Course in Rehabilitation Training for Shoulder Girdle Injuries - Innovity","og_description":"Created by global leaders and experts. 1-month duration. 100% online. Build for professionals. Backed by science. Powered by innovation.","og_url":"https:\/\/innovity.org\/en\/product\/specialized-course-in-rehabilitation-training-for-shoulder-girdle-injuries\/","og_site_name":"Innovity","article_modified_time":"2025-12-29T01:45:05+00:00","twitter_card":"summary_large_image","schema":{"@context":"https:\/\/schema.org","@graph":[{"@type":"WebSite","@id":"https:\/\/innovity.org\/#website","url":"https:\/\/innovity.org\/","name":"Open Campus","description":"","potentialAction":[{"@type":"SearchAction","target":{"@type":"EntryPoint","urlTemplate":"https:\/\/innovity.org\/?s={search_term_string}"},"query-input":"required name=search_term_string"}],"inLanguage":"en-US"},{"@type":"WebPage","@id":"https:\/\/innovity.org\/en\/product\/specialized-course-in-rehabilitation-training-for-shoulder-girdle-injuries\/#webpage","url":"https:\/\/innovity.org\/en\/product\/specialized-course-in-rehabilitation-training-for-shoulder-girdle-injuries\/","name":"Specialized Course in Rehabilitation Training for Shoulder Girdle Injuries - Innovity","isPartOf":{"@id":"https:\/\/innovity.org\/#website"},"datePublished":"2025-11-12T10:49:31+00:00","dateModified":"2025-12-29T01:45:05+00:00","description":"Created by global leaders and experts. 1-month duration. 100% online. Build for professionals. Backed by science. Powered by innovation.","breadcrumb":{"@id":"https:\/\/innovity.org\/en\/product\/specialized-course-in-rehabilitation-training-for-shoulder-girdle-injuries\/#breadcrumb"},"inLanguage":"en-US","potentialAction":[{"@type":"ReadAction","target":["https:\/\/innovity.org\/en\/product\/specialized-course-in-rehabilitation-training-for-shoulder-girdle-injuries\/"]}]},{"@type":"BreadcrumbList","@id":"https:\/\/innovity.org\/en\/product\/specialized-course-in-rehabilitation-training-for-shoulder-girdle-injuries\/#breadcrumb","itemListElement":[{"@type":"ListItem","position":1,"name":"Productos","item":"https:\/\/innovity.org\/en\/product\/"},{"@type":"ListItem","position":2,"name":"Specialized Course in Rehabilitation Training for Shoulder Girdle Injuries"}]}]}},"_links":{"self":[{"href":"https:\/\/innovity.org\/en\/wp-json\/wp\/v2\/products\/12667","targetHints":{"allow":["GET"]}}],"collection":[{"href":"https:\/\/innovity.org\/en\/wp-json\/wp\/v2\/products"}],"about":[{"href":"https:\/\/innovity.org\/en\/wp-json\/wp\/v2\/types\/product"}],"author":[{"embeddable":true,"href":"https:\/\/innovity.org\/en\/wp-json\/wp\/v2\/users\/12"}],"replies":[{"embeddable":true,"href":"https:\/\/innovity.org\/en\/wp-json\/wp\/v2\/comments?post=12667"}],"version-history":[{"count":2,"href":"https:\/\/innovity.org\/en\/wp-json\/wp\/v2\/products\/12667\/revisions"}],"predecessor-version":[{"id":12669,"href":"https:\/\/innovity.org\/en\/wp-json\/wp\/v2\/products\/12667\/revisions\/12669"}],"wp:attachment":[{"href":"https:\/\/innovity.org\/en\/wp-json\/wp\/v2\/media?parent=12667"}],"wp:term":[{"taxonomy":"category","embeddable":true,"href":"https:\/\/innovity.org\/en\/wp-json\/wp\/v2\/categories?post=12667"}],"curies":[{"name":"wp","href":"https:\/\/api.w.org\/{rel}","templated":true}]}}