{"id":12645,"date":"2025-11-11T20:05:00","date_gmt":"2025-11-11T20:05:00","guid":{"rendered":"https:\/\/innovity.org\/?post_type=product&#038;p=12645"},"modified":"2025-12-29T01:42:46","modified_gmt":"2025-12-29T01:42:46","slug":"specialized-course-in-management-of-triceps-surae-injuries-in-football-players","status":"publish","type":"product","link":"https:\/\/innovity.org\/en\/product\/specialized-course-in-management-of-triceps-surae-injuries-in-football-players\/","title":{"rendered":"Specialized Course in Management of Triceps Surae Injuries in Football Players"},"content":{"rendered":"","protected":false},"excerpt":{"rendered":"","protected":false},"author":12,"featured_media":0,"comment_status":"open","ping_status":"closed","template":"","meta":{"footnotes":""},"categories":[74,1],"class_list":["post-12645","product","type-product","status-publish","hentry","category-specialized-course","category-uncategorized"],"acf":{"hubspot_product_id":"","id_magento":"","external_id":"","our_courses_title":"","our_courses_texto":"","imagen_destacada":false,"precio":"220","precio_en_cuotas":"","precio_de_lista":"","promocion_vigente":"","duracion_del_curso":"1 month","fecha_de_inicio":"10\/12\/2025","tipo_de_programa":"Specialized course (executive education)","nivel_del_curso":"Intermediate","modalidad":"Online, asynchronous","impartido_en":"Spanish\/English","dedicacion":"6\u20138 hours per week","titulo":"Specialized Course in Management of Triceps Surae Injuries in Football Players","contenido":"<p>Injuries of the triceps surae\u2014comprising the soleus and the medial and lateral gastrocnemius muscles\u2014represent a complex entity within musculoskeletal clinical practice. Their fundamental role in posture, balance, and locomotion makes them a key muscle group in both athletic and non-athletic populations. However, their management is often limited to functional protocols and return-to-play guidelines, overlooking a deeper understanding of the underlying pathophysiological, sensorimotor, and neuromuscular mechanisms.<\/p>\n<p>This course is designed for physiotherapists, sports physicians, and musculoskeletal health professionals seeking a scientific, critical, and clinically grounded perspective on triceps surae injuries\u2014moving beyond traditional functional or sport-specific approaches. The program offers an in-depth exploration of topics such as: morphostructural organization of the triceps surae, current models of muscle injury, role of the muscle spindle and the sensorimotor system, intrinsic and extrinsic risk factors, pain as a neurophysiological experience, quantified assessment of structural and functional damage<\/p>\n<p>Through a rigorous modular structure, the course examines the integration of neuromuscular, sensory, and structural systems in triceps surae injuries, supported by up-to-date scientific evidence. Emphasis is placed on clinical reasoning and critical interpretation, rather than on instrumental tools, providing a cross-disciplinary, evidence-based, and knowledge-centered approach.<\/p>\n","galeria_producto":false,"cursos_que_lo_componen":[{"nombre_del_curso":"1. Functional Anatomy and Morphostructure of the Triceps Surae","descripcion_del_curso":""},{"nombre_del_curso":"2. Neurophysiological and Sensorimotor Integration and Clinical Assessment","descripcion_del_curso":""},{"nombre_del_curso":"3. Advanced Clinical Interpretation and Diagnostic Differentiation","descripcion_del_curso":""},{"nombre_del_curso":"4. Advanced Clinical Evaluation and Decision-Making","descripcion_del_curso":""}],"preguntas_frecuentes":false,"docentes_expertos":[{"foto":"https:\/\/innovity.org\/wp-content\/uploads\/2025\/10\/Foto-Josep-Caballero.jpeg","nombre_del_docente":"Josep Caballero","descripcion_del_docente":"Graduate in Physiotherapy from the Miguel Hern\u00e1ndez University (Elche, Alicante). He has taught at several universities, including the University of Murcia, the Camilo Jos\u00e9 Cela University, and the Public University of Navarra. At the latter, he stood out as a lecturer in the University Expert in Sports Rehabilitation program.\r\nHe is currently an Associate Professor at CEU University of Elche and a lecturer in the Expert Program in Percutaneous Neuromodulation and Invasive Techniques. He has completed numerous professional training courses in advanced techniques for the treatment of musculoskeletal injuries related to sports.\r\n\r\nFrom a professional standpoint, he has worked for several years as a physiotherapist and sports rehabilitation specialist in various football clubs from the English Premier League and the Italian Serie A, as well as with Olympic federations and UCI cycling teams. Much of this work took place between 2017 and 2023, part of it also as a consulting physiotherapist. Among his diverse professional activities, it is worth noting that he is a member of the medical staff of Ilia Topuria, UFC Featherweight World Champion.\r\n\r\nIn the 2023\u201324 season, he joined Villarreal CF\u2019s first team as a physiotherapist. Beginning with the 2024\u201325 season, he became Coordinator of the Physiotherapy Department for the club\u2019s first team \u2014 a role he continues to hold today.\r\n\r\nBefore this position, he served as Director of the Master\u2019s in Physical Activity and Sports Rehabilitation at the University of Girona (2011\u20132021).\r\nHe is the author of numerous scientific articles, primarily focused on the effects of inertial strength training systems, both for performance enhancement and injury prevention.\r\n\r\nIn the professional field, he has trained athletes for over 30 years, particularly football players, and served as fitness coach for FC Barcelona \u2014 first with Bar\u00e7a Athletic during the 2019\u201320 season (under Xavier Garc\u00eda Pimienta\u2019s staff), and later with the first team (under Ronald Koeman in the 2020\u201321 and 2021\u201322 seasons, and under Xavi Hern\u00e1ndez in 2021\u201322).\r\n\r\nThroughout his career, he has stood out for his methodology in injury prevention, his dual structural and functional approach to training, and, in recent years, his integration of the ecological framework into football training.","enlace":""}],"card_descubre":false,"imagen_card_descubre":false,"link_btn_card_descubre":"","video_producto":"","que_incluye_este_programa":[{"contenido":"Access to the Innovity\u00ae Method: Science, Methodology, and Application"},{"contenido":"Expert Mentorship: testimonials, best practices, and insights from experts\u2014directly from the field"},{"contenido":"Access to materials anytime, anywhere, and from any device"},{"contenido":"24\/7 Support, synchronous or asynchronous, according to your preference, provided by the Innovity professional team"},{"contenido":"Case Method: effective use of learned tools and concepts"},{"contenido":"Self-Assessments to measure learning progress"},{"contenido":"Comprehensive final exam"},{"contenido":"Certificate of completion or attendance, as applicable"}],"programas_relacionados":"","pdf_brochure":false,"avalado_por":false,"mostrar_banner_1":false,"crear_banner_1":{"utilizar_imagen_unica_para_banner":false,"asignar_imagen_unica_para_banner":false,"mostrar_titulo_banner":false,"titulo_para_banner":"","mostrar_subtitulo_banner":false,"subtitulo_del_banner":"","mostrar_cta_banner":false,"texto_cta_banner":"","url_cta_banner":"","fondo_de_color_banner":"","fondo_de_imagen_banner":false,"mostrar_imagen_izquierda_banner":false,"asignar_imagen_izquierda_banner":false},"mostrar_banner_2":false,"crear_banner_2":{"utilizar_imagen_unica_para_banner":false,"asignar_imagen_unica_para_banner":false,"mostrar_titulo_banner":false,"titulo_para_banner":"","mostrar_subtitulo_banner":false,"subtitulo_del_banner":"","mostrar_cta_banner":false,"texto_cta_banner":"","url_cta_banner":"","fondo_de_color_banner":"","fondo_de_imagen_banner":false,"mostrar_imagen_izquierda_banner":false,"asignar_imagen_izquierda_banner":false},"mostrar_banner_3":false,"crear_banner_3":{"utilizar_imagen_unica_para_banner":false,"asignar_imagen_unica_para_banner":false,"mostrar_titulo_banner":false,"titulo_para_banner":"","mostrar_subtitulo_banner":false,"subtitulo_del_banner":"","mostrar_cta_banner":false,"texto_cta_banner":"","url_cta_banner":"","fondo_de_color_banner":"","fondo_de_imagen_banner":false,"mostrar_imagen_izquierda_banner":false,"asignar_imagen_izquierda_banner":false},"activar_fechas_automaticas":false,"fecha_de_inicio_automatica":"","segunda_fecha_de_inicio_automatica":"","zona_horaria":"Europe\/Madrid","header_image":"https:\/\/innovity.org\/wp-content\/uploads\/2025\/10\/103.png","texto_hero":"Dise\u00f1ado para fisioterapeutas, m\u00e9dicos del deporte y profesionales de la salud musculoesquel\u00e9tica que buscan una mirada cient\u00edfica, cr\u00edtica y cl\u00ednica de las lesiones del tr\u00edceps sural.","texto_card_descubre":"1 mes, 100% on line, creado por referente globales.","url_btn_compra":"https:\/\/buy.stripe.com\/eVqcN69NqaSt19U29j0kE0p"},"yoast_head":"<!-- This site is optimized with the Yoast SEO plugin v18.2 - https:\/\/yoast.com\/wordpress\/plugins\/seo\/ -->\n<meta name=\"description\" content=\"Created by global leaders and experts. 1-month duration. 100% online. Build for professionals. Backed by science. Powered by innovation.\" \/>\n<meta name=\"robots\" content=\"index, follow, max-snippet:-1, max-image-preview:large, max-video-preview:-1\" \/>\n<link rel=\"canonical\" href=\"https:\/\/innovity.org\/en\/product\/specialized-course-in-management-of-triceps-surae-injuries-in-football-players\/\" \/>\n<meta property=\"og:locale\" content=\"en_US\" \/>\n<meta property=\"og:type\" content=\"article\" \/>\n<meta property=\"og:title\" content=\"Specialized Course in Management of Triceps Surae Injuries in Football Players - Innovity\" \/>\n<meta property=\"og:description\" content=\"Created by global leaders and experts. 1-month duration. 100% online. Build for professionals. Backed by science. Powered by innovation.\" \/>\n<meta property=\"og:url\" content=\"https:\/\/innovity.org\/en\/product\/specialized-course-in-management-of-triceps-surae-injuries-in-football-players\/\" \/>\n<meta property=\"og:site_name\" content=\"Innovity\" \/>\n<meta property=\"article:modified_time\" content=\"2025-12-29T01:42:46+00:00\" \/>\n<meta name=\"twitter:card\" content=\"summary_large_image\" \/>\n<script type=\"application\/ld+json\" class=\"yoast-schema-graph\">{\"@context\":\"https:\/\/schema.org\",\"@graph\":[{\"@type\":\"WebSite\",\"@id\":\"https:\/\/innovity.org\/#website\",\"url\":\"https:\/\/innovity.org\/\",\"name\":\"Open Campus\",\"description\":\"\",\"potentialAction\":[{\"@type\":\"SearchAction\",\"target\":{\"@type\":\"EntryPoint\",\"urlTemplate\":\"https:\/\/innovity.org\/?s={search_term_string}\"},\"query-input\":\"required name=search_term_string\"}],\"inLanguage\":\"en-US\"},{\"@type\":\"WebPage\",\"@id\":\"https:\/\/innovity.org\/en\/product\/specialized-course-in-management-of-triceps-surae-injuries-in-football-players\/#webpage\",\"url\":\"https:\/\/innovity.org\/en\/product\/specialized-course-in-management-of-triceps-surae-injuries-in-football-players\/\",\"name\":\"Specialized Course in Management of Triceps Surae Injuries in Football Players - Innovity\",\"isPartOf\":{\"@id\":\"https:\/\/innovity.org\/#website\"},\"datePublished\":\"2025-11-11T20:05:00+00:00\",\"dateModified\":\"2025-12-29T01:42:46+00:00\",\"description\":\"Created by global leaders and experts. 1-month duration. 100% online. Build for professionals. Backed by science. Powered by innovation.\",\"breadcrumb\":{\"@id\":\"https:\/\/innovity.org\/en\/product\/specialized-course-in-management-of-triceps-surae-injuries-in-football-players\/#breadcrumb\"},\"inLanguage\":\"en-US\",\"potentialAction\":[{\"@type\":\"ReadAction\",\"target\":[\"https:\/\/innovity.org\/en\/product\/specialized-course-in-management-of-triceps-surae-injuries-in-football-players\/\"]}]},{\"@type\":\"BreadcrumbList\",\"@id\":\"https:\/\/innovity.org\/en\/product\/specialized-course-in-management-of-triceps-surae-injuries-in-football-players\/#breadcrumb\",\"itemListElement\":[{\"@type\":\"ListItem\",\"position\":1,\"name\":\"Productos\",\"item\":\"https:\/\/innovity.org\/en\/product\/\"},{\"@type\":\"ListItem\",\"position\":2,\"name\":\"Specialized Course in Management of Triceps Surae Injuries in Football Players\"}]}]}<\/script>\n<!-- \/ Yoast SEO plugin. -->","yoast_head_json":{"description":"Created by global leaders and experts. 1-month duration. 100% online. Build for professionals. Backed by science. Powered by innovation.","robots":{"index":"index","follow":"follow","max-snippet":"max-snippet:-1","max-image-preview":"max-image-preview:large","max-video-preview":"max-video-preview:-1"},"canonical":"https:\/\/innovity.org\/en\/product\/specialized-course-in-management-of-triceps-surae-injuries-in-football-players\/","og_locale":"en_US","og_type":"article","og_title":"Specialized Course in Management of Triceps Surae Injuries in Football Players - Innovity","og_description":"Created by global leaders and experts. 1-month duration. 100% online. Build for professionals. Backed by science. Powered by innovation.","og_url":"https:\/\/innovity.org\/en\/product\/specialized-course-in-management-of-triceps-surae-injuries-in-football-players\/","og_site_name":"Innovity","article_modified_time":"2025-12-29T01:42:46+00:00","twitter_card":"summary_large_image","schema":{"@context":"https:\/\/schema.org","@graph":[{"@type":"WebSite","@id":"https:\/\/innovity.org\/#website","url":"https:\/\/innovity.org\/","name":"Open Campus","description":"","potentialAction":[{"@type":"SearchAction","target":{"@type":"EntryPoint","urlTemplate":"https:\/\/innovity.org\/?s={search_term_string}"},"query-input":"required name=search_term_string"}],"inLanguage":"en-US"},{"@type":"WebPage","@id":"https:\/\/innovity.org\/en\/product\/specialized-course-in-management-of-triceps-surae-injuries-in-football-players\/#webpage","url":"https:\/\/innovity.org\/en\/product\/specialized-course-in-management-of-triceps-surae-injuries-in-football-players\/","name":"Specialized Course in Management of Triceps Surae Injuries in Football Players - Innovity","isPartOf":{"@id":"https:\/\/innovity.org\/#website"},"datePublished":"2025-11-11T20:05:00+00:00","dateModified":"2025-12-29T01:42:46+00:00","description":"Created by global leaders and experts. 1-month duration. 100% online. Build for professionals. Backed by science. Powered by innovation.","breadcrumb":{"@id":"https:\/\/innovity.org\/en\/product\/specialized-course-in-management-of-triceps-surae-injuries-in-football-players\/#breadcrumb"},"inLanguage":"en-US","potentialAction":[{"@type":"ReadAction","target":["https:\/\/innovity.org\/en\/product\/specialized-course-in-management-of-triceps-surae-injuries-in-football-players\/"]}]},{"@type":"BreadcrumbList","@id":"https:\/\/innovity.org\/en\/product\/specialized-course-in-management-of-triceps-surae-injuries-in-football-players\/#breadcrumb","itemListElement":[{"@type":"ListItem","position":1,"name":"Productos","item":"https:\/\/innovity.org\/en\/product\/"},{"@type":"ListItem","position":2,"name":"Specialized Course in Management of Triceps Surae Injuries in Football Players"}]}]}},"idiomas":{"en":12645,"es":11909,"ca":12645},"_links":{"self":[{"href":"https:\/\/innovity.org\/en\/wp-json\/wp\/v2\/products\/12645","targetHints":{"allow":["GET"]}}],"collection":[{"href":"https:\/\/innovity.org\/en\/wp-json\/wp\/v2\/products"}],"about":[{"href":"https:\/\/innovity.org\/en\/wp-json\/wp\/v2\/types\/product"}],"author":[{"embeddable":true,"href":"https:\/\/innovity.org\/en\/wp-json\/wp\/v2\/users\/12"}],"replies":[{"embeddable":true,"href":"https:\/\/innovity.org\/en\/wp-json\/wp\/v2\/comments?post=12645"}],"version-history":[{"count":3,"href":"https:\/\/innovity.org\/en\/wp-json\/wp\/v2\/products\/12645\/revisions"}],"predecessor-version":[{"id":13094,"href":"https:\/\/innovity.org\/en\/wp-json\/wp\/v2\/products\/12645\/revisions\/13094"}],"wp:attachment":[{"href":"https:\/\/innovity.org\/en\/wp-json\/wp\/v2\/media?parent=12645"}],"wp:term":[{"taxonomy":"category","embeddable":true,"href":"https:\/\/innovity.org\/en\/wp-json\/wp\/v2\/categories?post=12645"}],"curies":[{"name":"wp","href":"https:\/\/api.w.org\/{rel}","templated":true}]}}