{"id":12617,"date":"2025-11-11T19:00:09","date_gmt":"2025-11-11T19:00:09","guid":{"rendered":"https:\/\/innovity.org\/?post_type=product&#038;p=12617"},"modified":"2025-12-29T01:43:25","modified_gmt":"2025-12-29T01:43:25","slug":"specialized-course-in-technical-and-tactical-fundamentals-of-football","status":"publish","type":"product","link":"https:\/\/innovity.org\/en\/product\/specialized-course-in-technical-and-tactical-fundamentals-of-football\/","title":{"rendered":"Specialized Course in Technical and Tactical Fundamentals of Football"},"content":{"rendered":"","protected":false},"excerpt":{"rendered":"","protected":false},"author":12,"featured_media":0,"comment_status":"open","ping_status":"closed","template":"","meta":{"footnotes":""},"categories":[74,1],"class_list":["post-12617","product","type-product","status-publish","hentry","category-specialized-course","category-uncategorized"],"acf":{"hubspot_product_id":"","id_magento":"","external_id":"","our_courses_title":"","our_courses_texto":"","imagen_destacada":false,"precio":"220","precio_en_cuotas":"","precio_de_lista":"","promocion_vigente":"","duracion_del_curso":"1 month","fecha_de_inicio":"10\/12\/2025","tipo_de_programa":"Specialized course (executive education)","nivel_del_curso":"Intermediate","modalidad":"Online, asynchronous","impartido_en":"Spanish\/English","dedicacion":"6\u20138 hours per week","titulo":"Specialized Course in Technical and Tactical Fundamentals of Football","contenido":"<p>This training program is designed for professionals working in football who are not part of the technical staff making tactical and technical decisions\u2014such as strength and conditioning coaches, rehabilitation specialists, and physiotherapists. The objective is to provide them with a clear understanding of the tactical foundations of football, without addressing physical or medical content.<\/p>\n<p>The goal is to enable participants to understand the game through tactical logic: how a team is organized, which behaviors occur, what structures exist, and how the game is analyzed. This knowledge allows professionals to interpret matches and training sessions more effectively, using a shared framework with the technical staff.<\/p>\n<p>This understanding aims to enhance each professional\u2019s integration within the staff, facilitating interactions and collaboration across different areas. It is crucial to note that physiotherapists, rehabilitation specialists, and strength and conditioning coaches can optimize their player-related decision-making by acquiring this tactical knowledge.<\/p>\n<p>Even for coaches, this course can be valuable, as it provides insight into the type of tactical education that health and sports science professionals will receive, according to our approach. Overall, this training fosters improved communication and collaboration within teams, academies, and clubs, ultimately enhancing planning, programming, and decision-making processes.<\/p>\n","galeria_producto":false,"cursos_que_lo_componen":[{"nombre_del_curso":"1. Collective Tactical Organization","descripcion_del_curso":""},{"nombre_del_curso":"2. Team Analysis and Interdisciplinary Communication","descripcion_del_curso":""},{"nombre_del_curso":"3. Individual Profiles and Positional Relationships","descripcion_del_curso":""},{"nombre_del_curso":"4. Individual Player Analysis","descripcion_del_curso":""}],"preguntas_frecuentes":false,"docentes_expertos":[{"foto":"https:\/\/innovity.org\/wp-content\/uploads\/2025\/10\/Foto-Adria\u0300-Milla\u0301n-1.jpeg","nombre_del_docente":"Adri\u00e0 Mill\u00e1n Monterroso","descripcion_del_docente":"Graduate in Journalism from the University of Vic \u2013 Central University of Catalonia. He began his career in football as a tactical analyst during the 2020\u20132021 season, joining Girona FC as analyst for the U18 team (Juvenil B) while also preparing individual reports for the Academy Scouting Department.\r\n\r\nSince then, he has progressed steadily within the club. In the 2021\u20132022 season, he became part of the coaching staff of Girona B (U23), where he has worked for four consecutive seasons, contributing to the team\u2019s promotion to Segunda RFEF in 2025. In parallel, he has held different positions of responsibility within the club\u2019s analysis department, first as coordinator of individual reports for the Academy Scouting Department, and later as Head of Analysis for Girona FC\u2019s youth academy.\r\n\r\nHe is currently Head of Analysis for Girona B, combining responsibilities in own-team and opposition analysis, individual player development, and the preparation and supervision of individual reports for the club\u2019s Sporting Directorate.\r\n\r\nHe is the author of the book \u201cNagelsmann t\u00e1ctico, el camale\u00f3n estratega\u201d (Editorial LibroF\u00fatbol, 2021), a detailed visual analysis of the German coach\u2019s game model.\r\n\r\nIn terms of specialized training, he has completed the Scouting and Analysis Specialist program and the Individual Fundamentals by Position Specialist course at MBP School, as well as the Talent Recruitment Technician course at FutbolLab.","enlace":""}],"card_descubre":false,"imagen_card_descubre":false,"texto_card_descubre":"","link_btn_card_descubre":"","video_producto":"","que_incluye_este_programa":[{"contenido":"Access to the Innovity\u00ae Method: Science, Methodology, and Application"},{"contenido":"Expert Mentorship: testimonials, best practices, and insights from experts\u2014directly from the field"},{"contenido":"Access to materials anytime, anywhere, and from any device"},{"contenido":"24\/7 Support, synchronous or asynchronous, according to your preference, provided by the Innovity professional team"},{"contenido":"Case Method: effective use of learned tools and concepts"},{"contenido":"Self-Assessments to measure learning progress"},{"contenido":"Comprehensive final exam"},{"contenido":"Certificate of completion or attendance, as applicable"}],"programas_relacionados":"","pdf_brochure":false,"avalado_por":false,"mostrar_banner_1":false,"crear_banner_1":{"utilizar_imagen_unica_para_banner":false,"asignar_imagen_unica_para_banner":false,"mostrar_titulo_banner":false,"titulo_para_banner":"","mostrar_subtitulo_banner":false,"subtitulo_del_banner":"","mostrar_cta_banner":false,"texto_cta_banner":"","url_cta_banner":"","fondo_de_color_banner":"","fondo_de_imagen_banner":false,"mostrar_imagen_izquierda_banner":false,"asignar_imagen_izquierda_banner":false},"mostrar_banner_2":false,"crear_banner_2":{"utilizar_imagen_unica_para_banner":false,"asignar_imagen_unica_para_banner":false,"mostrar_titulo_banner":false,"titulo_para_banner":"","mostrar_subtitulo_banner":false,"subtitulo_del_banner":"","mostrar_cta_banner":false,"texto_cta_banner":"","url_cta_banner":"","fondo_de_color_banner":"","fondo_de_imagen_banner":false,"mostrar_imagen_izquierda_banner":false,"asignar_imagen_izquierda_banner":false},"mostrar_banner_3":false,"crear_banner_3":{"utilizar_imagen_unica_para_banner":false,"asignar_imagen_unica_para_banner":false,"mostrar_titulo_banner":false,"titulo_para_banner":"","mostrar_subtitulo_banner":false,"subtitulo_del_banner":"","mostrar_cta_banner":false,"texto_cta_banner":"","url_cta_banner":"","fondo_de_color_banner":"","fondo_de_imagen_banner":false,"mostrar_imagen_izquierda_banner":false,"asignar_imagen_izquierda_banner":false},"activar_fechas_automaticas":false,"fecha_de_inicio_automatica":"","segunda_fecha_de_inicio_automatica":"","zona_horaria":"Europe\/Madrid","header_image":"https:\/\/innovity.org\/wp-content\/uploads\/2025\/10\/35.png","texto_hero":"Fundamentos t\u00e1cticos y t\u00e9cnicos de f\u00fatbol para miembros no t\u00e9cnicos del staff","url_btn_compra":"https:\/\/buy.stripe.com\/8x27sM2kY5y99Gq6pz0kE0k"},"yoast_head":"<!-- This site is optimized with the Yoast SEO plugin v18.2 - https:\/\/yoast.com\/wordpress\/plugins\/seo\/ -->\n<meta name=\"description\" content=\"Created by global leaders and experts. 1-month duration. 100% online. Build for professionals. Backed by science. Powered by innovation.\" \/>\n<meta name=\"robots\" content=\"index, follow, max-snippet:-1, max-image-preview:large, max-video-preview:-1\" \/>\n<link rel=\"canonical\" href=\"https:\/\/innovity.org\/en\/product\/specialized-course-in-technical-and-tactical-fundamentals-of-football\/\" \/>\n<meta property=\"og:locale\" content=\"en_US\" \/>\n<meta property=\"og:type\" content=\"article\" \/>\n<meta property=\"og:title\" content=\"Specialized Course in Technical and Tactical Fundamentals of Football - Innovity\" \/>\n<meta property=\"og:description\" content=\"Created by global leaders and experts. 1-month duration. 100% online. Build for professionals. Backed by science. Powered by innovation.\" \/>\n<meta property=\"og:url\" content=\"https:\/\/innovity.org\/en\/product\/specialized-course-in-technical-and-tactical-fundamentals-of-football\/\" \/>\n<meta property=\"og:site_name\" content=\"Innovity\" \/>\n<meta property=\"article:modified_time\" content=\"2025-12-29T01:43:25+00:00\" \/>\n<meta name=\"twitter:card\" content=\"summary_large_image\" \/>\n<script type=\"application\/ld+json\" class=\"yoast-schema-graph\">{\"@context\":\"https:\/\/schema.org\",\"@graph\":[{\"@type\":\"WebSite\",\"@id\":\"https:\/\/innovity.org\/#website\",\"url\":\"https:\/\/innovity.org\/\",\"name\":\"Open Campus\",\"description\":\"\",\"potentialAction\":[{\"@type\":\"SearchAction\",\"target\":{\"@type\":\"EntryPoint\",\"urlTemplate\":\"https:\/\/innovity.org\/?s={search_term_string}\"},\"query-input\":\"required name=search_term_string\"}],\"inLanguage\":\"en-US\"},{\"@type\":\"WebPage\",\"@id\":\"https:\/\/innovity.org\/en\/product\/specialized-course-in-technical-and-tactical-fundamentals-of-football\/#webpage\",\"url\":\"https:\/\/innovity.org\/en\/product\/specialized-course-in-technical-and-tactical-fundamentals-of-football\/\",\"name\":\"Specialized Course in Technical and Tactical Fundamentals of Football - Innovity\",\"isPartOf\":{\"@id\":\"https:\/\/innovity.org\/#website\"},\"datePublished\":\"2025-11-11T19:00:09+00:00\",\"dateModified\":\"2025-12-29T01:43:25+00:00\",\"description\":\"Created by global leaders and experts. 1-month duration. 100% online. Build for professionals. Backed by science. Powered by innovation.\",\"breadcrumb\":{\"@id\":\"https:\/\/innovity.org\/en\/product\/specialized-course-in-technical-and-tactical-fundamentals-of-football\/#breadcrumb\"},\"inLanguage\":\"en-US\",\"potentialAction\":[{\"@type\":\"ReadAction\",\"target\":[\"https:\/\/innovity.org\/en\/product\/specialized-course-in-technical-and-tactical-fundamentals-of-football\/\"]}]},{\"@type\":\"BreadcrumbList\",\"@id\":\"https:\/\/innovity.org\/en\/product\/specialized-course-in-technical-and-tactical-fundamentals-of-football\/#breadcrumb\",\"itemListElement\":[{\"@type\":\"ListItem\",\"position\":1,\"name\":\"Productos\",\"item\":\"https:\/\/innovity.org\/en\/product\/\"},{\"@type\":\"ListItem\",\"position\":2,\"name\":\"Specialized Course in Technical and Tactical Fundamentals of Football\"}]}]}<\/script>\n<!-- \/ Yoast SEO plugin. -->","yoast_head_json":{"description":"Created by global leaders and experts. 1-month duration. 100% online. Build for professionals. Backed by science. Powered by innovation.","robots":{"index":"index","follow":"follow","max-snippet":"max-snippet:-1","max-image-preview":"max-image-preview:large","max-video-preview":"max-video-preview:-1"},"canonical":"https:\/\/innovity.org\/en\/product\/specialized-course-in-technical-and-tactical-fundamentals-of-football\/","og_locale":"en_US","og_type":"article","og_title":"Specialized Course in Technical and Tactical Fundamentals of Football - Innovity","og_description":"Created by global leaders and experts. 1-month duration. 100% online. Build for professionals. Backed by science. Powered by innovation.","og_url":"https:\/\/innovity.org\/en\/product\/specialized-course-in-technical-and-tactical-fundamentals-of-football\/","og_site_name":"Innovity","article_modified_time":"2025-12-29T01:43:25+00:00","twitter_card":"summary_large_image","schema":{"@context":"https:\/\/schema.org","@graph":[{"@type":"WebSite","@id":"https:\/\/innovity.org\/#website","url":"https:\/\/innovity.org\/","name":"Open Campus","description":"","potentialAction":[{"@type":"SearchAction","target":{"@type":"EntryPoint","urlTemplate":"https:\/\/innovity.org\/?s={search_term_string}"},"query-input":"required name=search_term_string"}],"inLanguage":"en-US"},{"@type":"WebPage","@id":"https:\/\/innovity.org\/en\/product\/specialized-course-in-technical-and-tactical-fundamentals-of-football\/#webpage","url":"https:\/\/innovity.org\/en\/product\/specialized-course-in-technical-and-tactical-fundamentals-of-football\/","name":"Specialized Course in Technical and Tactical Fundamentals of Football - Innovity","isPartOf":{"@id":"https:\/\/innovity.org\/#website"},"datePublished":"2025-11-11T19:00:09+00:00","dateModified":"2025-12-29T01:43:25+00:00","description":"Created by global leaders and experts. 1-month duration. 100% online. Build for professionals. Backed by science. Powered by innovation.","breadcrumb":{"@id":"https:\/\/innovity.org\/en\/product\/specialized-course-in-technical-and-tactical-fundamentals-of-football\/#breadcrumb"},"inLanguage":"en-US","potentialAction":[{"@type":"ReadAction","target":["https:\/\/innovity.org\/en\/product\/specialized-course-in-technical-and-tactical-fundamentals-of-football\/"]}]},{"@type":"BreadcrumbList","@id":"https:\/\/innovity.org\/en\/product\/specialized-course-in-technical-and-tactical-fundamentals-of-football\/#breadcrumb","itemListElement":[{"@type":"ListItem","position":1,"name":"Productos","item":"https:\/\/innovity.org\/en\/product\/"},{"@type":"ListItem","position":2,"name":"Specialized Course in Technical and Tactical Fundamentals of Football"}]}]}},"idiomas":{"en":12617,"es":11836,"ca":12617},"_links":{"self":[{"href":"https:\/\/innovity.org\/en\/wp-json\/wp\/v2\/products\/12617","targetHints":{"allow":["GET"]}}],"collection":[{"href":"https:\/\/innovity.org\/en\/wp-json\/wp\/v2\/products"}],"about":[{"href":"https:\/\/innovity.org\/en\/wp-json\/wp\/v2\/types\/product"}],"author":[{"embeddable":true,"href":"https:\/\/innovity.org\/en\/wp-json\/wp\/v2\/users\/12"}],"replies":[{"embeddable":true,"href":"https:\/\/innovity.org\/en\/wp-json\/wp\/v2\/comments?post=12617"}],"version-history":[{"count":3,"href":"https:\/\/innovity.org\/en\/wp-json\/wp\/v2\/products\/12617\/revisions"}],"predecessor-version":[{"id":12621,"href":"https:\/\/innovity.org\/en\/wp-json\/wp\/v2\/products\/12617\/revisions\/12621"}],"wp:attachment":[{"href":"https:\/\/innovity.org\/en\/wp-json\/wp\/v2\/media?parent=12617"}],"wp:term":[{"taxonomy":"category","embeddable":true,"href":"https:\/\/innovity.org\/en\/wp-json\/wp\/v2\/categories?post=12617"}],"curies":[{"name":"wp","href":"https:\/\/api.w.org\/{rel}","templated":true}]}}