{"id":12565,"date":"2025-11-10T18:37:02","date_gmt":"2025-11-10T18:37:02","guid":{"rendered":"https:\/\/innovity.org\/?post_type=product&#038;p=12565"},"modified":"2025-12-29T01:45:05","modified_gmt":"2025-12-29T01:45:05","slug":"specialized-course-in-the-comprehensive-approach-to-rectus-femoris-injury-in-football-players","status":"publish","type":"product","link":"https:\/\/innovity.org\/en\/product\/specialized-course-in-the-comprehensive-approach-to-rectus-femoris-injury-in-football-players\/","title":{"rendered":"Specialized Course in the Comprehensive Approach to Rectus Femoris Injury in Football Players"},"content":{"rendered":"","protected":false},"excerpt":{"rendered":"","protected":false},"author":12,"featured_media":0,"comment_status":"open","ping_status":"closed","template":"","meta":{"footnotes":""},"categories":[74,1],"class_list":["post-12565","product","type-product","status-publish","hentry","category-specialized-course","category-uncategorized"],"acf":{"hubspot_product_id":"","id_magento":"","external_id":"","our_courses_title":"","our_courses_texto":"","imagen_destacada":false,"precio":"220","precio_en_cuotas":"","precio_de_lista":"","promocion_vigente":"","duracion_del_curso":"1 month","fecha_de_inicio":"10\/12\/2025","tipo_de_programa":"Specialized course (executive education)","nivel_del_curso":"Beginner","modalidad":"Online, asynchronous","impartido_en":"Spanish\/English","dedicacion":"6\u20138 hours per week","titulo":"Specialized Course in the Comprehensive Approach to Rectus Femoris Injury in Football Players","contenido":"<p>This training focuses on the anatomy, biomechanics, and variability of rectus femoris injuries in football players. Building on these essential foundations, the aim is to equip physiotherapy and sports performance professionals with the tools to plan the recovery and Return to Play (RTP) process with sufficient guarantees to ensure that injured players return to competition under optimal conditions.<\/p>\n<p>Key concepts such as intrinsic and extrinsic risk factors\u2014both before and during the recovery process\u2014are fundamental, as is the analysis of different moments in the season when this injury occurs more frequently, which can help professionals develop proactive strategies to reduce injury incidence.<\/p>\n<p>The unique characteristics of the rectus femoris and its importance in football actions\u2014including high-speed movements, passing, and shooting, all of which require significant energy output\u2014make this injury one of the most limiting in the sport and one with the highest recurrence rates.<\/p>\n","galeria_producto":false,"cursos_que_lo_componen":[{"nombre_del_curso":"1. Functional Anatomy and Diagnosis","descripcion_del_curso":""},{"nombre_del_curso":"2. Mechanisms, Factors, and Stages of Rectus Femoris Regeneration","descripcion_del_curso":""},{"nombre_del_curso":"3. Therapeutic Approach and Follow-Up","descripcion_del_curso":""},{"nombre_del_curso":"4. Functional Assessment and Technology Applied to the Rehabilitation Process","descripcion_del_curso":""}],"preguntas_frecuentes":false,"docentes_expertos":[{"foto":"https:\/\/innovity.org\/wp-content\/uploads\/2025\/10\/Foto-Isaac-Serrano-2.png","nombre_del_docente":"Isaac Serrano Vivancos.","descripcion_del_docente":"Diplomado en Fisioterapia por la EUIF Blanquerna, Universitat Ramon Llull. M\u00e1ster oficial en Investigaci\u00f3n en Atenci\u00f3n Primaria por la Universidad Miguel Hern\u00e1ndez de Elche y M\u00e1ster oficial en Ergonom\u00eda dentro de la Prevenci\u00f3n de Riesgos Laborales por la Universitat Oberta de Catalunya (UOC). Asimismo, ha realizado un posgrado en Readaptaci\u00f3n Deportiva (Universidad de Barcelona y Fundaci\u00f3 Universit\u00e0ria del Bages) y un posgrado en Terapia Manual (EFOM de Par\u00eds y EUIF Blanquerna).  En el \u00e1mbito acad\u00e9mico, Isaac ha ejercido como profesor universitario durante m\u00e1s de 15 a\u00f1os en la Universitat de Vic\u2013Universitat Central de Catalunya (Campus Manresa) y en la Universidad de Lleida, desarrollando tareas docentes y de coordinaci\u00f3n. Fue responsable del M\u00e1ster en Valoraci\u00f3n y Tratamiento del Sistema M\u00fasculoesquel\u00e9tico en la Universitat de Vic\u2013Universitat Central de Catalunya (Campus Manresa) y profesor en distintos m\u00e1steres nacionales e internacionales vinculados al \u00e1mbito deportivo.  En el \u00e1mbito profesional, ha estado ligado durante los \u00faltimos 15 a\u00f1os al baloncesto y al f\u00fatbol profesional. En la actualidad, se dedica a la valoraci\u00f3n, tratamiento, readaptaci\u00f3n y seguimiento de futbolistas profesionales de la Premier League, LaLiga, la Serie A y la League 1, adem\u00e1s de asesorar a clubes de f\u00fatbol profesionales. Anteriormente trabaj\u00f3 como fisioterapeuta en el cuerpo t\u00e9cnico del Zenit de San Petersburgo entre 2016 y 2019, participando en la Europa League y en la Champions League. Entre 2022 y 2024 form\u00f3 parte del cuerpo m\u00e9dico como fisioterapeuta del primer equipo de f\u00fatbol del FC Barcelona.","enlace":""}],"card_descubre":false,"imagen_card_descubre":false,"link_btn_card_descubre":"","video_producto":"","que_incluye_este_programa":[{"contenido":"Access to the Innovity\u00ae Method: Science, Methodology, and Application"},{"contenido":"Expert Mentorship: testimonials, best practices, and insights from experts\u2014directly from the field"},{"contenido":"Access to materials anytime, anywhere, and from any device"},{"contenido":"24\/7 Support, synchronous or asynchronous, according to your preference, provided by the Innovity professional team"},{"contenido":"Case Method: effective use of learned tools and concepts"},{"contenido":"Self-Assessments to measure learning progress"},{"contenido":"Comprehensive final exam"},{"contenido":"Certificate of completion or attendance, as applicable"}],"programas_relacionados":"","pdf_brochure":false,"avalado_por":false,"mostrar_banner_1":false,"crear_banner_1":{"utilizar_imagen_unica_para_banner":false,"asignar_imagen_unica_para_banner":false,"mostrar_titulo_banner":false,"titulo_para_banner":"","mostrar_subtitulo_banner":false,"subtitulo_del_banner":"","mostrar_cta_banner":false,"texto_cta_banner":"","url_cta_banner":"","fondo_de_color_banner":"","fondo_de_imagen_banner":false,"mostrar_imagen_izquierda_banner":false,"asignar_imagen_izquierda_banner":false},"mostrar_banner_2":false,"crear_banner_2":{"utilizar_imagen_unica_para_banner":false,"asignar_imagen_unica_para_banner":false,"mostrar_titulo_banner":false,"titulo_para_banner":"","mostrar_subtitulo_banner":false,"subtitulo_del_banner":"","mostrar_cta_banner":false,"texto_cta_banner":"","url_cta_banner":"","fondo_de_color_banner":"","fondo_de_imagen_banner":false,"mostrar_imagen_izquierda_banner":false,"asignar_imagen_izquierda_banner":false},"mostrar_banner_3":false,"crear_banner_3":{"utilizar_imagen_unica_para_banner":false,"asignar_imagen_unica_para_banner":false,"mostrar_titulo_banner":false,"titulo_para_banner":"","mostrar_subtitulo_banner":false,"subtitulo_del_banner":"","mostrar_cta_banner":false,"texto_cta_banner":"","url_cta_banner":"","fondo_de_color_banner":"","fondo_de_imagen_banner":false,"mostrar_imagen_izquierda_banner":false,"asignar_imagen_izquierda_banner":false},"activar_fechas_automaticas":false,"fecha_de_inicio_automatica":"","segunda_fecha_de_inicio_automatica":"","zona_horaria":"Europe\/Madrid","header_image":"https:\/\/innovity.org\/wp-content\/uploads\/2025\/10\/13-1.png","texto_hero":"Anatom\u00eda, biomec\u00e1nica y variabilidad de lesiones en el m\u00fasculo recto femoral en jugadores de f\u00fatbol","texto_card_descubre":"1 mes, 100% on line, creado por referente globales.","url_btn_compra":"https:\/\/buy.stripe.com\/3cIcN67Fi6Cd9GqcNX0kE0c"},"yoast_head":"<!-- This site is optimized with the Yoast SEO plugin v18.2 - https:\/\/yoast.com\/wordpress\/plugins\/seo\/ -->\n<meta name=\"description\" content=\"Created by global leaders and experts. 1-month duration. 100% online. Build for professionals. Backed by science. Powered by innovation.\" \/>\n<meta name=\"robots\" content=\"index, follow, max-snippet:-1, max-image-preview:large, max-video-preview:-1\" \/>\n<link rel=\"canonical\" href=\"https:\/\/innovity.org\/en\/product\/specialized-course-in-the-comprehensive-approach-to-rectus-femoris-injury-in-football-players\/\" \/>\n<meta property=\"og:locale\" content=\"en_US\" \/>\n<meta property=\"og:type\" content=\"article\" \/>\n<meta property=\"og:title\" content=\"Specialized Course in the Comprehensive Approach to Rectus Femoris Injury in Football Players - Innovity\" \/>\n<meta property=\"og:description\" content=\"Created by global leaders and experts. 1-month duration. 100% online. Build for professionals. Backed by science. Powered by innovation.\" \/>\n<meta property=\"og:url\" content=\"https:\/\/innovity.org\/en\/product\/specialized-course-in-the-comprehensive-approach-to-rectus-femoris-injury-in-football-players\/\" \/>\n<meta property=\"og:site_name\" content=\"Innovity\" \/>\n<meta property=\"article:modified_time\" content=\"2025-12-29T01:45:05+00:00\" \/>\n<meta name=\"twitter:card\" content=\"summary_large_image\" \/>\n<script type=\"application\/ld+json\" class=\"yoast-schema-graph\">{\"@context\":\"https:\/\/schema.org\",\"@graph\":[{\"@type\":\"WebSite\",\"@id\":\"https:\/\/innovity.org\/#website\",\"url\":\"https:\/\/innovity.org\/\",\"name\":\"Open Campus\",\"description\":\"\",\"potentialAction\":[{\"@type\":\"SearchAction\",\"target\":{\"@type\":\"EntryPoint\",\"urlTemplate\":\"https:\/\/innovity.org\/?s={search_term_string}\"},\"query-input\":\"required name=search_term_string\"}],\"inLanguage\":\"en-US\"},{\"@type\":\"WebPage\",\"@id\":\"https:\/\/innovity.org\/en\/product\/specialized-course-in-the-comprehensive-approach-to-rectus-femoris-injury-in-football-players\/#webpage\",\"url\":\"https:\/\/innovity.org\/en\/product\/specialized-course-in-the-comprehensive-approach-to-rectus-femoris-injury-in-football-players\/\",\"name\":\"Specialized Course in the Comprehensive Approach to Rectus Femoris Injury in Football Players - Innovity\",\"isPartOf\":{\"@id\":\"https:\/\/innovity.org\/#website\"},\"datePublished\":\"2025-11-10T18:37:02+00:00\",\"dateModified\":\"2025-12-29T01:45:05+00:00\",\"description\":\"Created by global leaders and experts. 1-month duration. 100% online. Build for professionals. Backed by science. Powered by innovation.\",\"breadcrumb\":{\"@id\":\"https:\/\/innovity.org\/en\/product\/specialized-course-in-the-comprehensive-approach-to-rectus-femoris-injury-in-football-players\/#breadcrumb\"},\"inLanguage\":\"en-US\",\"potentialAction\":[{\"@type\":\"ReadAction\",\"target\":[\"https:\/\/innovity.org\/en\/product\/specialized-course-in-the-comprehensive-approach-to-rectus-femoris-injury-in-football-players\/\"]}]},{\"@type\":\"BreadcrumbList\",\"@id\":\"https:\/\/innovity.org\/en\/product\/specialized-course-in-the-comprehensive-approach-to-rectus-femoris-injury-in-football-players\/#breadcrumb\",\"itemListElement\":[{\"@type\":\"ListItem\",\"position\":1,\"name\":\"Productos\",\"item\":\"https:\/\/innovity.org\/en\/product\/\"},{\"@type\":\"ListItem\",\"position\":2,\"name\":\"Specialized Course in the Comprehensive Approach to Rectus Femoris Injury in Football Players\"}]}]}<\/script>\n<!-- \/ Yoast SEO plugin. -->","yoast_head_json":{"description":"Created by global leaders and experts. 1-month duration. 100% online. Build for professionals. Backed by science. Powered by innovation.","robots":{"index":"index","follow":"follow","max-snippet":"max-snippet:-1","max-image-preview":"max-image-preview:large","max-video-preview":"max-video-preview:-1"},"canonical":"https:\/\/innovity.org\/en\/product\/specialized-course-in-the-comprehensive-approach-to-rectus-femoris-injury-in-football-players\/","og_locale":"en_US","og_type":"article","og_title":"Specialized Course in the Comprehensive Approach to Rectus Femoris Injury in Football Players - Innovity","og_description":"Created by global leaders and experts. 1-month duration. 100% online. Build for professionals. Backed by science. Powered by innovation.","og_url":"https:\/\/innovity.org\/en\/product\/specialized-course-in-the-comprehensive-approach-to-rectus-femoris-injury-in-football-players\/","og_site_name":"Innovity","article_modified_time":"2025-12-29T01:45:05+00:00","twitter_card":"summary_large_image","schema":{"@context":"https:\/\/schema.org","@graph":[{"@type":"WebSite","@id":"https:\/\/innovity.org\/#website","url":"https:\/\/innovity.org\/","name":"Open Campus","description":"","potentialAction":[{"@type":"SearchAction","target":{"@type":"EntryPoint","urlTemplate":"https:\/\/innovity.org\/?s={search_term_string}"},"query-input":"required name=search_term_string"}],"inLanguage":"en-US"},{"@type":"WebPage","@id":"https:\/\/innovity.org\/en\/product\/specialized-course-in-the-comprehensive-approach-to-rectus-femoris-injury-in-football-players\/#webpage","url":"https:\/\/innovity.org\/en\/product\/specialized-course-in-the-comprehensive-approach-to-rectus-femoris-injury-in-football-players\/","name":"Specialized Course in the Comprehensive Approach to Rectus Femoris Injury in Football Players - Innovity","isPartOf":{"@id":"https:\/\/innovity.org\/#website"},"datePublished":"2025-11-10T18:37:02+00:00","dateModified":"2025-12-29T01:45:05+00:00","description":"Created by global leaders and experts. 1-month duration. 100% online. Build for professionals. Backed by science. Powered by innovation.","breadcrumb":{"@id":"https:\/\/innovity.org\/en\/product\/specialized-course-in-the-comprehensive-approach-to-rectus-femoris-injury-in-football-players\/#breadcrumb"},"inLanguage":"en-US","potentialAction":[{"@type":"ReadAction","target":["https:\/\/innovity.org\/en\/product\/specialized-course-in-the-comprehensive-approach-to-rectus-femoris-injury-in-football-players\/"]}]},{"@type":"BreadcrumbList","@id":"https:\/\/innovity.org\/en\/product\/specialized-course-in-the-comprehensive-approach-to-rectus-femoris-injury-in-football-players\/#breadcrumb","itemListElement":[{"@type":"ListItem","position":1,"name":"Productos","item":"https:\/\/innovity.org\/en\/product\/"},{"@type":"ListItem","position":2,"name":"Specialized Course in the Comprehensive Approach to Rectus Femoris Injury in Football Players"}]}]}},"idiomas":{"en":12565,"es":11661,"ca":12565},"_links":{"self":[{"href":"https:\/\/innovity.org\/en\/wp-json\/wp\/v2\/products\/12565","targetHints":{"allow":["GET"]}}],"collection":[{"href":"https:\/\/innovity.org\/en\/wp-json\/wp\/v2\/products"}],"about":[{"href":"https:\/\/innovity.org\/en\/wp-json\/wp\/v2\/types\/product"}],"author":[{"embeddable":true,"href":"https:\/\/innovity.org\/en\/wp-json\/wp\/v2\/users\/12"}],"replies":[{"embeddable":true,"href":"https:\/\/innovity.org\/en\/wp-json\/wp\/v2\/comments?post=12565"}],"version-history":[{"count":2,"href":"https:\/\/innovity.org\/en\/wp-json\/wp\/v2\/products\/12565\/revisions"}],"predecessor-version":[{"id":12567,"href":"https:\/\/innovity.org\/en\/wp-json\/wp\/v2\/products\/12565\/revisions\/12567"}],"wp:attachment":[{"href":"https:\/\/innovity.org\/en\/wp-json\/wp\/v2\/media?parent=12565"}],"wp:term":[{"taxonomy":"category","embeddable":true,"href":"https:\/\/innovity.org\/en\/wp-json\/wp\/v2\/categories?post=12565"}],"curies":[{"name":"wp","href":"https:\/\/api.w.org\/{rel}","templated":true}]}}