{"id":12559,"date":"2025-11-10T11:21:47","date_gmt":"2025-11-10T11:21:47","guid":{"rendered":"https:\/\/innovity.org\/?post_type=product&#038;p=12559"},"modified":"2025-12-29T01:45:05","modified_gmt":"2025-12-29T01:45:05","slug":"specialized-course-in-osteopathy-and-manual-medicine-in-football","status":"publish","type":"product","link":"https:\/\/innovity.org\/en\/product\/specialized-course-in-osteopathy-and-manual-medicine-in-football\/","title":{"rendered":"Specialized Course in Osteopathy and Manual Medicine in Football"},"content":{"rendered":"","protected":false},"excerpt":{"rendered":"","protected":false},"author":12,"featured_media":0,"comment_status":"open","ping_status":"closed","template":"","meta":{"footnotes":""},"categories":[74,1],"class_list":["post-12559","product","type-product","status-publish","hentry","category-specialized-course","category-uncategorized"],"acf":{"hubspot_product_id":"","id_magento":"","external_id":"","our_courses_title":"","our_courses_texto":"","imagen_destacada":false,"precio":"220","precio_en_cuotas":"","precio_de_lista":"","promocion_vigente":"","duracion_del_curso":"1 month","fecha_de_inicio":"10\/12\/2025","tipo_de_programa":"Specialized course (executive education)","nivel_del_curso":"Intermedio","modalidad":"Online, asynchronous","impartido_en":"Spanish\/English","dedicacion":"6\u20138 hours per week","titulo":"Specialized Course in Osteopathy and Manual Medicine in Football","contenido":"<p>Osteopathy and Manual Therapy are widely used therapeutic tools in the sports environment. Understood as complements and supports to active therapeutic strategies, passive manual techniques provide significant value both in recovery and injury prevention. Osteopathy, in particular, offers a holistic view of the human body and the interrelationships between biological systems. Observing and analyzing the athlete from this comprehensive and integrative perspective allows practitioners to optimize recovery processes and work preventively (at the subclinical level) to anticipate potential injuries or dysfunctions.<\/p>\n<p>Upon completing the course, students will be able to understand the mechanisms of action underlying the effects of manual therapy, gaining deeper knowledge of these techniques and, consequently, enhancing their application in sports settings. They will also be able to visualize the human body in a more integrated way and recognize the importance of addressing dysfunctions to prevent injuries and promote athletes\u2019 physiological health.<\/p>\n<p>Finally, students will acquire up-to-date, evidence-based knowledge on the effects of manual therapy in sports, which is particularly valuable for sports science professionals without clinical experience or roles, as it will help them understand the role and functions of the osteopath within the sports staff structure.<\/p>\n","galeria_producto":false,"cursos_que_lo_componen":[{"nombre_del_curso":"1. Historical Overview of Manual Therapy and Its Biological Mechanisms","descripcion_del_curso":""},{"nombre_del_curso":"2. Mechanisms of Action of Manual Therapy Beyond the Biological Dimension","descripcion_del_curso":""},{"nombre_del_curso":"3. Osteopathic Principles and Osteopathic Assessment","descripcion_del_curso":""},{"nombre_del_curso":"4. Osteopathy and Manual Therapy in the Sports Field","descripcion_del_curso":""}],"preguntas_frecuentes":false,"docentes_expertos":[{"foto":"https:\/\/innovity.org\/wp-content\/uploads\/2025\/10\/Foto-Gerard-Alavarez-1.jpg","nombre_del_docente":"Gerard Alvarez","descripcion_del_docente":"PhD in Biomedical Research Methodology and Public Health from the Universitat Aut\u00f2noma de Barcelona. He holds a Bachelor\u2019s degree in Physiotherapy from Universitat Ramon Llull and a degree in Osteopathy from the Escola d\u2019Osteopatia de Barcelona \u2013 European School of Osteopathy.In the academic field has collaborated with several universities. He is currently a faculty member in the Bachelor\u2019s program in Physiotherapy at Universitat Ramon Llull, where he teaches Manual Therapy and Research Methodology. In addition, he delivers annual sessions on research methods in various master\u2019s programs.He is a postdoctoral researcher at the Iberoamerican Cochrane Center (CCib), integrated within the Department of Clinical Epidemiology and Public Health at Hospital de Sant Pau in Barcelona and the Institut de Recerca Sant Pau. He is the author of numerous scientific articles, with research particularly focused on research methodology and the evaluation of the effectiveness of manual therapy.","enlace":""}],"card_descubre":false,"imagen_card_descubre":false,"texto_card_descubre":"","link_btn_card_descubre":"","video_producto":"","que_incluye_este_programa":[{"contenido":"Access to the Innovity\u00ae Method: Science, Methodology, and Application"},{"contenido":"Expert Mentorship: testimonials, best practices, and insights from experts\u2014directly from the field"},{"contenido":"Access to materials anytime, anywhere, and from any device"},{"contenido":"24\/7 Support, synchronous or asynchronous, according to your preference, provided by the Innovity professional team"},{"contenido":"Case Method: effective use of learned tools and concepts"},{"contenido":"Self-Assessments to measure learning progress"},{"contenido":"Comprehensive final exam"},{"contenido":"Certificate of completion or attendance, as applicable"}],"programas_relacionados":"","pdf_brochure":false,"avalado_por":false,"mostrar_banner_1":false,"crear_banner_1":{"utilizar_imagen_unica_para_banner":false,"asignar_imagen_unica_para_banner":false,"mostrar_titulo_banner":false,"titulo_para_banner":"","mostrar_subtitulo_banner":false,"subtitulo_del_banner":"","mostrar_cta_banner":false,"texto_cta_banner":"","url_cta_banner":"","fondo_de_color_banner":"","fondo_de_imagen_banner":false,"mostrar_imagen_izquierda_banner":false,"asignar_imagen_izquierda_banner":false},"mostrar_banner_2":false,"crear_banner_2":{"utilizar_imagen_unica_para_banner":false,"asignar_imagen_unica_para_banner":false,"mostrar_titulo_banner":false,"titulo_para_banner":"","mostrar_subtitulo_banner":false,"subtitulo_del_banner":"","mostrar_cta_banner":false,"texto_cta_banner":"","url_cta_banner":"","fondo_de_color_banner":"","fondo_de_imagen_banner":false,"mostrar_imagen_izquierda_banner":false,"asignar_imagen_izquierda_banner":false},"mostrar_banner_3":false,"crear_banner_3":{"utilizar_imagen_unica_para_banner":false,"asignar_imagen_unica_para_banner":false,"mostrar_titulo_banner":false,"titulo_para_banner":"","mostrar_subtitulo_banner":false,"subtitulo_del_banner":"","mostrar_cta_banner":false,"texto_cta_banner":"","url_cta_banner":"","fondo_de_color_banner":"","fondo_de_imagen_banner":false,"mostrar_imagen_izquierda_banner":false,"asignar_imagen_izquierda_banner":false},"activar_fechas_automaticas":false,"fecha_de_inicio_automatica":"","segunda_fecha_de_inicio_automatica":"","zona_horaria":"Europe\/Madrid","header_image":"https:\/\/innovity.org\/wp-content\/uploads\/2025\/10\/31.png","texto_hero":"Una visi\u00f3n integral del cuerpo humano y de la interrelaci\u00f3n entre los sistemas biol\u00f3gicos para optimizar la recuperaci\u00f3n y la prevenci\u00f3n","url_btn_compra":"https:\/\/buy.stripe.com\/5kQfZie3G5y98CmaFP0kE0b"},"yoast_head":"<!-- This site is optimized with the Yoast SEO plugin v18.2 - https:\/\/yoast.com\/wordpress\/plugins\/seo\/ -->\n<meta name=\"description\" content=\"Created by global leaders and experts. 1-month duration. 100% online. Build for professionals. Backed by science. Powered by innovation.\" \/>\n<meta name=\"robots\" content=\"index, follow, max-snippet:-1, max-image-preview:large, max-video-preview:-1\" \/>\n<link rel=\"canonical\" href=\"https:\/\/innovity.org\/en\/product\/specialized-course-in-osteopathy-and-manual-medicine-in-football\/\" \/>\n<meta property=\"og:locale\" content=\"en_US\" \/>\n<meta property=\"og:type\" content=\"article\" \/>\n<meta property=\"og:title\" content=\"Specialized Course in Osteopathy and Manual Medicine in Football - Innovity\" \/>\n<meta property=\"og:description\" content=\"Created by global leaders and experts. 1-month duration. 100% online. Build for professionals. Backed by science. Powered by innovation.\" \/>\n<meta property=\"og:url\" content=\"https:\/\/innovity.org\/en\/product\/specialized-course-in-osteopathy-and-manual-medicine-in-football\/\" \/>\n<meta property=\"og:site_name\" content=\"Innovity\" \/>\n<meta property=\"article:modified_time\" content=\"2025-12-29T01:45:05+00:00\" \/>\n<meta name=\"twitter:card\" content=\"summary_large_image\" \/>\n<script type=\"application\/ld+json\" class=\"yoast-schema-graph\">{\"@context\":\"https:\/\/schema.org\",\"@graph\":[{\"@type\":\"WebSite\",\"@id\":\"https:\/\/innovity.org\/#website\",\"url\":\"https:\/\/innovity.org\/\",\"name\":\"Open Campus\",\"description\":\"\",\"potentialAction\":[{\"@type\":\"SearchAction\",\"target\":{\"@type\":\"EntryPoint\",\"urlTemplate\":\"https:\/\/innovity.org\/?s={search_term_string}\"},\"query-input\":\"required name=search_term_string\"}],\"inLanguage\":\"en-US\"},{\"@type\":\"WebPage\",\"@id\":\"https:\/\/innovity.org\/en\/product\/specialized-course-in-osteopathy-and-manual-medicine-in-football\/#webpage\",\"url\":\"https:\/\/innovity.org\/en\/product\/specialized-course-in-osteopathy-and-manual-medicine-in-football\/\",\"name\":\"Specialized Course in Osteopathy and Manual Medicine in Football - Innovity\",\"isPartOf\":{\"@id\":\"https:\/\/innovity.org\/#website\"},\"datePublished\":\"2025-11-10T11:21:47+00:00\",\"dateModified\":\"2025-12-29T01:45:05+00:00\",\"description\":\"Created by global leaders and experts. 1-month duration. 100% online. Build for professionals. Backed by science. Powered by innovation.\",\"breadcrumb\":{\"@id\":\"https:\/\/innovity.org\/en\/product\/specialized-course-in-osteopathy-and-manual-medicine-in-football\/#breadcrumb\"},\"inLanguage\":\"en-US\",\"potentialAction\":[{\"@type\":\"ReadAction\",\"target\":[\"https:\/\/innovity.org\/en\/product\/specialized-course-in-osteopathy-and-manual-medicine-in-football\/\"]}]},{\"@type\":\"BreadcrumbList\",\"@id\":\"https:\/\/innovity.org\/en\/product\/specialized-course-in-osteopathy-and-manual-medicine-in-football\/#breadcrumb\",\"itemListElement\":[{\"@type\":\"ListItem\",\"position\":1,\"name\":\"Productos\",\"item\":\"https:\/\/innovity.org\/en\/product\/\"},{\"@type\":\"ListItem\",\"position\":2,\"name\":\"Specialized Course in Osteopathy and Manual Medicine in Football\"}]}]}<\/script>\n<!-- \/ Yoast SEO plugin. -->","yoast_head_json":{"description":"Created by global leaders and experts. 1-month duration. 100% online. Build for professionals. Backed by science. Powered by innovation.","robots":{"index":"index","follow":"follow","max-snippet":"max-snippet:-1","max-image-preview":"max-image-preview:large","max-video-preview":"max-video-preview:-1"},"canonical":"https:\/\/innovity.org\/en\/product\/specialized-course-in-osteopathy-and-manual-medicine-in-football\/","og_locale":"en_US","og_type":"article","og_title":"Specialized Course in Osteopathy and Manual Medicine in Football - Innovity","og_description":"Created by global leaders and experts. 1-month duration. 100% online. Build for professionals. Backed by science. Powered by innovation.","og_url":"https:\/\/innovity.org\/en\/product\/specialized-course-in-osteopathy-and-manual-medicine-in-football\/","og_site_name":"Innovity","article_modified_time":"2025-12-29T01:45:05+00:00","twitter_card":"summary_large_image","schema":{"@context":"https:\/\/schema.org","@graph":[{"@type":"WebSite","@id":"https:\/\/innovity.org\/#website","url":"https:\/\/innovity.org\/","name":"Open Campus","description":"","potentialAction":[{"@type":"SearchAction","target":{"@type":"EntryPoint","urlTemplate":"https:\/\/innovity.org\/?s={search_term_string}"},"query-input":"required name=search_term_string"}],"inLanguage":"en-US"},{"@type":"WebPage","@id":"https:\/\/innovity.org\/en\/product\/specialized-course-in-osteopathy-and-manual-medicine-in-football\/#webpage","url":"https:\/\/innovity.org\/en\/product\/specialized-course-in-osteopathy-and-manual-medicine-in-football\/","name":"Specialized Course in Osteopathy and Manual Medicine in Football - Innovity","isPartOf":{"@id":"https:\/\/innovity.org\/#website"},"datePublished":"2025-11-10T11:21:47+00:00","dateModified":"2025-12-29T01:45:05+00:00","description":"Created by global leaders and experts. 1-month duration. 100% online. Build for professionals. Backed by science. Powered by innovation.","breadcrumb":{"@id":"https:\/\/innovity.org\/en\/product\/specialized-course-in-osteopathy-and-manual-medicine-in-football\/#breadcrumb"},"inLanguage":"en-US","potentialAction":[{"@type":"ReadAction","target":["https:\/\/innovity.org\/en\/product\/specialized-course-in-osteopathy-and-manual-medicine-in-football\/"]}]},{"@type":"BreadcrumbList","@id":"https:\/\/innovity.org\/en\/product\/specialized-course-in-osteopathy-and-manual-medicine-in-football\/#breadcrumb","itemListElement":[{"@type":"ListItem","position":1,"name":"Productos","item":"https:\/\/innovity.org\/en\/product\/"},{"@type":"ListItem","position":2,"name":"Specialized Course in Osteopathy and Manual Medicine in Football"}]}]}},"idiomas":{"en":12559,"es":11648,"ca":12559},"_links":{"self":[{"href":"https:\/\/innovity.org\/en\/wp-json\/wp\/v2\/products\/12559","targetHints":{"allow":["GET"]}}],"collection":[{"href":"https:\/\/innovity.org\/en\/wp-json\/wp\/v2\/products"}],"about":[{"href":"https:\/\/innovity.org\/en\/wp-json\/wp\/v2\/types\/product"}],"author":[{"embeddable":true,"href":"https:\/\/innovity.org\/en\/wp-json\/wp\/v2\/users\/12"}],"replies":[{"embeddable":true,"href":"https:\/\/innovity.org\/en\/wp-json\/wp\/v2\/comments?post=12559"}],"version-history":[{"count":4,"href":"https:\/\/innovity.org\/en\/wp-json\/wp\/v2\/products\/12559\/revisions"}],"predecessor-version":[{"id":13325,"href":"https:\/\/innovity.org\/en\/wp-json\/wp\/v2\/products\/12559\/revisions\/13325"}],"wp:attachment":[{"href":"https:\/\/innovity.org\/en\/wp-json\/wp\/v2\/media?parent=12559"}],"wp:term":[{"taxonomy":"category","embeddable":true,"href":"https:\/\/innovity.org\/en\/wp-json\/wp\/v2\/categories?post=12559"}],"curies":[{"name":"wp","href":"https:\/\/api.w.org\/{rel}","templated":true}]}}