{"id":12480,"date":"2025-11-07T19:51:20","date_gmt":"2025-11-07T19:51:20","guid":{"rendered":"https:\/\/innovity.org\/?post_type=product&#038;p=12480"},"modified":"2026-03-19T16:38:54","modified_gmt":"2026-03-19T16:38:54","slug":"specialized-course-in-the-fundamentals-of-the-return-to-competition-process","status":"publish","type":"product","link":"https:\/\/innovity.org\/en\/product\/specialized-course-in-the-fundamentals-of-the-return-to-competition-process\/","title":{"rendered":"Specialized Course in the Fundamentals of the Return-to-Competition Process"},"content":{"rendered":"","protected":false},"excerpt":{"rendered":"","protected":false},"author":12,"featured_media":0,"comment_status":"open","ping_status":"closed","template":"","meta":{"footnotes":""},"categories":[74,1],"class_list":["post-12480","product","type-product","status-publish","hentry","category-specialized-course","category-uncategorized"],"acf":{"hubspot_product_id":"","id_magento":"","external_id":"","our_courses_title":"","our_courses_texto":"","imagen_destacada":false,"precio":"220","precio_en_cuotas":"","precio_de_lista":"","promocion_vigente":"","duracion_del_curso":"1 month","fecha_de_inicio":"10\/12\/2025","tipo_de_programa":"Specialized course (executive education)","nivel_del_curso":"Intermedio","modalidad":"Online, asynchronous","impartido_en":"Spanish\/English","dedicacion":"6\u20138 hours per week","titulo":"Specialized Course in the Fundamentals of the Return-to-Competition Process","contenido":"<p>This program is designed to provide a comprehensive foundation in post-injury rehabilitation for training and competition, serving as an excellent starting point for understanding and delving deeper into specialized courses focused on specific injuries commonly experienced by football players.<\/p>\n<p>The course explores the concept of post-injury rehabilitation, which is now well established within the field of sports science, as well as the key parameters used in decision-making regarding player progression\u2014a critical point due to the complexity of assessments required to accurately determine the player\u2019s real status. It provides an in-depth look at rehabilitation methodology, covering both basic methodological aspects of recovery progression and specific, evidence-based proposals put forward by leading authors in the field.<\/p>\n<p>The program also addresses the development of basic and football-specific skills, as well as the progression within the rehabilitation process toward on-field tasks, where the player gradually reintegrates into team activities. This stage requires deep professional expertise and close monitoring, as the player is now exposed to situations with less controlled conditions than in earlier phases.<\/p>\n","galeria_producto":false,"cursos_que_lo_componen":[{"nombre_del_curso":"1. Methodological Analysis of the Current Rehabilitation Approach for Football Player Recovery","descripcion_del_curso":""},{"nombre_del_curso":"2. Methodology in the Rehabilitation Process","descripcion_del_curso":""},{"nombre_del_curso":"3. Relevant Methodological Approaches in Post-Injury Rehabilitation","descripcion_del_curso":""},{"nombre_del_curso":"4. From Rehabilitation to Specific Skills in the Return-to-Competition Process","descripcion_del_curso":""}],"preguntas_frecuentes":false,"docentes_expertos":[{"foto":"https:\/\/innovity.org\/wp-content\/uploads\/2025\/10\/Foto-DaniRomero.png","nombre_del_docente":"Dani Romero","descripcion_del_docente":"PhD in Sports Sciences from the University of Zaragoza (Spain). He holds a Bachelor\u2019s degree in Sport Sciences from the University of Barcelona and a Bachelor\u2019s degree in Physiotherapy from the Autonomous University of Barcelona. In the academic field, he has collaborated with several universities in departments of Physiotherapy and Sport Sciences. He is currently Director of the Department of Physiotherapy at the International University of Catalonia (since the 2020\u20132021 academic year). Previously, he served as Director of the Master\u2019s program in Readaptation to Physical Activity and Sport at the University of Girona (2011\u20132021). He is the author of numerous scientific articles, with research particularly focused on the effects of inertial training systems for strength development, both in performance enhancement and injury prevention.","enlace":""}],"card_descubre":false,"imagen_card_descubre":false,"texto_card_descubre":"","link_btn_card_descubre":"","video_producto":"","que_incluye_este_programa":[{"contenido":"Access to the Innovity\u00ae Method: Science, Methodology, and Application"},{"contenido":"Expert Mentorship: testimonials, best practices, and insights from experts\u2014directly from the field"},{"contenido":"Access to materials anytime, anywhere, and from any device"},{"contenido":"24\/7 Support, synchronous or asynchronous, according to your preference, provided by the Innovity professional team"},{"contenido":"Case Method: effective use of learned tools and concepts"},{"contenido":"Self-Assessments to measure learning progress"},{"contenido":"Comprehensive final exam"},{"contenido":"Certificate of completion or attendance, as applicable"}],"programas_relacionados":"","pdf_brochure":false,"avalado_por":false,"mostrar_banner_1":false,"crear_banner_1":{"utilizar_imagen_unica_para_banner":false,"asignar_imagen_unica_para_banner":false,"mostrar_titulo_banner":false,"titulo_para_banner":"","mostrar_subtitulo_banner":false,"subtitulo_del_banner":"","mostrar_cta_banner":false,"texto_cta_banner":"","url_cta_banner":"","fondo_de_color_banner":"","fondo_de_imagen_banner":false,"mostrar_imagen_izquierda_banner":false,"asignar_imagen_izquierda_banner":false},"mostrar_banner_2":false,"crear_banner_2":{"utilizar_imagen_unica_para_banner":false,"asignar_imagen_unica_para_banner":false,"mostrar_titulo_banner":false,"titulo_para_banner":"","mostrar_subtitulo_banner":false,"subtitulo_del_banner":"","mostrar_cta_banner":false,"texto_cta_banner":"","url_cta_banner":"","fondo_de_color_banner":"","fondo_de_imagen_banner":false,"mostrar_imagen_izquierda_banner":false,"asignar_imagen_izquierda_banner":false},"mostrar_banner_3":false,"crear_banner_3":{"utilizar_imagen_unica_para_banner":false,"asignar_imagen_unica_para_banner":false,"mostrar_titulo_banner":false,"titulo_para_banner":"","mostrar_subtitulo_banner":false,"subtitulo_del_banner":"","mostrar_cta_banner":false,"texto_cta_banner":"","url_cta_banner":"","fondo_de_color_banner":"","fondo_de_imagen_banner":false,"mostrar_imagen_izquierda_banner":false,"asignar_imagen_izquierda_banner":false},"activar_fechas_automaticas":false,"fecha_de_inicio_automatica":"","segunda_fecha_de_inicio_automatica":"","zona_horaria":"Europe\/Madrid","header_image":"https:\/\/innovity.org\/wp-content\/uploads\/2025\/11\/25-1.png","texto_hero":"Conceptos, herramientas y mejores pr\u00e1cticas sobre la readaptaci\u00f3n al entrenamiento y la competici\u00f3n post lesi\u00f3n.","url_btn_compra":"https:\/\/buy.stripe.com\/dRmcN6aRue4F5qa01b0kE08"},"yoast_head":"<!-- This site is optimized with the Yoast SEO plugin v18.2 - https:\/\/yoast.com\/wordpress\/plugins\/seo\/ -->\n<meta name=\"description\" content=\"Created by global leaders and experts. 1-month duration. 100% online. Build for professionals. Backed by science. Powered by innovation.\" \/>\n<meta name=\"robots\" content=\"index, follow, max-snippet:-1, max-image-preview:large, max-video-preview:-1\" \/>\n<link rel=\"canonical\" href=\"https:\/\/innovity.org\/en\/product\/specialized-course-in-the-fundamentals-of-the-return-to-competition-process\/\" \/>\n<meta property=\"og:locale\" content=\"en_US\" \/>\n<meta property=\"og:type\" content=\"article\" \/>\n<meta property=\"og:title\" content=\"Specialized Course in the Fundamentals of the Return-to-Competition Process - Innovity\" \/>\n<meta property=\"og:description\" content=\"Created by global leaders and experts. 1-month duration. 100% online. Build for professionals. Backed by science. Powered by innovation.\" \/>\n<meta property=\"og:url\" content=\"https:\/\/innovity.org\/en\/product\/specialized-course-in-the-fundamentals-of-the-return-to-competition-process\/\" \/>\n<meta property=\"og:site_name\" content=\"Innovity\" \/>\n<meta property=\"article:modified_time\" content=\"2026-03-19T16:38:54+00:00\" \/>\n<meta name=\"twitter:card\" content=\"summary_large_image\" \/>\n<script type=\"application\/ld+json\" class=\"yoast-schema-graph\">{\"@context\":\"https:\/\/schema.org\",\"@graph\":[{\"@type\":\"WebSite\",\"@id\":\"https:\/\/innovity.org\/#website\",\"url\":\"https:\/\/innovity.org\/\",\"name\":\"Open Campus\",\"description\":\"\",\"potentialAction\":[{\"@type\":\"SearchAction\",\"target\":{\"@type\":\"EntryPoint\",\"urlTemplate\":\"https:\/\/innovity.org\/?s={search_term_string}\"},\"query-input\":\"required name=search_term_string\"}],\"inLanguage\":\"en-US\"},{\"@type\":\"WebPage\",\"@id\":\"https:\/\/innovity.org\/en\/product\/specialized-course-in-the-fundamentals-of-the-return-to-competition-process\/#webpage\",\"url\":\"https:\/\/innovity.org\/en\/product\/specialized-course-in-the-fundamentals-of-the-return-to-competition-process\/\",\"name\":\"Specialized Course in the Fundamentals of the Return-to-Competition Process - Innovity\",\"isPartOf\":{\"@id\":\"https:\/\/innovity.org\/#website\"},\"datePublished\":\"2025-11-07T19:51:20+00:00\",\"dateModified\":\"2026-03-19T16:38:54+00:00\",\"description\":\"Created by global leaders and experts. 1-month duration. 100% online. Build for professionals. Backed by science. Powered by innovation.\",\"breadcrumb\":{\"@id\":\"https:\/\/innovity.org\/en\/product\/specialized-course-in-the-fundamentals-of-the-return-to-competition-process\/#breadcrumb\"},\"inLanguage\":\"en-US\",\"potentialAction\":[{\"@type\":\"ReadAction\",\"target\":[\"https:\/\/innovity.org\/en\/product\/specialized-course-in-the-fundamentals-of-the-return-to-competition-process\/\"]}]},{\"@type\":\"BreadcrumbList\",\"@id\":\"https:\/\/innovity.org\/en\/product\/specialized-course-in-the-fundamentals-of-the-return-to-competition-process\/#breadcrumb\",\"itemListElement\":[{\"@type\":\"ListItem\",\"position\":1,\"name\":\"Productos\",\"item\":\"https:\/\/innovity.org\/en\/product\/\"},{\"@type\":\"ListItem\",\"position\":2,\"name\":\"Specialized Course in the Fundamentals of the Return-to-Competition Process\"}]}]}<\/script>\n<!-- \/ Yoast SEO plugin. -->","yoast_head_json":{"description":"Created by global leaders and experts. 1-month duration. 100% online. Build for professionals. Backed by science. Powered by innovation.","robots":{"index":"index","follow":"follow","max-snippet":"max-snippet:-1","max-image-preview":"max-image-preview:large","max-video-preview":"max-video-preview:-1"},"canonical":"https:\/\/innovity.org\/en\/product\/specialized-course-in-the-fundamentals-of-the-return-to-competition-process\/","og_locale":"en_US","og_type":"article","og_title":"Specialized Course in the Fundamentals of the Return-to-Competition Process - Innovity","og_description":"Created by global leaders and experts. 1-month duration. 100% online. Build for professionals. Backed by science. Powered by innovation.","og_url":"https:\/\/innovity.org\/en\/product\/specialized-course-in-the-fundamentals-of-the-return-to-competition-process\/","og_site_name":"Innovity","article_modified_time":"2026-03-19T16:38:54+00:00","twitter_card":"summary_large_image","schema":{"@context":"https:\/\/schema.org","@graph":[{"@type":"WebSite","@id":"https:\/\/innovity.org\/#website","url":"https:\/\/innovity.org\/","name":"Open Campus","description":"","potentialAction":[{"@type":"SearchAction","target":{"@type":"EntryPoint","urlTemplate":"https:\/\/innovity.org\/?s={search_term_string}"},"query-input":"required name=search_term_string"}],"inLanguage":"en-US"},{"@type":"WebPage","@id":"https:\/\/innovity.org\/en\/product\/specialized-course-in-the-fundamentals-of-the-return-to-competition-process\/#webpage","url":"https:\/\/innovity.org\/en\/product\/specialized-course-in-the-fundamentals-of-the-return-to-competition-process\/","name":"Specialized Course in the Fundamentals of the Return-to-Competition Process - Innovity","isPartOf":{"@id":"https:\/\/innovity.org\/#website"},"datePublished":"2025-11-07T19:51:20+00:00","dateModified":"2026-03-19T16:38:54+00:00","description":"Created by global leaders and experts. 1-month duration. 100% online. Build for professionals. Backed by science. Powered by innovation.","breadcrumb":{"@id":"https:\/\/innovity.org\/en\/product\/specialized-course-in-the-fundamentals-of-the-return-to-competition-process\/#breadcrumb"},"inLanguage":"en-US","potentialAction":[{"@type":"ReadAction","target":["https:\/\/innovity.org\/en\/product\/specialized-course-in-the-fundamentals-of-the-return-to-competition-process\/"]}]},{"@type":"BreadcrumbList","@id":"https:\/\/innovity.org\/en\/product\/specialized-course-in-the-fundamentals-of-the-return-to-competition-process\/#breadcrumb","itemListElement":[{"@type":"ListItem","position":1,"name":"Productos","item":"https:\/\/innovity.org\/en\/product\/"},{"@type":"ListItem","position":2,"name":"Specialized Course in the Fundamentals of the Return-to-Competition Process"}]}]}},"idiomas":{"en":12480,"es":11609,"ca":12480},"_links":{"self":[{"href":"https:\/\/innovity.org\/en\/wp-json\/wp\/v2\/products\/12480","targetHints":{"allow":["GET"]}}],"collection":[{"href":"https:\/\/innovity.org\/en\/wp-json\/wp\/v2\/products"}],"about":[{"href":"https:\/\/innovity.org\/en\/wp-json\/wp\/v2\/types\/product"}],"author":[{"embeddable":true,"href":"https:\/\/innovity.org\/en\/wp-json\/wp\/v2\/users\/12"}],"replies":[{"embeddable":true,"href":"https:\/\/innovity.org\/en\/wp-json\/wp\/v2\/comments?post=12480"}],"version-history":[{"count":5,"href":"https:\/\/innovity.org\/en\/wp-json\/wp\/v2\/products\/12480\/revisions"}],"predecessor-version":[{"id":14136,"href":"https:\/\/innovity.org\/en\/wp-json\/wp\/v2\/products\/12480\/revisions\/14136"}],"wp:attachment":[{"href":"https:\/\/innovity.org\/en\/wp-json\/wp\/v2\/media?parent=12480"}],"wp:term":[{"taxonomy":"category","embeddable":true,"href":"https:\/\/innovity.org\/en\/wp-json\/wp\/v2\/categories?post=12480"}],"curies":[{"name":"wp","href":"https:\/\/api.w.org\/{rel}","templated":true}]}}