{"id":11965,"date":"2025-10-29T15:08:02","date_gmt":"2025-10-29T15:08:02","guid":{"rendered":"https:\/\/innovity.org\/?post_type=product&#038;p=11965"},"modified":"2025-12-29T01:45:07","modified_gmt":"2025-12-29T01:45:07","slug":"specialized-course-in-post-injury-rehabilitation-of-the-triceps-surae-and-achilles-tendon","status":"publish","type":"product","link":"https:\/\/innovity.org\/en\/product\/specialized-course-in-post-injury-rehabilitation-of-the-triceps-surae-and-achilles-tendon\/","title":{"rendered":"Specialized Course in Post-Injury Rehabilitation of the Triceps Surae and Achilles Tendon"},"content":{"rendered":"","protected":false},"excerpt":{"rendered":"","protected":false},"author":12,"featured_media":0,"comment_status":"open","ping_status":"closed","template":"","meta":{"footnotes":""},"categories":[74,1],"class_list":["post-11965","product","type-product","status-publish","hentry","category-specialized-course","category-uncategorized"],"acf":{"hubspot_product_id":"","id_magento":"","external_id":"","our_courses_title":"","our_courses_texto":"","imagen_destacada":false,"precio":"220","precio_en_cuotas":"","precio_de_lista":"","promocion_vigente":"","duracion_del_curso":"1 Month","fecha_de_inicio":"10\/12\/2025","tipo_de_programa":"Specialized course (executive education)","nivel_del_curso":"Intermediate","modalidad":"Online, asynchronous","impartido_en":"Spanish\/English","dedicacion":"6\/8 hours per week","titulo":"Specialized Course in Post-Injury Rehabilitation of the Triceps Surae and Achilles Tendon","contenido":"<p><span data-sheets-root=\"1\">This training program focuses on the rehabilitation process, particularly indoor rehabilitation, that takes place following triceps surae injuries and prior to the field-based return-to-play phase. Within these injuries, muscular pathologies and chronic Achilles tendinopathy are given special attention, as they represent the most clinically relevant entities in terms of both severity and incidence.<\/p>\n<p>The first conceptual axis provides an introduction to triceps surae injuries, covering clinical presentation and associated risk factors, followed by an overview of the most widely used rehabilitation approaches for these conditions. This serves as an introductory framework, as the platform already includes specialized courses on the treatment of triceps surae muscle injuries and Achilles tendinopathy.<\/p>\n<p>The core of the course lies in conceptual axes two, three, and four, which present a methodology centered on the analysis of exercises and tasks that are key during different stages of the rehabilitation process for these injuries. Many of the proposed exercises can be applied\u2014with specific adaptations where necessary\u2014to the rehabilitation of both Achilles tendon injuries and triceps surae muscle injuries.<\/p>\n<p>Each exercise is presented as an independent unit, while also being potentially linked to others within a comprehensive rehabilitation program. The axes and sections follow a logical and progressive structure, enabling professionals to develop and sequence rehabilitation interventions effectively.<\/span><\/p>\n","galeria_producto":false,"cursos_que_lo_componen":[{"nombre_del_curso":"1. Introduction to the Rehabilitation of the Triceps Surae\u2013Achilles Tendon","descripcion_del_curso":""},{"nombre_del_curso":"2. Initial Rehabilitation Tasks as a Continuation of the Therapeutic Phase","descripcion_del_curso":""},{"nombre_del_curso":"3. Closed Kinetic Chain Work: From High Load to Functional Movement","descripcion_del_curso":""},{"nombre_del_curso":"4. Rehabilitation of Functional Skills: The Step Before On-Field Rehabilitation","descripcion_del_curso":""}],"preguntas_frecuentes":false,"docentes_expertos":[{"foto":"https:\/\/innovity.org\/wp-content\/uploads\/2025\/10\/Foto-DaniRomero.png","nombre_del_docente":"Dani Romero","descripcion_del_docente":"Doctor en Ciencias del Deporte por la Universidad de Zaragoza (Espa\u00f1a). Licenciado en Ciencias del Deporte por la Universidad de Barcelona y en Fisioterapia por la Universidad Aut\u00f3noma de Barcelona. En el \u00e1mbito acad\u00e9mico, ha colaborado con diversas universidades en departamentos de Fisioterapia y de Ciencias del Deporte. Actualmente se desempe\u00f1a como director del Departamento de Fisioterapia de la Universidad Internacional de Catalu\u00f1a (desde el curso acad\u00e9mico 2020\u20132021). Anteriormente fue director del M\u00e1ster en Readaptaci\u00f3n a la Actividad F\u00edsica y el Deporte de la Universidad de Girona (2011\u20132021). Es autor de numerosos art\u00edculos cient\u00edficos, con l\u00edneas de investigaci\u00f3n centradas en los efectos de los sistemas inerciales de entrenamiento de la fuerza, tanto en su aplicaci\u00f3n para la mejora del rendimiento como en la prevenci\u00f3n de lesiones.","enlace":""}],"card_descubre":false,"imagen_card_descubre":false,"texto_card_descubre":"","link_btn_card_descubre":"","video_producto":"","que_incluye_este_programa":[{"contenido":"Access to the Innovity\u00ae Method: Science, Methodology, and Application"},{"contenido":"Expert Mentorship: Testimonials, Best Practices, and Insights from Experts\u2014Directly from the Field"},{"contenido":"Access to Materials Anytime, Anywhere, and from Any Device"},{"contenido":"24\/7 Support, Synchronous or Asynchronous, According to Your Preference, Provided by the Innovity Professional Team"},{"contenido":"Case Method: Effective Use of Learned Tools and Concepts"},{"contenido":"Self-Assessments to Measure Learning Progress"},{"contenido":"Comprehensive Final Exam"},{"contenido":"Certificate of Completion or Attendance, as Applicable"}],"programas_relacionados":"","pdf_brochure":false,"avalado_por":false,"mostrar_banner_1":false,"crear_banner_1":{"utilizar_imagen_unica_para_banner":false,"asignar_imagen_unica_para_banner":false,"mostrar_titulo_banner":false,"titulo_para_banner":"","mostrar_subtitulo_banner":false,"subtitulo_del_banner":"","mostrar_cta_banner":false,"texto_cta_banner":"","url_cta_banner":"","fondo_de_color_banner":"","fondo_de_imagen_banner":false,"mostrar_imagen_izquierda_banner":false,"asignar_imagen_izquierda_banner":false},"mostrar_banner_2":false,"crear_banner_2":{"utilizar_imagen_unica_para_banner":false,"asignar_imagen_unica_para_banner":false,"mostrar_titulo_banner":false,"titulo_para_banner":"","mostrar_subtitulo_banner":false,"subtitulo_del_banner":"","mostrar_cta_banner":false,"texto_cta_banner":"","url_cta_banner":"","fondo_de_color_banner":"","fondo_de_imagen_banner":false,"mostrar_imagen_izquierda_banner":false,"asignar_imagen_izquierda_banner":false},"mostrar_banner_3":false,"crear_banner_3":{"utilizar_imagen_unica_para_banner":false,"asignar_imagen_unica_para_banner":false,"mostrar_titulo_banner":false,"titulo_para_banner":"","mostrar_subtitulo_banner":false,"subtitulo_del_banner":"","mostrar_cta_banner":false,"texto_cta_banner":"","url_cta_banner":"","fondo_de_color_banner":"","fondo_de_imagen_banner":false,"mostrar_imagen_izquierda_banner":false,"asignar_imagen_izquierda_banner":false},"activar_fechas_automaticas":false,"fecha_de_inicio_automatica":"","segunda_fecha_de_inicio_automatica":"","zona_horaria":"Europe\/Madrid","header_image":"https:\/\/innovity.org\/wp-content\/uploads\/2025\/10\/82.png","texto_hero":"Afecciones musculares y tendinopat\u00eda cr\u00f3nica aqu\u00edlea. Readaptaci\u00f3n en sala y en campo","url_btn_compra":"https:\/\/buy.stripe.com\/14AdRa1gUf8J8CmbJT0kE0s"},"yoast_head":"<!-- This site is optimized with the Yoast SEO plugin v18.2 - https:\/\/yoast.com\/wordpress\/plugins\/seo\/ -->\n<meta name=\"description\" content=\"Created by global leaders and experts. 1-month duration. 100% online. Build for professionals. Backed by science. Powered by innovation.\" \/>\n<meta name=\"robots\" content=\"index, follow, max-snippet:-1, max-image-preview:large, max-video-preview:-1\" \/>\n<link rel=\"canonical\" href=\"https:\/\/innovity.org\/en\/product\/specialized-course-in-post-injury-rehabilitation-of-the-triceps-surae-and-achilles-tendon\/\" \/>\n<meta property=\"og:locale\" content=\"en_US\" \/>\n<meta property=\"og:type\" content=\"article\" \/>\n<meta property=\"og:title\" content=\"Specialized Course in Post-Injury Rehabilitation of the Triceps Surae and Achilles Tendon - Innovity\" \/>\n<meta property=\"og:description\" content=\"Created by global leaders and experts. 1-month duration. 100% online. Build for professionals. Backed by science. Powered by innovation.\" \/>\n<meta property=\"og:url\" content=\"https:\/\/innovity.org\/en\/product\/specialized-course-in-post-injury-rehabilitation-of-the-triceps-surae-and-achilles-tendon\/\" \/>\n<meta property=\"og:site_name\" content=\"Innovity\" \/>\n<meta property=\"article:modified_time\" content=\"2025-12-29T01:45:07+00:00\" \/>\n<meta name=\"twitter:card\" content=\"summary_large_image\" \/>\n<script type=\"application\/ld+json\" class=\"yoast-schema-graph\">{\"@context\":\"https:\/\/schema.org\",\"@graph\":[{\"@type\":\"WebSite\",\"@id\":\"https:\/\/innovity.org\/#website\",\"url\":\"https:\/\/innovity.org\/\",\"name\":\"Open Campus\",\"description\":\"\",\"potentialAction\":[{\"@type\":\"SearchAction\",\"target\":{\"@type\":\"EntryPoint\",\"urlTemplate\":\"https:\/\/innovity.org\/?s={search_term_string}\"},\"query-input\":\"required name=search_term_string\"}],\"inLanguage\":\"en-US\"},{\"@type\":\"WebPage\",\"@id\":\"https:\/\/innovity.org\/en\/product\/specialized-course-in-post-injury-rehabilitation-of-the-triceps-surae-and-achilles-tendon\/#webpage\",\"url\":\"https:\/\/innovity.org\/en\/product\/specialized-course-in-post-injury-rehabilitation-of-the-triceps-surae-and-achilles-tendon\/\",\"name\":\"Specialized Course in Post-Injury Rehabilitation of the Triceps Surae and Achilles Tendon - Innovity\",\"isPartOf\":{\"@id\":\"https:\/\/innovity.org\/#website\"},\"datePublished\":\"2025-10-29T15:08:02+00:00\",\"dateModified\":\"2025-12-29T01:45:07+00:00\",\"description\":\"Created by global leaders and experts. 1-month duration. 100% online. Build for professionals. Backed by science. Powered by innovation.\",\"breadcrumb\":{\"@id\":\"https:\/\/innovity.org\/en\/product\/specialized-course-in-post-injury-rehabilitation-of-the-triceps-surae-and-achilles-tendon\/#breadcrumb\"},\"inLanguage\":\"en-US\",\"potentialAction\":[{\"@type\":\"ReadAction\",\"target\":[\"https:\/\/innovity.org\/en\/product\/specialized-course-in-post-injury-rehabilitation-of-the-triceps-surae-and-achilles-tendon\/\"]}]},{\"@type\":\"BreadcrumbList\",\"@id\":\"https:\/\/innovity.org\/en\/product\/specialized-course-in-post-injury-rehabilitation-of-the-triceps-surae-and-achilles-tendon\/#breadcrumb\",\"itemListElement\":[{\"@type\":\"ListItem\",\"position\":1,\"name\":\"Productos\",\"item\":\"https:\/\/innovity.org\/en\/product\/\"},{\"@type\":\"ListItem\",\"position\":2,\"name\":\"Specialized Course in Post-Injury Rehabilitation of the Triceps Surae and Achilles Tendon\"}]}]}<\/script>\n<!-- \/ Yoast SEO plugin. -->","yoast_head_json":{"description":"Created by global leaders and experts. 1-month duration. 100% online. Build for professionals. Backed by science. Powered by innovation.","robots":{"index":"index","follow":"follow","max-snippet":"max-snippet:-1","max-image-preview":"max-image-preview:large","max-video-preview":"max-video-preview:-1"},"canonical":"https:\/\/innovity.org\/en\/product\/specialized-course-in-post-injury-rehabilitation-of-the-triceps-surae-and-achilles-tendon\/","og_locale":"en_US","og_type":"article","og_title":"Specialized Course in Post-Injury Rehabilitation of the Triceps Surae and Achilles Tendon - Innovity","og_description":"Created by global leaders and experts. 1-month duration. 100% online. Build for professionals. Backed by science. Powered by innovation.","og_url":"https:\/\/innovity.org\/en\/product\/specialized-course-in-post-injury-rehabilitation-of-the-triceps-surae-and-achilles-tendon\/","og_site_name":"Innovity","article_modified_time":"2025-12-29T01:45:07+00:00","twitter_card":"summary_large_image","schema":{"@context":"https:\/\/schema.org","@graph":[{"@type":"WebSite","@id":"https:\/\/innovity.org\/#website","url":"https:\/\/innovity.org\/","name":"Open Campus","description":"","potentialAction":[{"@type":"SearchAction","target":{"@type":"EntryPoint","urlTemplate":"https:\/\/innovity.org\/?s={search_term_string}"},"query-input":"required name=search_term_string"}],"inLanguage":"en-US"},{"@type":"WebPage","@id":"https:\/\/innovity.org\/en\/product\/specialized-course-in-post-injury-rehabilitation-of-the-triceps-surae-and-achilles-tendon\/#webpage","url":"https:\/\/innovity.org\/en\/product\/specialized-course-in-post-injury-rehabilitation-of-the-triceps-surae-and-achilles-tendon\/","name":"Specialized Course in Post-Injury Rehabilitation of the Triceps Surae and Achilles Tendon - Innovity","isPartOf":{"@id":"https:\/\/innovity.org\/#website"},"datePublished":"2025-10-29T15:08:02+00:00","dateModified":"2025-12-29T01:45:07+00:00","description":"Created by global leaders and experts. 1-month duration. 100% online. Build for professionals. Backed by science. Powered by innovation.","breadcrumb":{"@id":"https:\/\/innovity.org\/en\/product\/specialized-course-in-post-injury-rehabilitation-of-the-triceps-surae-and-achilles-tendon\/#breadcrumb"},"inLanguage":"en-US","potentialAction":[{"@type":"ReadAction","target":["https:\/\/innovity.org\/en\/product\/specialized-course-in-post-injury-rehabilitation-of-the-triceps-surae-and-achilles-tendon\/"]}]},{"@type":"BreadcrumbList","@id":"https:\/\/innovity.org\/en\/product\/specialized-course-in-post-injury-rehabilitation-of-the-triceps-surae-and-achilles-tendon\/#breadcrumb","itemListElement":[{"@type":"ListItem","position":1,"name":"Productos","item":"https:\/\/innovity.org\/en\/product\/"},{"@type":"ListItem","position":2,"name":"Specialized Course in Post-Injury Rehabilitation of the Triceps Surae and Achilles Tendon"}]}]}},"idiomas":{"en":11965,"es":11957,"ca":11965},"_links":{"self":[{"href":"https:\/\/innovity.org\/en\/wp-json\/wp\/v2\/products\/11965","targetHints":{"allow":["GET"]}}],"collection":[{"href":"https:\/\/innovity.org\/en\/wp-json\/wp\/v2\/products"}],"about":[{"href":"https:\/\/innovity.org\/en\/wp-json\/wp\/v2\/types\/product"}],"author":[{"embeddable":true,"href":"https:\/\/innovity.org\/en\/wp-json\/wp\/v2\/users\/12"}],"replies":[{"embeddable":true,"href":"https:\/\/innovity.org\/en\/wp-json\/wp\/v2\/comments?post=11965"}],"version-history":[{"count":4,"href":"https:\/\/innovity.org\/en\/wp-json\/wp\/v2\/products\/11965\/revisions"}],"predecessor-version":[{"id":12422,"href":"https:\/\/innovity.org\/en\/wp-json\/wp\/v2\/products\/11965\/revisions\/12422"}],"wp:attachment":[{"href":"https:\/\/innovity.org\/en\/wp-json\/wp\/v2\/media?parent=11965"}],"wp:term":[{"taxonomy":"category","embeddable":true,"href":"https:\/\/innovity.org\/en\/wp-json\/wp\/v2\/categories?post=11965"}],"curies":[{"name":"wp","href":"https:\/\/api.w.org\/{rel}","templated":true}]}}