{"id":11781,"date":"2025-10-28T19:01:14","date_gmt":"2025-10-28T19:01:14","guid":{"rendered":"https:\/\/innovity.org\/?post_type=product&#038;p=11781"},"modified":"2025-12-29T01:45:07","modified_gmt":"2025-12-29T01:45:07","slug":"specialized-course-in-complex-speed-training","status":"publish","type":"product","link":"https:\/\/innovity.org\/en\/product\/specialized-course-in-complex-speed-training\/","title":{"rendered":"Specialized Course in Complex Speed Training"},"content":{"rendered":"","protected":false},"excerpt":{"rendered":"","protected":false},"author":12,"featured_media":0,"comment_status":"open","ping_status":"closed","template":"","meta":{"footnotes":""},"categories":[74,1],"class_list":["post-11781","product","type-product","status-publish","hentry","category-specialized-course","category-uncategorized"],"acf":{"hubspot_product_id":"","id_magento":"","external_id":"","our_courses_title":"","our_courses_texto":"","imagen_destacada":false,"precio":"220","precio_en_cuotas":"","precio_de_lista":"","promocion_vigente":"","duracion_del_curso":"1 month","fecha_de_inicio":"10\/12\/2025","tipo_de_programa":"Online, asynchronous","nivel_del_curso":"Intermediate","modalidad":"Online, asynchronous","impartido_en":"Spanish\/English","dedicacion":"6\u20138 hours per week","titulo":"Specialized Course in Complex Speed Training","contenido":"<p>The interpretation of performance in football has traditionally been dominated by a reductionist approach, analyzing the different dimensions of athletes individually and in isolation. This linear and causal vision seeks to understand behaviors by breaking them down into parts, assuming that the body functions like a perfect machine. Once the individual components (technical, tactical, and physical) are maximized, it is believed that they can be combined to achieve sporting success. While this approach may sometimes yield results, it fails to capture the intrinsically dynamic, complex, and interconnected nature of the game.<\/p>\n<p>From the perspective of ecological psychology and dynamical systems theory, a football team is not merely the sum of its parts, but rather a superorganism: a complex adaptive system in which collective behavior emerges from the continuous interaction between players and a constantly changing environment.<\/p>\n<p>Within this framework, speed transcends the individual and mechanical dimension, encompassing team speed and game speed. This implies recognizing that players\u2019 behaviors are part of a dynamic and relational system. Thus, discussing complex speed involves understanding it as a manifestation of the player\u2013team system, which must perceive and act functionally in relation to environmental conditions within real time constraints.<\/p>\n<p>According to these considerations, team preparation should not focus solely on improving individual physical speed, but also on optimizing intra- and inter-player coordination, and the adaptation of the perception\u2013action coupling to changing contexts. Consequently, the primary objective of complex speed training in football is to facilitate faster interpretation of environmental stimuli by both players and teams, expanding the meaningful perceptual\u2013motor field at the individual and collective levels, and developing anticipatory systems for prospective outcomes, all aimed at achieving optimal performance under temporal stress.<\/p>\n","galeria_producto":false,"cursos_que_lo_componen":[{"nombre_del_curso":"1. Theoretical Framework and Methodological Principles of Complex Speed Training","descripcion_del_curso":"<p>dolor sit amt<\/p>\n"},{"nombre_del_curso":"2. Rethinking Speed: Components Structuring the Manifestations of Complex Speed","descripcion_del_curso":""},{"nombre_del_curso":"3. Manifestations of Complex Speed","descripcion_del_curso":""},{"nombre_del_curso":"4. Application Methodology for Complex Speed Training","descripcion_del_curso":""}],"preguntas_frecuentes":false,"docentes_expertos":[{"foto":"https:\/\/innovity.org\/wp-content\/uploads\/2025\/10\/Foto-Javi-Jorge-1.jpeg","nombre_del_docente":"Javier Jorge Vizuete","descripcion_del_docente":"PhD in Sports Performance from the University of Barcelona. Bachelor\u2019s Degree in Sport Sciences from the National Institute of Physical Education of Catalonia (INEFC, University of Barcelona).  In the academic field, Dr. Javier Jorge has consistently focused on understanding the complexity of sport and the athlete. He has been actively involved in university teaching in postgraduate programs related to sports performance and injury prevention, as well as in teacher education degrees. He has also undertaken administrative responsibilities, notably serving as Coordinator of the Physical Education track at the International University of Catalonia. His teaching activity has centered on subjects related to motor learning and development, motor play, and the evolution and development of physical fitness.  He has worked as a strength and conditioning coach for elite basketball clubs and players, including FC Barcelona. He also combined his role as strength and conditioning coach with that of coordinator of the conditioning structure at Real Club de Polo\u2019s field hockey program.  In recent years, his work has focused particularly on the education and development of young athletes, with a specific emphasis on understanding and enhancing complex speed in team sports.","enlace":""}],"card_descubre":false,"imagen_card_descubre":false,"link_btn_card_descubre":"","video_producto":"","que_incluye_este_programa":[{"contenido":"Access to the Innovity\u00ae Method: Science, Methodology, and Application"},{"contenido":"Expert Mentorship: Testimonials, Best Practices, and Insights from Experts\u2014Directly from the Field"},{"contenido":"Access to Materials Anytime, Anywhere, and from Any Device"},{"contenido":"24\/7 Support, Synchronous or Asynchronous, According to Your Preference, Provided by the Innovity Professional Team"},{"contenido":"Case Method: Effective Use of Learned Tools and Concepts"},{"contenido":"Self-Assessments to Measure Learning Progress"},{"contenido":"Comprehensive Final Exam"},{"contenido":"Certificate of Completion or Attendance, as Applicable"}],"programas_relacionados":"","pdf_brochure":false,"avalado_por":false,"mostrar_banner_1":false,"crear_banner_1":{"utilizar_imagen_unica_para_banner":false,"asignar_imagen_unica_para_banner":false,"mostrar_titulo_banner":false,"titulo_para_banner":"","mostrar_subtitulo_banner":false,"subtitulo_del_banner":"","mostrar_cta_banner":false,"texto_cta_banner":"","url_cta_banner":"","fondo_de_color_banner":"","fondo_de_imagen_banner":false,"mostrar_imagen_izquierda_banner":false,"asignar_imagen_izquierda_banner":false},"mostrar_banner_2":false,"crear_banner_2":{"utilizar_imagen_unica_para_banner":false,"asignar_imagen_unica_para_banner":false,"mostrar_titulo_banner":false,"titulo_para_banner":"","mostrar_subtitulo_banner":false,"subtitulo_del_banner":"","mostrar_cta_banner":false,"texto_cta_banner":"","url_cta_banner":"","fondo_de_color_banner":"","fondo_de_imagen_banner":false,"mostrar_imagen_izquierda_banner":false,"asignar_imagen_izquierda_banner":false},"mostrar_banner_3":false,"crear_banner_3":{"utilizar_imagen_unica_para_banner":false,"asignar_imagen_unica_para_banner":false,"mostrar_titulo_banner":false,"titulo_para_banner":"","mostrar_subtitulo_banner":false,"subtitulo_del_banner":"","mostrar_cta_banner":false,"texto_cta_banner":"","url_cta_banner":"","fondo_de_color_banner":"","fondo_de_imagen_banner":false,"mostrar_imagen_izquierda_banner":false,"asignar_imagen_izquierda_banner":false},"activar_fechas_automaticas":false,"fecha_de_inicio_automatica":"","segunda_fecha_de_inicio_automatica":"","zona_horaria":"Europe\/Madrid","texto_card_descubre":"1 mes, 100% on line, creado por referente globales.","texto_hero":"Velocidad f\u00edsica individual, optimizaci\u00f3n de la coordinaci\u00f3n inter-intra jugador y adaptaci\u00f3n del complejo percepci\u00f3n-acci\u00f3n frente a contextos cambiantes ","header_image":"https:\/\/innovity.org\/wp-content\/uploads\/2025\/10\/1.png","url_btn_compra":"https:\/\/buy.stripe.com\/28E3cwf7K0dP8CmcNX0kE0j"},"yoast_head":"<!-- This site is optimized with the Yoast SEO plugin v18.2 - https:\/\/yoast.com\/wordpress\/plugins\/seo\/ -->\n<meta name=\"description\" content=\"Created by global leaders and experts. 1-month duration. 100% online. Build for professionals. Backed by science. Powered by innovation.\" \/>\n<meta name=\"robots\" content=\"index, follow, max-snippet:-1, max-image-preview:large, max-video-preview:-1\" \/>\n<link rel=\"canonical\" href=\"https:\/\/innovity.org\/en\/product\/specialized-course-in-complex-speed-training\/\" \/>\n<meta property=\"og:locale\" content=\"en_US\" \/>\n<meta property=\"og:type\" content=\"article\" \/>\n<meta property=\"og:title\" content=\"Specialized Course in Complex Speed Training - Innovity\" \/>\n<meta property=\"og:description\" content=\"Created by global leaders and experts. 1-month duration. 100% online. Build for professionals. Backed by science. Powered by innovation.\" \/>\n<meta property=\"og:url\" content=\"https:\/\/innovity.org\/en\/product\/specialized-course-in-complex-speed-training\/\" \/>\n<meta property=\"og:site_name\" content=\"Innovity\" \/>\n<meta property=\"article:modified_time\" content=\"2025-12-29T01:45:07+00:00\" \/>\n<meta name=\"twitter:card\" content=\"summary_large_image\" \/>\n<script type=\"application\/ld+json\" class=\"yoast-schema-graph\">{\"@context\":\"https:\/\/schema.org\",\"@graph\":[{\"@type\":\"WebSite\",\"@id\":\"https:\/\/innovity.org\/#website\",\"url\":\"https:\/\/innovity.org\/\",\"name\":\"Open Campus\",\"description\":\"\",\"potentialAction\":[{\"@type\":\"SearchAction\",\"target\":{\"@type\":\"EntryPoint\",\"urlTemplate\":\"https:\/\/innovity.org\/?s={search_term_string}\"},\"query-input\":\"required name=search_term_string\"}],\"inLanguage\":\"en-US\"},{\"@type\":\"WebPage\",\"@id\":\"https:\/\/innovity.org\/en\/product\/specialized-course-in-complex-speed-training\/#webpage\",\"url\":\"https:\/\/innovity.org\/en\/product\/specialized-course-in-complex-speed-training\/\",\"name\":\"Specialized Course in Complex Speed Training - Innovity\",\"isPartOf\":{\"@id\":\"https:\/\/innovity.org\/#website\"},\"datePublished\":\"2025-10-28T19:01:14+00:00\",\"dateModified\":\"2025-12-29T01:45:07+00:00\",\"description\":\"Created by global leaders and experts. 1-month duration. 100% online. Build for professionals. Backed by science. Powered by innovation.\",\"breadcrumb\":{\"@id\":\"https:\/\/innovity.org\/en\/product\/specialized-course-in-complex-speed-training\/#breadcrumb\"},\"inLanguage\":\"en-US\",\"potentialAction\":[{\"@type\":\"ReadAction\",\"target\":[\"https:\/\/innovity.org\/en\/product\/specialized-course-in-complex-speed-training\/\"]}]},{\"@type\":\"BreadcrumbList\",\"@id\":\"https:\/\/innovity.org\/en\/product\/specialized-course-in-complex-speed-training\/#breadcrumb\",\"itemListElement\":[{\"@type\":\"ListItem\",\"position\":1,\"name\":\"Productos\",\"item\":\"https:\/\/innovity.org\/en\/product\/\"},{\"@type\":\"ListItem\",\"position\":2,\"name\":\"Specialized Course in Complex Speed Training\"}]}]}<\/script>\n<!-- \/ Yoast SEO plugin. -->","yoast_head_json":{"description":"Created by global leaders and experts. 1-month duration. 100% online. Build for professionals. Backed by science. Powered by innovation.","robots":{"index":"index","follow":"follow","max-snippet":"max-snippet:-1","max-image-preview":"max-image-preview:large","max-video-preview":"max-video-preview:-1"},"canonical":"https:\/\/innovity.org\/en\/product\/specialized-course-in-complex-speed-training\/","og_locale":"en_US","og_type":"article","og_title":"Specialized Course in Complex Speed Training - Innovity","og_description":"Created by global leaders and experts. 1-month duration. 100% online. Build for professionals. Backed by science. Powered by innovation.","og_url":"https:\/\/innovity.org\/en\/product\/specialized-course-in-complex-speed-training\/","og_site_name":"Innovity","article_modified_time":"2025-12-29T01:45:07+00:00","twitter_card":"summary_large_image","schema":{"@context":"https:\/\/schema.org","@graph":[{"@type":"WebSite","@id":"https:\/\/innovity.org\/#website","url":"https:\/\/innovity.org\/","name":"Open Campus","description":"","potentialAction":[{"@type":"SearchAction","target":{"@type":"EntryPoint","urlTemplate":"https:\/\/innovity.org\/?s={search_term_string}"},"query-input":"required name=search_term_string"}],"inLanguage":"en-US"},{"@type":"WebPage","@id":"https:\/\/innovity.org\/en\/product\/specialized-course-in-complex-speed-training\/#webpage","url":"https:\/\/innovity.org\/en\/product\/specialized-course-in-complex-speed-training\/","name":"Specialized Course in Complex Speed Training - Innovity","isPartOf":{"@id":"https:\/\/innovity.org\/#website"},"datePublished":"2025-10-28T19:01:14+00:00","dateModified":"2025-12-29T01:45:07+00:00","description":"Created by global leaders and experts. 1-month duration. 100% online. Build for professionals. Backed by science. Powered by innovation.","breadcrumb":{"@id":"https:\/\/innovity.org\/en\/product\/specialized-course-in-complex-speed-training\/#breadcrumb"},"inLanguage":"en-US","potentialAction":[{"@type":"ReadAction","target":["https:\/\/innovity.org\/en\/product\/specialized-course-in-complex-speed-training\/"]}]},{"@type":"BreadcrumbList","@id":"https:\/\/innovity.org\/en\/product\/specialized-course-in-complex-speed-training\/#breadcrumb","itemListElement":[{"@type":"ListItem","position":1,"name":"Productos","item":"https:\/\/innovity.org\/en\/product\/"},{"@type":"ListItem","position":2,"name":"Specialized Course in Complex Speed Training"}]}]}},"idiomas":{"en":11781,"es":11756,"ca":11781},"_links":{"self":[{"href":"https:\/\/innovity.org\/en\/wp-json\/wp\/v2\/products\/11781","targetHints":{"allow":["GET"]}}],"collection":[{"href":"https:\/\/innovity.org\/en\/wp-json\/wp\/v2\/products"}],"about":[{"href":"https:\/\/innovity.org\/en\/wp-json\/wp\/v2\/types\/product"}],"author":[{"embeddable":true,"href":"https:\/\/innovity.org\/en\/wp-json\/wp\/v2\/users\/12"}],"replies":[{"embeddable":true,"href":"https:\/\/innovity.org\/en\/wp-json\/wp\/v2\/comments?post=11781"}],"version-history":[{"count":5,"href":"https:\/\/innovity.org\/en\/wp-json\/wp\/v2\/products\/11781\/revisions"}],"predecessor-version":[{"id":12609,"href":"https:\/\/innovity.org\/en\/wp-json\/wp\/v2\/products\/11781\/revisions\/12609"}],"wp:attachment":[{"href":"https:\/\/innovity.org\/en\/wp-json\/wp\/v2\/media?parent=11781"}],"wp:term":[{"taxonomy":"category","embeddable":true,"href":"https:\/\/innovity.org\/en\/wp-json\/wp\/v2\/categories?post=11781"}],"curies":[{"name":"wp","href":"https:\/\/api.w.org\/{rel}","templated":true}]}}