{"id":11448,"date":"2025-10-03T13:46:29","date_gmt":"2025-10-03T13:46:29","guid":{"rendered":"https:\/\/innovity.org\/?page_id=11448"},"modified":"2025-10-03T23:46:19","modified_gmt":"2025-10-03T23:46:19","slug":"el-metode-innovity","status":"publish","type":"page","link":"https:\/\/innovity.org\/ca\/el-metode-innovity\/","title":{"rendered":"El m\u00e8tode Innovity"},"content":{"rendered":"","protected":false},"excerpt":{"rendered":"","protected":false},"author":12,"featured_media":0,"parent":0,"menu_order":0,"comment_status":"closed","ping_status":"closed","template":"page-templates\/page-method.php","meta":{"footnotes":""},"categories":[],"tags":[],"class_list":["post-11448","page","type-page","status-publish","hentry"],"acf":{"header_image":"https:\/\/innovity.org\/wp-content\/uploads\/2025\/10\/METHOD-HERO-1_CAT-1.png","our_method_title":"El m\u00e8tode Innovity","our_method_texto":"<p><span style=\"font-weight: 400;\">Simplicitat en l&#8217;acc\u00e9s a coneixements pr\u00e0ctics i d&#8217;avantguarda, desenvolupats per experts i cient\u00edfics, veritables l\u00edders globals en la seva especialitat. Amb una visi\u00f3 cient\u00edfica i un m\u00e8tode espec\u00edfic a trav\u00e9s d&#8217;una experi\u00e8ncia digital d&#8217;aprenentatge \u00fanica per a necessitats altament especialitzades.<\/span><\/p>\n","knowledge_section_image":"https:\/\/innovity.org\/wp-content\/uploads\/2025\/10\/METHOD-SECTION-1_CAT.png","state_of_the_art_section_image":"https:\/\/innovity.org\/wp-content\/uploads\/2025\/10\/METHOD-SECTION-2_CAT.png","scientific_section_image":"https:\/\/innovity.org\/wp-content\/uploads\/2025\/10\/METHOD-SECTION-3_CAT.png","advantage_section_image":"https:\/\/innovity.org\/wp-content\/uploads\/2025\/10\/METHOD-SECTION-4_CAT-1.png"},"yoast_head":"<!-- This site is optimized with the Yoast SEO plugin v18.2 - https:\/\/yoast.com\/wordpress\/plugins\/seo\/ -->\n<meta name=\"robots\" content=\"index, follow, max-snippet:-1, max-image-preview:large, max-video-preview:-1\" \/>\n<link rel=\"canonical\" href=\"https:\/\/innovity.org\/ca\/el-metode-innovity\/\" \/>\n<meta property=\"og:locale\" content=\"ca_ES\" \/>\n<meta property=\"og:type\" content=\"article\" \/>\n<meta property=\"og:title\" content=\"El m\u00e8tode Innovity - Innovity\" \/>\n<meta property=\"og:url\" content=\"https:\/\/innovity.org\/ca\/el-metode-innovity\/\" \/>\n<meta property=\"og:site_name\" content=\"Innovity\" \/>\n<meta property=\"article:modified_time\" content=\"2025-10-03T23:46:19+00:00\" \/>\n<meta name=\"twitter:card\" content=\"summary_large_image\" \/>\n<script type=\"application\/ld+json\" class=\"yoast-schema-graph\">{\"@context\":\"https:\/\/schema.org\",\"@graph\":[{\"@type\":\"WebSite\",\"@id\":\"https:\/\/innovity.org\/#website\",\"url\":\"https:\/\/innovity.org\/\",\"name\":\"Open Campus\",\"description\":\"\",\"potentialAction\":[{\"@type\":\"SearchAction\",\"target\":{\"@type\":\"EntryPoint\",\"urlTemplate\":\"https:\/\/innovity.org\/?s={search_term_string}\"},\"query-input\":\"required name=search_term_string\"}],\"inLanguage\":\"ca\"},{\"@type\":\"WebPage\",\"@id\":\"https:\/\/innovity.org\/ca\/el-metode-innovity\/#webpage\",\"url\":\"https:\/\/innovity.org\/ca\/el-metode-innovity\/\",\"name\":\"El m\u00e8tode Innovity - Innovity\",\"isPartOf\":{\"@id\":\"https:\/\/innovity.org\/#website\"},\"datePublished\":\"2025-10-03T13:46:29+00:00\",\"dateModified\":\"2025-10-03T23:46:19+00:00\",\"breadcrumb\":{\"@id\":\"https:\/\/innovity.org\/ca\/el-metode-innovity\/#breadcrumb\"},\"inLanguage\":\"ca\",\"potentialAction\":[{\"@type\":\"ReadAction\",\"target\":[\"https:\/\/innovity.org\/ca\/el-metode-innovity\/\"]}]},{\"@type\":\"BreadcrumbList\",\"@id\":\"https:\/\/innovity.org\/ca\/el-metode-innovity\/#breadcrumb\",\"itemListElement\":[{\"@type\":\"ListItem\",\"position\":1,\"name\":\"El m\u00e8tode Innovity\"}]}]}<\/script>\n<!-- \/ Yoast SEO plugin. -->","yoast_head_json":{"robots":{"index":"index","follow":"follow","max-snippet":"max-snippet:-1","max-image-preview":"max-image-preview:large","max-video-preview":"max-video-preview:-1"},"canonical":"https:\/\/innovity.org\/ca\/el-metode-innovity\/","og_locale":"ca_ES","og_type":"article","og_title":"El m\u00e8tode Innovity - Innovity","og_url":"https:\/\/innovity.org\/ca\/el-metode-innovity\/","og_site_name":"Innovity","article_modified_time":"2025-10-03T23:46:19+00:00","twitter_card":"summary_large_image","schema":{"@context":"https:\/\/schema.org","@graph":[{"@type":"WebSite","@id":"https:\/\/innovity.org\/#website","url":"https:\/\/innovity.org\/","name":"Open Campus","description":"","potentialAction":[{"@type":"SearchAction","target":{"@type":"EntryPoint","urlTemplate":"https:\/\/innovity.org\/?s={search_term_string}"},"query-input":"required name=search_term_string"}],"inLanguage":"ca"},{"@type":"WebPage","@id":"https:\/\/innovity.org\/ca\/el-metode-innovity\/#webpage","url":"https:\/\/innovity.org\/ca\/el-metode-innovity\/","name":"El m\u00e8tode Innovity - Innovity","isPartOf":{"@id":"https:\/\/innovity.org\/#website"},"datePublished":"2025-10-03T13:46:29+00:00","dateModified":"2025-10-03T23:46:19+00:00","breadcrumb":{"@id":"https:\/\/innovity.org\/ca\/el-metode-innovity\/#breadcrumb"},"inLanguage":"ca","potentialAction":[{"@type":"ReadAction","target":["https:\/\/innovity.org\/ca\/el-metode-innovity\/"]}]},{"@type":"BreadcrumbList","@id":"https:\/\/innovity.org\/ca\/el-metode-innovity\/#breadcrumb","itemListElement":[{"@type":"ListItem","position":1,"name":"El m\u00e8tode Innovity"}]}]}},"_links":{"self":[{"href":"https:\/\/innovity.org\/ca\/wp-json\/wp\/v2\/pages\/11448","targetHints":{"allow":["GET"]}}],"collection":[{"href":"https:\/\/innovity.org\/ca\/wp-json\/wp\/v2\/pages"}],"about":[{"href":"https:\/\/innovity.org\/ca\/wp-json\/wp\/v2\/types\/page"}],"author":[{"embeddable":true,"href":"https:\/\/innovity.org\/ca\/wp-json\/wp\/v2\/users\/12"}],"replies":[{"embeddable":true,"href":"https:\/\/innovity.org\/ca\/wp-json\/wp\/v2\/comments?post=11448"}],"version-history":[{"count":5,"href":"https:\/\/innovity.org\/ca\/wp-json\/wp\/v2\/pages\/11448\/revisions"}],"predecessor-version":[{"id":11477,"href":"https:\/\/innovity.org\/ca\/wp-json\/wp\/v2\/pages\/11448\/revisions\/11477"}],"wp:attachment":[{"href":"https:\/\/innovity.org\/ca\/wp-json\/wp\/v2\/media?parent=11448"}],"wp:term":[{"taxonomy":"category","embeddable":true,"href":"https:\/\/innovity.org\/ca\/wp-json\/wp\/v2\/categories?post=11448"},{"taxonomy":"post_tag","embeddable":true,"href":"https:\/\/innovity.org\/ca\/wp-json\/wp\/v2\/tags?post=11448"}],"curies":[{"name":"wp","href":"https:\/\/api.w.org\/{rel}","templated":true}]}}