{"id":11401,"date":"2025-10-03T01:47:37","date_gmt":"2025-10-03T01:47:37","guid":{"rendered":"https:\/\/innovity.org\/?page_id=11401"},"modified":"2025-11-03T17:33:38","modified_gmt":"2025-11-03T17:33:38","slug":"innovity","status":"publish","type":"page","link":"https:\/\/innovity.org\/ca\/","title":{"rendered":"Innovity"},"content":{"rendered":"","protected":false},"excerpt":{"rendered":"","protected":false},"author":12,"featured_media":0,"parent":0,"menu_order":0,"comment_status":"closed","ping_status":"closed","template":"page-templates\/page-main.php","meta":{"footnotes":""},"categories":[],"tags":[],"class_list":["post-11401","page","type-page","status-publish","hentry"],"acf":{"habilitar_seccion_blog":false,"home_blog_title":"","home_blog_subtitle":"","nota_destacada":"","notas_relacionadas":"","text_cta_blog":"","url_cta_blog":"","hero_image":"https:\/\/innovity.org\/wp-content\/uploads\/2025\/10\/HERO1A-CAT.png","build_section_text":"<p>Creat per a professionals. Recolzat per la ci\u00e8ncia. Impulsat per la innovaci\u00f3.<\/p>\n","texto_primer_boton":"Acc\u00e9s als programes","url_primer_boton":"","texto_segundo_boton":"Coneix la nostra manera d'ensenyar","url_segundo_boton":"https:\/\/affluent-pygmy-3437ef.gravitydemo.com\/innovity-org\/","what_is_section_image":"https:\/\/innovity.org\/wp-content\/uploads\/2025\/10\/SECTION1-1A-CAT-1.png","academy_pillars_title":"Els nostres pilars acad\u00e8mics","academy_pillars_section_image":false,"academy_pillars":[{"icon_pillar":"https:\/\/innovity.org\/wp-content\/uploads\/2025\/10\/HERO-ICO1.png","text_pillar":"<p>Aprenentatge personalitzat segons necessitats i prefer\u00e8ncies<\/p>\n"},{"icon_pillar":"https:\/\/innovity.org\/wp-content\/uploads\/2025\/10\/HERO-ICO2.png","text_pillar":"<p>Mentoria de referents de la ind\u00fastria amb la seva experi\u00e8ncia espec\u00edfica en l&#8217;\u00e0mbit de l&#8217;esport d&#8217;elit.<\/p>\n"},{"icon_pillar":"https:\/\/innovity.org\/wp-content\/uploads\/2025\/10\/HERO-ICO3.png","text_pillar":"<p>Avaluaci\u00f3 constant i din\u00e0mica amb retroalimentaci\u00f3 efectiva.<\/p>\n"},{"icon_pillar":"https:\/\/innovity.org\/wp-content\/uploads\/2025\/10\/HERO-ICO4.png","text_pillar":"<p>Aprenentatge basat en compet\u00e8ncies: adquisici\u00f3 de coneixements, habilitats pr\u00e0ctiques i resoluci\u00f3 de problemes.<\/p>\n"},{"icon_pillar":"https:\/\/innovity.org\/wp-content\/uploads\/2025\/10\/HERO-ICO5.png","text_pillar":"<p>Tecnologia innovadora al servei de la missi\u00f3<\/p>\n"}],"faqs":[{"pregunta":"\u00bfQu\u00e8 \u00e9s Innovity?","respuesta":"\u00c9s una organitzaci\u00f3 privada dedicada a generar i distribuir continguts formatius centrats en les ci\u00e8ncies de l\u2019esport aplicades al futbol, sota un m\u00e8tode exclusiu que integra ci\u00e8ncia, metodologia i aplicaci\u00f3, i amb una acurada selecci\u00f3 d\u2019experts i referents cient\u00edfics i acad\u00e8mics d\u2019arreu del m\u00f3n, que compten amb una s\u00f2lida experi\u00e8ncia en organitzacions de l\u2019elit del futbol mundial."},{"pregunta":"\u00bfQuina tipologia de programes ofereix Innovity?","respuesta":"Oferim 3 tipologies diferents:\r\nCursos especialitzats: dissenyats per ser cursats durant un mes natural, amb una dedicaci\u00f3 total de 32 hores (8 hores setmanals, 4 setmanes). Abarquen un tema d\u2019alta especialitzaci\u00f3 i detall.\r\n\r\nProgrames professionals: dissenyats per ser cursats durant tres mesos naturals, amb una dedicaci\u00f3 total de 96 hores (8 hores setmanals, 12 setmanes). Se centren i aprofundeixen en una \u00e0rea concreta del coneixement.\r\n\r\nCertificacions professionals: recorreguts de 12 mesos, que ofereixen una formaci\u00f3 \u00e0mplia i detallada sobre una \u00e0rea concreta, amb un ampli ventall d\u2019eines, conceptes i millors pr\u00e0ctiques al seu voltant. La Certificaci\u00f3 Professional est\u00e0 dissenyada per cobrir totes les exig\u00e8ncies professionals d\u2019un camp espec\u00edfic i concret d\u2019acci\u00f3 i aplicaci\u00f3. Est\u00e0 composta per 4 Programes Professionals i el participant disposa de 2 anys per completar-la."},{"pregunta":"\u00bfCom s\u00f3n els cursos d\u2019Innovity?","respuesta":"Estan desenvolupats sota el m\u00e8tode Innovity, que integra ci\u00e8ncia, metodologia i aplicaci\u00f3, i han estat elaborats per acad\u00e8mics i cient\u00edfics de refer\u00e8ncia a escala mundial en els seus camps espec\u00edfics. S\u00f3n totalment as\u00edncrons, i tots els objectes d\u2019aprenentatge (lectures, v\u00eddeos, proves, etc.) es troben distribu\u00efts en funci\u00f3 del disseny instruccional definit, amb l\u2019objectiu d\u2019assolir les metes explicitades a cada programa i curs.\r\nEl participant hi trobar\u00e0 una seq\u00fc\u00e8ncia d\u2019objectes d\u2019aprenentatge (proves, lectures, v\u00eddeos, ex\u00e0mens) disposats de manera que es maximitzi l\u2019impacte en les compet\u00e8ncies i habilitats dels estudiants.\r\nAquests materials estan disponibles les 24 hores del dia, accessibles des de qualsevol dispositiu amb connexi\u00f3 a internet, i compten amb suport expert s\u00edncron, tant per a q\u00fcestions acad\u00e8miques com per a q\u00fcestions operatives relatives a la plataforma."},{"pregunta":"\u00bfQui s\u00f3n els experts que desenvolupen els continguts?","respuesta":"S\u00f3n professionals de renom global, referents en el seu camp d\u2019acci\u00f3 espec\u00edfic, amb un recorregut acad\u00e8mic rellevant tant pel que fa als t\u00edtols acad\u00e8mics com a la creaci\u00f3 de contingut cient\u00edfic.\r\nPer al desenvolupament del contingut, es parteix d\u2019una classificaci\u00f3 detallada de les problem\u00e0tiques clau que afronten els rols i perfils les compet\u00e8ncies dels quals volem potenciar. Un cop identificats els temes i les \u00e0rees, es duu a terme un exhaustiu escaneig de professionals de refer\u00e8ncia en aquell n\u00ednxol espec\u00edfic, que s\u00f3n els que finalment desenvolupen els programes."},{"pregunta":"\u00bfQuina validesa tenen els programes d\u2019Innovity?","respuesta":"Formem part de l\u2019espai de lifelong learning o formaci\u00f3 cont\u00ednua (abans conegut com a executive education). Els programes no compten amb cap acreditaci\u00f3 oficial, i el seu focus exclusiu \u00e9s potenciar el desenvolupament professional dels usuaris mitjan\u00e7ant la combinaci\u00f3 d\u2019un m\u00e8tode singular en la creaci\u00f3 de programes en l\u00ednia (combinant ci\u00e8ncia, metodologia i aplicaci\u00f3), amb referents i l\u00edders en cada n\u00ednxol espec\u00edfic com a creadors de contingut, i amb un servei en l\u00ednia durant el curs."},{"pregunta":"\u00bfCom puc cursar els programes i quins requisits ha de complir el meu maquinari per a fer-ho?","respuesta":"Els programes es cursen \u00fanica i exclusivament a trav\u00e9s del lloc web d\u2019Innovity, i aquests s\u00f3n els requisits m\u00ednims de maquinari i programari:\r\nNavegador\r\nGoogle Chrome, versi\u00f3 138 o superior\r\nFirefox, versi\u00f3 142.0 o superior\r\nSafari, versi\u00f3 17.X o superior\r\nOpera, versi\u00f3 118 o superior\r\nEdge, versi\u00f3 135 o superior\r\n\r\n\r\nSistema operatiu\r\nWindows: 10 o superior\r\nmacOS: macOS Tahoe (versi\u00f3 26), macOS Sequoia (15), macOS Sonoma (14) o superiors\r\nTauletes\r\niPadOS: iPadOS 16 o superior\r\n\r\n\r\nAndroid\r\nAndroid 14 o superior."},{"pregunta":"\u00bfCom puc posar-me en contacte i on est\u00e0 ubicada Innovity?","respuesta":"Innovity va ser fundada i constitu\u00efda a Barcelona, un punt central i essencial per al futbol, l\u2019entramat cultural, social i hist\u00f2ric de la qual ha configurat una manera \u00fanica i singular d\u2019entendre i abordar l\u2019esport i els seus components.\r\nPer a les persones interessades, el mitj\u00e0 de contacte \u00e9s el xat disponible al nostre lloc web. Ens posarem en contacte amb tu tan bon punt rebem la teva consulta."}],"label_faqs":"FAQS","titulo_faqs":"Tenim les respostes"},"yoast_head":"<!-- This site is optimized with the Yoast SEO plugin v18.2 - https:\/\/yoast.com\/wordpress\/plugins\/seo\/ -->\n<meta name=\"robots\" content=\"index, follow, max-snippet:-1, max-image-preview:large, max-video-preview:-1\" \/>\n<link rel=\"canonical\" href=\"https:\/\/innovity.org\/ca\/\" \/>\n<meta property=\"og:locale\" content=\"ca_ES\" \/>\n<meta property=\"og:type\" content=\"article\" \/>\n<meta property=\"og:title\" content=\"Innovity - Innovity\" \/>\n<meta property=\"og:url\" content=\"https:\/\/innovity.org\/ca\/\" \/>\n<meta property=\"og:site_name\" content=\"Innovity\" \/>\n<meta property=\"article:modified_time\" content=\"2025-11-03T17:33:38+00:00\" \/>\n<meta name=\"twitter:card\" content=\"summary_large_image\" \/>\n<script type=\"application\/ld+json\" class=\"yoast-schema-graph\">{\"@context\":\"https:\/\/schema.org\",\"@graph\":[{\"@type\":\"WebSite\",\"@id\":\"https:\/\/innovity.org\/#website\",\"url\":\"https:\/\/innovity.org\/\",\"name\":\"Open Campus\",\"description\":\"\",\"potentialAction\":[{\"@type\":\"SearchAction\",\"target\":{\"@type\":\"EntryPoint\",\"urlTemplate\":\"https:\/\/innovity.org\/?s={search_term_string}\"},\"query-input\":\"required name=search_term_string\"}],\"inLanguage\":\"ca\"},{\"@type\":\"WebPage\",\"@id\":\"https:\/\/innovity.org\/ca\/#webpage\",\"url\":\"https:\/\/innovity.org\/ca\/\",\"name\":\"Innovity - Innovity\",\"isPartOf\":{\"@id\":\"https:\/\/innovity.org\/#website\"},\"datePublished\":\"2025-10-03T01:47:37+00:00\",\"dateModified\":\"2025-11-03T17:33:38+00:00\",\"breadcrumb\":{\"@id\":\"https:\/\/innovity.org\/ca\/#breadcrumb\"},\"inLanguage\":\"ca\",\"potentialAction\":[{\"@type\":\"ReadAction\",\"target\":[\"https:\/\/innovity.org\/ca\/\"]}]},{\"@type\":\"BreadcrumbList\",\"@id\":\"https:\/\/innovity.org\/ca\/#breadcrumb\",\"itemListElement\":[{\"@type\":\"ListItem\",\"position\":1,\"name\":\"Innovity\"}]}]}<\/script>\n<!-- \/ Yoast SEO plugin. -->","yoast_head_json":{"robots":{"index":"index","follow":"follow","max-snippet":"max-snippet:-1","max-image-preview":"max-image-preview:large","max-video-preview":"max-video-preview:-1"},"canonical":"https:\/\/innovity.org\/ca\/","og_locale":"ca_ES","og_type":"article","og_title":"Innovity - Innovity","og_url":"https:\/\/innovity.org\/ca\/","og_site_name":"Innovity","article_modified_time":"2025-11-03T17:33:38+00:00","twitter_card":"summary_large_image","schema":{"@context":"https:\/\/schema.org","@graph":[{"@type":"WebSite","@id":"https:\/\/innovity.org\/#website","url":"https:\/\/innovity.org\/","name":"Open Campus","description":"","potentialAction":[{"@type":"SearchAction","target":{"@type":"EntryPoint","urlTemplate":"https:\/\/innovity.org\/?s={search_term_string}"},"query-input":"required name=search_term_string"}],"inLanguage":"ca"},{"@type":"WebPage","@id":"https:\/\/innovity.org\/ca\/#webpage","url":"https:\/\/innovity.org\/ca\/","name":"Innovity - Innovity","isPartOf":{"@id":"https:\/\/innovity.org\/#website"},"datePublished":"2025-10-03T01:47:37+00:00","dateModified":"2025-11-03T17:33:38+00:00","breadcrumb":{"@id":"https:\/\/innovity.org\/ca\/#breadcrumb"},"inLanguage":"ca","potentialAction":[{"@type":"ReadAction","target":["https:\/\/innovity.org\/ca\/"]}]},{"@type":"BreadcrumbList","@id":"https:\/\/innovity.org\/ca\/#breadcrumb","itemListElement":[{"@type":"ListItem","position":1,"name":"Innovity"}]}]}},"_links":{"self":[{"href":"https:\/\/innovity.org\/ca\/wp-json\/wp\/v2\/pages\/11401","targetHints":{"allow":["GET"]}}],"collection":[{"href":"https:\/\/innovity.org\/ca\/wp-json\/wp\/v2\/pages"}],"about":[{"href":"https:\/\/innovity.org\/ca\/wp-json\/wp\/v2\/types\/page"}],"author":[{"embeddable":true,"href":"https:\/\/innovity.org\/ca\/wp-json\/wp\/v2\/users\/12"}],"replies":[{"embeddable":true,"href":"https:\/\/innovity.org\/ca\/wp-json\/wp\/v2\/comments?post=11401"}],"version-history":[{"count":5,"href":"https:\/\/innovity.org\/ca\/wp-json\/wp\/v2\/pages\/11401\/revisions"}],"predecessor-version":[{"id":12347,"href":"https:\/\/innovity.org\/ca\/wp-json\/wp\/v2\/pages\/11401\/revisions\/12347"}],"wp:attachment":[{"href":"https:\/\/innovity.org\/ca\/wp-json\/wp\/v2\/media?parent=11401"}],"wp:term":[{"taxonomy":"category","embeddable":true,"href":"https:\/\/innovity.org\/ca\/wp-json\/wp\/v2\/categories?post=11401"},{"taxonomy":"post_tag","embeddable":true,"href":"https:\/\/innovity.org\/ca\/wp-json\/wp\/v2\/tags?post=11401"}],"curies":[{"name":"wp","href":"https:\/\/api.w.org\/{rel}","templated":true}]}}